{"id":9887,"date":"2025-02-01T16:45:01","date_gmt":"2025-02-01T14:45:01","guid":{"rendered":"https:\/\/autogreece.eu\/?page_id=9887"},"modified":"2025-02-01T18:15:09","modified_gmt":"2025-02-01T16:15:09","slug":"autonoleggio-kavala","status":"publish","type":"page","link":"https:\/\/autogreece.eu\/it\/autonoleggio-kavala\/","title":{"rendered":"Autonoleggio Kavala"},"content":{"rendered":"<div class=\"fusion-fullwidth fullwidth-box fusion-builder-row-1 fusion-flex-container nonhundred-percent-fullwidth non-hundred-percent-height-scrolling\" style=\"--awb-border-radius-top-left:0px;--awb-border-radius-top-right:0px;--awb-border-radius-bottom-right:0px;--awb-border-radius-bottom-left:0px;--awb-flex-wrap:wrap;\" ><div class=\"fusion-builder-row fusion-row fusion-flex-align-items-flex-start fusion-flex-content-wrap\" style=\"max-width:1497.6px;margin-left: calc(-4% \/ 2 );margin-right: calc(-4% \/ 2 );\"><div class=\"fusion-layout-column fusion_builder_column fusion-builder-column-0 fusion_builder_column_1_1 1_1 fusion-flex-column\" style=\"--awb-bg-size:cover;--awb-width-large:100%;--awb-margin-top-large:0px;--awb-spacing-right-large:1.92%;--awb-margin-bottom-large:0px;--awb-spacing-left-large:1.92%;--awb-width-medium:100%;--awb-spacing-right-medium:1.92%;--awb-spacing-left-medium:1.92%;--awb-width-small:100%;--awb-spacing-right-small:1.92%;--awb-spacing-left-small:1.92%;\"><div class=\"fusion-column-wrapper fusion-flex-justify-content-flex-start fusion-content-layout-column\"><div class=\"fusion-image-element \" style=\"text-align:center;--awb-caption-title-font-family:var(--h2_typography-font-family);--awb-caption-title-font-weight:var(--h2_typography-font-weight);--awb-caption-title-font-style:var(--h2_typography-font-style);--awb-caption-title-size:var(--h2_typography-font-size);--awb-caption-title-transform:var(--h2_typography-text-transform);--awb-caption-title-line-height:var(--h2_typography-line-height);--awb-caption-title-letter-spacing:var(--h2_typography-letter-spacing);\"><span class=\" fusion-imageframe imageframe-none imageframe-1 hover-type-none\"><img decoding=\"async\" width=\"1200\" height=\"600\" alt=\"\u0395\u03bd\u03bf\u03b9\u03ba\u03af\u03b1\u03c3\u03b7 \u03b1\u03c5\u03c4\u03bf\u03ba\u03b9\u03bd\u03ae\u03c4\u03bf\u03c5 \u039a\u03b1\u03b2\u03ac\u03bb\u03b1\" title=\"\u039a\u03b1\u03b2\u03b1\u03bb\u03b1-\u03ba\u03b1\u03c3\" src=\"https:\/\/autogreece.eu\/wp-content\/uploads\/2025\/02\/\u039a\u03b1\u03b2\u03b1\u03bb\u03b1-\u03ba\u03b1\u03c3.jpg\" data-orig-src=\"https:\/\/autogreece.eu\/wp-content\/uploads\/2025\/02\/\u039a\u03b1\u03b2\u03b1\u03bb\u03b1-\u03ba\u03b1\u03c3.jpg\" class=\"lazyload img-responsive wp-image-9804\" srcset=\"data:image\/svg+xml,%3Csvg%20xmlns%3D%27http%3A%2F%2Fwww.w3.org%2F2000%2Fsvg%27%20width%3D%271200%27%20height%3D%27600%27%20viewBox%3D%270%200%201200%20600%27%3E%3Crect%20width%3D%271200%27%20height%3D%27600%27%20fill-opacity%3D%220%22%2F%3E%3C%2Fsvg%3E\" data-srcset=\"https:\/\/autogreece.eu\/wp-content\/uploads\/2025\/02\/\u039a\u03b1\u03b2\u03b1\u03bb\u03b1-\u03ba\u03b1\u03c3-200x100.jpg 200w, https:\/\/autogreece.eu\/wp-content\/uploads\/2025\/02\/\u039a\u03b1\u03b2\u03b1\u03bb\u03b1-\u03ba\u03b1\u03c3-400x200.jpg 400w, https:\/\/autogreece.eu\/wp-content\/uploads\/2025\/02\/\u039a\u03b1\u03b2\u03b1\u03bb\u03b1-\u03ba\u03b1\u03c3-600x300.jpg 600w, https:\/\/autogreece.eu\/wp-content\/uploads\/2025\/02\/\u039a\u03b1\u03b2\u03b1\u03bb\u03b1-\u03ba\u03b1\u03c3-800x400.jpg 800w, https:\/\/autogreece.eu\/wp-content\/uploads\/2025\/02\/\u039a\u03b1\u03b2\u03b1\u03bb\u03b1-\u03ba\u03b1\u03c3.jpg 1200w\" data-sizes=\"auto\" data-orig-sizes=\"(max-width: 640px) 100vw, 1200px\" \/><\/span><\/div><div class=\"fusion-text fusion-text-1\"><h1 style=\"text-align: center;\"><strong>Autonoleggio per Kavala, Stavros, Vrasna, Asprovalta, Ammolofos e Kiani Akri da AutoGreece<\/strong><\/h1>\n<p>La Grecia del Nord \u00e8 piena di splendide zone costiere, villaggi pittoreschi e paesaggi verdeggianti, e la zona intorno a Kavala, Stavros, Vrasna, Asprovalta, Ammolofos e Kiani Akri \u00e8 una delle destinazioni ideali per una vacanza ricca di bellezze naturali e autentica ospitalit\u00e0 greca. Noleggiando la tua auto con AutoGreece, puoi esplorare la zona con comfort e libert\u00e0, godendo di ogni angolo della Grecia del Nord nel modo pi\u00f9 piacevole.<\/p>\n<h3 style=\"text-align: center;\"><strong>Perch\u00e9 Scegliere il Noleggio Auto nella Zona di Kavala, Stavros e Vrasna<\/strong><\/h3>\n<p>Noleggiare un&#8217;auto a Kavala, Stavros, Vrasna e nelle zone circostanti ti permette di goderti il viaggio senza limiti e con totale libert\u00e0. Guida da Salonicco o da altre zone vicine ti apre a infinite opportunit\u00e0 per esplorare paesaggi, villaggi e spiagge che offrono esperienze uniche, proprio come le avevi immaginate. Con la tua auto, puoi scoprire la bellezza naturale della zona e goderti viaggi attraverso paesaggi idilliaci, strade costiere pulite e villaggi pittoreschi.<\/p>\n<h3 style=\"text-align: center;\"><strong>Esplorazione di Kavala<\/strong><\/h3>\n<p>Kavala, una delle citt\u00e0 pi\u00f9 belle della Grecia del Nord, \u00e8 famosa per la sua ricca storia, le sue splendide spiagge e il suo affascinante porto. Attrazioni come il Castello di Kavala, l&#8217;Antica Makri, il Museo Archeologico di Kavala e le spiagge della citt\u00e0, come la Spiaggia di Kavala e la spiaggia di Mesogeia, offrono esperienze uniche per tutti i visitatori. Con il noleggio di un&#8217;auto da AutoGreece, puoi esplorare la citt\u00e0 e i villaggi costieri circostanti con facilit\u00e0 e comfort.<\/p>\n<h3 style=\"text-align: center;\"><strong>Stavros e Vrasna: Ideali per Rilassamento ed Esplorazione<\/strong><\/h3>\n<p>La zona di Stavros e Vrasna combina la tranquillit\u00e0 con la bellezza della natura. Stavros \u00e8 noto per l&#8217;atmosfera calma e le sue splendide spiagge, ideali per nuotare e rilassarsi. Vrasna \u00e8 anche una destinazione con un&#8217;atmosfera tradizionale greca, con bei villaggi e natura selvaggia. Qui puoi goderti la cultura locale, le taverne tradizionali e le splendide coste. Il noleggio di un&#8217;auto ti consente di esplorare la zona e scoprire spiagge nascoste e paesaggi che difficilmente troveresti con i mezzi pubblici.<\/p>\n<h3 style=\"text-align: center;\"><strong>Asprovalta e Ammolofos: L&#8217;Estate nel Cuore della Natura<\/strong><\/h3>\n<p>Asprovalta e Ammolofos sono due delle destinazioni costiere pi\u00f9 popolari della zona. Le loro bellissime spiagge con sabbia e acque cristalline sono ideali per famiglie e coppie che vogliono trascorrere una vacanza rilassante. Se ti piace fare passeggiate nella natura o nuotare in acque cristalline, la tua auto ti offre la libert\u00e0 di scoprire non solo le spiagge, ma anche i villaggi vicini e la splendida natura di queste zone. \u00c8 interessante notare che la zona offre anche fantastici ristoranti e taverne tradizionali con pesce fresco e specialit\u00e0 locali.<\/p>\n<\/div><div class=\"fusion-image-element \" style=\"text-align:center;--awb-caption-title-font-family:var(--h2_typography-font-family);--awb-caption-title-font-weight:var(--h2_typography-font-weight);--awb-caption-title-font-style:var(--h2_typography-font-style);--awb-caption-title-size:var(--h2_typography-font-size);--awb-caption-title-transform:var(--h2_typography-text-transform);--awb-caption-title-line-height:var(--h2_typography-line-height);--awb-caption-title-letter-spacing:var(--h2_typography-letter-spacing);\"><span class=\" fusion-imageframe imageframe-none imageframe-2 hover-type-none\"><img decoding=\"async\" width=\"1200\" height=\"600\" alt=\"\u0395\u03bd\u03bf\u03b9\u03ba\u03af\u03b1\u03c3\u03b7 \u03b1\u03c5\u03c4\u03bf\u03ba\u03b9\u03bd\u03ae\u03c4\u03bf\u03c5 \u039a\u03b1\u03b2\u03ac\u03bb\u03b1\" title=\"kasta\" src=\"https:\/\/autogreece.eu\/wp-content\/uploads\/2025\/02\/kasta.jpg\" data-orig-src=\"https:\/\/autogreece.eu\/wp-content\/uploads\/2025\/02\/kasta.jpg\" class=\"lazyload img-responsive wp-image-9809\" srcset=\"data:image\/svg+xml,%3Csvg%20xmlns%3D%27http%3A%2F%2Fwww.w3.org%2F2000%2Fsvg%27%20width%3D%271200%27%20height%3D%27600%27%20viewBox%3D%270%200%201200%20600%27%3E%3Crect%20width%3D%271200%27%20height%3D%27600%27%20fill-opacity%3D%220%22%2F%3E%3C%2Fsvg%3E\" data-srcset=\"https:\/\/autogreece.eu\/wp-content\/uploads\/2025\/02\/kasta-200x100.jpg 200w, https:\/\/autogreece.eu\/wp-content\/uploads\/2025\/02\/kasta-400x200.jpg 400w, https:\/\/autogreece.eu\/wp-content\/uploads\/2025\/02\/kasta-600x300.jpg 600w, https:\/\/autogreece.eu\/wp-content\/uploads\/2025\/02\/kasta-800x400.jpg 800w, https:\/\/autogreece.eu\/wp-content\/uploads\/2025\/02\/kasta.jpg 1200w\" data-sizes=\"auto\" data-orig-sizes=\"(max-width: 640px) 100vw, 1200px\" \/><\/span><\/div><div class=\"fusion-text fusion-text-2\"><h3 style=\"text-align: center;\"><strong>Kiani Akri: Una Tranquilla Fuga nella Natura<\/strong><\/h3>\n<p>Kiani Akri \u00e8 una destinazione ideale per coloro che cercano tranquillit\u00e0 e contatto con la natura. La spiaggia di Kiani Akri \u00e8 una spiaggia tranquilla e isolata, perfetta per il relax e il nuoto senza la folla. Inoltre, l&#8217;area circostante offre splendidi sentieri per escursioni a piedi e panoramiche strade che meritano di essere scoperte con la tua auto.<\/p>\n<h3 style=\"text-align: center;\"><strong>Come Scegliere il Veicolo Giusto<\/strong><\/h3>\n<p>AutoGreece offre una variet\u00e0 di veicoli per soddisfare le esigenze del tuo viaggio. Se intendi esplorare zone costiere e piccoli villaggi, una macchina piccola e maneggevole potrebbe essere la scelta migliore. Tuttavia, se desideri viaggiare verso luoghi pi\u00f9 remoti e montuosi, come Ammolofos o Kiani Akri, un SUV 4&#215;4 ti fornir\u00e0 il comfort e la sicurezza necessari per scoprire le bellezze della zona.<\/p>\n<h3 style=\"text-align: center;\"><strong>Conclusione<\/strong><\/h3>\n<p>Il noleggio di un&#8217;auto per la zona di Kavala, Stavros, Vrasna, Asprovalta, Ammolofos e Kiani Akri con AutoGreece \u00e8 la scelta perfetta per scoprire la bellezza naturale e la tradizione della Grecia del Nord. Goditi la libert\u00e0 di esplorare questa affascinante zona con comodit\u00e0 e facilit\u00e0, rendendo il tuo viaggio indimenticabile.<\/p>\n<\/div><\/div><\/div><\/div><\/div>\n","protected":false},"excerpt":{"rendered":"","protected":false},"author":1,"featured_media":0,"parent":0,"menu_order":0,"comment_status":"closed","ping_status":"closed","template":"100-width.php","meta":{"footnotes":""},"class_list":["post-9887","page","type-page","status-publish","hentry"],"_links":{"self":[{"href":"https:\/\/autogreece.eu\/it\/wp-json\/wp\/v2\/pages\/9887","targetHints":{"allow":["GET"]}}],"collection":[{"href":"https:\/\/autogreece.eu\/it\/wp-json\/wp\/v2\/pages"}],"about":[{"href":"https:\/\/autogreece.eu\/it\/wp-json\/wp\/v2\/types\/page"}],"author":[{"embeddable":true,"href":"https:\/\/autogreece.eu\/it\/wp-json\/wp\/v2\/users\/1"}],"replies":[{"embeddable":true,"href":"https:\/\/autogreece.eu\/it\/wp-json\/wp\/v2\/comments?post=9887"}],"version-history":[{"count":3,"href":"https:\/\/autogreece.eu\/it\/wp-json\/wp\/v2\/pages\/9887\/revisions"}],"predecessor-version":[{"id":9890,"href":"https:\/\/autogreece.eu\/it\/wp-json\/wp\/v2\/pages\/9887\/revisions\/9890"}],"wp:attachment":[{"href":"https:\/\/autogreece.eu\/it\/wp-json\/wp\/v2\/media?parent=9887"}],"curies":[{"name":"wp","href":"https:\/\/api.w.org\/{rel}","templated":true}]}}