{"id":9870,"date":"2025-02-01T16:33:41","date_gmt":"2025-02-01T14:33:41","guid":{"rendered":"https:\/\/autogreece.eu\/?page_id=9870"},"modified":"2025-02-01T18:05:16","modified_gmt":"2025-02-01T16:05:16","slug":"autonoleggio-calcidica","status":"publish","type":"page","link":"https:\/\/autogreece.eu\/it\/autonoleggio-calcidica\/","title":{"rendered":"Autonoleggio Calcidica"},"content":{"rendered":"<div class=\"fusion-fullwidth fullwidth-box fusion-builder-row-1 fusion-flex-container nonhundred-percent-fullwidth non-hundred-percent-height-scrolling\" style=\"--awb-border-radius-top-left:0px;--awb-border-radius-top-right:0px;--awb-border-radius-bottom-right:0px;--awb-border-radius-bottom-left:0px;--awb-flex-wrap:wrap;\" ><div class=\"fusion-builder-row fusion-row fusion-flex-align-items-flex-start fusion-flex-content-wrap\" style=\"max-width:1497.6px;margin-left: calc(-4% \/ 2 );margin-right: calc(-4% \/ 2 );\"><div class=\"fusion-layout-column fusion_builder_column fusion-builder-column-0 fusion_builder_column_1_1 1_1 fusion-flex-column\" style=\"--awb-bg-size:cover;--awb-width-large:100%;--awb-margin-top-large:0px;--awb-spacing-right-large:1.92%;--awb-margin-bottom-large:0px;--awb-spacing-left-large:1.92%;--awb-width-medium:100%;--awb-spacing-right-medium:1.92%;--awb-spacing-left-medium:1.92%;--awb-width-small:100%;--awb-spacing-right-small:1.92%;--awb-spacing-left-small:1.92%;\"><div class=\"fusion-column-wrapper fusion-flex-justify-content-flex-start fusion-content-layout-column\"><div class=\"fusion-image-element \" style=\"text-align:center;--awb-caption-title-font-family:var(--h2_typography-font-family);--awb-caption-title-font-weight:var(--h2_typography-font-weight);--awb-caption-title-font-style:var(--h2_typography-font-style);--awb-caption-title-size:var(--h2_typography-font-size);--awb-caption-title-transform:var(--h2_typography-text-transform);--awb-caption-title-line-height:var(--h2_typography-line-height);--awb-caption-title-letter-spacing:var(--h2_typography-letter-spacing);\"><span class=\" fusion-imageframe imageframe-none imageframe-1 hover-type-none\"><img decoding=\"async\" width=\"1200\" height=\"600\" alt=\"\u0395\u03bd\u03bf\u03b9\u03ba\u03af\u03b1\u03c3\u03b7 \u03b1\u03c5\u03c4\u03bf\u03ba\u03b9\u03bd\u03ae\u03c4\u03bf\u03c5 \u03a7\u03b1\u03bb\u03ba\u03b9\u03b4\u03b9\u03ba\u03ae\" title=\"\u03a7\u03913\" src=\"https:\/\/autogreece.eu\/wp-content\/uploads\/2025\/02\/\u03a7\u03913.jpg\" data-orig-src=\"https:\/\/autogreece.eu\/wp-content\/uploads\/2025\/02\/\u03a7\u03913.jpg\" class=\"lazyload img-responsive wp-image-9785\" srcset=\"data:image\/svg+xml,%3Csvg%20xmlns%3D%27http%3A%2F%2Fwww.w3.org%2F2000%2Fsvg%27%20width%3D%271200%27%20height%3D%27600%27%20viewBox%3D%270%200%201200%20600%27%3E%3Crect%20width%3D%271200%27%20height%3D%27600%27%20fill-opacity%3D%220%22%2F%3E%3C%2Fsvg%3E\" data-srcset=\"https:\/\/autogreece.eu\/wp-content\/uploads\/2025\/02\/\u03a7\u03913-200x100.jpg 200w, https:\/\/autogreece.eu\/wp-content\/uploads\/2025\/02\/\u03a7\u03913-400x200.jpg 400w, https:\/\/autogreece.eu\/wp-content\/uploads\/2025\/02\/\u03a7\u03913-600x300.jpg 600w, https:\/\/autogreece.eu\/wp-content\/uploads\/2025\/02\/\u03a7\u03913-800x400.jpg 800w, https:\/\/autogreece.eu\/wp-content\/uploads\/2025\/02\/\u03a7\u03913.jpg 1200w\" data-sizes=\"auto\" data-orig-sizes=\"(max-width: 640px) 100vw, 1200px\" \/><\/span><\/div><div class=\"fusion-text fusion-text-1\"><h1 style=\"text-align: center;\"><strong>Noleggio Auto a Salonicco da AutoGreece con Destinazione Halkidiki<\/strong><\/h1>\n<p>Halkidiki, una delle destinazioni turistiche pi\u00f9 popolari della Grecia, combina bellezze naturali, splendide spiagge e una cultura unica, rendendola ideale per ogni tipo di viaggio. Dalle spiagge dorate e le acque turchesi ai villaggi tradizionali e ai paesaggi naturali unici, Halkidiki offre una variet\u00e0 di esperienze per tutti i visitatori. Il noleggio auto a Halkidiki con AutoGreece ti d\u00e0 la libert\u00e0 di esplorare la regione con comfort e facilit\u00e0, iniziando il tuo viaggio da Salonicco e passando per i tre famosi \u201cpiedi\u201d di Halkidiki.<\/p>\n<h3 style=\"text-align: center;\"><strong>Perch\u00e9 scegliere il noleggio auto a Halkidiki?<\/strong><\/h3>\n<p>Halkidiki \u00e8 una regione che pu\u00f2 essere esplorata al meglio quando hai la possibilit\u00e0 di muoverti liberamente e comodamente. Il noleggio auto a Halkidiki ti d\u00e0 la libert\u00e0 di scoprire i gioielli nascosti della regione e visitare luoghi che non sono sempre accessibili tramite i trasporti pubblici. Con AutoGreece, puoi noleggiare il veicolo che fa per te, sia che si tratti di una macchina compatta per una guida facile nei villaggi costieri, sia di un SUV 4&#215;4 per esplorazioni nelle aree pi\u00f9 remote di Halkidiki.<\/p>\n<p>Salonicco \u00e8 il punto di partenza ideale per iniziare il tuo viaggio verso Halkidiki. Una volta arrivato in citt\u00e0, AutoGreece ti offre l&#8217;opportunit\u00e0 di noleggiare l&#8217;auto che preferisci e iniziare il tuo viaggio verso i tre &#8220;piedi&#8221; di Halkidiki: il primo piede (Kassandra), il secondo piede (Sithonia) e il terzo piede (Athos).<\/p>\n<h3 style=\"text-align: center;\"><strong>Scoprendo Kassandra<\/strong><\/h3>\n<p>Kassandra, il primo piede di Halkidiki, \u00e8 la zona pi\u00f9 turistica e cosmopolita della regione. Con le sue splendide spiagge, resort eleganti e villaggi costieri, \u00e8 la destinazione ideale per chi cerca un mix di relax e intrattenimento. Villaggi come Kallithea, Chanioti e Nea Skioni offrono numerose opzioni per soggiornare, mangiare e vivere la vita notturna. Con la possibilit\u00e0 di noleggiare un&#8217;auto con AutoGreece, puoi visitare questi villaggi e esplorare le spiagge pi\u00f9 isolate di Kassandra, come la spiaggia di Fourka e la spiaggia di Kryopigi.<\/p>\n<h3 style=\"text-align: center;\"><strong>Esplorando Sithonia<\/strong><\/h3>\n<p>Il secondo piede di Halkidiki, Sithonia, \u00e8 pi\u00f9 tranquillo e naturale, con splendide spiagge e villaggi che mantengono l&#8217;atmosfera tradizionale. Sithonia \u00e8 ideale per l&#8217;esplorazione in auto, poich\u00e9 la zona offre molte spiagge nascoste e paesaggi naturali, come Porto Koufo, la spiaggia di Kavourotripes e la spiaggia di Toroni. Puoi anche visitare il villaggio tradizionale di Arnaia, che offre un assaggio della vita locale e delle tradizioni. Il noleggio auto ti consente di scoprire la bellezza selvaggia di Sithonia e goderti la tranquillit\u00e0 lontano dalla folla.<\/p>\n<\/div><div class=\"fusion-image-element \" style=\"text-align:center;--awb-caption-title-font-family:var(--h2_typography-font-family);--awb-caption-title-font-weight:var(--h2_typography-font-weight);--awb-caption-title-font-style:var(--h2_typography-font-style);--awb-caption-title-size:var(--h2_typography-font-size);--awb-caption-title-transform:var(--h2_typography-text-transform);--awb-caption-title-line-height:var(--h2_typography-line-height);--awb-caption-title-letter-spacing:var(--h2_typography-letter-spacing);\"><span class=\" fusion-imageframe imageframe-none imageframe-2 hover-type-none\"><img decoding=\"async\" width=\"1200\" height=\"600\" alt=\"\u0395\u03bd\u03bf\u03b9\u03ba\u03af\u03b1\u03c3\u03b7 \u03b1\u03c5\u03c4\u03bf\u03ba\u03b9\u03bd\u03ae\u03c4\u03bf\u03c5 \u03c3\u03c4\u03b7 \u0398\u03b5\u03c3\u03c3\u03b1\u03bb\u03bf\u03bd\u03af\u03ba\u03b7\" title=\"\u03a7\u03b1\u03bb\u03ba\u03b4\u03b9\u03b1\u03c3\" src=\"https:\/\/autogreece.eu\/wp-content\/uploads\/2025\/02\/\u03a7\u03b1\u03bb\u03ba\u03b4\u03b9\u03b1\u03c3.jpg\" data-orig-src=\"https:\/\/autogreece.eu\/wp-content\/uploads\/2025\/02\/\u03a7\u03b1\u03bb\u03ba\u03b4\u03b9\u03b1\u03c3.jpg\" class=\"lazyload img-responsive wp-image-9790\" srcset=\"data:image\/svg+xml,%3Csvg%20xmlns%3D%27http%3A%2F%2Fwww.w3.org%2F2000%2Fsvg%27%20width%3D%271200%27%20height%3D%27600%27%20viewBox%3D%270%200%201200%20600%27%3E%3Crect%20width%3D%271200%27%20height%3D%27600%27%20fill-opacity%3D%220%22%2F%3E%3C%2Fsvg%3E\" data-srcset=\"https:\/\/autogreece.eu\/wp-content\/uploads\/2025\/02\/\u03a7\u03b1\u03bb\u03ba\u03b4\u03b9\u03b1\u03c3-200x100.jpg 200w, https:\/\/autogreece.eu\/wp-content\/uploads\/2025\/02\/\u03a7\u03b1\u03bb\u03ba\u03b4\u03b9\u03b1\u03c3-400x200.jpg 400w, https:\/\/autogreece.eu\/wp-content\/uploads\/2025\/02\/\u03a7\u03b1\u03bb\u03ba\u03b4\u03b9\u03b1\u03c3-600x300.jpg 600w, https:\/\/autogreece.eu\/wp-content\/uploads\/2025\/02\/\u03a7\u03b1\u03bb\u03ba\u03b4\u03b9\u03b1\u03c3-800x400.jpg 800w, https:\/\/autogreece.eu\/wp-content\/uploads\/2025\/02\/\u03a7\u03b1\u03bb\u03ba\u03b4\u03b9\u03b1\u03c3.jpg 1200w\" data-sizes=\"auto\" data-orig-sizes=\"(max-width: 640px) 100vw, 1200px\" \/><\/span><\/div><div class=\"fusion-text fusion-text-2\"><h3 style=\"text-align: center;\"><strong>La Bellezza di Athos<\/strong><\/h3>\n<p>Il terzo &#8220;piede&#8221; di Halkidiki, Athos, \u00e8 il pi\u00f9 tranquillo e isolato dei tre, famoso per il Monte Athos e le sue comunit\u00e0 monastiche. Qui, puoi vivere un lato diverso di Halkidiki, esplorando i piccoli villaggi costieri e la natura mozzafiato. Se sei un appassionato di natura e storia, il noleggio di un&#8217;auto ti consente di visitare luoghi come la Foresta di Dracis e ammirare la bellezza unica dei paesaggi che circondano il Monte Athos. \u00c8 degno di nota che la regione offre diverse spiagge per nuotare e rilassarsi, come la spiaggia di Naoussa e il villaggio costiero di Ouranoupoli, dove puoi gustare i piatti tipici e le specialit\u00e0 locali.<\/p>\n<h3 style=\"text-align: center;\"><strong>Come Scegliere il Veicolo Giusto<\/strong><\/h3>\n<p>A seconda delle tue esigenze, AutoGreece offre una vasta gamma di veicoli che soddisfano tutte le richieste, da auto compatte per un comodo spostamento nelle zone costiere a SUV e veicoli 4&#215;4 per le strade pi\u00f9 difficili tra le montagne e i sentieri di Halkidiki. Se hai in programma di viaggiare con la famiglia o con gli amici, un&#8217;auto pi\u00f9 grande o un minivan potrebbe essere la scelta ideale per godere del massimo comfort durante gli spostamenti.<\/p>\n<h3 style=\"text-align: center;\"><strong>Conclusione<\/strong><\/h3>\n<p>Il noleggio auto a Halkidiki con AutoGreece \u00e8 la scelta migliore per godere appieno dell&#8217;esperienza di Halkidiki e scoprire le bellezze dei tre &#8220;piedi&#8221; della regione con comfort e facilit\u00e0. Che tu scelga il primo &#8220;piede&#8221; con le sue spiagge cosmopolite, preferisca la tranquillit\u00e0 della bellezza di Sithonia o goda della magia isolata di Athos, il noleggio auto ti offre la possibilit\u00e0 di esplorare la regione nel miglior modo possibile.<\/p>\n<\/div><\/div><\/div><\/div><\/div>\n","protected":false},"excerpt":{"rendered":"","protected":false},"author":1,"featured_media":0,"parent":0,"menu_order":0,"comment_status":"closed","ping_status":"closed","template":"100-width.php","meta":{"footnotes":""},"class_list":["post-9870","page","type-page","status-publish","hentry"],"_links":{"self":[{"href":"https:\/\/autogreece.eu\/it\/wp-json\/wp\/v2\/pages\/9870","targetHints":{"allow":["GET"]}}],"collection":[{"href":"https:\/\/autogreece.eu\/it\/wp-json\/wp\/v2\/pages"}],"about":[{"href":"https:\/\/autogreece.eu\/it\/wp-json\/wp\/v2\/types\/page"}],"author":[{"embeddable":true,"href":"https:\/\/autogreece.eu\/it\/wp-json\/wp\/v2\/users\/1"}],"replies":[{"embeddable":true,"href":"https:\/\/autogreece.eu\/it\/wp-json\/wp\/v2\/comments?post=9870"}],"version-history":[{"count":3,"href":"https:\/\/autogreece.eu\/it\/wp-json\/wp\/v2\/pages\/9870\/revisions"}],"predecessor-version":[{"id":9873,"href":"https:\/\/autogreece.eu\/it\/wp-json\/wp\/v2\/pages\/9870\/revisions\/9873"}],"wp:attachment":[{"href":"https:\/\/autogreece.eu\/it\/wp-json\/wp\/v2\/media?parent=9870"}],"curies":[{"name":"wp","href":"https:\/\/api.w.org\/{rel}","templated":true}]}}