{"id":404,"date":"2022-06-21T09:20:24","date_gmt":"2022-06-21T06:20:24","guid":{"rendered":"https:\/\/autogreece.eu\/%ce%bf%cf%81%ce%bf%ce%b9-%ce%b5%ce%bd%ce%bf%ce%b9%ce%ba%ce%b9%ce%b1%cf%83%ce%b7%cf%83\/"},"modified":"2024-08-01T18:56:00","modified_gmt":"2024-08-01T15:56:00","slug":"%ce%bf%cf%81%ce%bf%ce%b9-%ce%b5%ce%bd%ce%bf%ce%b9%ce%ba%ce%b9%ce%b1%cf%83%ce%b7%cf%83","status":"publish","type":"page","link":"https:\/\/autogreece.eu\/it\/%ce%bf%cf%81%ce%bf%ce%b9-%ce%b5%ce%bd%ce%bf%ce%b9%ce%ba%ce%b9%ce%b1%cf%83%ce%b7%cf%83\/","title":{"rendered":"Termini e condizioni di noleggio"},"content":{"rendered":"<p><div class=\"fusion-fullwidth fullwidth-box fusion-builder-row-1 fusion-flex-container nonhundred-percent-fullwidth non-hundred-percent-height-scrolling\" style=\"--awb-border-radius-top-left:0px;--awb-border-radius-top-right:0px;--awb-border-radius-bottom-right:0px;--awb-border-radius-bottom-left:0px;--awb-flex-wrap:wrap;\" ><div class=\"fusion-builder-row fusion-row fusion-flex-align-items-flex-start fusion-flex-content-wrap\" style=\"max-width:1497.6px;margin-left: calc(-4% \/ 2 );margin-right: calc(-4% \/ 2 );\"><div class=\"fusion-layout-column fusion_builder_column fusion-builder-column-0 fusion_builder_column_1_1 1_1 fusion-flex-column\" style=\"--awb-bg-size:cover;--awb-width-large:100%;--awb-margin-top-large:0px;--awb-spacing-right-large:1.92%;--awb-margin-bottom-large:20px;--awb-spacing-left-large:1.92%;--awb-width-medium:100%;--awb-order-medium:0;--awb-spacing-right-medium:1.92%;--awb-spacing-left-medium:1.92%;--awb-width-small:100%;--awb-order-small:0;--awb-spacing-right-small:1.92%;--awb-spacing-left-small:1.92%;\"><div class=\"fusion-column-wrapper fusion-column-has-shadow fusion-flex-justify-content-flex-start fusion-content-layout-column\"><div class=\"fusion-image-element \" style=\"--awb-caption-title-font-family:var(--h2_typography-font-family);--awb-caption-title-font-weight:var(--h2_typography-font-weight);--awb-caption-title-font-style:var(--h2_typography-font-style);--awb-caption-title-size:var(--h2_typography-font-size);--awb-caption-title-transform:var(--h2_typography-text-transform);--awb-caption-title-line-height:var(--h2_typography-line-height);--awb-caption-title-letter-spacing:var(--h2_typography-letter-spacing);\"><span class=\" fusion-imageframe imageframe-none imageframe-1 hover-type-none\"><img decoding=\"async\" width=\"1920\" height=\"500\" alt=\"terms-conditions-1\" title=\"terms-conditions-1\" src=\"https:\/\/autogreece.eu\/wp-content\/uploads\/2022\/06\/terms-conditions-1.webp\" data-orig-src=\"https:\/\/autogreece.eu\/wp-content\/uploads\/2022\/06\/terms-conditions-1.webp\" class=\"lazyload img-responsive wp-image-266\" srcset=\"data:image\/svg+xml,%3Csvg%20xmlns%3D%27http%3A%2F%2Fwww.w3.org%2F2000%2Fsvg%27%20width%3D%271920%27%20height%3D%27500%27%20viewBox%3D%270%200%201920%20500%27%3E%3Crect%20width%3D%271920%27%20height%3D%27500%27%20fill-opacity%3D%220%22%2F%3E%3C%2Fsvg%3E\" data-srcset=\"https:\/\/autogreece.eu\/wp-content\/uploads\/2022\/06\/terms-conditions-1-200x52.webp 200w, https:\/\/autogreece.eu\/wp-content\/uploads\/2022\/06\/terms-conditions-1-400x104.webp 400w, https:\/\/autogreece.eu\/wp-content\/uploads\/2022\/06\/terms-conditions-1-600x156.webp 600w, https:\/\/autogreece.eu\/wp-content\/uploads\/2022\/06\/terms-conditions-1-800x208.webp 800w, https:\/\/autogreece.eu\/wp-content\/uploads\/2022\/06\/terms-conditions-1-1200x313.webp 1200w, https:\/\/autogreece.eu\/wp-content\/uploads\/2022\/06\/terms-conditions-1.webp 1920w\" data-sizes=\"auto\" data-orig-sizes=\"(max-width: 640px) 100vw, 1920px\" \/><\/span><\/div><\/div><\/div><\/div><\/div><div class=\"fusion-fullwidth fullwidth-box fusion-builder-row-2 fusion-flex-container nonhundred-percent-fullwidth non-hundred-percent-height-scrolling\" style=\"--awb-border-radius-top-left:0px;--awb-border-radius-top-right:0px;--awb-border-radius-bottom-right:0px;--awb-border-radius-bottom-left:0px;--awb-flex-wrap:wrap;\" ><div class=\"fusion-builder-row fusion-row fusion-flex-align-items-flex-start fusion-flex-content-wrap\" style=\"max-width:1497.6px;margin-left: calc(-4% \/ 2 );margin-right: calc(-4% \/ 2 );\"><div class=\"fusion-layout-column fusion_builder_column fusion-builder-column-1 fusion_builder_column_1_1 1_1 fusion-flex-column\" style=\"--awb-bg-size:cover;--awb-width-large:100%;--awb-margin-top-large:0px;--awb-spacing-right-large:1.92%;--awb-margin-bottom-large:0px;--awb-spacing-left-large:1.92%;--awb-width-medium:100%;--awb-spacing-right-medium:1.92%;--awb-spacing-left-medium:1.92%;--awb-width-small:100%;--awb-spacing-right-small:1.92%;--awb-spacing-left-small:1.92%;\"><div class=\"fusion-column-wrapper fusion-flex-justify-content-flex-start fusion-content-layout-column\"><div class=\"fusion-text fusion-text-1\"><p><strong>TERMINI GENERALI<\/strong><\/p>\n<p>Puoi pagare il noleggio auto in contanti, credito, debito. Per la garanzia dell&#8217;auto \u00e8 richiesto il pagamento con carta di credito. \u20ac 300 Categoria Piccola, \u20ac 400 Categoria Media, \u20ac 600 Categoria Famiglia, \u20ac 1.200 SUV\/JEEP. Il conducente deve avere almeno 23 anni e possedere la patente di guida da almeno 12 mesi.<br \/>\nLa patente di guida internazionale \u00e8 richiesta dalla legge se il conducente \u00e8 titolare di una patente di guida rilasciata da Paesi non appartenenti all&#8217;UE.<br \/>\nIl tempo minimo di noleggio \u00e8 definito in 1 giorno, calcolato in base al sistema delle 24 ore (Tempo di ritorno pari al tempo di consegna alla data di partenza). L&#8217;affitto \u00e8 prepagato e la garanzia dell&#8217;auto.<br \/>\nIl locatario \u00e8 tenuto a restituire il veicolo noleggiato a un rappresentante della societ\u00e0 alla data, ora (max. +30 minuti) e luogo indicati nel contratto di locazione. Qualsiasi modifica (estensione o riduzione) richiede il consenso scritto del locatore. Resi o ritardi oltre i 30 minuti dalla data indicata verranno addebitati come giorno aggiuntivo.<br \/>\nIl carburante \u00e8 a carico del locatario. La quantit\u00e0 di carburante in restituzione deve essere uguale a quella alla consegna, altrimenti \u00e8 previsto un addebito per il carburante consumato e un supplemento di \u20ac 10,00 per servizio di ricarica pi\u00f9 IVA. su tutto. Non \u00e8 previsto alcun rimborso per il carburante non utilizzato.<br \/>\nIl locatario \u00e8 responsabile dal momento della ricezione del veicolo fino alla sua riconsegna e consegna a un rappresentante dell&#8217;azienda per multe, violazioni, parcheggi abusivi e sanzioni amministrative comminate durante la locazione e che \u00e8 obbligato a pagare e consegnare atto di pagamento o ricevuta , in caso contrario l&#8217;addebito dell&#8217;importo della violazione pi\u00f9 spese di gestione \u20ac 15,00 pi\u00f9 IVA. nel complesso, sar\u00e0 effettuata dal locatore o dopo la denuncia da parte sua dell&#8217;infrazione all&#8217;atto della consegna del veicolo, oppure previa notifica da parte delle forze dell&#8217;ordine o delle autorit\u00e0 comunali in un secondo momento e senza alcun limite di tempo per tali addebiti.<br \/>\nIl locatario deve ispezionare il veicolo insieme ad un rappresentante dell&#8217;azienda prima di ogni utilizzo e proteggerlo da ogni rischio, indicare il danno registrato nella Tabella Danni antistante e riportare il veicolo nelle stesse identiche condizioni.<br \/>\nL&#8217;assicurazione inclusa nel canone copre: responsabilit\u00e0 civile per danni fisici e danni materiali a terzi.<br \/>\nNel caso in cui il locatario sia coinvolto in un sinistro o siano arrecati danni al veicolo per sua colpa o a sua insaputa e indipendentemente dall&#8217;eventuale copertura assicurativa, deve informare immediatamente la Polizia Stradale (tel. 100) e il locatore per l&#8217;invio dell&#8217;Infortunio Care , e al rientro presentare il Rapporto di Infortunio Stradale predisposto dai documenti Traffico e Accident Care, in caso contrario l&#8217;inquilino sar\u00e0 ritenuto responsabile e saranno addebitati tutti i danni e i giorni necessari alla riparazione del veicolo, anche se avesse accettato un eventuale pacchetto assicurativo . In caso di sua colpa, al locatario viene addebitato il 30% del premio annuo (importo minimo \u20ac 100,00) e \u20ac 30 (spese di pratica) pi\u00f9 IVA su tutto.<br \/>\nIl locatario pu\u00f2 limitare la propria responsabilit\u00e0 per eventuali danni al veicolo noleggiato nella misura di \u20ac 750,00 + IVA. minimo (a seconda della categoria del veicolo e dell&#8217;addebito massimo del valore commerciale del veicolo al momento del sinistro pi\u00f9 IVA) a condizione che accetti preventivamente la Clausola di Esonero di Responsabilit\u00e0 (C.D.W.). L&#8217;importo dell&#8217;esenzione \u00e8 fissato dal locatore in base alla categoria del veicolo.<br \/>\nNessuna copertura assicurativa \u00e8 valida, anche se pattuita, nei seguenti casi: in caso di sinistro, senza immediata segnalazione del locatore e presenza della Polizia Stradale (tel. 100) per fornire copia del verbale di sinistro, funzionamento del veicolo da parte di un terzo (anche titolare di patente di guida) non dichiarato al contratto di locazione indipendentemente dal rapporto con il locatario, conduzione del veicolo oltre alla durata pattuita indicata nel contratto di locazione, conduzione del veicolo da parte di un conduttore sotto l&#8217;influenza di alcol\/droghe\/allucinogeni\/ipnotici, funzionamento del veicolo in violazione del Codice della strada (K.O.K.) del Territorio Greco o in modo tale da mettere in pericolo il veicolo, i passeggeri o anche terzi, la circolazione del veicolo su strade impervie (non asfaltate), la gestione del veicolo per il trasporto di persone\/cose a pagamento, la gestione del veicolo per qualsiasi attivit\u00e0 illegale\/criminale secondo la Legislazione Greca, utilizzo del veicolo per imparare a guidare a terzi, utilizzo del veicolo fuori dai confini del Territorio Greco senza il consenso scritto del locatore.<br \/>\nSono espressamente esclusi da qualsiasi esenzione il danneggiamento\/smarrimento di pneumatici, ruote o passaruota, finestrini e sottoscocca del veicolo, a meno che il locatario non abbia accettato la relativa copertura assicurativa. Sono espressamente escluse da qualsiasi esenzione e non sono oggetto di esenzione le parti del veicolo quali chiavi, impianto audio, schermi, strumenti di navigazione, antenne, specchietti, ecc. e tutte le parti dell&#8217;abitacolo del veicolo (es. ripiano, armadi, maniglie, tappezzeria) eventuali coperture assicurative, ecc.).<br \/>\nIn caso di riparazione\/riparazione di danni, al locatario non \u00e8 consentito scegliere un&#8217;officina, fatta eccezione per la Rappresentanza Ufficiale e Autorizzata in Grecia del veicolo in questione, compresi i giorni necessari per la riparazione del veicolo a spese del locatario .<br \/>\nIl locatario paga le tasse locali e l&#8217;IVA sull&#8217;affitto.<br \/>\nIl veicolo deve essere riconsegnato pulito e pronto per la revisione, in caso contrario potrebbe essere richiesto il tempo e l&#8217;addebito di \u20ac 15,00 + IVA. Se \u00e8 richiesta una pulizia specialistica del veicolo (catrame, peli di animali, ecc.) \u00e8 previsto un addebito minimo di \u20ac 60,00 + IVA<br \/>\nIl locatore non \u00e8 responsabile, n\u00e9 al momento della locazione n\u00e9 dopo la sua scadenza, per oggetti del locatario o dell&#8217;occupante del veicolo noleggiato, che sono stati abbandonati nel veicolo.<br \/>\nLe consegne-ricevute vengono effettuate gratuitamente presso gli uffici dell&#8217;azienda dal luned\u00ec al sabato 09:00-20:00. Consegne: vengono addebitate le ricevute al di fuori dell&#8217;orario lavorativo, la domenica o nei giorni festivi.<br \/>\nL&#8217;assistenza stradale \u00e8 fornita 24 ore su 24 in tutta la Grecia, ad eccezione del paese insulare da cui il rimpatrio viene effettuato dal locatario.<br \/>\nL&#8217;imbarco a bordo \u00e8 consentito solo previa autorizzazione scritta del locatore, in caso contrario il locatario \u00e8 l&#8217;unico responsabile per qualsiasi danno o deterioramento che possa verificarsi in mare, anche se ha accettato il C.D.W.<br \/>\nLa guida al di fuori dei confini del Territorio Greco \u00e8 consentita solo previa autorizzazione scritta del locatore.<br \/>\nPer qualsiasi controversia sono esclusivamente competenti i tribunali di Salonicco.<br \/>\nIl locatario\/potenziale locatario acconsente alla raccolta e all&#8217;utilizzo da parte della societ\u00e0 con o senza dati automatizzati in dati personali o set di dati come la raccolta, la registrazione, l&#8217;organizzazione, la struttura, la conservazione, l&#8217;adattamento, la modifica, il recupero o qualsiasi altra forma di smaltimento in per fornire servizi e risponde alle sue richieste, comunica con lui\/lei sui servizi offerti, risponde alle sue domande e si attiene e fa rispettare le disposizioni di legge applicabili. Il locatario \u00e8 stato altres\u00ec informato del diritto di revocare\/correggere\/opporsi ai propri dati personali ogni volta che lo dichiara.<br \/>\nChilometri liberi dal 3\u00b0 giorno di noleggio (massimo 100km\/giorno &#8211; massimo 2.500km\/mese) i chilometri extra vengono addebitati 0,10 \u20ac + IVA al chilometro.<\/p>\n<\/div><\/div><\/div><\/div><\/div><\/p>\n","protected":false},"excerpt":{"rendered":"","protected":false},"author":1,"featured_media":0,"parent":0,"menu_order":0,"comment_status":"closed","ping_status":"closed","template":"","meta":{"footnotes":""},"class_list":["post-404","page","type-page","status-publish","hentry"],"_links":{"self":[{"href":"https:\/\/autogreece.eu\/it\/wp-json\/wp\/v2\/pages\/404","targetHints":{"allow":["GET"]}}],"collection":[{"href":"https:\/\/autogreece.eu\/it\/wp-json\/wp\/v2\/pages"}],"about":[{"href":"https:\/\/autogreece.eu\/it\/wp-json\/wp\/v2\/types\/page"}],"author":[{"embeddable":true,"href":"https:\/\/autogreece.eu\/it\/wp-json\/wp\/v2\/users\/1"}],"replies":[{"embeddable":true,"href":"https:\/\/autogreece.eu\/it\/wp-json\/wp\/v2\/comments?post=404"}],"version-history":[{"count":4,"href":"https:\/\/autogreece.eu\/it\/wp-json\/wp\/v2\/pages\/404\/revisions"}],"predecessor-version":[{"id":8676,"href":"https:\/\/autogreece.eu\/it\/wp-json\/wp\/v2\/pages\/404\/revisions\/8676"}],"wp:attachment":[{"href":"https:\/\/autogreece.eu\/it\/wp-json\/wp\/v2\/media?parent=404"}],"curies":[{"name":"wp","href":"https:\/\/api.w.org\/{rel}","templated":true}]}}