{"id":10393,"date":"2025-03-09T12:46:50","date_gmt":"2025-03-09T10:46:50","guid":{"rendered":"https:\/\/autogreece.eu\/?page_id=10393"},"modified":"2025-03-09T16:31:37","modified_gmt":"2025-03-09T14:31:37","slug":"noleggio-suv","status":"publish","type":"page","link":"https:\/\/autogreece.eu\/it\/noleggio-suv\/","title":{"rendered":"Noleggio SUV"},"content":{"rendered":"<p><div class=\"fusion-fullwidth fullwidth-box fusion-builder-row-1 fusion-flex-container has-pattern-background has-mask-background nonhundred-percent-fullwidth non-hundred-percent-height-scrolling\" style=\"--awb-border-radius-top-left:0px;--awb-border-radius-top-right:0px;--awb-border-radius-bottom-right:0px;--awb-border-radius-bottom-left:0px;--awb-margin-top:100px;--awb-flex-wrap:wrap;\" ><div class=\"fusion-builder-row fusion-row fusion-flex-align-items-flex-start fusion-flex-content-wrap\" style=\"max-width:1497.6px;margin-left: calc(-4% \/ 2 );margin-right: calc(-4% \/ 2 );\"><div class=\"fusion-layout-column fusion_builder_column fusion-builder-column-0 fusion_builder_column_1_1 1_1 fusion-flex-column\" style=\"--awb-bg-size:cover;--awb-width-large:100%;--awb-margin-top-large:0px;--awb-spacing-right-large:1.92%;--awb-margin-bottom-large:20px;--awb-spacing-left-large:1.92%;--awb-width-medium:100%;--awb-order-medium:0;--awb-spacing-right-medium:1.92%;--awb-spacing-left-medium:1.92%;--awb-width-small:100%;--awb-order-small:0;--awb-spacing-right-small:1.92%;--awb-spacing-left-small:1.92%;\"><div class=\"fusion-column-wrapper fusion-column-has-shadow fusion-flex-justify-content-flex-start fusion-content-layout-column\"><div class=\"fusion-text fusion-text-1\"><h1 style=\"text-align: center;\" data-start=\"0\" data-end=\"70\"><strong>Noleggio SUV Jeep a Salonicco da <a href=\"https:\/\/autogreece.eu\/\">autoGReece<\/a> Car Rental<\/strong><\/h1>\n<p data-start=\"72\" data-end=\"379\">Se stai cercando un SUV Jeep affidabile e comodo per esplorare Salonicco e le zone circostanti, <strong><a href=\"https:\/\/autogreece.eu\/\">autoGReece<\/a> Car Rental<\/strong> \u00e8 la scelta ideale per te. Con una vasta gamma di SUV Jeep, puoi goderti la guida in citt\u00e0, ma anche su percorsi pi\u00f9 impegnativi, senza preoccupazioni.<\/p>\n<\/div><div class=\"fusion-image-element \" style=\"text-align:center;--awb-caption-title-font-family:var(--h2_typography-font-family);--awb-caption-title-font-weight:var(--h2_typography-font-weight);--awb-caption-title-font-style:var(--h2_typography-font-style);--awb-caption-title-size:var(--h2_typography-font-size);--awb-caption-title-transform:var(--h2_typography-text-transform);--awb-caption-title-line-height:var(--h2_typography-line-height);--awb-caption-title-letter-spacing:var(--h2_typography-letter-spacing);\"><span class=\" fusion-imageframe imageframe-none imageframe-1 hover-type-none\"><img decoding=\"async\" width=\"700\" height=\"400\" alt=\"\u0395\u03bd\u03bf\u03b9\u03ba\u03af\u03b1\u03c3\u03b7 SUV jeep\" title=\"pegfwe\" src=\"https:\/\/autogreece.eu\/wp-content\/uploads\/2025\/03\/pegfwe.jpg\" data-orig-src=\"https:\/\/autogreece.eu\/wp-content\/uploads\/2025\/03\/pegfwe.jpg\" class=\"lazyload img-responsive wp-image-10309\" srcset=\"data:image\/svg+xml,%3Csvg%20xmlns%3D%27http%3A%2F%2Fwww.w3.org%2F2000%2Fsvg%27%20width%3D%27700%27%20height%3D%27400%27%20viewBox%3D%270%200%20700%20400%27%3E%3Crect%20width%3D%27700%27%20height%3D%27400%27%20fill-opacity%3D%220%22%2F%3E%3C%2Fsvg%3E\" data-srcset=\"https:\/\/autogreece.eu\/wp-content\/uploads\/2025\/03\/pegfwe-200x114.jpg 200w, https:\/\/autogreece.eu\/wp-content\/uploads\/2025\/03\/pegfwe-400x229.jpg 400w, https:\/\/autogreece.eu\/wp-content\/uploads\/2025\/03\/pegfwe-600x343.jpg 600w, https:\/\/autogreece.eu\/wp-content\/uploads\/2025\/03\/pegfwe.jpg 700w\" data-sizes=\"auto\" data-orig-sizes=\"(max-width: 640px) 100vw, 700px\" \/><\/span><\/div><div class=\"fusion-text fusion-text-2\"><h2 style=\"text-align: center;\" data-start=\"381\" data-end=\"420\"><strong>Perch\u00e9 scegliere il noleggio di un SUV Jeep?<\/strong><\/h2>\n<p data-start=\"421\" data-end=\"905\">Quando noleggi un&#8217;auto, desideri qualcosa che ti offra sicurezza, comfort e flessibilit\u00e0. Un <strong data-start=\"516\" data-end=\"528\">SUV Jeep<\/strong> \u00e8 la scelta perfetta se desideri spostarti sia su strada che fuori strada, godendoti la guida su ogni tipo di terreno. Con una maggiore altezza da terra, motori potenti e sistemi di trazione avanzati, puoi sentirti sicuro, sia che ti muovi sulle strade della citt\u00e0, sia che decidi di visitare le bellissime montagne e spiagge della <a href=\"https:\/\/maps.app.goo.gl\/KyB5ytDNnwdLak7c7\" target=\"_blank\" rel=\"noopener\">Grecia del Nord<\/a>.<\/p>\n<\/div><div class=\"fusion-text fusion-text-3\"><h3 style=\"line-height: 100px; font-family: Arial, sans-serif; font-size: 30px; background-color: white; border: 10px solid #e10707; border-radius: 10px; text-align: center;\"><img decoding=\"async\" class=\"lazyload  wp-image-10177 alignnone\" src=\"data:image\/svg+xml,%3Csvg%20xmlns%3D%27http%3A%2F%2Fwww.w3.org%2F2000%2Fsvg%27%20width%3D%2767%27%20height%3D%2767%27%20viewBox%3D%270%200%2067%2067%27%3E%3Crect%20width%3D%2767%27%20height%3D%2767%27%20fill-opacity%3D%220%22%2F%3E%3C%2Fsvg%3E\" data-orig-src=\"https:\/\/autogreece.eu\/wp-content\/uploads\/2025\/03\/czsu.jpg\" alt=\"\" width=\"67\" height=\"67\" \/> Acquista un&#8217;assicurazione per viaggiare senza preoccupazioni!<\/h3>\n<\/div><div class=\"fusion-image-element \" style=\"text-align:center;--awb-caption-title-font-family:var(--h2_typography-font-family);--awb-caption-title-font-weight:var(--h2_typography-font-weight);--awb-caption-title-font-style:var(--h2_typography-font-style);--awb-caption-title-size:var(--h2_typography-font-size);--awb-caption-title-transform:var(--h2_typography-text-transform);--awb-caption-title-line-height:var(--h2_typography-line-height);--awb-caption-title-letter-spacing:var(--h2_typography-letter-spacing);\"><span class=\" fusion-imageframe imageframe-none imageframe-2 hover-type-none\"><img decoding=\"async\" width=\"700\" height=\"400\" title=\"vwrvw\" src=\"https:\/\/autogreece.eu\/wp-content\/uploads\/2025\/03\/vwrvw.jpg\" data-orig-src=\"https:\/\/autogreece.eu\/wp-content\/uploads\/2025\/03\/vwrvw.jpg\" alt class=\"lazyload img-responsive wp-image-10319\" srcset=\"data:image\/svg+xml,%3Csvg%20xmlns%3D%27http%3A%2F%2Fwww.w3.org%2F2000%2Fsvg%27%20width%3D%27700%27%20height%3D%27400%27%20viewBox%3D%270%200%20700%20400%27%3E%3Crect%20width%3D%27700%27%20height%3D%27400%27%20fill-opacity%3D%220%22%2F%3E%3C%2Fsvg%3E\" data-srcset=\"https:\/\/autogreece.eu\/wp-content\/uploads\/2025\/03\/vwrvw-200x114.jpg 200w, https:\/\/autogreece.eu\/wp-content\/uploads\/2025\/03\/vwrvw-400x229.jpg 400w, https:\/\/autogreece.eu\/wp-content\/uploads\/2025\/03\/vwrvw-600x343.jpg 600w, https:\/\/autogreece.eu\/wp-content\/uploads\/2025\/03\/vwrvw.jpg 700w\" data-sizes=\"auto\" data-orig-sizes=\"(max-width: 640px) 100vw, 700px\" \/><\/span><\/div><div class=\"fusion-text fusion-text-4\"><h2 style=\"text-align: center;\" data-start=\"1581\" data-end=\"1642\"><strong>Procedura di noleggio<\/strong><\/h2>\n<p data-start=\"936\" data-end=\"1140\">Il noleggio di un SUV Jeep da autoGReece Car Rental \u00e8 un processo semplice e veloce. Puoi fare la prenotazione online in pochi minuti o visitare uno dei nostri uffici a Salonicco.<\/p>\n<ol data-start=\"1142\" data-end=\"1579\">\n<li data-start=\"1142\" data-end=\"1249\"><strong data-start=\"1145\" data-end=\"1168\">Scelta dell&#8217;auto<\/strong>: Tra la nostra flotta, scegli il SUV Jeep che soddisfa le tue esigenze.<\/li>\n<li data-start=\"1250\" data-end=\"1361\"><strong data-start=\"1253\" data-end=\"1279\">Definizione delle date<\/strong>: Scegli i giorni in cui desideri noleggiare l&#8217;auto e ricevi immediatamente un&#8217;offerta.<\/li>\n<li data-start=\"1362\" data-end=\"1482\"><strong data-start=\"1365\" data-end=\"1389\">Ritiro dell&#8217;auto<\/strong>: Puoi ritirare il Jeep dall&#8217;aeroporto, dal centro citt\u00e0 o dal tuo hotel.<\/li>\n<li data-start=\"1483\" data-end=\"1579\"><strong data-start=\"1486\" data-end=\"1513\">Esplorazione della zona<\/strong>: Goditi la guida e i percorsi senza restrizioni.<\/li>\n<\/ol>\n<\/div><div class=\"fusion-image-element \" style=\"text-align:center;--awb-caption-title-font-family:var(--h2_typography-font-family);--awb-caption-title-font-weight:var(--h2_typography-font-weight);--awb-caption-title-font-style:var(--h2_typography-font-style);--awb-caption-title-size:var(--h2_typography-font-size);--awb-caption-title-transform:var(--h2_typography-text-transform);--awb-caption-title-line-height:var(--h2_typography-line-height);--awb-caption-title-letter-spacing:var(--h2_typography-letter-spacing);\"><span class=\" fusion-imageframe imageframe-none imageframe-3 hover-type-none\"><img decoding=\"async\" width=\"700\" height=\"400\" title=\"knee\" src=\"https:\/\/autogreece.eu\/wp-content\/uploads\/2025\/03\/knee.jpg\" data-orig-src=\"https:\/\/autogreece.eu\/wp-content\/uploads\/2025\/03\/knee.jpg\" alt class=\"lazyload img-responsive wp-image-10324\" srcset=\"data:image\/svg+xml,%3Csvg%20xmlns%3D%27http%3A%2F%2Fwww.w3.org%2F2000%2Fsvg%27%20width%3D%27700%27%20height%3D%27400%27%20viewBox%3D%270%200%20700%20400%27%3E%3Crect%20width%3D%27700%27%20height%3D%27400%27%20fill-opacity%3D%220%22%2F%3E%3C%2Fsvg%3E\" data-srcset=\"https:\/\/autogreece.eu\/wp-content\/uploads\/2025\/03\/knee-200x114.jpg 200w, https:\/\/autogreece.eu\/wp-content\/uploads\/2025\/03\/knee-400x229.jpg 400w, https:\/\/autogreece.eu\/wp-content\/uploads\/2025\/03\/knee-600x343.jpg 600w, https:\/\/autogreece.eu\/wp-content\/uploads\/2025\/03\/knee.jpg 700w\" data-sizes=\"auto\" data-orig-sizes=\"(max-width: 640px) 100vw, 700px\" \/><\/span><\/div><div class=\"fusion-text fusion-text-5\"><h2 style=\"text-align: center;\" data-start=\"1581\" data-end=\"1642\"><strong>Vantaggi per il noleggio di un SUV Jeep da autoGReece Car Rental<\/strong><\/h2>\n<p data-start=\"1643\" data-end=\"1759\">Quando noleggi un SUV Jeep da noi, puoi godere di una serie di vantaggi che rendono la tua esperienza ancora migliore:<\/p>\n<ul data-start=\"1761\" data-end=\"2347\">\n<li data-start=\"1761\" data-end=\"1925\"><strong data-start=\"1763\" data-end=\"1793\">Qualit\u00e0 superiore dei veicoli<\/strong>: Tutti i nostri Jeep sono nuovi o in condizioni eccellenti, completamente mantenuti e dotati di moderne caratteristiche di sicurezza.<\/li>\n<li data-start=\"1926\" data-end=\"2034\"><strong data-start=\"1928\" data-end=\"1952\">Tariffe competitive<\/strong>: Ti offriamo opzioni economiche e pacchetti che si adattano al tuo budget.<\/li>\n<li data-start=\"2035\" data-end=\"2232\"><strong data-start=\"2037\" data-end=\"2064\">Sicurezza e supporto<\/strong>: Hai la possibilit\u00e0 di aggiungere una copertura assicurativa extra per ridurre la tua partecipazione in caso di incidente. Inoltre, offriamo assistenza stradale 24\/7 in tutta la Grecia.<\/li>\n<li data-start=\"2233\" data-end=\"2347\"><strong data-start=\"2235\" data-end=\"2262\">Termini di noleggio flessibili<\/strong>: Puoi scegliere un noleggio a breve o lungo termine, a seconda delle tue esigenze.<\/li>\n<\/ul>\n<\/div><div class=\"fusion-text fusion-text-6\"><h3 style=\"line-height: 100px; font-family: Arial, sans-serif; font-size: 30px; background-color: white; border: 10px solid #e10707; border-radius: 10px; text-align: center;\"><img decoding=\"async\" class=\"lazyload  wp-image-10177 alignnone\" src=\"data:image\/svg+xml,%3Csvg%20xmlns%3D%27http%3A%2F%2Fwww.w3.org%2F2000%2Fsvg%27%20width%3D%2767%27%20height%3D%2767%27%20viewBox%3D%270%200%2067%2067%27%3E%3Crect%20width%3D%2767%27%20height%3D%2767%27%20fill-opacity%3D%220%22%2F%3E%3C%2Fsvg%3E\" data-orig-src=\"https:\/\/autogreece.eu\/wp-content\/uploads\/2025\/03\/czsu.jpg\" alt=\"\" width=\"67\" height=\"67\" \/> Acquista una copertura per la rottura dei cristalli e per i pneumatici!<\/h3>\n<\/div><div class=\"fusion-image-element \" style=\"text-align:center;--awb-caption-title-font-family:var(--h2_typography-font-family);--awb-caption-title-font-weight:var(--h2_typography-font-weight);--awb-caption-title-font-style:var(--h2_typography-font-style);--awb-caption-title-size:var(--h2_typography-font-size);--awb-caption-title-transform:var(--h2_typography-text-transform);--awb-caption-title-line-height:var(--h2_typography-line-height);--awb-caption-title-letter-spacing:var(--h2_typography-letter-spacing);\"><span class=\" fusion-imageframe imageframe-none imageframe-4 hover-type-none\"><img decoding=\"async\" width=\"700\" height=\"400\" title=\"www\" src=\"https:\/\/autogreece.eu\/wp-content\/uploads\/2025\/03\/www.jpg\" data-orig-src=\"https:\/\/autogreece.eu\/wp-content\/uploads\/2025\/03\/www.jpg\" alt class=\"lazyload img-responsive wp-image-10339\" srcset=\"data:image\/svg+xml,%3Csvg%20xmlns%3D%27http%3A%2F%2Fwww.w3.org%2F2000%2Fsvg%27%20width%3D%27700%27%20height%3D%27400%27%20viewBox%3D%270%200%20700%20400%27%3E%3Crect%20width%3D%27700%27%20height%3D%27400%27%20fill-opacity%3D%220%22%2F%3E%3C%2Fsvg%3E\" data-srcset=\"https:\/\/autogreece.eu\/wp-content\/uploads\/2025\/03\/www-200x114.jpg 200w, https:\/\/autogreece.eu\/wp-content\/uploads\/2025\/03\/www-400x229.jpg 400w, https:\/\/autogreece.eu\/wp-content\/uploads\/2025\/03\/www-600x343.jpg 600w, https:\/\/autogreece.eu\/wp-content\/uploads\/2025\/03\/www.jpg 700w\" data-sizes=\"auto\" data-orig-sizes=\"(max-width: 640px) 100vw, 700px\" \/><\/span><\/div><div class=\"fusion-text fusion-text-7\"><h2 style=\"text-align: center;\" data-start=\"2349\" data-end=\"2412\"><strong>Cosa puoi fare con il tuo SUV Jeep a <a href=\"https:\/\/maps.app.goo.gl\/h5zBAxuzU3otbiLY8\" target=\"_blank\" rel=\"noopener\">Salonicco<\/a>;<\/strong><\/h2>\n<p data-start=\"2413\" data-end=\"2577\">Una volta ritirato il tuo veicolo, puoi iniziare il tuo tour nella splendida Salonicco e non solo. Alcuni suggerimenti su come sfruttare al meglio il tuo Jeep:<\/p>\n<ul data-start=\"2579\" data-end=\"3116\">\n<li data-start=\"2579\" data-end=\"2687\"><strong data-start=\"2581\" data-end=\"2605\">Esplorare la citt\u00e0<\/strong>: Guida lungo la costa, visita la Torre Bianca, la Citt\u00e0 Alta e i castelli.<\/li>\n<li data-start=\"2688\" data-end=\"2821\"><strong data-start=\"2690\" data-end=\"2716\">Escursioni nella Calcidica<\/strong>: Se ami il mare, puoi viaggiare verso le splendide spiagge della Calcidica con totale comfort.<\/li>\n<li data-start=\"2822\" data-end=\"2964\"><strong data-start=\"2824\" data-end=\"2846\">Giri sul Monte Olimpo<\/strong>: Se desideri un percorso pi\u00f9 avventuroso, puoi guidare sulla montagna degli dei e goderti panorami unici.<\/li>\n<li data-start=\"2965\" data-end=\"3116\"><strong data-start=\"2967\" data-end=\"2995\">Visite alle cantine<\/strong>: Se sei un appassionato di vino, puoi fare un&#8217;escursione nelle cantine di Naoussa e gustare delle degustazioni.<\/li>\n<\/ul>\n<\/div><div class=\"fusion-image-element \" style=\"text-align:center;--awb-caption-title-font-family:var(--h2_typography-font-family);--awb-caption-title-font-weight:var(--h2_typography-font-weight);--awb-caption-title-font-style:var(--h2_typography-font-style);--awb-caption-title-size:var(--h2_typography-font-size);--awb-caption-title-transform:var(--h2_typography-text-transform);--awb-caption-title-line-height:var(--h2_typography-line-height);--awb-caption-title-letter-spacing:var(--h2_typography-letter-spacing);\"><span class=\" fusion-imageframe imageframe-none imageframe-5 hover-type-none\"><img decoding=\"async\" width=\"700\" height=\"400\" title=\"jgjgjg\" src=\"https:\/\/autogreece.eu\/wp-content\/uploads\/2025\/03\/jgjgjg.jpg\" data-orig-src=\"https:\/\/autogreece.eu\/wp-content\/uploads\/2025\/03\/jgjgjg.jpg\" alt class=\"lazyload img-responsive wp-image-10334\" srcset=\"data:image\/svg+xml,%3Csvg%20xmlns%3D%27http%3A%2F%2Fwww.w3.org%2F2000%2Fsvg%27%20width%3D%27700%27%20height%3D%27400%27%20viewBox%3D%270%200%20700%20400%27%3E%3Crect%20width%3D%27700%27%20height%3D%27400%27%20fill-opacity%3D%220%22%2F%3E%3C%2Fsvg%3E\" data-srcset=\"https:\/\/autogreece.eu\/wp-content\/uploads\/2025\/03\/jgjgjg-200x114.jpg 200w, https:\/\/autogreece.eu\/wp-content\/uploads\/2025\/03\/jgjgjg-400x229.jpg 400w, https:\/\/autogreece.eu\/wp-content\/uploads\/2025\/03\/jgjgjg-600x343.jpg 600w, https:\/\/autogreece.eu\/wp-content\/uploads\/2025\/03\/jgjgjg.jpg 700w\" data-sizes=\"auto\" data-orig-sizes=\"(max-width: 640px) 100vw, 700px\" \/><\/span><\/div><div class=\"fusion-text fusion-text-8\"><h2 style=\"text-align: center;\"><strong><span style=\"color: #ffffff;\">Prenota subito il tuo SUV Jeep!<\/span><\/strong><\/h2>\n<p>Non perdere tempo! Se stai pianificando un viaggio di lavoro, una gita in famiglia o semplicemente vuoi goderti Salonicco con totale comfort e libert\u00e0, <strong><a href=\"https:\/\/autogreece.eu\/\">autoGReece<\/a> Car Rental<\/strong> ha la soluzione ideale per te.<\/p>\n<\/div><div class=\"fusion-image-element \" style=\"text-align:center;--awb-caption-title-font-family:var(--h2_typography-font-family);--awb-caption-title-font-weight:var(--h2_typography-font-weight);--awb-caption-title-font-style:var(--h2_typography-font-style);--awb-caption-title-size:var(--h2_typography-font-size);--awb-caption-title-transform:var(--h2_typography-text-transform);--awb-caption-title-line-height:var(--h2_typography-line-height);--awb-caption-title-letter-spacing:var(--h2_typography-letter-spacing);\"><span class=\" fusion-imageframe imageframe-none imageframe-6 hover-type-none\"><img decoding=\"async\" width=\"700\" height=\"400\" title=\"jjjm\" src=\"https:\/\/autogreece.eu\/wp-content\/uploads\/2025\/03\/jjjm.jpg\" data-orig-src=\"https:\/\/autogreece.eu\/wp-content\/uploads\/2025\/03\/jjjm.jpg\" alt class=\"lazyload img-responsive wp-image-10344\" srcset=\"data:image\/svg+xml,%3Csvg%20xmlns%3D%27http%3A%2F%2Fwww.w3.org%2F2000%2Fsvg%27%20width%3D%27700%27%20height%3D%27400%27%20viewBox%3D%270%200%20700%20400%27%3E%3Crect%20width%3D%27700%27%20height%3D%27400%27%20fill-opacity%3D%220%22%2F%3E%3C%2Fsvg%3E\" data-srcset=\"https:\/\/autogreece.eu\/wp-content\/uploads\/2025\/03\/jjjm-200x114.jpg 200w, https:\/\/autogreece.eu\/wp-content\/uploads\/2025\/03\/jjjm-400x229.jpg 400w, https:\/\/autogreece.eu\/wp-content\/uploads\/2025\/03\/jjjm-600x343.jpg 600w, https:\/\/autogreece.eu\/wp-content\/uploads\/2025\/03\/jjjm.jpg 700w\" data-sizes=\"auto\" data-orig-sizes=\"(max-width: 640px) 100vw, 700px\" \/><\/span><\/div><div class=\"fusion-text fusion-text-9\"><h3 style=\"line-height: 100px; font-family: Arial, sans-serif; font-size: 30px; background-color: white; border: 10px solid #e10707; border-radius: 10px; text-align: center;\"><img decoding=\"async\" class=\"lazyload  wp-image-10177 alignnone\" src=\"data:image\/svg+xml,%3Csvg%20xmlns%3D%27http%3A%2F%2Fwww.w3.org%2F2000%2Fsvg%27%20width%3D%2767%27%20height%3D%2767%27%20viewBox%3D%270%200%2067%2067%27%3E%3Crect%20width%3D%2767%27%20height%3D%2767%27%20fill-opacity%3D%220%22%2F%3E%3C%2Fsvg%3E\" data-orig-src=\"https:\/\/autogreece.eu\/wp-content\/uploads\/2025\/03\/czsu.jpg\" alt=\"\" width=\"67\" height=\"67\" \/> Acquista una polizza per la parte inferiore della carrozzeria!<\/h3>\n<\/div><\/div><\/div><\/div><\/div><div class=\"fusion-fullwidth fullwidth-box fusion-builder-row-2 fusion-flex-container has-pattern-background has-mask-background nonhundred-percent-fullwidth non-hundred-percent-height-scrolling\" style=\"--awb-border-radius-top-left:0px;--awb-border-radius-top-right:0px;--awb-border-radius-bottom-right:0px;--awb-border-radius-bottom-left:0px;--awb-padding-left:0px;--awb-margin-bottom:0px;--awb-flex-wrap:wrap;\" ><div class=\"fusion-builder-row fusion-row fusion-flex-align-items-flex-start fusion-flex-content-wrap\" style=\"max-width:1497.6px;margin-left: calc(-4% \/ 2 );margin-right: calc(-4% \/ 2 );\"><div class=\"fusion-layout-column fusion_builder_column fusion-builder-column-1 fusion_builder_column_1_1 1_1 fusion-flex-column\" style=\"--awb-bg-color:#e10707;--awb-bg-color-hover:#e10707;--awb-bg-size:cover;--awb-width-large:100%;--awb-margin-top-large:0px;--awb-spacing-right-large:1.92%;--awb-margin-bottom-large:-80px;--awb-spacing-left-large:1.92%;--awb-width-medium:100%;--awb-order-medium:0;--awb-spacing-right-medium:1.92%;--awb-spacing-left-medium:1.92%;--awb-width-small:100%;--awb-order-small:0;--awb-spacing-right-small:1.92%;--awb-spacing-left-small:1.92%;\"><div class=\"fusion-column-wrapper fusion-column-has-shadow fusion-flex-justify-content-flex-start fusion-content-layout-column\"><div class=\"fusion-text fusion-text-10\"><h2 style=\"text-align: center;\"><strong><span style=\"color: #ffffff;\">Richiedi un preventivo!!<\/span><\/strong><\/h2>\n<\/div><\/div><\/div><\/div><\/div><div class=\"fusion-fullwidth fullwidth-box fusion-builder-row-3 fusion-flex-container has-pattern-background has-mask-background nonhundred-percent-fullwidth non-hundred-percent-height-scrolling\" style=\"--awb-border-radius-top-left:0px;--awb-border-radius-top-right:0px;--awb-border-radius-bottom-right:0px;--awb-border-radius-bottom-left:0px;--awb-padding-left:0px;--awb-margin-bottom:0px;--awb-background-color:#e10707;--awb-flex-wrap:wrap;\" ><div class=\"fusion-builder-row fusion-row fusion-flex-align-items-flex-start fusion-flex-content-wrap\" style=\"max-width:1497.6px;margin-left: calc(-4% \/ 2 );margin-right: calc(-4% \/ 2 );\"><div class=\"fusion-layout-column fusion_builder_column fusion-builder-column-2 fusion_builder_column_1_2 1_2 fusion-flex-column\" style=\"--awb-bg-size:cover;--awb-width-large:50%;--awb-margin-top-large:50px;--awb-spacing-right-large:3.84%;--awb-margin-bottom-large:20px;--awb-spacing-left-large:3.84%;--awb-width-medium:50%;--awb-order-medium:0;--awb-spacing-right-medium:3.84%;--awb-spacing-left-medium:3.84%;--awb-width-small:100%;--awb-order-small:0;--awb-spacing-right-small:1.92%;--awb-spacing-left-small:1.92%;\"><div class=\"fusion-column-wrapper fusion-column-has-shadow fusion-flex-justify-content-flex-start fusion-content-layout-column\"><div class=\"fusion-text fusion-text-11\"><h2 style=\"text-align: center;\"><strong><span style=\"color: #ffffff;\">Telefono di contatto: +30 2310 254 031<\/span><\/strong><\/h2>\n<\/div><\/div><\/div><div class=\"fusion-layout-column fusion_builder_column fusion-builder-column-3 fusion_builder_column_1_2 1_2 fusion-flex-column\" style=\"--awb-bg-size:cover;--awb-width-large:50%;--awb-margin-top-large:50px;--awb-spacing-right-large:3.84%;--awb-margin-bottom-large:20px;--awb-spacing-left-large:3.84%;--awb-width-medium:50%;--awb-order-medium:0;--awb-spacing-right-medium:3.84%;--awb-spacing-left-medium:3.84%;--awb-width-small:100%;--awb-order-small:0;--awb-spacing-right-small:1.92%;--awb-spacing-left-small:1.92%;\"><div class=\"fusion-column-wrapper fusion-column-has-shadow fusion-flex-justify-content-flex-start fusion-content-layout-column\"><div class=\"fusion-text fusion-text-12\"><h2 style=\"text-align: center;\"><strong><span style=\"color: #ffffff;\">Email:info@autogreece.eu<\/span><\/strong><\/h2>\n<\/div><\/div><\/div><\/div><\/div><\/p>\n","protected":false},"excerpt":{"rendered":"","protected":false},"author":1,"featured_media":0,"parent":0,"menu_order":0,"comment_status":"closed","ping_status":"closed","template":"100-width.php","meta":{"footnotes":""},"class_list":["post-10393","page","type-page","status-publish","hentry"],"_links":{"self":[{"href":"https:\/\/autogreece.eu\/it\/wp-json\/wp\/v2\/pages\/10393","targetHints":{"allow":["GET"]}}],"collection":[{"href":"https:\/\/autogreece.eu\/it\/wp-json\/wp\/v2\/pages"}],"about":[{"href":"https:\/\/autogreece.eu\/it\/wp-json\/wp\/v2\/types\/page"}],"author":[{"embeddable":true,"href":"https:\/\/autogreece.eu\/it\/wp-json\/wp\/v2\/users\/1"}],"replies":[{"embeddable":true,"href":"https:\/\/autogreece.eu\/it\/wp-json\/wp\/v2\/comments?post=10393"}],"version-history":[{"count":5,"href":"https:\/\/autogreece.eu\/it\/wp-json\/wp\/v2\/pages\/10393\/revisions"}],"predecessor-version":[{"id":10409,"href":"https:\/\/autogreece.eu\/it\/wp-json\/wp\/v2\/pages\/10393\/revisions\/10409"}],"wp:attachment":[{"href":"https:\/\/autogreece.eu\/it\/wp-json\/wp\/v2\/media?parent=10393"}],"curies":[{"name":"wp","href":"https:\/\/api.w.org\/{rel}","templated":true}]}}