{"id":10266,"date":"2025-03-08T17:36:51","date_gmt":"2025-03-08T15:36:51","guid":{"rendered":"https:\/\/autogreece.eu\/?page_id=10266"},"modified":"2025-03-09T14:58:57","modified_gmt":"2025-03-09T12:58:57","slug":"minivan-7-e-9-posti","status":"publish","type":"page","link":"https:\/\/autogreece.eu\/it\/minivan-7-e-9-posti\/","title":{"rendered":"Minivan 7 e 9 posti"},"content":{"rendered":"<p><div class=\"fusion-fullwidth fullwidth-box fusion-builder-row-1 fusion-flex-container has-pattern-background has-mask-background nonhundred-percent-fullwidth non-hundred-percent-height-scrolling\" style=\"--awb-border-radius-top-left:0px;--awb-border-radius-top-right:0px;--awb-border-radius-bottom-right:0px;--awb-border-radius-bottom-left:0px;--awb-margin-top:100px;--awb-flex-wrap:wrap;\" ><div class=\"fusion-builder-row fusion-row fusion-flex-align-items-flex-start fusion-flex-content-wrap\" style=\"max-width:1497.6px;margin-left: calc(-4% \/ 2 );margin-right: calc(-4% \/ 2 );\"><div class=\"fusion-layout-column fusion_builder_column fusion-builder-column-0 fusion_builder_column_1_1 1_1 fusion-flex-column\" style=\"--awb-bg-size:cover;--awb-width-large:100%;--awb-margin-top-large:0px;--awb-spacing-right-large:1.92%;--awb-margin-bottom-large:20px;--awb-spacing-left-large:1.92%;--awb-width-medium:100%;--awb-order-medium:0;--awb-spacing-right-medium:1.92%;--awb-spacing-left-medium:1.92%;--awb-width-small:100%;--awb-order-small:0;--awb-spacing-right-small:1.92%;--awb-spacing-left-small:1.92%;\"><div class=\"fusion-column-wrapper fusion-column-has-shadow fusion-flex-justify-content-flex-start fusion-content-layout-column\"><div class=\"fusion-text fusion-text-1\"><h2 style=\"text-align: center;\" data-start=\"0\" data-end=\"97\"><strong data-start=\"4\" data-end=\"95\">Noleggio Minivan 7&amp;9 Posti a <a href=\"https:\/\/maps.app.goo.gl\/N71RP5LpYJQ97uQg6\" target=\"_blank\" rel=\"noopener\">Salonicco<\/a> \u2013 La Scelta Ideale per Viaggi Comodi<\/strong><\/h2>\n<\/div><div class=\"fusion-image-element \" style=\"text-align:center;--awb-caption-title-font-family:var(--h2_typography-font-family);--awb-caption-title-font-weight:var(--h2_typography-font-weight);--awb-caption-title-font-style:var(--h2_typography-font-style);--awb-caption-title-size:var(--h2_typography-font-size);--awb-caption-title-transform:var(--h2_typography-text-transform);--awb-caption-title-line-height:var(--h2_typography-line-height);--awb-caption-title-letter-spacing:var(--h2_typography-letter-spacing);\"><span class=\" fusion-imageframe imageframe-none imageframe-1 hover-type-none\"><img decoding=\"async\" width=\"1229\" height=\"400\" title=\"gr1\" src=\"https:\/\/autogreece.eu\/wp-content\/uploads\/2025\/03\/gr1.jpg\" data-orig-src=\"https:\/\/autogreece.eu\/wp-content\/uploads\/2025\/03\/gr1.jpg\" alt class=\"lazyload img-responsive wp-image-10249\" srcset=\"data:image\/svg+xml,%3Csvg%20xmlns%3D%27http%3A%2F%2Fwww.w3.org%2F2000%2Fsvg%27%20width%3D%271229%27%20height%3D%27400%27%20viewBox%3D%270%200%201229%20400%27%3E%3Crect%20width%3D%271229%27%20height%3D%27400%27%20fill-opacity%3D%220%22%2F%3E%3C%2Fsvg%3E\" data-srcset=\"https:\/\/autogreece.eu\/wp-content\/uploads\/2025\/03\/gr1-200x65.jpg 200w, https:\/\/autogreece.eu\/wp-content\/uploads\/2025\/03\/gr1-400x130.jpg 400w, https:\/\/autogreece.eu\/wp-content\/uploads\/2025\/03\/gr1-600x195.jpg 600w, https:\/\/autogreece.eu\/wp-content\/uploads\/2025\/03\/gr1-800x260.jpg 800w, https:\/\/autogreece.eu\/wp-content\/uploads\/2025\/03\/gr1-1200x391.jpg 1200w, https:\/\/autogreece.eu\/wp-content\/uploads\/2025\/03\/gr1.jpg 1229w\" data-sizes=\"auto\" data-orig-sizes=\"(max-width: 640px) 100vw, 1229px\" \/><\/span><\/div><div class=\"fusion-text fusion-text-2\"><p data-start=\"99\" data-end=\"523\">Quando visiti <a href=\"https:\/\/maps.app.goo.gl\/N71RP5LpYJQ97uQg6\" target=\"_blank\" rel=\"noopener\">Salonicco<\/a> con la tua famiglia o un grande gruppo di amici, il comfort durante i tuoi spostamenti diventa una priorit\u00e0. Vuoi avere spazio, flessibilit\u00e0 e naturalmente la libert\u00e0 di esplorare la citt\u00e0 e le zone circostanti senza restrizioni. Noleggiare un <strong data-start=\"367\" data-end=\"391\">minivan 7 &amp; 9 posti<\/strong> \u00e8 la soluzione ideale per te che cerchi un veicolo pratico e confortevole per i tuoi spostamenti a <strong data-start=\"490\" data-end=\"507\">Salonicco<\/strong> e non solo.<\/p>\n<h3 style=\"text-align: center;\" data-start=\"525\" data-end=\"579\"><strong data-start=\"529\" data-end=\"577\">Perch\u00e9 Scegliere un Minivan 7 o 9 Posti?<\/strong><\/h3>\n<p data-start=\"581\" data-end=\"893\">I minivan sono progettati per offrire <strong data-start=\"628\" data-end=\"661\">comfort, sicurezza e spaziosit\u00e0<\/strong> in ogni viaggio. Quando viaggi con molte persone, un&#8217;auto convenzionale potrebbe non soddisfare le tue esigenze, poich\u00e9 dovrai utilizzare pi\u00f9 veicoli o fare compromessi sullo spazio per i bagagli.<\/p>\n<p>Con un minivan:<\/p>\n<ul>\n<li data-start=\"895\" data-end=\"1406\"><strong data-start=\"915\" data-end=\"936\">Hai abbastanza spazio<\/strong> per tutti i passeggeri, senza sentirti stretto.<\/li>\n<li data-start=\"895\" data-end=\"1406\"><strong data-start=\"989\" data-end=\"1021\">Goditi sedili comodi<\/strong> e ampio spazio per i bagagli.<\/li>\n<li data-start=\"895\" data-end=\"1406\"><strong data-start=\"1061\" data-end=\"1111\">Gestisci i tuoi spostamenti con flessibilit\u00e0<\/strong>, senza dipendere dai trasporti pubblici o dai taxi.<\/li>\n<li data-start=\"895\" data-end=\"1406\"><strong data-start=\"1167\" data-end=\"1189\">Riduci i costi<\/strong>, poich\u00e9 non devi noleggiare due auto pi\u00f9 piccole.<\/li>\n<li data-start=\"895\" data-end=\"1406\"><strong data-start=\"1256\" data-end=\"1288\">Guida comodamente e senza stress<\/strong>, sia in citt\u00e0 che per lunghi viaggi verso la Calcidica, l&#8217;Olimpo o altre destinazioni del nord della Grecia.<\/li>\n<\/ul>\n<\/div><div class=\"fusion-image-element \" style=\"text-align:center;--awb-caption-title-font-family:var(--h2_typography-font-family);--awb-caption-title-font-weight:var(--h2_typography-font-weight);--awb-caption-title-font-style:var(--h2_typography-font-style);--awb-caption-title-size:var(--h2_typography-font-size);--awb-caption-title-transform:var(--h2_typography-text-transform);--awb-caption-title-line-height:var(--h2_typography-line-height);--awb-caption-title-letter-spacing:var(--h2_typography-letter-spacing);\"><span class=\" fusion-imageframe imageframe-none imageframe-2 hover-type-none\"><img decoding=\"async\" width=\"700\" height=\"400\" alt=\"\u0395\u03bd\u03bf\u03b9\u03ba\u03af\u03b1\u03c3\u03b7 \u03bc\u03b9\u03bd\u03b9\u03b2\u03b1\u03bd 7&amp;9 \u03b8\u03ad\u03c3\u03b5\u03c9\u03bd\" title=\"minfiwen\" src=\"https:\/\/autogreece.eu\/wp-content\/uploads\/2025\/03\/minfiwen.jpg\" data-orig-src=\"https:\/\/autogreece.eu\/wp-content\/uploads\/2025\/03\/minfiwen.jpg\" class=\"lazyload img-responsive wp-image-10221\" srcset=\"data:image\/svg+xml,%3Csvg%20xmlns%3D%27http%3A%2F%2Fwww.w3.org%2F2000%2Fsvg%27%20width%3D%27700%27%20height%3D%27400%27%20viewBox%3D%270%200%20700%20400%27%3E%3Crect%20width%3D%27700%27%20height%3D%27400%27%20fill-opacity%3D%220%22%2F%3E%3C%2Fsvg%3E\" data-srcset=\"https:\/\/autogreece.eu\/wp-content\/uploads\/2025\/03\/minfiwen-200x114.jpg 200w, https:\/\/autogreece.eu\/wp-content\/uploads\/2025\/03\/minfiwen-400x229.jpg 400w, https:\/\/autogreece.eu\/wp-content\/uploads\/2025\/03\/minfiwen-600x343.jpg 600w, https:\/\/autogreece.eu\/wp-content\/uploads\/2025\/03\/minfiwen.jpg 700w\" data-sizes=\"auto\" data-orig-sizes=\"(max-width: 640px) 100vw, 700px\" \/><\/span><\/div><div class=\"fusion-text fusion-text-3\"><h3 style=\"text-align: center;\" data-start=\"1408\" data-end=\"1482\"><strong data-start=\"1412\" data-end=\"1480\">Esplora Salonicco e le Zone Circostanti con il Massimo Comfort<\/strong><\/h3>\n<p data-start=\"1484\" data-end=\"1737\">Salonicco \u00e8 una citt\u00e0 piena di vita, cultura e paesaggi bellissimi. Con un minivan, puoi spostarti comodamente dal centro citt\u00e0 alle <strong data-start=\"1628\" data-end=\"1670\">spiagge cosmopolite della Calcidica<\/strong> o fare una gita giornaliera al <strong data-start=\"1709\" data-end=\"1734\">Monte Olimpo e ai Monasteri di Meteora<\/strong>.<\/p>\n<ul data-start=\"1739\" data-end=\"2113\">\n<li data-start=\"1739\" data-end=\"1871\"><strong data-start=\"1741\" data-end=\"1813\">Visita la Torre Bianca, la Citt\u00e0 Alta e Piazza Aristotele<\/strong> senza preoccuparti degli spostamenti del tuo gruppo.<\/li>\n<li data-start=\"1872\" data-end=\"1978\"><strong data-start=\"1874\" data-end=\"1929\">Prova i sapori locali a Ladadika o Modiano<\/strong> e poi continua il tuo viaggio senza stress.<\/li>\n<li data-start=\"1979\" data-end=\"2113\"><strong data-start=\"1981\" data-end=\"2057\">Pianifica una gita a Pella, Vergina o alle Grotte di Alistratis<\/strong>, portando con te tutta la famiglia o il tuo gruppo.<\/li>\n<\/ul>\n<\/div><div class=\"fusion-image-element \" style=\"text-align:center;--awb-caption-title-font-family:var(--h2_typography-font-family);--awb-caption-title-font-weight:var(--h2_typography-font-weight);--awb-caption-title-font-style:var(--h2_typography-font-style);--awb-caption-title-size:var(--h2_typography-font-size);--awb-caption-title-transform:var(--h2_typography-text-transform);--awb-caption-title-line-height:var(--h2_typography-line-height);--awb-caption-title-letter-spacing:var(--h2_typography-letter-spacing);\"><span class=\" fusion-imageframe imageframe-none imageframe-3 hover-type-none\"><img decoding=\"async\" width=\"700\" height=\"400\" alt=\"\u0395\u03bd\u03bf\u03b9\u03ba\u03af\u03b1\u03c3\u03b7 \u039c\u03b9\u03bd\u03b9\u03b2\u03b1\u03bd 7&amp;9 \u03b8\u03ad\u03c3\u03b5\u03c9\u03bd\" title=\"fiat32\" src=\"https:\/\/autogreece.eu\/wp-content\/uploads\/2025\/03\/fiat32.jpg\" data-orig-src=\"https:\/\/autogreece.eu\/wp-content\/uploads\/2025\/03\/fiat32.jpg\" class=\"lazyload img-responsive wp-image-10226\" srcset=\"data:image\/svg+xml,%3Csvg%20xmlns%3D%27http%3A%2F%2Fwww.w3.org%2F2000%2Fsvg%27%20width%3D%27700%27%20height%3D%27400%27%20viewBox%3D%270%200%20700%20400%27%3E%3Crect%20width%3D%27700%27%20height%3D%27400%27%20fill-opacity%3D%220%22%2F%3E%3C%2Fsvg%3E\" data-srcset=\"https:\/\/autogreece.eu\/wp-content\/uploads\/2025\/03\/fiat32-200x114.jpg 200w, https:\/\/autogreece.eu\/wp-content\/uploads\/2025\/03\/fiat32-400x229.jpg 400w, https:\/\/autogreece.eu\/wp-content\/uploads\/2025\/03\/fiat32-600x343.jpg 600w, https:\/\/autogreece.eu\/wp-content\/uploads\/2025\/03\/fiat32.jpg 700w\" data-sizes=\"auto\" data-orig-sizes=\"(max-width: 640px) 100vw, 700px\" \/><\/span><\/div><div class=\"fusion-text fusion-text-4\"><h3 style=\"text-align: center;\" data-start=\"2115\" data-end=\"2181\"><strong data-start=\"2119\" data-end=\"2179\">Noleggio Minivan con <a href=\"https:\/\/autogreece.eu\/\">autoGReece<\/a> car rental \u2013 Facile e Veloce<\/strong><\/h3>\n<p data-start=\"2183\" data-end=\"2505\">Con <strong data-start=\"2188\" data-end=\"2202\"><a href=\"https:\/\/autogreece.eu\/\">autoGReece<\/a> car rental<\/strong>, rendiamo il noleggio di Minivan 7&amp;9 a Salonicco <strong data-start=\"2250\" data-end=\"2270\">semplice e veloce<\/strong>. Scegli il veicolo che soddisfa le tue esigenze, effettua la prenotazione online o telefonicamente e ritira l&#8217;auto <strong data-start=\"2402\" data-end=\"2502\">all&#8217;Aeroporto di Macedonia, alla stazione degli autobus, alla stazione ferroviaria o al centro citt\u00e0<\/strong>.<\/p>\n<ul data-start=\"2507\" data-end=\"2829\">\n<li data-start=\"2507\" data-end=\"2578\"><strong data-start=\"2509\" data-end=\"2540\">Opzioni di prenotazione flessibili<\/strong> con prezzi convenienti e offerte.<\/li>\n<li data-start=\"2579\" data-end=\"2664\"><strong data-start=\"2581\" data-end=\"2603\">Copertura assicurativa<\/strong> e opzioni di assicurazione completa per guidare senza preoccupazioni.<\/li>\n<li data-start=\"2665\" data-end=\"2737\"><strong data-start=\"2667\" data-end=\"2689\">Assistenza stradale 24\/7<\/strong>, per sentirti sicuro in ogni tuo viaggio.<\/li>\n<li data-start=\"2738\" data-end=\"2829\"><strong data-start=\"2740\" data-end=\"2790\">Veicoli puliti, moderni e ben mantenuti<\/strong> che offrono comfort e affidabilit\u00e0.<\/li>\n<\/ul>\n<\/div><div class=\"fusion-image-element \" style=\"text-align:center;--awb-caption-title-font-family:var(--h2_typography-font-family);--awb-caption-title-font-weight:var(--h2_typography-font-weight);--awb-caption-title-font-style:var(--h2_typography-font-style);--awb-caption-title-size:var(--h2_typography-font-size);--awb-caption-title-transform:var(--h2_typography-text-transform);--awb-caption-title-line-height:var(--h2_typography-line-height);--awb-caption-title-letter-spacing:var(--h2_typography-letter-spacing);\"><span class=\" fusion-imageframe imageframe-none imageframe-4 hover-type-none\"><img decoding=\"async\" width=\"700\" height=\"400\" alt=\"\u0395\u03bd\u03bf\u03b9\u03ba\u03af\u03b1\u03c3\u03b7 \u039c\u03b9\u03bd\u03b9\u03b2\u03b1\u03bd 7&amp;9 \u03b8\u03ad\u03c3\u03b5\u03c9\u03bd\" title=\"vwvw112\" src=\"https:\/\/autogreece.eu\/wp-content\/uploads\/2025\/03\/vwvw112.jpg\" data-orig-src=\"https:\/\/autogreece.eu\/wp-content\/uploads\/2025\/03\/vwvw112.jpg\" class=\"lazyload img-responsive wp-image-10231\" srcset=\"data:image\/svg+xml,%3Csvg%20xmlns%3D%27http%3A%2F%2Fwww.w3.org%2F2000%2Fsvg%27%20width%3D%27700%27%20height%3D%27400%27%20viewBox%3D%270%200%20700%20400%27%3E%3Crect%20width%3D%27700%27%20height%3D%27400%27%20fill-opacity%3D%220%22%2F%3E%3C%2Fsvg%3E\" data-srcset=\"https:\/\/autogreece.eu\/wp-content\/uploads\/2025\/03\/vwvw112-200x114.jpg 200w, https:\/\/autogreece.eu\/wp-content\/uploads\/2025\/03\/vwvw112-400x229.jpg 400w, https:\/\/autogreece.eu\/wp-content\/uploads\/2025\/03\/vwvw112-600x343.jpg 600w, https:\/\/autogreece.eu\/wp-content\/uploads\/2025\/03\/vwvw112.jpg 700w\" data-sizes=\"auto\" data-orig-sizes=\"(max-width: 640px) 100vw, 700px\" \/><\/span><\/div><div class=\"fusion-text fusion-text-5\"><h3 style=\"text-align: center;\" data-start=\"2831\" data-end=\"2862\"><strong data-start=\"2835\" data-end=\"2860\">Come Fare una Prenotazione<\/strong><\/h3>\n<p data-start=\"2864\" data-end=\"2925\">Il processo di noleggio del minivan \u00e8 <strong data-start=\"2902\" data-end=\"2922\">semplice e veloce<\/strong>:<\/p>\n<ol>\n<li data-start=\"2927\" data-end=\"3265\"><strong data-start=\"2931\" data-end=\"2961\">Scegli il modello di minivan<\/strong> che soddisfa le tue esigenze (7 o 9 posti).<\/li>\n<li data-start=\"2927\" data-end=\"3265\"><strong data-start=\"3013\" data-end=\"3083\">Determina la data e la localit\u00e0 di ritiro e riconsegna.<\/strong><\/li>\n<li data-start=\"2927\" data-end=\"3265\"><strong data-start=\"3090\" data-end=\"3120\">Compila i tuoi dati<\/strong> e scegli i servizi aggiuntivi che desideri (GPS, seggiolino per bambini, ecc.).<\/li>\n<li data-start=\"2927\" data-end=\"3265\"><strong data-start=\"3204\" data-end=\"3263\">Completa la prenotazione e preparati per il tuo viaggio!<\/strong><\/li>\n<\/ol>\n<\/div><div class=\"fusion-image-element \" style=\"text-align:center;--awb-caption-title-font-family:var(--h2_typography-font-family);--awb-caption-title-font-weight:var(--h2_typography-font-weight);--awb-caption-title-font-style:var(--h2_typography-font-style);--awb-caption-title-size:var(--h2_typography-font-size);--awb-caption-title-transform:var(--h2_typography-text-transform);--awb-caption-title-line-height:var(--h2_typography-line-height);--awb-caption-title-letter-spacing:var(--h2_typography-letter-spacing);\"><span class=\" fusion-imageframe imageframe-none imageframe-5 hover-type-none\"><img decoding=\"async\" width=\"700\" height=\"400\" alt=\"\u0395\u03bd\u03bf\u03b9\u03ba\u03af\u03b1\u03c3\u03b7 \u039c\u03b9\u03bd\u03b9\u03b2\u03b1\u03bd 7&amp;9 \u03b8\u03ad\u03c3\u03b5\u03c9\u03bd\" title=\"\u03b9\u03c6\u03bd\" src=\"https:\/\/autogreece.eu\/wp-content\/uploads\/2025\/03\/\u03b9\u03c6\u03bd.jpg\" data-orig-src=\"https:\/\/autogreece.eu\/wp-content\/uploads\/2025\/03\/\u03b9\u03c6\u03bd.jpg\" class=\"lazyload img-responsive wp-image-10236\" srcset=\"data:image\/svg+xml,%3Csvg%20xmlns%3D%27http%3A%2F%2Fwww.w3.org%2F2000%2Fsvg%27%20width%3D%27700%27%20height%3D%27400%27%20viewBox%3D%270%200%20700%20400%27%3E%3Crect%20width%3D%27700%27%20height%3D%27400%27%20fill-opacity%3D%220%22%2F%3E%3C%2Fsvg%3E\" data-srcset=\"https:\/\/autogreece.eu\/wp-content\/uploads\/2025\/03\/\u03b9\u03c6\u03bd-200x114.jpg 200w, https:\/\/autogreece.eu\/wp-content\/uploads\/2025\/03\/\u03b9\u03c6\u03bd-400x229.jpg 400w, https:\/\/autogreece.eu\/wp-content\/uploads\/2025\/03\/\u03b9\u03c6\u03bd-600x343.jpg 600w, https:\/\/autogreece.eu\/wp-content\/uploads\/2025\/03\/\u03b9\u03c6\u03bd.jpg 700w\" data-sizes=\"auto\" data-orig-sizes=\"(max-width: 640px) 100vw, 700px\" \/><\/span><\/div><div class=\"fusion-text fusion-text-6\"><h3 style=\"text-align: center;\" data-start=\"3267\" data-end=\"3307\"><strong data-start=\"3271\" data-end=\"3305\">Guida con Comfort e Libert\u00e0<\/strong><\/h3>\n<p data-start=\"3309\" data-end=\"3549\">Con un minivan di <a href=\"https:\/\/autogreece.eu\/\"><strong data-start=\"3332\" data-end=\"3346\">autoGReece car rental,<\/strong><\/a> non devi preoccuparti dei tuoi spostamenti. Goditi il tuo viaggio <strong data-start=\"3429\" data-end=\"3465\">con comfort, sicurezza e libert\u00e0<\/strong>, avendo a disposizione un veicolo affidabile che soddisfa le tue esigenze.<\/p>\n<p data-start=\"3551\" data-end=\"3665\" data-is-last-node=\"\" data-is-only-node=\"\"><strong data-start=\"3551\" data-end=\"3665\" data-is-last-node=\"\">Non aspettare l&#8217;ultimo momento \u2013 prenota ora e vivi un&#8217;esperienza indimenticabile a Salonicco!<\/strong><\/p>\n<\/div><\/div><\/div><\/div><\/div><div class=\"fusion-fullwidth fullwidth-box fusion-builder-row-2 fusion-flex-container has-pattern-background has-mask-background nonhundred-percent-fullwidth non-hundred-percent-height-scrolling\" style=\"--awb-border-radius-top-left:0px;--awb-border-radius-top-right:0px;--awb-border-radius-bottom-right:0px;--awb-border-radius-bottom-left:0px;--awb-padding-left:0px;--awb-margin-bottom:0px;--awb-flex-wrap:wrap;\" ><div class=\"fusion-builder-row fusion-row fusion-flex-align-items-flex-start fusion-flex-content-wrap\" style=\"max-width:1497.6px;margin-left: calc(-4% \/ 2 );margin-right: calc(-4% \/ 2 );\"><div class=\"fusion-layout-column fusion_builder_column fusion-builder-column-1 fusion_builder_column_1_1 1_1 fusion-flex-column\" style=\"--awb-bg-color:#e10707;--awb-bg-color-hover:#e10707;--awb-bg-size:cover;--awb-width-large:100%;--awb-margin-top-large:0px;--awb-spacing-right-large:1.92%;--awb-margin-bottom-large:-80px;--awb-spacing-left-large:1.92%;--awb-width-medium:100%;--awb-order-medium:0;--awb-spacing-right-medium:1.92%;--awb-spacing-left-medium:1.92%;--awb-width-small:100%;--awb-order-small:0;--awb-spacing-right-small:1.92%;--awb-spacing-left-small:1.92%;\"><div class=\"fusion-column-wrapper fusion-column-has-shadow fusion-flex-justify-content-flex-start fusion-content-layout-column\"><div class=\"fusion-text fusion-text-7\"><h2 style=\"text-align: center;\"><strong><span style=\"color: #ffffff;\">Richiedi un Preventivo!!<\/span><\/strong><\/h2>\n<\/div><\/div><\/div><\/div><\/div><div class=\"fusion-fullwidth fullwidth-box fusion-builder-row-3 fusion-flex-container has-pattern-background has-mask-background nonhundred-percent-fullwidth non-hundred-percent-height-scrolling\" style=\"--awb-border-radius-top-left:0px;--awb-border-radius-top-right:0px;--awb-border-radius-bottom-right:0px;--awb-border-radius-bottom-left:0px;--awb-padding-left:0px;--awb-margin-bottom:0px;--awb-background-color:#e10707;--awb-flex-wrap:wrap;\" ><div class=\"fusion-builder-row fusion-row fusion-flex-align-items-flex-start fusion-flex-content-wrap\" style=\"max-width:1497.6px;margin-left: calc(-4% \/ 2 );margin-right: calc(-4% \/ 2 );\"><div class=\"fusion-layout-column fusion_builder_column fusion-builder-column-2 fusion_builder_column_1_2 1_2 fusion-flex-column\" style=\"--awb-bg-size:cover;--awb-width-large:50%;--awb-margin-top-large:50px;--awb-spacing-right-large:3.84%;--awb-margin-bottom-large:20px;--awb-spacing-left-large:3.84%;--awb-width-medium:50%;--awb-order-medium:0;--awb-spacing-right-medium:3.84%;--awb-spacing-left-medium:3.84%;--awb-width-small:100%;--awb-order-small:0;--awb-spacing-right-small:1.92%;--awb-spacing-left-small:1.92%;\"><div class=\"fusion-column-wrapper fusion-column-has-shadow fusion-flex-justify-content-flex-start fusion-content-layout-column\"><div class=\"fusion-text fusion-text-8\"><h2 style=\"text-align: center;\"><strong><span style=\"color: #ffffff;\">Telefono di contatto: +30 2310 254 031<\/span><\/strong><\/h2>\n<\/div><\/div><\/div><div class=\"fusion-layout-column fusion_builder_column fusion-builder-column-3 fusion_builder_column_1_2 1_2 fusion-flex-column\" style=\"--awb-bg-size:cover;--awb-width-large:50%;--awb-margin-top-large:50px;--awb-spacing-right-large:3.84%;--awb-margin-bottom-large:20px;--awb-spacing-left-large:3.84%;--awb-width-medium:50%;--awb-order-medium:0;--awb-spacing-right-medium:3.84%;--awb-spacing-left-medium:3.84%;--awb-width-small:100%;--awb-order-small:0;--awb-spacing-right-small:1.92%;--awb-spacing-left-small:1.92%;\"><div class=\"fusion-column-wrapper fusion-column-has-shadow fusion-flex-justify-content-flex-start fusion-content-layout-column\"><div class=\"fusion-text fusion-text-9\"><h2 style=\"text-align: center;\"><strong><span style=\"color: #ffffff;\">Email:info@autogreece.eu<\/span><\/strong><\/h2>\n<\/div><\/div><\/div><\/div><\/div><\/p>\n","protected":false},"excerpt":{"rendered":"","protected":false},"author":1,"featured_media":0,"parent":0,"menu_order":0,"comment_status":"closed","ping_status":"closed","template":"100-width.php","meta":{"footnotes":""},"class_list":["post-10266","page","type-page","status-publish","hentry"],"_links":{"self":[{"href":"https:\/\/autogreece.eu\/it\/wp-json\/wp\/v2\/pages\/10266","targetHints":{"allow":["GET"]}}],"collection":[{"href":"https:\/\/autogreece.eu\/it\/wp-json\/wp\/v2\/pages"}],"about":[{"href":"https:\/\/autogreece.eu\/it\/wp-json\/wp\/v2\/types\/page"}],"author":[{"embeddable":true,"href":"https:\/\/autogreece.eu\/it\/wp-json\/wp\/v2\/users\/1"}],"replies":[{"embeddable":true,"href":"https:\/\/autogreece.eu\/it\/wp-json\/wp\/v2\/comments?post=10266"}],"version-history":[{"count":5,"href":"https:\/\/autogreece.eu\/it\/wp-json\/wp\/v2\/pages\/10266\/revisions"}],"predecessor-version":[{"id":10404,"href":"https:\/\/autogreece.eu\/it\/wp-json\/wp\/v2\/pages\/10266\/revisions\/10404"}],"wp:attachment":[{"href":"https:\/\/autogreece.eu\/it\/wp-json\/wp\/v2\/media?parent=10266"}],"curies":[{"name":"wp","href":"https:\/\/api.w.org\/{rel}","templated":true}]}}