{"id":9911,"date":"2025-02-01T17:16:31","date_gmt":"2025-02-01T15:16:31","guid":{"rendered":"https:\/\/autogreece.eu\/?page_id=9911"},"modified":"2025-02-01T18:29:44","modified_gmt":"2025-02-01T16:29:44","slug":"location-de-voiture-volos","status":"publish","type":"page","link":"https:\/\/autogreece.eu\/fr\/location-de-voiture-volos\/","title":{"rendered":"Location de voiture V\u00f3los"},"content":{"rendered":"<div class=\"fusion-fullwidth fullwidth-box fusion-builder-row-1 fusion-flex-container has-pattern-background has-mask-background nonhundred-percent-fullwidth non-hundred-percent-height-scrolling\" style=\"--awb-border-radius-top-left:0px;--awb-border-radius-top-right:0px;--awb-border-radius-bottom-right:0px;--awb-border-radius-bottom-left:0px;--awb-flex-wrap:wrap;\" ><div class=\"fusion-builder-row fusion-row fusion-flex-align-items-flex-start fusion-flex-content-wrap\" style=\"max-width:1497.6px;margin-left: calc(-4% \/ 2 );margin-right: calc(-4% \/ 2 );\"><div class=\"fusion-layout-column fusion_builder_column fusion-builder-column-0 fusion_builder_column_1_1 1_1 fusion-flex-column\" style=\"--awb-bg-size:cover;--awb-width-large:100%;--awb-margin-top-large:0px;--awb-spacing-right-large:1.92%;--awb-margin-bottom-large:20px;--awb-spacing-left-large:1.92%;--awb-width-medium:100%;--awb-order-medium:0;--awb-spacing-right-medium:1.92%;--awb-spacing-left-medium:1.92%;--awb-width-small:100%;--awb-order-small:0;--awb-spacing-right-small:1.92%;--awb-spacing-left-small:1.92%;\"><div class=\"fusion-column-wrapper fusion-column-has-shadow fusion-flex-justify-content-flex-start fusion-content-layout-column\"><div class=\"fusion-image-element \" style=\"text-align:center;--awb-caption-title-font-family:var(--h2_typography-font-family);--awb-caption-title-font-weight:var(--h2_typography-font-weight);--awb-caption-title-font-style:var(--h2_typography-font-style);--awb-caption-title-size:var(--h2_typography-font-size);--awb-caption-title-transform:var(--h2_typography-text-transform);--awb-caption-title-line-height:var(--h2_typography-line-height);--awb-caption-title-letter-spacing:var(--h2_typography-letter-spacing);\"><span class=\" fusion-imageframe imageframe-none imageframe-1 hover-type-none\"><img decoding=\"async\" width=\"1200\" height=\"600\" alt=\"\u0395\u03bd\u03bf\u03b9\u03ba\u03af\u03b1\u03c3\u03b7 \u03b1\u03c5\u03c4\u03bf\u03ba\u03b9\u03bd\u03ae\u03c4\u03bf\u03c5 \u03a0\u03ae\u03bb\u03b9\u03bf\" title=\"\u03a0\u03ae\u03bb\u03b9\u03bf\" src=\"https:\/\/autogreece.eu\/wp-content\/uploads\/2025\/02\/\u03a0\u03ae\u03bb\u03b9\u03bf.jpg\" data-orig-src=\"https:\/\/autogreece.eu\/wp-content\/uploads\/2025\/02\/\u03a0\u03ae\u03bb\u03b9\u03bf.jpg\" class=\"lazyload img-responsive wp-image-9838\" srcset=\"data:image\/svg+xml,%3Csvg%20xmlns%3D%27http%3A%2F%2Fwww.w3.org%2F2000%2Fsvg%27%20width%3D%271200%27%20height%3D%27600%27%20viewBox%3D%270%200%201200%20600%27%3E%3Crect%20width%3D%271200%27%20height%3D%27600%27%20fill-opacity%3D%220%22%2F%3E%3C%2Fsvg%3E\" data-srcset=\"https:\/\/autogreece.eu\/wp-content\/uploads\/2025\/02\/\u03a0\u03ae\u03bb\u03b9\u03bf-200x100.jpg 200w, https:\/\/autogreece.eu\/wp-content\/uploads\/2025\/02\/\u03a0\u03ae\u03bb\u03b9\u03bf-400x200.jpg 400w, https:\/\/autogreece.eu\/wp-content\/uploads\/2025\/02\/\u03a0\u03ae\u03bb\u03b9\u03bf-600x300.jpg 600w, https:\/\/autogreece.eu\/wp-content\/uploads\/2025\/02\/\u03a0\u03ae\u03bb\u03b9\u03bf-800x400.jpg 800w, https:\/\/autogreece.eu\/wp-content\/uploads\/2025\/02\/\u03a0\u03ae\u03bb\u03b9\u03bf.jpg 1200w\" data-sizes=\"auto\" data-orig-sizes=\"(max-width: 640px) 100vw, 1200px\" \/><\/span><\/div><div class=\"fusion-text fusion-text-1\"><h3 style=\"text-align: center;\"><strong>Location de voiture pour Volos, Pelion, Kal\u00e1 Ner\u00e1 &amp; Sporades par AutoGreece<\/strong><\/h3>\n<p><strong>Volos<\/strong> et <strong>Pelion<\/strong> sont deux des destinations les plus magnifiques de Gr\u00e8ce, combinant beaut\u00e9 naturelle, tradition et excellentes saveurs. Des zones c\u00f4ti\u00e8res de Volos et de <strong>Kal\u00e1 Ner\u00e1<\/strong> aux villages pittoresques de Pelion et aux \u00eeles exotiques des <strong>Sporades<\/strong>, la <strong>location de voiture<\/strong> avec <strong>AutoGreece<\/strong> est le moyen id\u00e9al pour explorer chaque coin de cette belle r\u00e9gion avec confort et flexibilit\u00e9.<\/p>\n<h3 style=\"text-align: center;\"><strong>Pourquoi choisir la location de voiture \u00e0 Volos et Pelion<\/strong><\/h3>\n<p>La r\u00e9gion de Volos et Pelion offre des <strong>paysages naturels uniques<\/strong>, de magnifiques plages et des villages traditionnels qui m\u00e9ritent d\u2019\u00eatre d\u00e9couverts avec votre propre voiture. La <strong>location de voiture \u00e0 Volos<\/strong> vous permet de voyager avec <strong>confort, s\u00e9curit\u00e9 et sans restrictions<\/strong>.<\/p>\n<ul>\n<li><strong>Libert\u00e9 totale<\/strong> \u2013 D\u00e9couvrez les plages et les villages pittoresques de Pelion \u00e0 votre rythme.<\/li>\n<li><strong>D\u00e9placements confortables<\/strong> \u2013 Sans avoir besoin de prendre les horaires de bus ou de taxis, vous pouvez voyager facilement dans toute la r\u00e9gion.<\/li>\n<li><strong>Explorer des endroits recul\u00e9s<\/strong> \u2013 Visitez des plages et des villages qui sont difficilement accessibles sans voiture.<\/li>\n<\/ul>\n<h3 style=\"text-align: center;\"><strong>Volos : La ville vivante au bord de la mer<\/strong><\/h3>\n<p><strong>Volos<\/strong>, situ\u00e9e dans le golfe de Pagasetic, est une ville dynamique remplie d&rsquo;<strong>histoire, de culture et de gastronomie<\/strong>.<\/p>\n<p>Il vaut la peine de visiter :<\/p>\n<ul>\n<li><strong>Le port de Volos<\/strong> pour une promenade au bord de la mer et pour profiter des <strong>tsipour\u00e1dika traditionnels<\/strong>.<\/li>\n<li><strong>Le mus\u00e9e arch\u00e9ologique Athanasakeio<\/strong> avec des expositions provenant de l&rsquo;ancienne Thessalie.<\/li>\n<li><strong>La vieille ville &amp; la zone des Palaia<\/strong> pour un aper\u00e7u du pass\u00e9 historique de la r\u00e9gion.<\/li>\n<\/ul>\n<h3 style=\"text-align: center;\"><strong>Pelion : Le paradis montagneux enchanteur<\/strong><\/h3>\n<p>Le <strong>Pelion<\/strong>, connu sous le nom de <strong>mont des Centaures<\/strong>, est une destination qui combine des paysages verdoyants, des villages pittoresques et de magnifiques plages.<\/p>\n<p>Avec la <strong>location de voiture \u00e0 Pelion<\/strong>, vous pouvez visiter :<\/p>\n<ul>\n<li><strong>Tsagarada<\/strong> \u2013 Un village magnifique avec des platanes, des maisons en pierre et une vue unique sur la mer \u00c9g\u00e9e.<\/li>\n<li><strong>M\u00edlies<\/strong> \u2013 Un village historique avec le c\u00e9l\u00e8bre <strong>train de Pelion<\/strong> et une superbe architecture traditionnelle.<\/li>\n<li><strong>Portaria &amp; Makrinitsa<\/strong> \u2013 Deux des plus beaux villages du Pelion, avec des ruelles pav\u00e9es, des demeures anciennes et une vue imprenable sur Volos.<\/li>\n<li><strong>Chorefto &amp; Agios Ioannis<\/strong> \u2013 Deux des plages les plus c\u00e9l\u00e8bres du Pelion, avec du sable dor\u00e9 et des eaux cristallines.<\/li>\n<\/ul>\n<h3 style=\"text-align: center;\"><strong>Kal\u00e1 Ner\u00e1 : Vacances en famille au bord de la mer<\/strong><\/h3>\n<p>Les <strong>Kal\u00e1 Ner\u00e1<\/strong>, une r\u00e9gion c\u00f4ti\u00e8re pr\u00e8s de Volos, sont une destination id\u00e9ale pour se d\u00e9tendre au bord de la mer. La plage am\u00e9nag\u00e9e, les <strong>tavernes en bord de mer<\/strong> et l\u2019atmosph\u00e8re tranquille en font un choix populaire pour les familles et les couples.<\/p>\n<p>Avec votre voiture, vous pouvez \u00e9galement visiter les plages voisines <strong>Koropi, Afissos et Katigiorgis<\/strong>, connues pour leurs eaux claires et leur beaut\u00e9 naturelle.<\/p>\n<\/div><div class=\"fusion-image-element \" style=\"text-align:center;--awb-caption-title-font-family:var(--h2_typography-font-family);--awb-caption-title-font-weight:var(--h2_typography-font-weight);--awb-caption-title-font-style:var(--h2_typography-font-style);--awb-caption-title-size:var(--h2_typography-font-size);--awb-caption-title-transform:var(--h2_typography-text-transform);--awb-caption-title-line-height:var(--h2_typography-line-height);--awb-caption-title-letter-spacing:var(--h2_typography-letter-spacing);\"><span class=\" fusion-imageframe imageframe-none imageframe-2 hover-type-none\"><img decoding=\"async\" width=\"1200\" height=\"600\" alt=\"\u0395\u03bd\u03bf\u03b9\u03ba\u03af\u03b1\u03c3\u03b7 \u03b1\u03c5\u03c4\u03bf\u03ba\u03b9\u03bd\u03ae\u03c4\u03bf\u03c5 \u03a3\u03c0\u03bf\u03c1\u03ac\u03b4\u03b5\u03c2\" title=\"\u03a3\u03c0\u03bf\u03c1\u03b1\u03b4\u03c2\" src=\"https:\/\/autogreece.eu\/wp-content\/uploads\/2025\/02\/\u03a3\u03c0\u03bf\u03c1\u03b1\u03b4\u03c2.jpg\" data-orig-src=\"https:\/\/autogreece.eu\/wp-content\/uploads\/2025\/02\/\u03a3\u03c0\u03bf\u03c1\u03b1\u03b4\u03c2.jpg\" class=\"lazyload img-responsive wp-image-9843\" srcset=\"data:image\/svg+xml,%3Csvg%20xmlns%3D%27http%3A%2F%2Fwww.w3.org%2F2000%2Fsvg%27%20width%3D%271200%27%20height%3D%27600%27%20viewBox%3D%270%200%201200%20600%27%3E%3Crect%20width%3D%271200%27%20height%3D%27600%27%20fill-opacity%3D%220%22%2F%3E%3C%2Fsvg%3E\" data-srcset=\"https:\/\/autogreece.eu\/wp-content\/uploads\/2025\/02\/\u03a3\u03c0\u03bf\u03c1\u03b1\u03b4\u03c2-200x100.jpg 200w, https:\/\/autogreece.eu\/wp-content\/uploads\/2025\/02\/\u03a3\u03c0\u03bf\u03c1\u03b1\u03b4\u03c2-400x200.jpg 400w, https:\/\/autogreece.eu\/wp-content\/uploads\/2025\/02\/\u03a3\u03c0\u03bf\u03c1\u03b1\u03b4\u03c2-600x300.jpg 600w, https:\/\/autogreece.eu\/wp-content\/uploads\/2025\/02\/\u03a3\u03c0\u03bf\u03c1\u03b1\u03b4\u03c2-800x400.jpg 800w, https:\/\/autogreece.eu\/wp-content\/uploads\/2025\/02\/\u03a3\u03c0\u03bf\u03c1\u03b1\u03b4\u03c2.jpg 1200w\" data-sizes=\"auto\" data-orig-sizes=\"(max-width: 640px) 100vw, 1200px\" \/><\/span><\/div><div class=\"fusion-text fusion-text-2\"><h3 style=\"text-align: center;\"><strong>Sporades : Skiathos, Skopelos &amp; Alonissos<\/strong><\/h3>\n<p>Les <strong>Sporades<\/strong> sont une destination insulaire idyllique, accessible par ferry depuis le port de Volos.<\/p>\n<ul>\n<li><strong>Skiathos<\/strong> \u2013 C\u00e9l\u00e8bre pour la plage <strong>Koukounaries<\/strong>, le vieux port et sa vie nocturne anim\u00e9e.<\/li>\n<li><strong>Skopelos<\/strong> \u2013 L&rsquo;\u00eele du film <em>Mamma Mia<\/em>, avec une architecture traditionnelle et des plages enchanteuses.<\/li>\n<li><strong>Alonissos<\/strong> \u2013 Une \u00eele id\u00e9ale pour les amoureux de la nature, avec le c\u00e9l\u00e8bre <strong>Parc Marin National<\/strong> o\u00f9 vit la phoques m\u00e9diterran\u00e9enne Monachus-Monachus.<\/li>\n<\/ul>\n<p>Avec <strong>la location de voiture \u00e0 Volos<\/strong>, vous pouvez vous rendre facilement au port et voyager vers les <strong>\u00eeles des Sporades<\/strong>, en ayant la possibilit\u00e9 d&rsquo;explorer leurs beaut\u00e9s avec une <strong>voiture ou un scooter de location sur les Sporades<\/strong>.<\/p>\n<h3 style=\"text-align: center;\"><strong>Quel Voiture Choisir pour Volos &amp; Pelion<\/strong><\/h3>\n<p>En fonction de vos besoins, <strong>AutoGreece<\/strong> propose diff\u00e9rents types de v\u00e9hicules :<\/p>\n<ul>\n<li><strong>Voitures \u00e9conomiques<\/strong> \u2013 Pour des d\u00e9placements faciles en ville et sur les plages voisines.<\/li>\n<li><strong>SUV ou 4&#215;4<\/strong> \u2013 Id\u00e9ales pour les itin\u00e9raires montagneux du Pelion et les plages plus escarp\u00e9es.<\/li>\n<li><strong>Voitures familiales<\/strong> \u2013 Si vous voyagez en famille, un v\u00e9hicule plus grand vous offrira confort et s\u00e9curit\u00e9.<\/li>\n<\/ul>\n<h3 style=\"text-align: center;\"><strong>Conclusion<\/strong><\/h3>\n<p>La <strong>location de voiture \u00e0 Volos, Pelion et les Sporades par AutoGreece<\/strong> est le meilleur choix pour profiter pleinement de votre exp\u00e9rience. Des <strong>villages pittoresques du Pelion<\/strong> aux <strong>plages exotiques des Sporades<\/strong>, votre voiture vous offrira <strong>confort, s\u00e9curit\u00e9 et flexibilit\u00e9<\/strong> pour un voyage inoubliable.<\/p>\n<p><strong>R\u00e9servez d\u00e8s maintenant la voiture id\u00e9ale pour votre voyage et d\u00e9couvrez les beaut\u00e9s de la r\u00e9gion de Magnesia et des Sporades !<\/strong><\/p>\n<\/div><\/div><\/div><\/div><\/div>\n","protected":false},"excerpt":{"rendered":"","protected":false},"author":1,"featured_media":0,"parent":0,"menu_order":0,"comment_status":"closed","ping_status":"closed","template":"100-width.php","meta":{"footnotes":""},"class_list":["post-9911","page","type-page","status-publish","hentry"],"_links":{"self":[{"href":"https:\/\/autogreece.eu\/fr\/wp-json\/wp\/v2\/pages\/9911","targetHints":{"allow":["GET"]}}],"collection":[{"href":"https:\/\/autogreece.eu\/fr\/wp-json\/wp\/v2\/pages"}],"about":[{"href":"https:\/\/autogreece.eu\/fr\/wp-json\/wp\/v2\/types\/page"}],"author":[{"embeddable":true,"href":"https:\/\/autogreece.eu\/fr\/wp-json\/wp\/v2\/users\/1"}],"replies":[{"embeddable":true,"href":"https:\/\/autogreece.eu\/fr\/wp-json\/wp\/v2\/comments?post=9911"}],"version-history":[{"count":3,"href":"https:\/\/autogreece.eu\/fr\/wp-json\/wp\/v2\/pages\/9911\/revisions"}],"predecessor-version":[{"id":9914,"href":"https:\/\/autogreece.eu\/fr\/wp-json\/wp\/v2\/pages\/9911\/revisions\/9914"}],"wp:attachment":[{"href":"https:\/\/autogreece.eu\/fr\/wp-json\/wp\/v2\/media?parent=9911"}],"curies":[{"name":"wp","href":"https:\/\/api.w.org\/{rel}","templated":true}]}}