{"id":9895,"date":"2025-02-01T17:01:26","date_gmt":"2025-02-01T15:01:26","guid":{"rendered":"https:\/\/autogreece.eu\/?page_id=9895"},"modified":"2025-02-01T18:19:53","modified_gmt":"2025-02-01T16:19:53","slug":"location-de-voiture-ioannina","status":"publish","type":"page","link":"https:\/\/autogreece.eu\/fr\/location-de-voiture-ioannina\/","title":{"rendered":"Location de voiture Ioannina"},"content":{"rendered":"<div class=\"fusion-fullwidth fullwidth-box fusion-builder-row-1 fusion-flex-container nonhundred-percent-fullwidth non-hundred-percent-height-scrolling\" style=\"--awb-border-radius-top-left:0px;--awb-border-radius-top-right:0px;--awb-border-radius-bottom-right:0px;--awb-border-radius-bottom-left:0px;--awb-flex-wrap:wrap;\" ><div class=\"fusion-builder-row fusion-row fusion-flex-align-items-flex-start fusion-flex-content-wrap\" style=\"max-width:1497.6px;margin-left: calc(-4% \/ 2 );margin-right: calc(-4% \/ 2 );\"><div class=\"fusion-layout-column fusion_builder_column fusion-builder-column-0 fusion_builder_column_1_1 1_1 fusion-flex-column\" style=\"--awb-bg-size:cover;--awb-width-large:100%;--awb-margin-top-large:0px;--awb-spacing-right-large:1.92%;--awb-margin-bottom-large:0px;--awb-spacing-left-large:1.92%;--awb-width-medium:100%;--awb-spacing-right-medium:1.92%;--awb-spacing-left-medium:1.92%;--awb-width-small:100%;--awb-spacing-right-small:1.92%;--awb-spacing-left-small:1.92%;\"><div class=\"fusion-column-wrapper fusion-flex-justify-content-flex-start fusion-content-layout-column\"><div class=\"fusion-image-element \" style=\"text-align:center;--awb-caption-title-font-family:var(--h2_typography-font-family);--awb-caption-title-font-weight:var(--h2_typography-font-weight);--awb-caption-title-font-style:var(--h2_typography-font-style);--awb-caption-title-size:var(--h2_typography-font-size);--awb-caption-title-transform:var(--h2_typography-text-transform);--awb-caption-title-line-height:var(--h2_typography-line-height);--awb-caption-title-letter-spacing:var(--h2_typography-letter-spacing);\"><span class=\" fusion-imageframe imageframe-none imageframe-1 hover-type-none\"><img decoding=\"async\" width=\"1200\" height=\"600\" alt=\"\u0395\u03bd\u03bf\u03b9\u03ba\u03af\u03b1\u03c3\u03b7 \u03b1\u03c5\u03c4\u03bf\u03ba\u03b9\u03bd\u03ae\u03c4\u03bf\u03c5 \u03a0\u03b1\u03be\u03bf\u03af\" title=\"\u03a0\u03b1\u03be\u03bf\u03cc\u03b9\" src=\"https:\/\/autogreece.eu\/wp-content\/uploads\/2025\/02\/\u03a0\u03b1\u03be\u03bf\u03cc\u03b9.jpg\" data-orig-src=\"https:\/\/autogreece.eu\/wp-content\/uploads\/2025\/02\/\u03a0\u03b1\u03be\u03bf\u03cc\u03b9.jpg\" class=\"lazyload img-responsive wp-image-9820\" srcset=\"data:image\/svg+xml,%3Csvg%20xmlns%3D%27http%3A%2F%2Fwww.w3.org%2F2000%2Fsvg%27%20width%3D%271200%27%20height%3D%27600%27%20viewBox%3D%270%200%201200%20600%27%3E%3Crect%20width%3D%271200%27%20height%3D%27600%27%20fill-opacity%3D%220%22%2F%3E%3C%2Fsvg%3E\" data-srcset=\"https:\/\/autogreece.eu\/wp-content\/uploads\/2025\/02\/\u03a0\u03b1\u03be\u03bf\u03cc\u03b9-200x100.jpg 200w, https:\/\/autogreece.eu\/wp-content\/uploads\/2025\/02\/\u03a0\u03b1\u03be\u03bf\u03cc\u03b9-400x200.jpg 400w, https:\/\/autogreece.eu\/wp-content\/uploads\/2025\/02\/\u03a0\u03b1\u03be\u03bf\u03cc\u03b9-600x300.jpg 600w, https:\/\/autogreece.eu\/wp-content\/uploads\/2025\/02\/\u03a0\u03b1\u03be\u03bf\u03cc\u03b9-800x400.jpg 800w, https:\/\/autogreece.eu\/wp-content\/uploads\/2025\/02\/\u03a0\u03b1\u03be\u03bf\u03cc\u03b9.jpg 1200w\" data-sizes=\"auto\" data-orig-sizes=\"(max-width: 640px) 100vw, 1200px\" \/><\/span><\/div><div class=\"fusion-text fusion-text-1\"><h1 style=\"text-align: center;\"><strong>Location de Voiture pour Ioannina, Parga, Syvota, Paxos &amp; Pr\u00e9v\u00e9za avec AutoGreece<\/strong><\/h1>\n<p>L&rsquo;\u00c9pire et l&rsquo;ouest de la Gr\u00e8ce regorgent de tr\u00e9sors cach\u00e9s, de paysages naturels uniques et de villes c\u00f4ti\u00e8res qu&rsquo;il vaut la peine de d\u00e9couvrir. Des destinations telles qu&rsquo;Ioannina, Parga, Syvota, Paxos et Pr\u00e9v\u00e9za offrent un \u00e9quilibre parfait entre histoire, nature et hospitalit\u00e9 grecque. Avec la location de voiture d&rsquo;AutoGreece, vous pouvez explorer chaque coin de ces r\u00e9gions avec confort, flexibilit\u00e9 et s\u00e9curit\u00e9, en profitant pleinement de votre voyage.<\/p>\n<h3 style=\"text-align: center;\"><strong>Pourquoi Choisir la Location de Voiture \u00e0 Ioannina, Parga et Syvota<\/strong><\/h3>\n<p>La location de voiture est le meilleur moyen de d\u00e9couvrir l&rsquo;\u00c9pire et Pr\u00e9v\u00e9za, car elle vous offre une libert\u00e9 totale de mouvement. Une voiture vous permet de visiter \u00e0 la fois les monuments historiques d&rsquo;Ioannina et les plages exotiques de Syvota et Parga, sans \u00eatre limit\u00e9 par les horaires des transports publics.<\/p>\n<p>Voici quelques raisons pour lesquelles vous devriez choisir la location de voiture \u00e0 Ioannina et dans les environs :<\/p>\n<ul>\n<li>Exploration sans restrictions \u2013 D\u00e9couvrez \u00e0 la fois les plages et les sites historiques de la r\u00e9gion avec une totale libert\u00e9.<\/li>\n<li>Confort et Commodit\u00e9 \u2013 Avec votre voiture, vous vous d\u00e9placez confortablement sans avoir \u00e0 d\u00e9pendre des transports co\u00fbteux et compliqu\u00e9s.<\/li>\n<li>Acc\u00e8s \u00e0 des zones recul\u00e9es \u2013 Vous pouvez d\u00e9couvrir de petits villages, des plages secr\u00e8tes et des paysages naturels qui ne sont pas facilement accessibles autrement.<\/li>\n<\/ul>\n<h3 style=\"text-align: center;\"><strong>Ioannina : Une Ville Riche en Histoire et Tradition<\/strong><\/h3>\n<p>Ioannina, construite sur les rives du lac Pamvotis, est une ville au caract\u00e8re historique marqu\u00e9 et \u00e0 l&rsquo;h\u00e9ritage culturel riche. Avec la location de voiture, vous pouvez visiter le ch\u00e2teau d&rsquo;Ioannina, l&rsquo;\u00eele de Kyra-Frosyni, la grotte de Perama, et faire une promenade dans le vieux centre-ville pour savourer un caf\u00e9 local et d\u00e9couvrir des sp\u00e9cialit\u00e9s gastronomiques.<\/p>\n<h3 style=\"text-align: center;\"><strong>Parga : Un Bijou Ionien<\/strong><\/h3>\n<p>Parga est l&rsquo;une des destinations c\u00f4ti\u00e8res les plus pittoresques de la Gr\u00e8ce. Son architecture color\u00e9e, la plage magnifique de Valtos, le ch\u00e2teau de Parga et la plage de Lichnos sont quelques-unes des attractions que vous pouvez visiter avec votre voiture. Avec la location de voiture, vous pouvez faire de petites excursions vers les plages voisines et les villages traditionnels de la r\u00e9gion.<\/p>\n<h3 style=\"text-align: center;\"><strong>Syvota : Les Cara\u00efbes de la Gr\u00e8ce<\/strong><\/h3>\n<p>Syvota est une destination exotique avec des eaux \u00e9meraudes et des paysages verdoyants. Les plages de Bella Vraka, Piskina et Zavia sont accessibles par de petites routes ou en bateau. Avec votre voiture, vous pouvez \u00e9galement explorer les r\u00e9gions environnantes, telles que Perdika et la plage de Karavostasi, qui offrent des lieux calmes et magnifiques pour se d\u00e9tendre.<\/p>\n<\/div><div class=\"fusion-image-element \" style=\"--awb-caption-title-font-family:var(--h2_typography-font-family);--awb-caption-title-font-weight:var(--h2_typography-font-weight);--awb-caption-title-font-style:var(--h2_typography-font-style);--awb-caption-title-size:var(--h2_typography-font-size);--awb-caption-title-transform:var(--h2_typography-text-transform);--awb-caption-title-line-height:var(--h2_typography-line-height);--awb-caption-title-letter-spacing:var(--h2_typography-letter-spacing);\"><span class=\" fusion-imageframe imageframe-none imageframe-2 hover-type-none\"><img decoding=\"async\" width=\"1200\" height=\"600\" alt=\"\u0395\u03bd\u03bf\u03b9\u03ba\u03af\u03b1\u03c3\u03b7 \u03b1\u03c5\u03c4\u03bf\u03ba\u03b9\u03bd\u03ae\u03c4\u03bf\u03c5 \u03a0\u03c1\u03ad\u03b2\u03b5\u03b6\u03b1\" title=\"\u03c0\u03c1\u03b534\" src=\"https:\/\/autogreece.eu\/wp-content\/uploads\/2025\/02\/\u03c0\u03c1\u03b534.jpg\" data-orig-src=\"https:\/\/autogreece.eu\/wp-content\/uploads\/2025\/02\/\u03c0\u03c1\u03b534.jpg\" class=\"lazyload img-responsive wp-image-9825\" srcset=\"data:image\/svg+xml,%3Csvg%20xmlns%3D%27http%3A%2F%2Fwww.w3.org%2F2000%2Fsvg%27%20width%3D%271200%27%20height%3D%27600%27%20viewBox%3D%270%200%201200%20600%27%3E%3Crect%20width%3D%271200%27%20height%3D%27600%27%20fill-opacity%3D%220%22%2F%3E%3C%2Fsvg%3E\" data-srcset=\"https:\/\/autogreece.eu\/wp-content\/uploads\/2025\/02\/\u03c0\u03c1\u03b534-200x100.jpg 200w, https:\/\/autogreece.eu\/wp-content\/uploads\/2025\/02\/\u03c0\u03c1\u03b534-400x200.jpg 400w, https:\/\/autogreece.eu\/wp-content\/uploads\/2025\/02\/\u03c0\u03c1\u03b534-600x300.jpg 600w, https:\/\/autogreece.eu\/wp-content\/uploads\/2025\/02\/\u03c0\u03c1\u03b534-800x400.jpg 800w, https:\/\/autogreece.eu\/wp-content\/uploads\/2025\/02\/\u03c0\u03c1\u03b534.jpg 1200w\" data-sizes=\"auto\" data-orig-sizes=\"(max-width: 640px) 100vw, 1200px\" \/><\/span><\/div><div class=\"fusion-text fusion-text-2\"><h3 style=\"text-align: center;\"><strong>Paxos : Une \u00cele Exotique<\/strong><\/h3>\n<p>Les Paxos sont une petite \u00eele ionienne, id\u00e9ale pour des excursions d&rsquo;une journ\u00e9e depuis Parga ou Syvota. Avec la location de voiture, vous pouvez atteindre le port de Parga ou Igoumenitsa et de l\u00e0 prendre le ferry pour Paxos. Ne manquez pas de visiter Gaios, Lakka et Loggos, ainsi que les plages de Voutoumi et Erimitis sur les Antipaxos.<\/p>\n<h3 style=\"text-align: center;\"><strong>Pr\u00e9v\u00e9za : La Combinaison de la Mer et de l&rsquo;Histoire<\/strong><\/h3>\n<p>Pr\u00e9v\u00e9za est connue pour ses vastes plages, comme Monolithos, l&rsquo;une des plus grandes plages de sable d&rsquo;Europe. La ville poss\u00e8de une histoire riche, avec des sites arch\u00e9ologiques tels que l&rsquo;ancienne Nicopolis et le mus\u00e9e arch\u00e9ologique de Pr\u00e9v\u00e9za. De plus, la r\u00e9gion voisine de la baie d&rsquo;Ambracique est un paradis pour les amoureux de la nature et les observateurs d&rsquo;oiseaux.<\/p>\n<h3 style=\"text-align: center;\"><strong>Quel V\u00e9hicule Choisir<\/strong><\/h3>\n<p>Pour une exp\u00e9rience confortable et agr\u00e9able, il est important de choisir le bon v\u00e9hicule. Si vous pr\u00e9voyez de vous d\u00e9placer principalement en milieu urbain, une petite voiture est id\u00e9ale. Cependant, si vous envisagez de visiter des plages et des routes montagneuses, un SUV ou un 4&#215;4 vous offrira plus de confort et de s\u00e9curit\u00e9.<\/p>\n<ul>\n<li>Voitures \u00c9conomiques \u2013 Id\u00e9ales pour les trajets en ville et les distances courtes.<\/li>\n<li>SUV ou 4&#215;4 \u2013 Un excellent choix pour ceux qui souhaitent explorer des r\u00e9gions montagneuses ou des plages moins accessibles.<\/li>\n<li>Voitures Familiales \u2013 Si vous voyagez en famille ou en groupe, une voiture plus grande offre confort et espace.<\/li>\n<\/ul>\n<h3 style=\"text-align: center;\"><strong>Conclusion<\/strong><\/h3>\n<p>La location de voiture avec AutoGreece vous permet de d\u00e9couvrir l&rsquo;\u00c9pire, Parga, Syvota, Paxos et Pr\u00e9v\u00e9za avec un confort et une flexibilit\u00e9 absolus. Que vous souhaitiez explorer des villages traditionnels ou vous d\u00e9tendre sur des plages idylliques, votre voiture vous offre la libert\u00e9 de vivre l&rsquo;exp\u00e9rience pleinement. Choisissez le v\u00e9hicule qui vous convient et pr\u00e9parez-vous pour un voyage inoubliable !<\/p>\n<\/div><\/div><\/div><\/div><\/div>\n","protected":false},"excerpt":{"rendered":"","protected":false},"author":1,"featured_media":0,"parent":0,"menu_order":0,"comment_status":"closed","ping_status":"closed","template":"100-width.php","meta":{"footnotes":""},"class_list":["post-9895","page","type-page","status-publish","hentry"],"_links":{"self":[{"href":"https:\/\/autogreece.eu\/fr\/wp-json\/wp\/v2\/pages\/9895","targetHints":{"allow":["GET"]}}],"collection":[{"href":"https:\/\/autogreece.eu\/fr\/wp-json\/wp\/v2\/pages"}],"about":[{"href":"https:\/\/autogreece.eu\/fr\/wp-json\/wp\/v2\/types\/page"}],"author":[{"embeddable":true,"href":"https:\/\/autogreece.eu\/fr\/wp-json\/wp\/v2\/users\/1"}],"replies":[{"embeddable":true,"href":"https:\/\/autogreece.eu\/fr\/wp-json\/wp\/v2\/comments?post=9895"}],"version-history":[{"count":3,"href":"https:\/\/autogreece.eu\/fr\/wp-json\/wp\/v2\/pages\/9895\/revisions"}],"predecessor-version":[{"id":9898,"href":"https:\/\/autogreece.eu\/fr\/wp-json\/wp\/v2\/pages\/9895\/revisions\/9898"}],"wp:attachment":[{"href":"https:\/\/autogreece.eu\/fr\/wp-json\/wp\/v2\/media?parent=9895"}],"curies":[{"name":"wp","href":"https:\/\/api.w.org\/{rel}","templated":true}]}}