{"id":9862,"date":"2025-02-01T16:33:41","date_gmt":"2025-02-01T14:33:41","guid":{"rendered":"https:\/\/autogreece.eu\/?page_id=9862"},"modified":"2025-02-01T17:59:46","modified_gmt":"2025-02-01T15:59:46","slug":"location-de-voiture-chalcidique","status":"publish","type":"page","link":"https:\/\/autogreece.eu\/fr\/location-de-voiture-chalcidique\/","title":{"rendered":"Location de voiture Chalcidique"},"content":{"rendered":"<div class=\"fusion-fullwidth fullwidth-box fusion-builder-row-1 fusion-flex-container nonhundred-percent-fullwidth non-hundred-percent-height-scrolling\" style=\"--awb-border-radius-top-left:0px;--awb-border-radius-top-right:0px;--awb-border-radius-bottom-right:0px;--awb-border-radius-bottom-left:0px;--awb-flex-wrap:wrap;\" ><div class=\"fusion-builder-row fusion-row fusion-flex-align-items-flex-start fusion-flex-content-wrap\" style=\"max-width:1497.6px;margin-left: calc(-4% \/ 2 );margin-right: calc(-4% \/ 2 );\"><div class=\"fusion-layout-column fusion_builder_column fusion-builder-column-0 fusion_builder_column_1_1 1_1 fusion-flex-column\" style=\"--awb-bg-size:cover;--awb-width-large:100%;--awb-margin-top-large:0px;--awb-spacing-right-large:1.92%;--awb-margin-bottom-large:0px;--awb-spacing-left-large:1.92%;--awb-width-medium:100%;--awb-spacing-right-medium:1.92%;--awb-spacing-left-medium:1.92%;--awb-width-small:100%;--awb-spacing-right-small:1.92%;--awb-spacing-left-small:1.92%;\"><div class=\"fusion-column-wrapper fusion-flex-justify-content-flex-start fusion-content-layout-column\"><div class=\"fusion-image-element \" style=\"text-align:center;--awb-caption-title-font-family:var(--h2_typography-font-family);--awb-caption-title-font-weight:var(--h2_typography-font-weight);--awb-caption-title-font-style:var(--h2_typography-font-style);--awb-caption-title-size:var(--h2_typography-font-size);--awb-caption-title-transform:var(--h2_typography-text-transform);--awb-caption-title-line-height:var(--h2_typography-line-height);--awb-caption-title-letter-spacing:var(--h2_typography-letter-spacing);\"><span class=\" fusion-imageframe imageframe-none imageframe-1 hover-type-none\"><img decoding=\"async\" width=\"1200\" height=\"600\" alt=\"\u0395\u03bd\u03bf\u03b9\u03ba\u03af\u03b1\u03c3\u03b7 \u03b1\u03c5\u03c4\u03bf\u03ba\u03b9\u03bd\u03ae\u03c4\u03bf\u03c5 \u03a7\u03b1\u03bb\u03ba\u03b9\u03b4\u03b9\u03ba\u03ae\" title=\"\u03a7\u03913\" src=\"https:\/\/autogreece.eu\/wp-content\/uploads\/2025\/02\/\u03a7\u03913.jpg\" data-orig-src=\"https:\/\/autogreece.eu\/wp-content\/uploads\/2025\/02\/\u03a7\u03913.jpg\" class=\"lazyload img-responsive wp-image-9783\" srcset=\"data:image\/svg+xml,%3Csvg%20xmlns%3D%27http%3A%2F%2Fwww.w3.org%2F2000%2Fsvg%27%20width%3D%271200%27%20height%3D%27600%27%20viewBox%3D%270%200%201200%20600%27%3E%3Crect%20width%3D%271200%27%20height%3D%27600%27%20fill-opacity%3D%220%22%2F%3E%3C%2Fsvg%3E\" data-srcset=\"https:\/\/autogreece.eu\/wp-content\/uploads\/2025\/02\/\u03a7\u03913-200x100.jpg 200w, https:\/\/autogreece.eu\/wp-content\/uploads\/2025\/02\/\u03a7\u03913-400x200.jpg 400w, https:\/\/autogreece.eu\/wp-content\/uploads\/2025\/02\/\u03a7\u03913-600x300.jpg 600w, https:\/\/autogreece.eu\/wp-content\/uploads\/2025\/02\/\u03a7\u03913-800x400.jpg 800w, https:\/\/autogreece.eu\/wp-content\/uploads\/2025\/02\/\u03a7\u03913.jpg 1200w\" data-sizes=\"auto\" data-orig-sizes=\"(max-width: 640px) 100vw, 1200px\" \/><\/span><\/div><div class=\"fusion-text fusion-text-1\"><h1 style=\"text-align: center;\"><strong>Location de Voiture \u00e0 Thessalonique avec AutoGreece en Direction de Chalcidique<\/strong><\/h1>\n<p>La Chalcidique, l&rsquo;une des destinations touristiques les plus populaires en Gr\u00e8ce, combine beaut\u00e9 naturelle, magnifiques plages et culture unique, en faisant un lieu id\u00e9al pour tout type de voyage. Des plages de sable dor\u00e9 aux eaux cristallines, en passant par les villages traditionnels et les paysages naturels uniques, la Chalcidique offre une vari\u00e9t\u00e9 d&rsquo;exp\u00e9riences pour tous les visiteurs. Louer une voiture en Chalcidique avec <strong>AutoGreece<\/strong> vous donne la libert\u00e9 d&rsquo;explorer la r\u00e9gion avec confort et facilit\u00e9, en partant de Thessalonique et en parcourant les trois c\u00e9l\u00e8bres p\u00e9ninsules de la Chalcidique.<\/p>\n<h3 style=\"text-align: center;\"><strong>Pourquoi Choisir la Location de Voiture en Chalcidique ?<\/strong><\/h3>\n<p>La Chalcidique est une r\u00e9gion qui se d\u00e9couvre de la meilleure fa\u00e7on lorsque vous avez la possibilit\u00e9 de vous d\u00e9placer librement et confortablement. La location d&rsquo;une voiture en Chalcidique vous donne la libert\u00e9 de d\u00e9couvrir les joyaux cach\u00e9s de la r\u00e9gion et de visiter des lieux qui ne sont pas toujours accessibles par les transports en commun. Avec <strong>AutoGreece<\/strong>, vous pouvez louer le v\u00e9hicule qui correspond \u00e0 vos besoins, qu&rsquo;il s&rsquo;agisse d&rsquo;une voiture compacte pour une conduite facile dans les villages c\u00f4tiers ou d&rsquo;un SUV 4&#215;4 pour explorer les zones les plus recul\u00e9es de la Chalcidique.<br \/>\nThessalonique est le point de d\u00e9part id\u00e9al pour commencer votre voyage vers la Chalcidique. D\u00e8s votre arriv\u00e9e dans la ville, <strong>AutoGreece<\/strong> vous offre l&rsquo;opportunit\u00e9 de louer la voiture de votre choix et de partir \u00e0 la d\u00e9couverte des trois p\u00e9ninsules de la Chalcidique : la premi\u00e8re (Kassandra), la deuxi\u00e8me (Sithonia) et la troisi\u00e8me (Athos).<\/p>\n<h3 style=\"text-align: center;\"><strong>D\u00e9couverte de Kassandra<\/strong><\/h3>\n<p>Kassandra, la premi\u00e8re p\u00e9ninsule de la Chalcidique, est la plus touristique et cosmopolite de la r\u00e9gion. Avec ses plages magnifiques, ses \u00e9l\u00e9gantes stations baln\u00e9aires et ses villages c\u00f4tiers, c&rsquo;est la destination id\u00e9ale pour ceux qui recherchent une combinaison de d\u00e9tente et de divertissement. Des villages comme <strong>Kallithea<\/strong>, <strong>Hanioti<\/strong> et <strong>Nea Skioni<\/strong> offrent de nombreuses options d&rsquo;h\u00e9bergement, de restauration et de vie nocturne. Avec la possibilit\u00e9 de louer une voiture aupr\u00e8s d&rsquo;<strong>AutoGreece<\/strong>, vous pouvez visiter ces villages et explorer les plages isol\u00e9es de Kassandra, comme la plage de <strong>Fourka<\/strong> et celle de <strong>Kryopigi<\/strong>.<\/p>\n<h3 style=\"text-align: center;\"><strong>Exploration de Sithonia<\/strong><\/h3>\n<p>La deuxi\u00e8me p\u00e9ninsule de la Chalcidique, Sithonia, est plus calme et sauvage, avec de magnifiques plages et des villages qui conservent une atmosph\u00e8re traditionnelle. Sithonia est id\u00e9ale pour l&rsquo;exploration en voiture, car la r\u00e9gion poss\u00e8de de nombreuses plages cach\u00e9es et paysages naturels uniques, comme <strong>Porto Koufo<\/strong>, la <strong>plage de Kavourotrypes<\/strong> et la <strong>plage de Toroni<\/strong>. Vous pouvez \u00e9galement visiter le village traditionnel d&rsquo;<strong>Arnaia<\/strong>, qui offre un aper\u00e7u de la vie et des traditions locales. Louer une voiture vous permet de d\u00e9couvrir la beaut\u00e9 sauvage de Sithonia et de profiter de son calme loin de la foule.<\/p>\n<\/div><div class=\"fusion-image-element \" style=\"text-align:center;--awb-caption-title-font-family:var(--h2_typography-font-family);--awb-caption-title-font-weight:var(--h2_typography-font-weight);--awb-caption-title-font-style:var(--h2_typography-font-style);--awb-caption-title-size:var(--h2_typography-font-size);--awb-caption-title-transform:var(--h2_typography-text-transform);--awb-caption-title-line-height:var(--h2_typography-line-height);--awb-caption-title-letter-spacing:var(--h2_typography-letter-spacing);\"><span class=\" fusion-imageframe imageframe-none imageframe-2 hover-type-none\"><img decoding=\"async\" width=\"1200\" height=\"600\" alt=\"\u0395\u03bd\u03bf\u03b9\u03ba\u03af\u03b1\u03c3\u03b7 \u03b1\u03c5\u03c4\u03bf\u03ba\u03b9\u03bd\u03ae\u03c4\u03bf\u03c5 \u03c3\u03c4\u03b7 \u0398\u03b5\u03c3\u03c3\u03b1\u03bb\u03bf\u03bd\u03af\u03ba\u03b7\" title=\"\u03a7\u03b1\u03bb\u03ba\u03b4\u03b9\u03b1\u03c3\" src=\"https:\/\/autogreece.eu\/wp-content\/uploads\/2025\/02\/\u03a7\u03b1\u03bb\u03ba\u03b4\u03b9\u03b1\u03c3.jpg\" data-orig-src=\"https:\/\/autogreece.eu\/wp-content\/uploads\/2025\/02\/\u03a7\u03b1\u03bb\u03ba\u03b4\u03b9\u03b1\u03c3.jpg\" class=\"lazyload img-responsive wp-image-9788\" srcset=\"data:image\/svg+xml,%3Csvg%20xmlns%3D%27http%3A%2F%2Fwww.w3.org%2F2000%2Fsvg%27%20width%3D%271200%27%20height%3D%27600%27%20viewBox%3D%270%200%201200%20600%27%3E%3Crect%20width%3D%271200%27%20height%3D%27600%27%20fill-opacity%3D%220%22%2F%3E%3C%2Fsvg%3E\" data-srcset=\"https:\/\/autogreece.eu\/wp-content\/uploads\/2025\/02\/\u03a7\u03b1\u03bb\u03ba\u03b4\u03b9\u03b1\u03c3-200x100.jpg 200w, https:\/\/autogreece.eu\/wp-content\/uploads\/2025\/02\/\u03a7\u03b1\u03bb\u03ba\u03b4\u03b9\u03b1\u03c3-400x200.jpg 400w, https:\/\/autogreece.eu\/wp-content\/uploads\/2025\/02\/\u03a7\u03b1\u03bb\u03ba\u03b4\u03b9\u03b1\u03c3-600x300.jpg 600w, https:\/\/autogreece.eu\/wp-content\/uploads\/2025\/02\/\u03a7\u03b1\u03bb\u03ba\u03b4\u03b9\u03b1\u03c3-800x400.jpg 800w, https:\/\/autogreece.eu\/wp-content\/uploads\/2025\/02\/\u03a7\u03b1\u03bb\u03ba\u03b4\u03b9\u03b1\u03c3.jpg 1200w\" data-sizes=\"auto\" data-orig-sizes=\"(max-width: 640px) 100vw, 1200px\" \/><\/span><\/div><div class=\"fusion-text fusion-text-2\"><h3 style=\"text-align: center;\"><strong>La Beaut\u00e9 du Mont Athos<\/strong><\/h3>\n<p>La troisi\u00e8me p\u00e9ninsule de la Chalcidique, le Mont Athos, est la plus calme et isol\u00e9e des trois, c\u00e9l\u00e8bre pour le Mont Athos et ses communaut\u00e9s monastiques. Ici, vous pouvez d\u00e9couvrir un aspect diff\u00e9rent de la Chalcidique en explorant les petits villages c\u00f4tiers et la nature spectaculaire. Si vous \u00eates passionn\u00e9 par la nature et l\u2019histoire, la location d\u2019une voiture vous permet de visiter des endroits comme la for\u00eat de Drakou et d\u2019admirer la beaut\u00e9 unique des paysages entourant le Mont Athos. Il est \u00e9galement notable que la r\u00e9gion offre plusieurs plages propices \u00e0 la baignade et \u00e0 la d\u00e9tente, comme la plage de Naoussa et le village c\u00f4tier d\u2019Ouranoupoli, o\u00f9 vous pourrez d\u00e9guster la cuisine locale et des sp\u00e9cialit\u00e9s traditionnelles.<\/p>\n<h3 style=\"text-align: center;\"><strong>Comment Choisir le V\u00e9hicule Adapt\u00e9<\/strong><\/h3>\n<p>Selon vos besoins, <strong>AutoGreece<\/strong> propose une large gamme de v\u00e9hicules r\u00e9pondant \u00e0 toutes les exigences, des voitures compactes pour des d\u00e9placements confortables dans les zones c\u00f4ti\u00e8res aux SUV et 4&#215;4 pour les itin\u00e9raires plus difficiles dans les montagnes et les sentiers de la Chalcidique. Si vous pr\u00e9voyez de voyager en famille ou avec des amis, alors une voiture plus grande ou un minivan peut \u00eatre le choix id\u00e9al pour profiter d\u2019un maximum de confort lors de vos d\u00e9placements.<\/p>\n<h3 style=\"text-align: center;\"><strong>Conclusion<\/strong><\/h3>\n<p>Louer une voiture en Chalcidique avec <strong>AutoGreece<\/strong> est la meilleure option pour profiter pleinement de l\u2019exp\u00e9rience et d\u00e9couvrir les merveilles des trois p\u00e9ninsules de la r\u00e9gion avec confort et flexibilit\u00e9. Que vous choisissiez la premi\u00e8re p\u00e9ninsule avec ses plages cosmopolites, la beaut\u00e9 paisible de Sithonia ou la magie isol\u00e9e du Mont Athos, la location d\u2019une voiture vous offre la possibilit\u00e9 d\u2019explorer la r\u00e9gion de la meilleure mani\u00e8re possible.<\/p>\n<\/div><\/div><\/div><\/div><\/div>\n","protected":false},"excerpt":{"rendered":"","protected":false},"author":1,"featured_media":0,"parent":0,"menu_order":0,"comment_status":"closed","ping_status":"closed","template":"100-width.php","meta":{"footnotes":""},"class_list":["post-9862","page","type-page","status-publish","hentry"],"_links":{"self":[{"href":"https:\/\/autogreece.eu\/fr\/wp-json\/wp\/v2\/pages\/9862","targetHints":{"allow":["GET"]}}],"collection":[{"href":"https:\/\/autogreece.eu\/fr\/wp-json\/wp\/v2\/pages"}],"about":[{"href":"https:\/\/autogreece.eu\/fr\/wp-json\/wp\/v2\/types\/page"}],"author":[{"embeddable":true,"href":"https:\/\/autogreece.eu\/fr\/wp-json\/wp\/v2\/users\/1"}],"replies":[{"embeddable":true,"href":"https:\/\/autogreece.eu\/fr\/wp-json\/wp\/v2\/comments?post=9862"}],"version-history":[{"count":3,"href":"https:\/\/autogreece.eu\/fr\/wp-json\/wp\/v2\/pages\/9862\/revisions"}],"predecessor-version":[{"id":9865,"href":"https:\/\/autogreece.eu\/fr\/wp-json\/wp\/v2\/pages\/9862\/revisions\/9865"}],"wp:attachment":[{"href":"https:\/\/autogreece.eu\/fr\/wp-json\/wp\/v2\/media?parent=9862"}],"curies":[{"name":"wp","href":"https:\/\/api.w.org\/{rel}","templated":true}]}}