{"id":8118,"date":"2023-02-04T18:46:29","date_gmt":"2023-02-04T16:46:29","guid":{"rendered":"https:\/\/autogreece.eu\/location-de-voitures-a-laeroport-de-thessalonique-skg-macedoine\/"},"modified":"2024-01-06T22:22:49","modified_gmt":"2024-01-06T20:22:49","slug":"location-de-voitures-a-laeroport-de-thessalonique-skg-macedoine","status":"publish","type":"page","link":"https:\/\/autogreece.eu\/fr\/location-de-voitures-a-laeroport-de-thessalonique-skg-macedoine\/","title":{"rendered":"Location de voitures \u00e0 l&rsquo;a\u00e9roport de Thessalonique SKG Mac\u00e9doine"},"content":{"rendered":"<div class=\"fusion-fullwidth fullwidth-box fusion-builder-row-1 fusion-flex-container has-pattern-background has-mask-background nonhundred-percent-fullwidth non-hundred-percent-height-scrolling\" style=\"--awb-border-radius-top-left:0px;--awb-border-radius-top-right:0px;--awb-border-radius-bottom-right:0px;--awb-border-radius-bottom-left:0px;--awb-padding-top:90px;--awb-flex-wrap:wrap;\" ><div class=\"fusion-builder-row fusion-row fusion-flex-align-items-center fusion-flex-justify-content-center fusion-flex-content-wrap\" style=\"max-width:1497.6px;margin-left: calc(-4% \/ 2 );margin-right: calc(-4% \/ 2 );\"><div class=\"fusion-layout-column fusion_builder_column fusion-builder-column-0 fusion_builder_column_5_6 5_6 fusion-flex-column fusion-flex-align-self-center\" style=\"--awb-bg-size:cover;--awb-width-large:83.333333333333%;--awb-margin-top-large:0px;--awb-spacing-right-large:2.304%;--awb-margin-bottom-large:20px;--awb-spacing-left-large:2.304%;--awb-width-medium:83.333333333333%;--awb-order-medium:0;--awb-spacing-right-medium:2.304%;--awb-spacing-left-medium:2.304%;--awb-width-small:100%;--awb-order-small:0;--awb-spacing-right-small:1.92%;--awb-spacing-left-small:1.92%;\"><div class=\"fusion-column-wrapper fusion-column-has-shadow fusion-flex-justify-content-center fusion-content-layout-column\"><div class=\"fusion-slider-sc\" style=\"margin-top:90px;\"><div class=\"fusion-flexslider-loading flexslider fusion-aligncenter flexslider-hover-type-none\" data-slideshow_autoplay=\"1\" data-slideshow_smooth_height=\"0\" data-slideshow_speed=\"3400\" style=\"max-width:100%;height:100%;\"><ul class=\"slides\"><li class=\"video\"><div class=\"full-video\"><div class=\"fusion-video fusion-youtube\" style=\"--awb-max-width:1280px;--awb-max-height:600px;--awb-align-self:center;--awb-width:100%;\" data-autoplay=\"1\"><div class=\"video-shortcode\"><div class=\"fluid-width-video-wrapper\" style=\"padding-top:46.88%;\" ><iframe title=\"YouTube video player 1\" src=\"https:\/\/www.youtube.com\/embed\/-vv9Q_iC7ao?wmode=transparent&autoplay=0\" width=\"1280\" height=\"600\" allowfullscreen allow=\"autoplay; clipboard-write; encrypted-media; gyroscope; picture-in-picture;\"><\/iframe><\/div><\/div><\/div><\/div><\/li><\/ul><\/div><\/div><div class=\"fusion-title title fusion-title-1 fusion-title-center fusion-title-text fusion-title-size-one\" style=\"--awb-margin-top-small:10px;--awb-margin-right-small:0px;--awb-margin-bottom-small:10px;--awb-margin-left-small:0px;\"><div class=\"title-sep-container title-sep-container-left\"><div class=\"title-sep sep-double sep-solid\" style=\"border-color:#e2e2e2;\"><\/div><\/div><span class=\"awb-title-spacer\"><\/span><h1 class=\"fusion-title-heading title-heading-center\" style=\"margin:0;\">Louer une voiture \u00e0 l&rsquo;a\u00e9roport SKG de Thessalonique<\/h1><span class=\"awb-title-spacer\"><\/span><div class=\"title-sep-container title-sep-container-right\"><div class=\"title-sep sep-double sep-solid\" style=\"border-color:#e2e2e2;\"><\/div><\/div><\/div><div class=\"fusion-text fusion-text-1\"><p style=\"text-align: left;\">[ez-toc]<\/p>\n<\/div><div class=\"fusion-text fusion-text-2\"><h1>Louer une voiture \u00e0 l&rsquo;a\u00e9roport de Thessalonique SKG de autoGReece<\/h1>\n<p>Vous planifiez un voyage \u00e0 Thessalonique et avez besoin d&rsquo;une voiture de location ? Tout ce que vous avez \u00e0 faire est de contacter autoGReece, une soci\u00e9t\u00e9 de location de voitures de premier plan situ\u00e9e \u00e0 <a href=\"https:\/\/el.wikipedia.org\/wiki\/%CE%91%CE%B5%CF%81%CE%BF%CE%B4%CF%81%CF%8C%CE%BC%CE%B9%CE%BF_%CE%98%CE%B5%CF%83%CF%83%CE%B1%CE%BB%CE%BF%CE%BD%CE%AF%CE%BA%CE%B7%CF%82_%C2%AB%CE%9C%CE%B1%CE%BA%CE%B5%CE%B4%CE%BF%CE%BD%CE%AF%CE%B1%C2%BB\" target=\"_blank\" rel=\"noopener\">l&rsquo;a\u00e9roport de Thessalonique<\/a>. Avec une <a href=\"https:\/\/autogreece.eu\/fr\/flotte-rent-a-car\/\">large gamme de v\u00e9hicules<\/a> \u00e0 choisir et un service client\u00e8le de premier ordre, autoGReece rend la location de voitures facile et sans stress.<\/p>\n<h2>Pourquoi choisir la location de voiture autoGReece SKG \u00e0 l&rsquo;a\u00e9roport de Thessalonique ?<\/h2>\n<p>autoGReece offre de nombreux avantages qui la distinguent des autres soci\u00e9t\u00e9s de location de voitures. Tout d&rsquo;abord, son emplacement pratique \u00e0 l&rsquo;a\u00e9roport permet aux voyageurs de prendre et de d\u00e9poser facilement leur v\u00e9hicule de location. En outre, <a href=\"https:\/\/autogreece.eu\/fr\/compagnie\/\">l&rsquo;entreprise<\/a> propose un large \u00e9ventail de v\u00e9hicules, dont des petites voitures \u00e9conomiques et des v\u00e9hicules plus grands et plus luxueux.<\/p>\n<h2>Un large \u00e9ventail de v\u00e9hicules \u00e0 choisir<\/h2>\n<p>Que vous voyagiez seul, en couple ou en groupe, autoGReece a un v\u00e9hicule qui r\u00e9pond \u00e0 vos besoins. Pour ceux qui veulent \u00e9conomiser sur les frais de carburant, l&rsquo;entreprise propose un choix de petites voitures efficaces, comme la Fiat Panda ou la Suzuki Swift. Pour ceux qui souhaitent un peu plus de confort, l&rsquo;entreprise propose des v\u00e9hicules tels que la Fiat Tipo Cross, la Toyota Corolla Sedan ou la Peugeot 3008.<\/p>\n<h2>Un service client\u00e8le in\u00e9gal\u00e9<\/h2>\n<p>Chez autoGReece, le client passe toujours en premier. Le personnel amical et comp\u00e9tent de l&rsquo;entreprise s&rsquo;efforce de fournir un excellent service \u00e0 la client\u00e8le et est toujours disponible pour r\u00e9pondre \u00e0 vos questions ou pr\u00e9occupations. Que vous ayez besoin d&rsquo;aide pour choisir le bon v\u00e9hicule ou que vous ayez besoin d&rsquo;assistance pendant le processus de location, le personnel d&rsquo;autoGReece est toujours l\u00e0 pour vous aider.<\/p>\n<h2>\u03a0\u03c1\u03bf\u03c3\u03b9\u03c4\u03ad\u03c2 \u03ba\u03b1\u03b9 \u03b5\u03c5\u03ad\u03bb\u03b9\u03ba\u03c4\u03b5\u03c2 \u03b5\u03c0\u03b9\u03bb\u03bf\u03b3\u03ad\u03c2 \u03c4\u03b9\u03bc\u03bf\u03bb\u03cc\u03b3\u03b7\u03c3\u03b7\u03c2<\/h2>\n<p>En plus d&rsquo;un service \u00e0 la client\u00e8le exceptionnel, autoGReece offre \u00e9galement des options de prix abordables et flexibles. L&rsquo;entreprise propose des tarifs de location journaliers, hebdomadaires et mensuels afin que vous puissiez choisir l&rsquo;option qui convient le mieux \u00e0 vos besoins et \u00e0 votre budget. Gr\u00e2ce \u00e0 une vari\u00e9t\u00e9 de forfaits et d&rsquo;extras disponibles, tels que des syst\u00e8mes de navigation GPS et une couverture d&rsquo;assurance suppl\u00e9mentaire, vous pouvez adapter votre location \u00e0 vos besoins.<\/p>\n<h2>R\u00e9servation en ligne facile et pratique<\/h2>\n<p>R\u00e9server une voiture de location avec autoGReece est facile et pratique. Le site web de la soci\u00e9t\u00e9 offre un syst\u00e8me de r\u00e9servation intuitif et convivial, qui vous permet de <a href=\"https:\/\/autogreece.eu\/fr\/reservation-autogrece\/\">s\u00e9lectionner le v\u00e9hicule<\/a> que vous souhaitez, de choisir vos dates de location et d&rsquo;effectuer votre r\u00e9servation en quelques clics seulement. Et gr\u00e2ce \u00e0 l&rsquo;assistance \u00e0 la client\u00e8le disponible 24 heures sur 24, 7 jours sur 7, vous pouvez r\u00e9server votre voiture de location en toute confiance, en sachant qu&rsquo;il suffit d&rsquo;un coup de fil pour obtenir de l&rsquo;aide.<\/p>\n<h2>La confiance avec autoGReece<\/h2>\n<p>Chez autoGReece, l&rsquo;entreprise se consacre \u00e0 offrir \u00e0 ses clients une exp\u00e9rience de location s\u00fbre et sans stress. Tous les v\u00e9hicules de l&rsquo;entreprise sont bien entretenus et font l&rsquo;objet de r\u00e9visions r\u00e9guli\u00e8res, ce qui permet de les maintenir en excellent \u00e9tat. Et avec une vari\u00e9t\u00e9 d&rsquo;options d&rsquo;assurance disponibles, vous pouvez \u00eatre tranquille en sachant que vous et votre v\u00e9hicule \u00eates prot\u00e9g\u00e9s.<\/p>\n<p>En conclusion, si vous recherchez une option de location de voiture pratique, abordable et fiable \u00e0 Thessalonique, ne cherchez pas plus loin qu&rsquo;autoGReece. Avec une large gamme de v\u00e9hicules \u00e0 choisir, un service client de premier ordre et des options de prix flexibles, autoGReece rend la location de voiture \u00e0 l&rsquo;a\u00e9roport de skg facile et sans stress. R\u00e9servez votre voiture de location aujourd&rsquo;hui et commencez \u00e0 explorer Thessalonique et tout ce qu&rsquo;elle a \u00e0 offrir.<\/p>\n<\/div><\/div><\/div><\/div><\/div>\n","protected":false},"excerpt":{"rendered":"","protected":false},"author":1,"featured_media":0,"parent":0,"menu_order":0,"comment_status":"closed","ping_status":"closed","template":"100-width.php","meta":{"footnotes":""},"class_list":["post-8118","page","type-page","status-publish","hentry"],"_links":{"self":[{"href":"https:\/\/autogreece.eu\/fr\/wp-json\/wp\/v2\/pages\/8118","targetHints":{"allow":["GET"]}}],"collection":[{"href":"https:\/\/autogreece.eu\/fr\/wp-json\/wp\/v2\/pages"}],"about":[{"href":"https:\/\/autogreece.eu\/fr\/wp-json\/wp\/v2\/types\/page"}],"author":[{"embeddable":true,"href":"https:\/\/autogreece.eu\/fr\/wp-json\/wp\/v2\/users\/1"}],"replies":[{"embeddable":true,"href":"https:\/\/autogreece.eu\/fr\/wp-json\/wp\/v2\/comments?post=8118"}],"version-history":[{"count":3,"href":"https:\/\/autogreece.eu\/fr\/wp-json\/wp\/v2\/pages\/8118\/revisions"}],"predecessor-version":[{"id":8356,"href":"https:\/\/autogreece.eu\/fr\/wp-json\/wp\/v2\/pages\/8118\/revisions\/8356"}],"wp:attachment":[{"href":"https:\/\/autogreece.eu\/fr\/wp-json\/wp\/v2\/media?parent=8118"}],"curies":[{"name":"wp","href":"https:\/\/api.w.org\/{rel}","templated":true}]}}