{"id":7131,"date":"2022-06-19T23:16:10","date_gmt":"2022-06-19T20:16:10","guid":{"rendered":"https:\/\/autogreece.eu\/compagnie\/"},"modified":"2025-03-08T19:14:37","modified_gmt":"2025-03-08T17:14:37","slug":"compagnie","status":"publish","type":"page","link":"https:\/\/autogreece.eu\/fr\/compagnie\/","title":{"rendered":"Compagnie"},"content":{"rendered":"<p><div class=\"fusion-fullwidth fullwidth-box fusion-builder-row-1 fusion-flex-container has-pattern-background has-mask-background hundred-percent-fullwidth non-hundred-percent-height-scrolling\" style=\"--awb-border-radius-top-left:0px;--awb-border-radius-top-right:0px;--awb-border-radius-bottom-right:0px;--awb-border-radius-bottom-left:0px;--awb-margin-top:105px;--awb-margin-top-small:1px;--awb-flex-wrap:wrap;\" ><div class=\"fusion-builder-row fusion-row fusion-flex-align-items-flex-start fusion-flex-content-wrap\" style=\"width:104% !important;max-width:104% !important;margin-left: calc(-4% \/ 2 );margin-right: calc(-4% \/ 2 );\"><div class=\"fusion-layout-column fusion_builder_column fusion-builder-column-0 fusion_builder_column_1_1 1_1 fusion-flex-column\" style=\"--awb-bg-size:cover;--awb-width-large:100%;--awb-margin-top-large:0px;--awb-spacing-right-large:1.92%;--awb-margin-bottom-large:20px;--awb-spacing-left-large:1.92%;--awb-width-medium:100%;--awb-order-medium:0;--awb-spacing-right-medium:1.92%;--awb-spacing-left-medium:1.92%;--awb-width-small:100%;--awb-order-small:0;--awb-spacing-right-small:1.92%;--awb-spacing-left-small:1.92%;\" data-scroll-devices=\"small-visibility,medium-visibility,large-visibility\"><div class=\"fusion-column-wrapper fusion-column-has-shadow fusion-flex-justify-content-flex-start fusion-content-layout-column\"><div class=\"fusion-image-element \" style=\"text-align:center;--awb-caption-title-font-family:var(--h2_typography-font-family);--awb-caption-title-font-weight:var(--h2_typography-font-weight);--awb-caption-title-font-style:var(--h2_typography-font-style);--awb-caption-title-size:var(--h2_typography-font-size);--awb-caption-title-transform:var(--h2_typography-text-transform);--awb-caption-title-line-height:var(--h2_typography-line-height);--awb-caption-title-letter-spacing:var(--h2_typography-letter-spacing);\"><span class=\" fusion-imageframe imageframe-glow imageframe-1 hover-type-none\" style=\"-webkit-box-shadow: 0 0 3px rgba(0,0,0,0.3);box-shadow: 0 0 3px rgba(0,0,0,0.3);\"><img decoding=\"async\" width=\"1920\" height=\"500\" alt=\"autogreece profile\" src=\"https:\/\/autogreece.eu\/wp-content\/uploads\/2022\/06\/autogreece-profile.webp\" data-orig-src=\"https:\/\/autogreece.eu\/wp-content\/uploads\/2022\/06\/autogreece-profile.webp\" class=\"lazyload img-responsive wp-image-195\" srcset=\"data:image\/svg+xml,%3Csvg%20xmlns%3D%27http%3A%2F%2Fwww.w3.org%2F2000%2Fsvg%27%20width%3D%271920%27%20height%3D%27500%27%20viewBox%3D%270%200%201920%20500%27%3E%3Crect%20width%3D%271920%27%20height%3D%27500%27%20fill-opacity%3D%220%22%2F%3E%3C%2Fsvg%3E\" data-srcset=\"https:\/\/autogreece.eu\/wp-content\/uploads\/2022\/06\/autogreece-profile-200x52.webp 200w, https:\/\/autogreece.eu\/wp-content\/uploads\/2022\/06\/autogreece-profile-400x104.webp 400w, https:\/\/autogreece.eu\/wp-content\/uploads\/2022\/06\/autogreece-profile-600x156.webp 600w, https:\/\/autogreece.eu\/wp-content\/uploads\/2022\/06\/autogreece-profile-800x208.webp 800w, https:\/\/autogreece.eu\/wp-content\/uploads\/2022\/06\/autogreece-profile-1200x313.webp 1200w, https:\/\/autogreece.eu\/wp-content\/uploads\/2022\/06\/autogreece-profile.webp 1920w\" data-sizes=\"auto\" data-orig-sizes=\"(max-width: 640px) 100vw, 1920px\" \/><\/span><\/div><\/div><\/div><\/div><\/div><div class=\"fusion-fullwidth fullwidth-box fusion-builder-row-2 fusion-flex-container nonhundred-percent-fullwidth non-hundred-percent-height-scrolling\" style=\"--awb-border-radius-top-left:0px;--awb-border-radius-top-right:0px;--awb-border-radius-bottom-right:0px;--awb-border-radius-bottom-left:0px;--awb-flex-wrap:wrap;\" ><div class=\"fusion-builder-row fusion-row fusion-flex-align-items-flex-start fusion-flex-content-wrap\" style=\"max-width:1497.6px;margin-left: calc(-4% \/ 2 );margin-right: calc(-4% \/ 2 );\"><div class=\"fusion-layout-column fusion_builder_column fusion-builder-column-1 fusion_builder_column_1_1 1_1 fusion-flex-column\" style=\"--awb-bg-size:cover;--awb-width-large:100%;--awb-margin-top-large:52px;--awb-spacing-right-large:1.92%;--awb-margin-bottom-large:20px;--awb-spacing-left-large:1.92%;--awb-width-medium:100%;--awb-order-medium:0;--awb-spacing-right-medium:1.92%;--awb-spacing-left-medium:1.92%;--awb-width-small:100%;--awb-order-small:0;--awb-spacing-right-small:1.92%;--awb-spacing-left-small:1.92%;\"><div class=\"fusion-column-wrapper fusion-column-has-shadow fusion-flex-justify-content-flex-start fusion-content-layout-column\"><div class=\"fusion-text fusion-text-1\" style=\"--awb-font-size:16px;\"><h2 style=\"text-align: center;\"><span style=\"color: #ff0000;\">Profil de l&rsquo;entreprise<\/span><\/h2>\n<h2 style=\"text-align: center;\"><span style=\"color: #ff0000;\">Bienvenue \u00e0 autoGReece location de voitures Thessalonique<\/span><\/h2>\n<div class=\"fusion-separator fusion-has-icon fusion-full-width-sep\" style=\"align-self: center;margin-left: auto;margin-right: auto;margin-top:10px;width:100%;\"><div class=\"fusion-separator-border sep-shadow\" style=\"--awb-height:20px;--awb-amount:20px;--awb-sep-color:#c6c6c6;background:radial-gradient(ellipse at 50% -50% , #c6c6c6 0px, rgba(255, 255, 255, 0) 80%) repeat scroll 0 0 rgba(0, 0, 0, 0);background:-webkit-radial-gradient(ellipse at 50% -50% , #c6c6c6 0px, rgba(255, 255, 255, 0) 80%) repeat scroll 0 0 rgba(0, 0, 0, 0);background:-moz-radial-gradient(ellipse at 50% -50% , #c6c6c6 0px, rgba(255, 255, 255, 0) 80%) repeat scroll 0 0 rgba(0, 0, 0, 0);background:-o-radial-gradient(ellipse at 50% -50% , #c6c6c6 0px, rgba(255, 255, 255, 0) 80%) repeat scroll 0 0 rgba(0, 0, 0, 0);\"><\/div><span class=\"icon-wrapper\" style=\"border-color:#c6c6c6;background-color:rgba(255,255,255,0);font-size:16px;width: 1.75em; height: 1.75em;border-width:1px;padding:1px;\"><i class=\"fa-car fas\" style=\"font-size: inherit;color:#e2e2e2;\" aria-hidden=\"true\"><\/i><\/span><div class=\"fusion-separator-border sep-shadow\" style=\"--awb-height:20px;--awb-amount:20px;--awb-sep-color:#c6c6c6;background:radial-gradient(ellipse at 50% -50% , #c6c6c6 0px, rgba(255, 255, 255, 0) 80%) repeat scroll 0 0 rgba(0, 0, 0, 0);background:-webkit-radial-gradient(ellipse at 50% -50% , #c6c6c6 0px, rgba(255, 255, 255, 0) 80%) repeat scroll 0 0 rgba(0, 0, 0, 0);background:-moz-radial-gradient(ellipse at 50% -50% , #c6c6c6 0px, rgba(255, 255, 255, 0) 80%) repeat scroll 0 0 rgba(0, 0, 0, 0);background:-o-radial-gradient(ellipse at 50% -50% , #c6c6c6 0px, rgba(255, 255, 255, 0) 80%) repeat scroll 0 0 rgba(0, 0, 0, 0);\"><\/div><\/div>\n<div class=\"flex max-w-full flex-col flex-grow\">\n<div class=\"min-h-8 text-message flex w-full flex-col items-end gap-2 whitespace-normal break-words &#091;.text-message+&amp;&#093;:mt-5\" dir=\"auto\" data-message-author-role=\"assistant\" data-message-id=\"d0fd01c5-0328-4e95-b2d6-422441d8375e\" data-message-model-slug=\"gpt-4o\">\n<div class=\"flex w-full flex-col gap-1 empty:hidden first:pt-&#091;3px&#093;\">\n<div class=\"markdown prose w-full break-words dark:prose-invert light\">\n<p>autoGReece Car Rental <a href=\"https:\/\/maps.app.goo.gl\/orqev7y2GRWQxesg6\" target=\"_blank\" rel=\"noopener\">Thessalonique<\/a> est l&rsquo;un des meilleurs choix pour la location de voitures en Gr\u00e8ce, offrant des solutions de mobilit\u00e9 fiables, abordables et flexibles dans tout le pays, ainsi qu&rsquo;un profil professionnel. Ax\u00e9e sur le service client et la satisfaction, autoGReece location de voitures Thessalonique se distingue \u00e0 la fois par la qualit\u00e9 de ses services et par la vari\u00e9t\u00e9 de ses v\u00e9hicules disponibles. Le profil de l&rsquo;entreprise repose sur les valeurs de fiabilit\u00e9, de professionnalisme et d&rsquo;engagement \u00e0 offrir une exp\u00e9rience de location exceptionnelle, r\u00e9pondant \u00e0 chaque besoin et attente.<\/p>\n<h3 style=\"text-align: center;\"><span style=\"color: #ff0000;\"><strong>Exp\u00e9rience et Confiance<\/strong><\/span><\/h3>\n<p>autoGReece Car Rental <a href=\"https:\/\/maps.app.goo.gl\/orqev7y2GRWQxesg6\" target=\"_blank\" rel=\"noopener\">Thessalonique<\/a> a \u00e9t\u00e9 fond\u00e9e dans le but d&rsquo;offrir des services qui rendent la location de voitures simple, s\u00fbre et abordable. Avec plusieurs ann\u00e9es d&rsquo;exp\u00e9rience sur le march\u00e9 grec, l&rsquo;entreprise a acquis une solide r\u00e9putation gr\u00e2ce \u00e0 son engagement envers ses clients et \u00e0 l&rsquo;am\u00e9lioration continue de ses services. La confiance est un \u00e9l\u00e9ment fondamental du profil de autoGReece, ce qui fait de l&rsquo;entreprise un partenaire fiable pour des milliers de visiteurs et de touristes chaque ann\u00e9e. De nombreux clients choisissent autoGReece Car Rental encore et encore, sachant que l&rsquo;entreprise offre une coh\u00e9rence et un service de qualit\u00e9.<\/p>\n<h3 style=\"text-align: center;\"><span style=\"color: #ff0000;\"><strong>Vari\u00e9t\u00e9 de v\u00e9hicules pour chaque besoin<\/strong><\/span><\/h3>\n<p>autoGReece propose une large gamme de v\u00e9hicules qui r\u00e9pond \u00e0 tous les besoins. Des petites voitures \u00e9conomiques id\u00e9ales pour la ville aux SUV de luxe et confortables pour des trajets aventureux, autoGReece dispose de v\u00e9hicules en excellent \u00e9tat qui respectent les normes de s\u00e9curit\u00e9 les plus strictes. L&rsquo;objectif de l&rsquo;entreprise est d&rsquo;offrir \u00e0 ses clients la libert\u00e9 de choix afin qu&rsquo;ils puissent trouver le v\u00e9hicule adapt\u00e9 \u00e0 leurs besoins, que ce soit pour un voyage d&rsquo;affaires, des vacances en famille ou pour explorer des r\u00e9gions recul\u00e9es de la Gr\u00e8ce.<\/p>\n<h3 style=\"text-align: center;\"><span style=\"color: #ff0000;\"><strong>Facilit\u00e9 et confort des r\u00e9servations<\/strong><\/span><\/h3>\n<p>Un des \u00e9l\u00e9ments cl\u00e9s qui caract\u00e9rise le profil de autoGReece Car Rental est la facilit\u00e9 de r\u00e9servation de votre voiture de location. Gr\u00e2ce \u00e0 la plateforme de l&rsquo;entreprise, les clients peuvent r\u00e9server rapidement et facilement, en consultant toutes les options disponibles, les conditions et les prix. L&rsquo;absence de frais cach\u00e9s et une politique de paiement claire renforcent la fiabilit\u00e9 de autoGReece et offrent aux clients la confiance n\u00e9cessaire pour proc\u00e9der \u00e0 leur r\u00e9servation. De plus, l&rsquo;entreprise propose des r\u00e9ductions sp\u00e9ciales et des offres, rendant la location encore plus abordable.<\/p>\n<h3 style=\"text-align: center;\"><span style=\"color: #ff0000;\"><strong>Service client et approche personnalis\u00e9e<\/strong><\/span><\/h3>\n<p>autoGReece location de voitures s&rsquo;engage \u00e0 offrir un service client de qualit\u00e9, avec une \u00e9quipe sp\u00e9cialis\u00e9e toujours pr\u00eate \u00e0 r\u00e9pondre \u00e0 toutes les questions et \u00e0 fournir le soutien n\u00e9cessaire. L&rsquo;\u00e9quipe de autoGReece location de voitures <a href=\"https:\/\/maps.app.goo.gl\/orqev7y2GRWQxesg6\" target=\"_blank\" rel=\"noopener\">Thessalonique<\/a> est disponible 24h\/24 et 7j\/7 pour garantir que les clients auront une exp\u00e9rience de location sans faille, en traitant tout probl\u00e8me \u00e9ventuel avec professionnalisme et r\u00e9activit\u00e9. L&rsquo;approche personnalis\u00e9e qui caract\u00e9rise l&rsquo;entreprise est un \u00e9l\u00e9ment important de son profil et contribue \u00e0 d\u00e9velopper des relations de confiance avec ses clients.<\/p>\n<h3 style=\"text-align: center;\"><span style=\"color: #ff0000;\"><strong>Engagement envers la qualit\u00e9 et la s\u00e9curit\u00e9<\/strong><\/span><\/h3>\n<p>La s\u00e9curit\u00e9 et la qualit\u00e9 des v\u00e9hicules sont des priorit\u00e9s absolues pour autoGReece location de voitures. Chaque v\u00e9hicule subit un contr\u00f4le strict et un entretien r\u00e9gulier afin de garantir la s\u00e9curit\u00e9 des d\u00e9placements des clients. L&rsquo;entreprise collabore avec les meilleures compagnies d&rsquo;assurance, offrant des forfaits d&rsquo;assurance complets pour une couverture maximale et une tranquillit\u00e9 d&rsquo;esprit. Cet engagement envers la qualit\u00e9 et la s\u00e9curit\u00e9 est l&rsquo;une des raisons pour lesquelles les clients font confiance \u00e0 AutoGreece pour leurs d\u00e9placements en Gr\u00e8ce.<\/p>\n<h3 style=\"text-align: center;\"><span style=\"color: #ff0000;\"><strong>autoGReece comme votre choix<\/strong><\/span><\/h3>\n<p>Le profil de autoGReece Car Rental refl\u00e8te une entreprise qui place le client au centre de ses pr\u00e9occupations. Avec un engagement envers le service, la transparence et un d\u00e9vouement \u00e0 la qualit\u00e9, autoGReece continue de gagner la confiance de ses clients et de r\u00e9pondre \u00e0 leurs attentes les plus \u00e9lev\u00e9es. Que vous recherchiez une voiture fiable et confortable pour explorer la beaut\u00e9 de la Gr\u00e8ce ou une solution professionnelle pour votre voyage, <a href=\"https:\/\/autogreece.eu\/\">autoGReece<\/a> Car Rental est le choix id\u00e9al pour vous.<\/p>\n<\/div>\n<\/div>\n<\/div>\n<\/div>\n<\/div><\/div><\/div><\/div><\/div><div class=\"fusion-fullwidth fullwidth-box fusion-builder-row-3 fusion-flex-container nonhundred-percent-fullwidth non-hundred-percent-height-scrolling\" style=\"--awb-border-radius-top-left:0px;--awb-border-radius-top-right:0px;--awb-border-radius-bottom-right:0px;--awb-border-radius-bottom-left:0px;--awb-flex-wrap:wrap;\" ><div class=\"fusion-builder-row fusion-row fusion-flex-align-items-flex-start fusion-flex-content-wrap\" style=\"max-width:1497.6px;margin-left: calc(-4% \/ 2 );margin-right: calc(-4% \/ 2 );\"><div class=\"fusion-layout-column fusion_builder_column fusion-builder-column-2 fusion_builder_column_1_1 1_1 fusion-flex-column\" style=\"--awb-padding-top:43px;--awb-bg-size:cover;--awb-width-large:100%;--awb-margin-top-large:0px;--awb-spacing-right-large:1.92%;--awb-margin-bottom-large:20px;--awb-spacing-left-large:1.92%;--awb-width-medium:100%;--awb-order-medium:0;--awb-spacing-right-medium:1.92%;--awb-spacing-left-medium:1.92%;--awb-width-small:100%;--awb-order-small:0;--awb-spacing-right-small:1.92%;--awb-spacing-left-small:1.92%;\"><div class=\"fusion-column-wrapper fusion-column-has-shadow fusion-flex-justify-content-flex-start fusion-content-layout-column\"><div class=\"fusion-text fusion-text-2\"><h2 lang=\"fr\" style=\"text-align: center;\">autoGReece : Location de Voitures \u00e0 Thessalonique<\/h2>\n<h2 lang=\"fr\" style=\"text-align: center;\"><span style=\"color: #f44336;\">La soci\u00e9t\u00e9 de location de voitures la plus fiable \u00e0 Thessalonique.<\/span><\/h2>\n<div class=\"fusion-separator fusion-has-icon fusion-full-width-sep\" style=\"align-self: center;margin-left: auto;margin-right: auto;margin-top:10px;width:100%;\"><div class=\"fusion-separator-border sep-shadow\" style=\"--awb-height:20px;--awb-amount:20px;background:radial-gradient(ellipse at 50% -50% , #e2e2e2 0px, rgba(255, 255, 255, 0) 80%) repeat scroll 0 0 rgba(0, 0, 0, 0);background:-webkit-radial-gradient(ellipse at 50% -50% , #e2e2e2 0px, rgba(255, 255, 255, 0) 80%) repeat scroll 0 0 rgba(0, 0, 0, 0);background:-moz-radial-gradient(ellipse at 50% -50% , #e2e2e2 0px, rgba(255, 255, 255, 0) 80%) repeat scroll 0 0 rgba(0, 0, 0, 0);background:-o-radial-gradient(ellipse at 50% -50% , #e2e2e2 0px, rgba(255, 255, 255, 0) 80%) repeat scroll 0 0 rgba(0, 0, 0, 0);\"><\/div><span class=\"icon-wrapper\" style=\"border-color:#e2e2e2;background-color:rgba(255,255,255,0);font-size:16px;width: 1.75em; height: 1.75em;border-width:1px;padding:1px;\"><i class=\"fa-car-alt fas\" style=\"font-size: inherit;color:#e2e2e2;\" aria-hidden=\"true\"><\/i><\/span><div class=\"fusion-separator-border sep-shadow\" style=\"--awb-height:20px;--awb-amount:20px;background:radial-gradient(ellipse at 50% -50% , #e2e2e2 0px, rgba(255, 255, 255, 0) 80%) repeat scroll 0 0 rgba(0, 0, 0, 0);background:-webkit-radial-gradient(ellipse at 50% -50% , #e2e2e2 0px, rgba(255, 255, 255, 0) 80%) repeat scroll 0 0 rgba(0, 0, 0, 0);background:-moz-radial-gradient(ellipse at 50% -50% , #e2e2e2 0px, rgba(255, 255, 255, 0) 80%) repeat scroll 0 0 rgba(0, 0, 0, 0);background:-o-radial-gradient(ellipse at 50% -50% , #e2e2e2 0px, rgba(255, 255, 255, 0) 80%) repeat scroll 0 0 rgba(0, 0, 0, 0);\"><\/div><\/div>\n<h1 style=\"text-align: center;\">R\u00e9servations T\u00e9l\u00e9phoniques : +30 2310 254031<\/h1>\n<\/div><\/div><\/div><\/div><\/div><\/p>\n","protected":false},"excerpt":{"rendered":"","protected":false},"author":1,"featured_media":0,"parent":0,"menu_order":0,"comment_status":"closed","ping_status":"closed","template":"100-width.php","meta":{"footnotes":""},"class_list":["post-7131","page","type-page","status-publish","hentry"],"_links":{"self":[{"href":"https:\/\/autogreece.eu\/fr\/wp-json\/wp\/v2\/pages\/7131","targetHints":{"allow":["GET"]}}],"collection":[{"href":"https:\/\/autogreece.eu\/fr\/wp-json\/wp\/v2\/pages"}],"about":[{"href":"https:\/\/autogreece.eu\/fr\/wp-json\/wp\/v2\/types\/page"}],"author":[{"embeddable":true,"href":"https:\/\/autogreece.eu\/fr\/wp-json\/wp\/v2\/users\/1"}],"replies":[{"embeddable":true,"href":"https:\/\/autogreece.eu\/fr\/wp-json\/wp\/v2\/comments?post=7131"}],"version-history":[{"count":3,"href":"https:\/\/autogreece.eu\/fr\/wp-json\/wp\/v2\/pages\/7131\/revisions"}],"predecessor-version":[{"id":10285,"href":"https:\/\/autogreece.eu\/fr\/wp-json\/wp\/v2\/pages\/7131\/revisions\/10285"}],"wp:attachment":[{"href":"https:\/\/autogreece.eu\/fr\/wp-json\/wp\/v2\/media?parent=7131"}],"curies":[{"name":"wp","href":"https:\/\/api.w.org\/{rel}","templated":true}]}}