{"id":392,"date":"2022-06-21T09:20:24","date_gmt":"2022-06-21T06:20:24","guid":{"rendered":"https:\/\/autogreece.eu\/%ce%bf%cf%81%ce%bf%ce%b9-%ce%b5%ce%bd%ce%bf%ce%b9%ce%ba%ce%b9%ce%b1%cf%83%ce%b7%cf%83\/"},"modified":"2024-08-01T18:26:36","modified_gmt":"2024-08-01T15:26:36","slug":"%ce%bf%cf%81%ce%bf%ce%b9-%ce%b5%ce%bd%ce%bf%ce%b9%ce%ba%ce%b9%ce%b1%cf%83%ce%b7%cf%83","status":"publish","type":"page","link":"https:\/\/autogreece.eu\/fr\/%ce%bf%cf%81%ce%bf%ce%b9-%ce%b5%ce%bd%ce%bf%ce%b9%ce%ba%ce%b9%ce%b1%cf%83%ce%b7%cf%83\/","title":{"rendered":"Conditions de location"},"content":{"rendered":"<p><div class=\"fusion-fullwidth fullwidth-box fusion-builder-row-1 fusion-flex-container nonhundred-percent-fullwidth non-hundred-percent-height-scrolling\" style=\"--awb-border-radius-top-left:0px;--awb-border-radius-top-right:0px;--awb-border-radius-bottom-right:0px;--awb-border-radius-bottom-left:0px;--awb-flex-wrap:wrap;\" ><div class=\"fusion-builder-row fusion-row fusion-flex-align-items-flex-start fusion-flex-content-wrap\" style=\"max-width:1497.6px;margin-left: calc(-4% \/ 2 );margin-right: calc(-4% \/ 2 );\"><div class=\"fusion-layout-column fusion_builder_column fusion-builder-column-0 fusion_builder_column_1_1 1_1 fusion-flex-column\" style=\"--awb-bg-size:cover;--awb-width-large:100%;--awb-margin-top-large:0px;--awb-spacing-right-large:1.92%;--awb-margin-bottom-large:20px;--awb-spacing-left-large:1.92%;--awb-width-medium:100%;--awb-order-medium:0;--awb-spacing-right-medium:1.92%;--awb-spacing-left-medium:1.92%;--awb-width-small:100%;--awb-order-small:0;--awb-spacing-right-small:1.92%;--awb-spacing-left-small:1.92%;\"><div class=\"fusion-column-wrapper fusion-column-has-shadow fusion-flex-justify-content-flex-start fusion-content-layout-column\"><div class=\"fusion-image-element \" style=\"--awb-caption-title-font-family:var(--h2_typography-font-family);--awb-caption-title-font-weight:var(--h2_typography-font-weight);--awb-caption-title-font-style:var(--h2_typography-font-style);--awb-caption-title-size:var(--h2_typography-font-size);--awb-caption-title-transform:var(--h2_typography-text-transform);--awb-caption-title-line-height:var(--h2_typography-line-height);--awb-caption-title-letter-spacing:var(--h2_typography-letter-spacing);\"><span class=\" fusion-imageframe imageframe-none imageframe-1 hover-type-none\"><img decoding=\"async\" width=\"1920\" height=\"500\" alt=\"terms-conditions-1\" title=\"terms-conditions-1\" src=\"https:\/\/autogreece.eu\/wp-content\/uploads\/2022\/06\/terms-conditions-1.webp\" data-orig-src=\"https:\/\/autogreece.eu\/wp-content\/uploads\/2022\/06\/terms-conditions-1.webp\" class=\"lazyload img-responsive wp-image-263\" srcset=\"data:image\/svg+xml,%3Csvg%20xmlns%3D%27http%3A%2F%2Fwww.w3.org%2F2000%2Fsvg%27%20width%3D%271920%27%20height%3D%27500%27%20viewBox%3D%270%200%201920%20500%27%3E%3Crect%20width%3D%271920%27%20height%3D%27500%27%20fill-opacity%3D%220%22%2F%3E%3C%2Fsvg%3E\" data-srcset=\"https:\/\/autogreece.eu\/wp-content\/uploads\/2022\/06\/terms-conditions-1-200x52.webp 200w, https:\/\/autogreece.eu\/wp-content\/uploads\/2022\/06\/terms-conditions-1-400x104.webp 400w, https:\/\/autogreece.eu\/wp-content\/uploads\/2022\/06\/terms-conditions-1-600x156.webp 600w, https:\/\/autogreece.eu\/wp-content\/uploads\/2022\/06\/terms-conditions-1-800x208.webp 800w, https:\/\/autogreece.eu\/wp-content\/uploads\/2022\/06\/terms-conditions-1-1200x313.webp 1200w, https:\/\/autogreece.eu\/wp-content\/uploads\/2022\/06\/terms-conditions-1.webp 1920w\" data-sizes=\"auto\" data-orig-sizes=\"(max-width: 640px) 100vw, 1920px\" \/><\/span><\/div><\/div><\/div><\/div><\/div><div class=\"fusion-fullwidth fullwidth-box fusion-builder-row-2 fusion-flex-container nonhundred-percent-fullwidth non-hundred-percent-height-scrolling\" style=\"--awb-border-radius-top-left:0px;--awb-border-radius-top-right:0px;--awb-border-radius-bottom-right:0px;--awb-border-radius-bottom-left:0px;--awb-flex-wrap:wrap;\" ><div class=\"fusion-builder-row fusion-row fusion-flex-align-items-flex-start fusion-flex-content-wrap\" style=\"max-width:1497.6px;margin-left: calc(-4% \/ 2 );margin-right: calc(-4% \/ 2 );\"><div class=\"fusion-layout-column fusion_builder_column fusion-builder-column-1 fusion_builder_column_1_1 1_1 fusion-flex-column\" style=\"--awb-bg-size:cover;--awb-width-large:100%;--awb-margin-top-large:0px;--awb-spacing-right-large:1.92%;--awb-margin-bottom-large:0px;--awb-spacing-left-large:1.92%;--awb-width-medium:100%;--awb-spacing-right-medium:1.92%;--awb-spacing-left-medium:1.92%;--awb-width-small:100%;--awb-spacing-right-small:1.92%;--awb-spacing-left-small:1.92%;\"><div class=\"fusion-column-wrapper fusion-flex-justify-content-flex-start fusion-content-layout-column\"><div class=\"fusion-text fusion-text-1\"><p>CONDITIONS G\u00c9N\u00c9RALES<\/p>\n<ol>\n<li>Vous pouvez payer la location de voiture en esp\u00e8ces, par cr\u00e9dit ou par d\u00e9bit. Le paiement par carte bancaire est obligatoire pour la garantie du v\u00e9hicule. 300 \u20ac Cat\u00e9gorie Petite, 400 \u20ac Cat\u00e9gorie Moyenne, 600 \u20ac Cat\u00e9gorie Famille, 1 200 \u20ac SUV\/JEEP.<\/li>\n<li>Le conducteur doit \u00eatre <strong>\u00e2g\u00e9 d&rsquo;au moins 23 ans<\/strong> et \u00eatre titulaire d&rsquo;un <strong>permis de conduire depuis au moins 12 mois.<\/strong><\/li>\n<li><strong>Un permis de conduire international<\/strong> est exig\u00e9 par la loi si le conducteur est titulaire d&rsquo;un permis de conduire d\u00e9livr\u00e9 <strong>par un pays hors de l&rsquo;UE.<\/strong><\/li>\n<li>La dur\u00e9e minimale de location est de 1 jour, calcul\u00e9e sur un syst\u00e8me de 24 heures (heure de retour \u00e9quivalente \u00e0 l&rsquo;heure de livraison le jour du d\u00e9part). <strong>Le loyer est payable d&rsquo;avance et la garantie automobile.<\/strong><\/li>\n<li>Le locataire est tenu de restituer le v\u00e9hicule lou\u00e9 \u00e0 un repr\u00e9sentant de la soci\u00e9t\u00e9 \u00e0 la date, \u00e0 l&rsquo;heure (max. +30 minutes) et au lieu indiqu\u00e9s dans le contrat de location. Toute modification (prolongation ou r\u00e9duction) n\u00e9cessite l&rsquo;accord \u00e9crit du bailleur. Les retours ou les retards au-del\u00e0 de 30 minutes de l&rsquo;heure indiqu\u00e9e seront factur\u00e9s comme une journ\u00e9e suppl\u00e9mentaire.<\/li>\n<li>Le carburant est \u00e0 la charge du locataire. La quantit\u00e9 de carburant au retour doit \u00eatre \u00e9quivalente \u00e0 celle de la livraison, sinon il y a des frais pour le carburant consomm\u00e9 et un suppl\u00e9ment de 10,00 \u20ac pour le service de remplissage plus la TVA sur le total. <strong>Aucun remboursement ne sera effectu\u00e9 pour le carburant non utilis\u00e9.<\/strong><\/li>\n<li>Le locataire est responsable, \u00e0 partir de la r\u00e9ception du v\u00e9hicule et jusqu&rsquo;\u00e0 sa restitution et sa remise \u00e0 un repr\u00e9sentant de la soci\u00e9t\u00e9, des contraventions, violations, stationnements illicites et p\u00e9nalit\u00e9s administratives qui lui sont impos\u00e9s pendant la location et qu&rsquo;il est tenu de payer et de remettre un acte de paiement ou un re\u00e7u, sous peine de se voir facturer le montant de l&rsquo;infraction plus les frais administratifs 15,00\u20ac plus TVA. La TVA sur le total, sera effectu\u00e9e par le loueur soit apr\u00e8s la d\u00e9claration de l&rsquo;infraction par lui au moment de la livraison du v\u00e9hicule, soit apr\u00e8s notification par les autorit\u00e9s de police ou municipales \u00e0 un moment ult\u00e9rieur et sans limitation de temps pour ces frais.<\/li>\n<li>Le locataire doit inspecter le v\u00e9hicule avec un repr\u00e9sentant de la soci\u00e9t\u00e9 avant chaque utilisation et le prot\u00e9ger de tout risque, signaler les dommages constat\u00e9s dans le tableau des dommages au recto et restituer le v\u00e9hicule dans un \u00e9tat identique.<\/li>\n<li>L&rsquo;assurance comprise dans le prix de la location couvre : la responsabilit\u00e9 civile pour les dommages corporels et mat\u00e9riels des tiers.<\/li>\n<li>Si le locataire est impliqu\u00e9 dans un accident ou si des dommages sont caus\u00e9s au v\u00e9hicule par sa faute ou \u00e0 son insu et ind\u00e9pendamment de toute couverture d&rsquo;assurance, il doit imm\u00e9diatement informer la police de la circulation (t\u00e9l. 100) et au loueur d&rsquo;envoyer l&rsquo;attestation d&rsquo;accident et, \u00e0 son retour, de pr\u00e9senter le rapport d&rsquo;accident de la route \u00e9tabli par la police de la circulation et les documents relatifs \u00e0 l&rsquo;attestation d&rsquo;accident, faute de quoi le locataire sera tenu responsable et devra payer tous les dommages et les jours n\u00e9cessaires \u00e0 la r\u00e9paration du v\u00e9hicule, m\u00eame s&rsquo;il avait accept\u00e9 un forfait d&rsquo;assurance. En cas de faute, le locataire devra payer 30% des primes d&rsquo;assurance annuelles (minimum 100,00\u20ac), et 30\u20ac (frais d&rsquo;enveloppe) plus TVA sur le total.<\/li>\n<li>Le locataire peut limiter sa responsabilit\u00e9 pour tout dommage au v\u00e9hicule qu&rsquo;il loue \u00e0 un montant de 750,00\u20ac + TVA au minimum (selon la cat\u00e9gorie du v\u00e9hicule et au maximum la valeur commerciale du v\u00e9hicule au moment de l&rsquo;accident plus TVA) s&rsquo;il accepte \u00e0 l&rsquo;avance la clause d&rsquo;exon\u00e9ration de responsabilit\u00e9 pour les dommages (C.D.W.). Le montant de l&rsquo;indemnit\u00e9 est fix\u00e9 par le loueur en fonction de la cat\u00e9gorie du v\u00e9hicule.<\/li>\n<li>La couverture d&rsquo;assurance n&rsquo;est pas valable, m\u00eame si elle a \u00e9t\u00e9 convenue, dans les cas suivants : La participation \u00e0 des courses ou le remorquage de v\u00e9hicules, de remorques et d&rsquo;autres remorques, le chargement de choses au-del\u00e0 de la capacit\u00e9 du v\u00e9hicule (telle que d\u00e9finie par le constructeur), le consentement unilat\u00e9ral \u00e0 la responsabilit\u00e9 du locataire en cas d&rsquo;accident sans notification imm\u00e9diate au bailleur et la pr\u00e9sence de la police de la circulation (t\u00e9l. 100) pour la fourniture d&rsquo;une copie du rapport d&rsquo;incident, l&rsquo;utilisation du v\u00e9hicule par une tierce personne (m\u00eame si elle est titulaire d&rsquo;un permis de conduire) non d\u00e9clar\u00e9e dans le contrat de location, quelle que soit sa relation avec le locataire, l&rsquo;utilisation du v\u00e9hicule au-del\u00e0 de la p\u00e9riode de location convenue, l&rsquo;utilisation du v\u00e9hicule par un locataire sous l&rsquo;influence de l&rsquo;alcool\/des drogues\/des calmants\/des hypnotiques, l&rsquo;utilisation du v\u00e9hicule en violation du K. O.K. du territoire grec ou d&rsquo;une mani\u00e8re qui met en danger le v\u00e9hicule, les passagers ou des tiers, l&rsquo;utilisation du v\u00e9hicule sur des routes non praticables (non pav\u00e9es), l&rsquo;utilisation du v\u00e9hicule pour le transport de personnes\/objets \u00e0 titre on\u00e9reux, l&rsquo;utilisation du v\u00e9hicule pour tout acte ill\u00e9gal\/criminel conform\u00e9ment \u00e0 la loi grecque, l&rsquo;utilisation du v\u00e9hicule dans le but d&rsquo;apprendre \u00e0 conduire \u00e0 des tiers, l&rsquo;utilisation du v\u00e9hicule en dehors des limites du territoire grec sans le consentement \u00e9crit du loueur.<\/li>\n<li>La destruction\/la perte des pneus, des jantes ou des joncs, des cristaux et du dessous du v\u00e9hicule sont express\u00e9ment exclus de toute exon\u00e9ration, sauf si le locataire a accept\u00e9 la couverture d&rsquo;assurance correspondante. Sont explicitement exclues de toute exemption et non incluses dans toute couverture d&rsquo;assurance les pi\u00e8ces du v\u00e9hicule telles que les cl\u00e9s, le syst\u00e8me audio, les moniteurs, les instruments de navigation, les antennes, les miroirs, etc. et toutes les parties de l&rsquo;int\u00e9rieur du v\u00e9hicule (par exemple, les \u00e9tag\u00e8res, les placards, les armoires, les poign\u00e9es, les garnitures, etc.)<\/li>\n<li>En cas de r\u00e9paration\/restauration de dommages, le locataire n&rsquo;est pas autoris\u00e9 \u00e0 choisir un atelier de r\u00e9paration, sauf le concessionnaire officiel et agr\u00e9\u00e9 en Gr\u00e8ce du v\u00e9hicule en question, y compris les jours n\u00e9cessaires \u00e0 la r\u00e9paration du v\u00e9hicule aux frais du locataire.<\/li>\n<li>Le locataire est redevable des imp\u00f4ts locaux et de la TVA sur le loyer.<\/li>\n<li>Le v\u00e9hicule doit \u00eatre rendu propre et pr\u00eat \u00e0 \u00eatre inspect\u00e9, sinon un d\u00e9lai peut \u00eatre demand\u00e9 et des frais de 15,00\u20ac + TVA peuvent \u00eatre factur\u00e9s. Si un nettoyage sp\u00e9cialis\u00e9 du v\u00e9hicule est n\u00e9cessaire (goudron, poils d&rsquo;animaux, etc.), le tarif minimum est de 60,00\u20ac + TVA.<\/li>\n<li>Le bailleur n&rsquo;est pas responsable, ni au moment de la location ni apr\u00e8s son expiration, des objets appartenant au locataire ou aux occupants du v\u00e9hicule lou\u00e9 qui ont \u00e9t\u00e9 laiss\u00e9s dans le v\u00e9hicule.<\/li>\n<li>Les livraisons et les collectes sont effectu\u00e9es gratuitement dans les bureaux de la soci\u00e9t\u00e9 du lundi au samedi de 09h00 \u00e0 20h00. Livraisons &#8211; les livraisons en dehors des heures d&rsquo;ouverture, le dimanche ou les jours f\u00e9ri\u00e9s sont payantes.<\/li>\n<li>L&rsquo;assistance routi\u00e8re est assur\u00e9e 24 heures sur 24 dans toute la Gr\u00e8ce, sauf dans le pays insulaire d&rsquo;o\u00f9 le rapatriement est effectu\u00e9 par le locataire.<\/li>\n<li>Le chargement \u00e0 bord n&rsquo;est autoris\u00e9 qu&rsquo;avec l&rsquo;accord \u00e9crit du loueur, sinon le locataire est consid\u00e9r\u00e9 comme enti\u00e8rement responsable de tout dommage ou avarie pouvant survenir \u00e0 bord, m\u00eame s&rsquo;il a accept\u00e9 la clause C.D.W..<\/li>\n<li><strong>La conduite en dehors des limites du territoire grec n&rsquo;est autoris\u00e9e qu&rsquo;avec l&rsquo;accord \u00e9crit du loueur.<\/strong><\/li>\n<li>Les tribunaux de Thessalonique auront la comp\u00e9tence exclusive pour tout litige.<\/li>\n<li>Le locataire\/pr\u00e9sum\u00e9 consent \u00e0 la collecte et \u00e0 l&rsquo;utilisation par la soci\u00e9t\u00e9, avec ou sans donn\u00e9es automatis\u00e9es, de donn\u00e9es personnelles ou d&rsquo;ensembles de donn\u00e9es personnelles telles que la collecte, l&rsquo;enregistrement, l&rsquo;organisation, la structuration, la conservation, l&rsquo;adaptation, la modification, r\u00e9cup\u00e9ration ou toute autre forme d&rsquo;\u00e9limination afin de lui fournir des services et de r\u00e9pondre \u00e0 ses demandes, de communiquer avec lui au sujet des services offerts, de r\u00e9pondre \u00e0 ses questions et de respecter et faire respecter les dispositions l\u00e9gales applicables. Le locataire a \u00e9galement \u00e9t\u00e9 inform\u00e9 du droit de retirer\/corriger\/mettre \u00e0 jour ses donn\u00e9es personnelles lorsqu&rsquo;il le d\u00e9clare.<\/li>\n<li>Kilom\u00e8tres gratuits \u00e0 partir du 3\u00e8me jour de location (maximum 100km\/jour &#8211; maximum 2.500km\/mois) les kilom\u00e8tres suppl\u00e9mentaires sont factur\u00e9s 0,10\u20ac + TVA par kilom\u00e8tre.<\/li>\n<\/ol>\n<\/div><\/div><\/div><\/div><\/div><\/p>\n","protected":false},"excerpt":{"rendered":"","protected":false},"author":1,"featured_media":0,"parent":0,"menu_order":0,"comment_status":"closed","ping_status":"closed","template":"","meta":{"footnotes":""},"class_list":["post-392","page","type-page","status-publish","hentry"],"_links":{"self":[{"href":"https:\/\/autogreece.eu\/fr\/wp-json\/wp\/v2\/pages\/392","targetHints":{"allow":["GET"]}}],"collection":[{"href":"https:\/\/autogreece.eu\/fr\/wp-json\/wp\/v2\/pages"}],"about":[{"href":"https:\/\/autogreece.eu\/fr\/wp-json\/wp\/v2\/types\/page"}],"author":[{"embeddable":true,"href":"https:\/\/autogreece.eu\/fr\/wp-json\/wp\/v2\/users\/1"}],"replies":[{"embeddable":true,"href":"https:\/\/autogreece.eu\/fr\/wp-json\/wp\/v2\/comments?post=392"}],"version-history":[{"count":3,"href":"https:\/\/autogreece.eu\/fr\/wp-json\/wp\/v2\/pages\/392\/revisions"}],"predecessor-version":[{"id":8671,"href":"https:\/\/autogreece.eu\/fr\/wp-json\/wp\/v2\/pages\/392\/revisions\/8671"}],"wp:attachment":[{"href":"https:\/\/autogreece.eu\/fr\/wp-json\/wp\/v2\/media?parent=392"}],"curies":[{"name":"wp","href":"https:\/\/api.w.org\/{rel}","templated":true}]}}