{"id":10383,"date":"2025-03-09T12:46:50","date_gmt":"2025-03-09T10:46:50","guid":{"rendered":"https:\/\/autogreece.eu\/?page_id=10383"},"modified":"2025-03-09T16:28:18","modified_gmt":"2025-03-09T14:28:18","slug":"location-de-suv","status":"publish","type":"page","link":"https:\/\/autogreece.eu\/fr\/location-de-suv\/","title":{"rendered":"Location de SUV"},"content":{"rendered":"<p><div class=\"fusion-fullwidth fullwidth-box fusion-builder-row-1 fusion-flex-container has-pattern-background has-mask-background nonhundred-percent-fullwidth non-hundred-percent-height-scrolling\" style=\"--awb-border-radius-top-left:0px;--awb-border-radius-top-right:0px;--awb-border-radius-bottom-right:0px;--awb-border-radius-bottom-left:0px;--awb-margin-top:100px;--awb-flex-wrap:wrap;\" ><div class=\"fusion-builder-row fusion-row fusion-flex-align-items-flex-start fusion-flex-content-wrap\" style=\"max-width:1497.6px;margin-left: calc(-4% \/ 2 );margin-right: calc(-4% \/ 2 );\"><div class=\"fusion-layout-column fusion_builder_column fusion-builder-column-0 fusion_builder_column_1_1 1_1 fusion-flex-column\" style=\"--awb-bg-size:cover;--awb-width-large:100%;--awb-margin-top-large:0px;--awb-spacing-right-large:1.92%;--awb-margin-bottom-large:20px;--awb-spacing-left-large:1.92%;--awb-width-medium:100%;--awb-order-medium:0;--awb-spacing-right-medium:1.92%;--awb-spacing-left-medium:1.92%;--awb-width-small:100%;--awb-order-small:0;--awb-spacing-right-small:1.92%;--awb-spacing-left-small:1.92%;\"><div class=\"fusion-column-wrapper fusion-column-has-shadow fusion-flex-justify-content-flex-start fusion-content-layout-column\"><div class=\"fusion-text fusion-text-1\"><h1 style=\"text-align: center;\" data-start=\"0\" data-end=\"70\"><strong>Location de SUV Jeep \u00e0 Thessalonique par <a href=\"https:\/\/autogreece.eu\/\">autoGReece<\/a> Car Rental<\/strong><\/h1>\n<p data-start=\"72\" data-end=\"379\">Si tu recherches un SUV Jeep fiable et confortable pour explorer Thessalonique et ses environs, <strong><a href=\"https:\/\/autogreece.eu\/\">autoGReece<\/a> Car Rental<\/strong> est le choix id\u00e9al pour toi. Avec une large gamme de SUV Jeep, tu pourras profiter de la conduite en ville, mais aussi sur des routes plus exigeantes, sans aucun stress.<\/p>\n<\/div><div class=\"fusion-image-element \" style=\"text-align:center;--awb-caption-title-font-family:var(--h2_typography-font-family);--awb-caption-title-font-weight:var(--h2_typography-font-weight);--awb-caption-title-font-style:var(--h2_typography-font-style);--awb-caption-title-size:var(--h2_typography-font-size);--awb-caption-title-transform:var(--h2_typography-text-transform);--awb-caption-title-line-height:var(--h2_typography-line-height);--awb-caption-title-letter-spacing:var(--h2_typography-letter-spacing);\"><span class=\" fusion-imageframe imageframe-none imageframe-1 hover-type-none\"><img decoding=\"async\" width=\"700\" height=\"400\" alt=\"\u0395\u03bd\u03bf\u03b9\u03ba\u03af\u03b1\u03c3\u03b7 SUV jeep\" title=\"pegfwe\" src=\"https:\/\/autogreece.eu\/wp-content\/uploads\/2025\/03\/pegfwe.jpg\" data-orig-src=\"https:\/\/autogreece.eu\/wp-content\/uploads\/2025\/03\/pegfwe.jpg\" class=\"lazyload img-responsive wp-image-10307\" srcset=\"data:image\/svg+xml,%3Csvg%20xmlns%3D%27http%3A%2F%2Fwww.w3.org%2F2000%2Fsvg%27%20width%3D%27700%27%20height%3D%27400%27%20viewBox%3D%270%200%20700%20400%27%3E%3Crect%20width%3D%27700%27%20height%3D%27400%27%20fill-opacity%3D%220%22%2F%3E%3C%2Fsvg%3E\" data-srcset=\"https:\/\/autogreece.eu\/wp-content\/uploads\/2025\/03\/pegfwe-200x114.jpg 200w, https:\/\/autogreece.eu\/wp-content\/uploads\/2025\/03\/pegfwe-400x229.jpg 400w, https:\/\/autogreece.eu\/wp-content\/uploads\/2025\/03\/pegfwe-600x343.jpg 600w, https:\/\/autogreece.eu\/wp-content\/uploads\/2025\/03\/pegfwe.jpg 700w\" data-sizes=\"auto\" data-orig-sizes=\"(max-width: 640px) 100vw, 700px\" \/><\/span><\/div><div class=\"fusion-text fusion-text-2\"><h2 style=\"text-align: center;\" data-start=\"381\" data-end=\"420\"><strong>Pourquoi choisir la location d&rsquo;un SUV Jeep ?<\/strong><\/h2>\n<p data-start=\"421\" data-end=\"905\">Lorsque tu loues une voiture, tu veux quelque chose qui t&rsquo;offre s\u00e9curit\u00e9, confort et flexibilit\u00e9. Un <strong data-start=\"516\" data-end=\"528\">SUV Jeep<\/strong> est le choix parfait si tu veux te d\u00e9placer aussi bien en ville qu&rsquo;en dehors des sentiers battus, en profitant de la conduite sur tous types de terrains. Avec une plus grande garde au sol, des moteurs puissants et des syst\u00e8mes de traction avanc\u00e9s, tu peux te sentir en confiance, que tu circules dans les rues de la ville ou que tu d\u00e9cides de visiter les belles montagnes et plages du nord de <a href=\"https:\/\/maps.app.goo.gl\/KyB5ytDNnwdLak7c7\" target=\"_blank\" rel=\"noopener\">la Gr\u00e8ce<\/a>.<\/p>\n<\/div><div class=\"fusion-text fusion-text-3\"><h3 style=\"line-height: 100px; font-family: Arial, sans-serif; font-size: 30px; background-color: white; border: 10px solid #e10707; border-radius: 10px; text-align: center;\"><img decoding=\"async\" class=\"lazyload  wp-image-10177 alignnone\" src=\"data:image\/svg+xml,%3Csvg%20xmlns%3D%27http%3A%2F%2Fwww.w3.org%2F2000%2Fsvg%27%20width%3D%2767%27%20height%3D%2767%27%20viewBox%3D%270%200%2067%2067%27%3E%3Crect%20width%3D%2767%27%20height%3D%2767%27%20fill-opacity%3D%220%22%2F%3E%3C%2Fsvg%3E\" data-orig-src=\"https:\/\/autogreece.eu\/wp-content\/uploads\/2025\/03\/czsu.jpg\" alt=\"\" width=\"67\" height=\"67\" \/> Achetez une assurance pour voyager sans responsabilit\u00e9 !<\/h3>\n<\/div><div class=\"fusion-image-element \" style=\"text-align:center;--awb-caption-title-font-family:var(--h2_typography-font-family);--awb-caption-title-font-weight:var(--h2_typography-font-weight);--awb-caption-title-font-style:var(--h2_typography-font-style);--awb-caption-title-size:var(--h2_typography-font-size);--awb-caption-title-transform:var(--h2_typography-text-transform);--awb-caption-title-line-height:var(--h2_typography-line-height);--awb-caption-title-letter-spacing:var(--h2_typography-letter-spacing);\"><span class=\" fusion-imageframe imageframe-none imageframe-2 hover-type-none\"><img decoding=\"async\" width=\"700\" height=\"400\" title=\"vwrvw\" src=\"https:\/\/autogreece.eu\/wp-content\/uploads\/2025\/03\/vwrvw.jpg\" data-orig-src=\"https:\/\/autogreece.eu\/wp-content\/uploads\/2025\/03\/vwrvw.jpg\" alt class=\"lazyload img-responsive wp-image-10317\" srcset=\"data:image\/svg+xml,%3Csvg%20xmlns%3D%27http%3A%2F%2Fwww.w3.org%2F2000%2Fsvg%27%20width%3D%27700%27%20height%3D%27400%27%20viewBox%3D%270%200%20700%20400%27%3E%3Crect%20width%3D%27700%27%20height%3D%27400%27%20fill-opacity%3D%220%22%2F%3E%3C%2Fsvg%3E\" data-srcset=\"https:\/\/autogreece.eu\/wp-content\/uploads\/2025\/03\/vwrvw-200x114.jpg 200w, https:\/\/autogreece.eu\/wp-content\/uploads\/2025\/03\/vwrvw-400x229.jpg 400w, https:\/\/autogreece.eu\/wp-content\/uploads\/2025\/03\/vwrvw-600x343.jpg 600w, https:\/\/autogreece.eu\/wp-content\/uploads\/2025\/03\/vwrvw.jpg 700w\" data-sizes=\"auto\" data-orig-sizes=\"(max-width: 640px) 100vw, 700px\" \/><\/span><\/div><div class=\"fusion-text fusion-text-4\"><h2 style=\"text-align: center;\" data-start=\"907\" data-end=\"935\"><strong>Processus de location<\/strong><\/h2>\n<p data-start=\"936\" data-end=\"1140\">La location d&rsquo;un SUV Jeep aupr\u00e8s de <strong><a href=\"https:\/\/autogreece.eu\/\">autoGReece<\/a> Car Rental<\/strong> est un processus simple et rapide. Tu peux faire ta r\u00e9servation en ligne en quelques minutes ou visiter l&rsquo;un de nos bureaux \u00e0 Thessalonique.<\/p>\n<ol data-start=\"1142\" data-end=\"1579\">\n<li data-start=\"1142\" data-end=\"1249\"><strong data-start=\"1145\" data-end=\"1168\">Choix du v\u00e9hicule<\/strong>: \u00c0 partir de notre flotte, tu choisis le SUV Jeep qui correspond \u00e0 tes besoins.<\/li>\n<li data-start=\"1250\" data-end=\"1361\"><strong data-start=\"1253\" data-end=\"1279\">D\u00e9finition des dates<\/strong>: Tu choisis les dates de location et tu re\u00e7ois imm\u00e9diatement une offre.<\/li>\n<li data-start=\"1362\" data-end=\"1482\"><strong data-start=\"1365\" data-end=\"1389\">R\u00e9cup\u00e9ration du v\u00e9hicule<\/strong>: Tu peux r\u00e9cup\u00e9rer le Jeep \u00e0 l&rsquo;a\u00e9roport, au centre-ville ou \u00e0 ton h\u00f4tel.<\/li>\n<li data-start=\"1483\" data-end=\"1579\"><strong data-start=\"1486\" data-end=\"1513\">Explorer la r\u00e9gion<\/strong>: Tu profites de la conduite et des trajets sans aucune restriction.<\/li>\n<\/ol>\n<\/div><div class=\"fusion-image-element \" style=\"text-align:center;--awb-caption-title-font-family:var(--h2_typography-font-family);--awb-caption-title-font-weight:var(--h2_typography-font-weight);--awb-caption-title-font-style:var(--h2_typography-font-style);--awb-caption-title-size:var(--h2_typography-font-size);--awb-caption-title-transform:var(--h2_typography-text-transform);--awb-caption-title-line-height:var(--h2_typography-line-height);--awb-caption-title-letter-spacing:var(--h2_typography-letter-spacing);\"><span class=\" fusion-imageframe imageframe-none imageframe-3 hover-type-none\"><img decoding=\"async\" width=\"700\" height=\"400\" title=\"knee\" src=\"https:\/\/autogreece.eu\/wp-content\/uploads\/2025\/03\/knee.jpg\" data-orig-src=\"https:\/\/autogreece.eu\/wp-content\/uploads\/2025\/03\/knee.jpg\" alt class=\"lazyload img-responsive wp-image-10322\" srcset=\"data:image\/svg+xml,%3Csvg%20xmlns%3D%27http%3A%2F%2Fwww.w3.org%2F2000%2Fsvg%27%20width%3D%27700%27%20height%3D%27400%27%20viewBox%3D%270%200%20700%20400%27%3E%3Crect%20width%3D%27700%27%20height%3D%27400%27%20fill-opacity%3D%220%22%2F%3E%3C%2Fsvg%3E\" data-srcset=\"https:\/\/autogreece.eu\/wp-content\/uploads\/2025\/03\/knee-200x114.jpg 200w, https:\/\/autogreece.eu\/wp-content\/uploads\/2025\/03\/knee-400x229.jpg 400w, https:\/\/autogreece.eu\/wp-content\/uploads\/2025\/03\/knee-600x343.jpg 600w, https:\/\/autogreece.eu\/wp-content\/uploads\/2025\/03\/knee.jpg 700w\" data-sizes=\"auto\" data-orig-sizes=\"(max-width: 640px) 100vw, 700px\" \/><\/span><\/div><div class=\"fusion-text fusion-text-5\"><h2 style=\"text-align: center;\" data-start=\"1581\" data-end=\"1642\"><strong>Avantages de la location de SUV Jeep chez <a href=\"https:\/\/autogreece.eu\/\">autoGReece<\/a> Car Rental<\/strong><\/h2>\n<p data-start=\"1643\" data-end=\"1759\">Lorsque tu loues un SUV Jeep chez nous, tu profites d&rsquo;une s\u00e9rie d&rsquo;avantages qui rendent ton exp\u00e9rience encore meilleure :<\/p>\n<ul data-start=\"1761\" data-end=\"2347\">\n<li data-start=\"1761\" data-end=\"1925\"><strong data-start=\"1763\" data-end=\"1793\">V\u00e9hicules de qualit\u00e9 sup\u00e9rieure<\/strong>: Tous nos Jeeps sont neufs ou en excellent \u00e9tat, parfaitement entretenus et \u00e9quip\u00e9s des derni\u00e8res caract\u00e9ristiques de s\u00e9curit\u00e9.<\/li>\n<li data-start=\"1926\" data-end=\"2034\"><strong data-start=\"1928\" data-end=\"1952\">Tarifs comp\u00e9titifs<\/strong>: Nous te proposons des options \u00e9conomiques et des forfaits qui correspondent \u00e0 ton budget.<\/li>\n<li data-start=\"2035\" data-end=\"2232\"><strong data-start=\"2037\" data-end=\"2064\">S\u00e9curit\u00e9 et assistance<\/strong>: Tu as la possibilit\u00e9 d&rsquo;ajouter une couverture d&rsquo;assurance suppl\u00e9mentaire pour r\u00e9duire ta participation en cas d&rsquo;accident. En plus, tu b\u00e9n\u00e9ficies d&rsquo;une assistance routi\u00e8re 24\/7 dans toute la Gr\u00e8ce.<\/li>\n<li data-start=\"2233\" data-end=\"2347\"><strong data-start=\"2235\" data-end=\"2262\">Conditions de location flexibles<\/strong>: Tu peux choisir une location courte ou longue dur\u00e9e, selon tes besoins.<\/li>\n<\/ul>\n<\/div><div class=\"fusion-text fusion-text-6\"><h3 style=\"line-height: 100px; font-family: Arial, sans-serif; font-size: 30px; background-color: white; border: 10px solid #e10707; border-radius: 10px; text-align: center;\"><img decoding=\"async\" class=\"lazyload wp-image-10177 alignnone\" src=\"data:image\/svg+xml,%3Csvg%20xmlns%3D%27http%3A%2F%2Fwww.w3.org%2F2000%2Fsvg%27%20width%3D%2767%27%20height%3D%2767%27%20viewBox%3D%270%200%2067%2067%27%3E%3Crect%20width%3D%2767%27%20height%3D%2767%27%20fill-opacity%3D%220%22%2F%3E%3C%2Fsvg%3E\" data-orig-src=\"https:\/\/autogreece.eu\/wp-content\/uploads\/2025\/03\/czsu.jpg\" alt=\"\" width=\"67\" height=\"67\" \/> Achetez une assurance pour les vitres bris\u00e9es et les pneus !<\/h3>\n<\/div><div class=\"fusion-image-element \" style=\"text-align:center;--awb-caption-title-font-family:var(--h2_typography-font-family);--awb-caption-title-font-weight:var(--h2_typography-font-weight);--awb-caption-title-font-style:var(--h2_typography-font-style);--awb-caption-title-size:var(--h2_typography-font-size);--awb-caption-title-transform:var(--h2_typography-text-transform);--awb-caption-title-line-height:var(--h2_typography-line-height);--awb-caption-title-letter-spacing:var(--h2_typography-letter-spacing);\"><span class=\" fusion-imageframe imageframe-none imageframe-4 hover-type-none\"><img decoding=\"async\" width=\"700\" height=\"400\" title=\"www\" src=\"https:\/\/autogreece.eu\/wp-content\/uploads\/2025\/03\/www.jpg\" data-orig-src=\"https:\/\/autogreece.eu\/wp-content\/uploads\/2025\/03\/www.jpg\" alt class=\"lazyload img-responsive wp-image-10337\" srcset=\"data:image\/svg+xml,%3Csvg%20xmlns%3D%27http%3A%2F%2Fwww.w3.org%2F2000%2Fsvg%27%20width%3D%27700%27%20height%3D%27400%27%20viewBox%3D%270%200%20700%20400%27%3E%3Crect%20width%3D%27700%27%20height%3D%27400%27%20fill-opacity%3D%220%22%2F%3E%3C%2Fsvg%3E\" data-srcset=\"https:\/\/autogreece.eu\/wp-content\/uploads\/2025\/03\/www-200x114.jpg 200w, https:\/\/autogreece.eu\/wp-content\/uploads\/2025\/03\/www-400x229.jpg 400w, https:\/\/autogreece.eu\/wp-content\/uploads\/2025\/03\/www-600x343.jpg 600w, https:\/\/autogreece.eu\/wp-content\/uploads\/2025\/03\/www.jpg 700w\" data-sizes=\"auto\" data-orig-sizes=\"(max-width: 640px) 100vw, 700px\" \/><\/span><\/div><div class=\"fusion-text fusion-text-7\"><h2 style=\"text-align: center;\" data-start=\"2349\" data-end=\"2412\"><strong>Que pouvez-vous faire avec votre SUV Jeep \u00e0 <a href=\"https:\/\/maps.app.goo.gl\/h5zBAxuzU3otbiLY8\" target=\"_blank\" rel=\"noopener\">Thessalonique<\/a> ?<\/strong><\/h2>\n<p data-start=\"2413\" data-end=\"2577\">Une fois que vous avez r\u00e9cup\u00e9r\u00e9 votre v\u00e9hicule, vous pouvez commencer vos visites dans la belle Thessalonique et au-del\u00e0. Voici quelques suggestions pour tirer le meilleur parti de votre Jeep :<\/p>\n<ul data-start=\"2579\" data-end=\"3116\">\n<li data-start=\"2579\" data-end=\"2687\"><strong data-start=\"2581\" data-end=\"2605\">Explorer la ville<\/strong>: Conduisez le long du front de mer, visitez la Tour Blanche, la vieille ville et les ch\u00e2teaux.<\/li>\n<li data-start=\"2688\" data-end=\"2821\"><strong data-start=\"2690\" data-end=\"2716\">Excursions en Chalcidique<\/strong>: Si vous aimez la mer, vous pouvez voyager vers les magnifiques plages de la Chalcidique en tout confort.<\/li>\n<li data-start=\"2822\" data-end=\"2964\"><strong data-start=\"2824\" data-end=\"2846\">Balades sur le Mont Olympe<\/strong>: Si vous voulez une aventure plus audacieuse, vous pouvez conduire sur la montagne des dieux et profiter de paysages uniques.<\/li>\n<li data-start=\"2965\" data-end=\"3116\"><strong data-start=\"2967\" data-end=\"2995\">Visites de vignobles<\/strong>: Si vous \u00eates un amateur de vin, vous pouvez faire une excursion dans les vignobles de Naoussa et profiter des d\u00e9gustations.<\/li>\n<\/ul>\n<\/div><div class=\"fusion-image-element \" style=\"text-align:center;--awb-caption-title-font-family:var(--h2_typography-font-family);--awb-caption-title-font-weight:var(--h2_typography-font-weight);--awb-caption-title-font-style:var(--h2_typography-font-style);--awb-caption-title-size:var(--h2_typography-font-size);--awb-caption-title-transform:var(--h2_typography-text-transform);--awb-caption-title-line-height:var(--h2_typography-line-height);--awb-caption-title-letter-spacing:var(--h2_typography-letter-spacing);\"><span class=\" fusion-imageframe imageframe-none imageframe-5 hover-type-none\"><img decoding=\"async\" width=\"700\" height=\"400\" title=\"jgjgjg\" src=\"https:\/\/autogreece.eu\/wp-content\/uploads\/2025\/03\/jgjgjg.jpg\" data-orig-src=\"https:\/\/autogreece.eu\/wp-content\/uploads\/2025\/03\/jgjgjg.jpg\" alt class=\"lazyload img-responsive wp-image-10332\" srcset=\"data:image\/svg+xml,%3Csvg%20xmlns%3D%27http%3A%2F%2Fwww.w3.org%2F2000%2Fsvg%27%20width%3D%27700%27%20height%3D%27400%27%20viewBox%3D%270%200%20700%20400%27%3E%3Crect%20width%3D%27700%27%20height%3D%27400%27%20fill-opacity%3D%220%22%2F%3E%3C%2Fsvg%3E\" data-srcset=\"https:\/\/autogreece.eu\/wp-content\/uploads\/2025\/03\/jgjgjg-200x114.jpg 200w, https:\/\/autogreece.eu\/wp-content\/uploads\/2025\/03\/jgjgjg-400x229.jpg 400w, https:\/\/autogreece.eu\/wp-content\/uploads\/2025\/03\/jgjgjg-600x343.jpg 600w, https:\/\/autogreece.eu\/wp-content\/uploads\/2025\/03\/jgjgjg.jpg 700w\" data-sizes=\"auto\" data-orig-sizes=\"(max-width: 640px) 100vw, 700px\" \/><\/span><\/div><div class=\"fusion-text fusion-text-8\"><h2 style=\"text-align: center;\" data-start=\"0\" data-end=\"36\"><strong>R\u00e9servez votre SUV Jeep aujourd&rsquo;hui !<\/strong><\/h2>\n<p data-start=\"38\" data-end=\"257\">Ne perdez pas de temps ! Que vous planifiez un voyage d&rsquo;affaires, une excursion en famille ou que vous souhaitiez simplement profiter de Thessalonique avec un confort et une libert\u00e9 totaux, <strong><a href=\"https:\/\/autogreece.eu\/\">autoGReece<\/a> Car Rental<\/strong> a la solution id\u00e9ale pour vous.<\/p>\n<\/div><div class=\"fusion-image-element \" style=\"text-align:center;--awb-caption-title-font-family:var(--h2_typography-font-family);--awb-caption-title-font-weight:var(--h2_typography-font-weight);--awb-caption-title-font-style:var(--h2_typography-font-style);--awb-caption-title-size:var(--h2_typography-font-size);--awb-caption-title-transform:var(--h2_typography-text-transform);--awb-caption-title-line-height:var(--h2_typography-line-height);--awb-caption-title-letter-spacing:var(--h2_typography-letter-spacing);\"><span class=\" fusion-imageframe imageframe-none imageframe-6 hover-type-none\"><img decoding=\"async\" width=\"700\" height=\"400\" title=\"jjjm\" src=\"https:\/\/autogreece.eu\/wp-content\/uploads\/2025\/03\/jjjm.jpg\" data-orig-src=\"https:\/\/autogreece.eu\/wp-content\/uploads\/2025\/03\/jjjm.jpg\" alt class=\"lazyload img-responsive wp-image-10342\" srcset=\"data:image\/svg+xml,%3Csvg%20xmlns%3D%27http%3A%2F%2Fwww.w3.org%2F2000%2Fsvg%27%20width%3D%27700%27%20height%3D%27400%27%20viewBox%3D%270%200%20700%20400%27%3E%3Crect%20width%3D%27700%27%20height%3D%27400%27%20fill-opacity%3D%220%22%2F%3E%3C%2Fsvg%3E\" data-srcset=\"https:\/\/autogreece.eu\/wp-content\/uploads\/2025\/03\/jjjm-200x114.jpg 200w, https:\/\/autogreece.eu\/wp-content\/uploads\/2025\/03\/jjjm-400x229.jpg 400w, https:\/\/autogreece.eu\/wp-content\/uploads\/2025\/03\/jjjm-600x343.jpg 600w, https:\/\/autogreece.eu\/wp-content\/uploads\/2025\/03\/jjjm.jpg 700w\" data-sizes=\"auto\" data-orig-sizes=\"(max-width: 640px) 100vw, 700px\" \/><\/span><\/div><div class=\"fusion-text fusion-text-9\"><h3 style=\"line-height: 100px; font-family: Arial, sans-serif; font-size: 30px; background-color: white; border: 10px solid #e10707; border-radius: 10px; text-align: center;\"><img decoding=\"async\" class=\"lazyload  wp-image-10177 alignnone\" src=\"data:image\/svg+xml,%3Csvg%20xmlns%3D%27http%3A%2F%2Fwww.w3.org%2F2000%2Fsvg%27%20width%3D%2767%27%20height%3D%2767%27%20viewBox%3D%270%200%2067%2067%27%3E%3Crect%20width%3D%2767%27%20height%3D%2767%27%20fill-opacity%3D%220%22%2F%3E%3C%2Fsvg%3E\" data-orig-src=\"https:\/\/autogreece.eu\/wp-content\/uploads\/2025\/03\/czsu.jpg\" alt=\"\" width=\"67\" height=\"67\" \/> Achetez une assurance pour le bas du ch\u00e2ssis !<\/h3>\n<\/div><\/div><\/div><\/div><\/div><div class=\"fusion-fullwidth fullwidth-box fusion-builder-row-2 fusion-flex-container has-pattern-background has-mask-background nonhundred-percent-fullwidth non-hundred-percent-height-scrolling\" style=\"--awb-border-radius-top-left:0px;--awb-border-radius-top-right:0px;--awb-border-radius-bottom-right:0px;--awb-border-radius-bottom-left:0px;--awb-padding-left:0px;--awb-margin-bottom:0px;--awb-flex-wrap:wrap;\" ><div class=\"fusion-builder-row fusion-row fusion-flex-align-items-flex-start fusion-flex-content-wrap\" style=\"max-width:1497.6px;margin-left: calc(-4% \/ 2 );margin-right: calc(-4% \/ 2 );\"><div class=\"fusion-layout-column fusion_builder_column fusion-builder-column-1 fusion_builder_column_1_1 1_1 fusion-flex-column\" style=\"--awb-bg-color:#e10707;--awb-bg-color-hover:#e10707;--awb-bg-size:cover;--awb-width-large:100%;--awb-margin-top-large:0px;--awb-spacing-right-large:1.92%;--awb-margin-bottom-large:-80px;--awb-spacing-left-large:1.92%;--awb-width-medium:100%;--awb-order-medium:0;--awb-spacing-right-medium:1.92%;--awb-spacing-left-medium:1.92%;--awb-width-small:100%;--awb-order-small:0;--awb-spacing-right-small:1.92%;--awb-spacing-left-small:1.92%;\"><div class=\"fusion-column-wrapper fusion-column-has-shadow fusion-flex-justify-content-flex-start fusion-content-layout-column\"><div class=\"fusion-text fusion-text-10\"><h2 style=\"text-align: center;\"><strong><span style=\"color: #ffffff;\">Demandez une offre !!<br \/>\n<\/span><\/strong><\/h2>\n<\/div><\/div><\/div><\/div><\/div><div class=\"fusion-fullwidth fullwidth-box fusion-builder-row-3 fusion-flex-container has-pattern-background has-mask-background nonhundred-percent-fullwidth non-hundred-percent-height-scrolling\" style=\"--awb-border-radius-top-left:0px;--awb-border-radius-top-right:0px;--awb-border-radius-bottom-right:0px;--awb-border-radius-bottom-left:0px;--awb-padding-left:0px;--awb-margin-bottom:0px;--awb-background-color:#e10707;--awb-flex-wrap:wrap;\" ><div class=\"fusion-builder-row fusion-row fusion-flex-align-items-flex-start fusion-flex-content-wrap\" style=\"max-width:1497.6px;margin-left: calc(-4% \/ 2 );margin-right: calc(-4% \/ 2 );\"><div class=\"fusion-layout-column fusion_builder_column fusion-builder-column-2 fusion_builder_column_1_2 1_2 fusion-flex-column\" style=\"--awb-bg-size:cover;--awb-width-large:50%;--awb-margin-top-large:50px;--awb-spacing-right-large:3.84%;--awb-margin-bottom-large:20px;--awb-spacing-left-large:3.84%;--awb-width-medium:50%;--awb-order-medium:0;--awb-spacing-right-medium:3.84%;--awb-spacing-left-medium:3.84%;--awb-width-small:100%;--awb-order-small:0;--awb-spacing-right-small:1.92%;--awb-spacing-left-small:1.92%;\"><div class=\"fusion-column-wrapper fusion-column-has-shadow fusion-flex-justify-content-flex-start fusion-content-layout-column\"><div class=\"fusion-text fusion-text-11\"><h2 style=\"text-align: center;\"><strong><span style=\"color: #ffffff;\">T\u00e9l\u00e9phone de contact: +30 2310 254 031<\/span><\/strong><\/h2>\n<\/div><\/div><\/div><div class=\"fusion-layout-column fusion_builder_column fusion-builder-column-3 fusion_builder_column_1_2 1_2 fusion-flex-column\" style=\"--awb-bg-size:cover;--awb-width-large:50%;--awb-margin-top-large:50px;--awb-spacing-right-large:3.84%;--awb-margin-bottom-large:20px;--awb-spacing-left-large:3.84%;--awb-width-medium:50%;--awb-order-medium:0;--awb-spacing-right-medium:3.84%;--awb-spacing-left-medium:3.84%;--awb-width-small:100%;--awb-order-small:0;--awb-spacing-right-small:1.92%;--awb-spacing-left-small:1.92%;\"><div class=\"fusion-column-wrapper fusion-column-has-shadow fusion-flex-justify-content-flex-start fusion-content-layout-column\"><div class=\"fusion-text fusion-text-12\"><h2 style=\"text-align: center;\"><strong><span style=\"color: #ffffff;\">Email:info@autogreece.eu<\/span><\/strong><\/h2>\n<\/div><\/div><\/div><\/div><\/div><\/p>\n","protected":false},"excerpt":{"rendered":"","protected":false},"author":1,"featured_media":0,"parent":0,"menu_order":0,"comment_status":"closed","ping_status":"closed","template":"100-width.php","meta":{"footnotes":""},"class_list":["post-10383","page","type-page","status-publish","hentry"],"_links":{"self":[{"href":"https:\/\/autogreece.eu\/fr\/wp-json\/wp\/v2\/pages\/10383","targetHints":{"allow":["GET"]}}],"collection":[{"href":"https:\/\/autogreece.eu\/fr\/wp-json\/wp\/v2\/pages"}],"about":[{"href":"https:\/\/autogreece.eu\/fr\/wp-json\/wp\/v2\/types\/page"}],"author":[{"embeddable":true,"href":"https:\/\/autogreece.eu\/fr\/wp-json\/wp\/v2\/users\/1"}],"replies":[{"embeddable":true,"href":"https:\/\/autogreece.eu\/fr\/wp-json\/wp\/v2\/comments?post=10383"}],"version-history":[{"count":4,"href":"https:\/\/autogreece.eu\/fr\/wp-json\/wp\/v2\/pages\/10383\/revisions"}],"predecessor-version":[{"id":10407,"href":"https:\/\/autogreece.eu\/fr\/wp-json\/wp\/v2\/pages\/10383\/revisions\/10407"}],"wp:attachment":[{"href":"https:\/\/autogreece.eu\/fr\/wp-json\/wp\/v2\/media?parent=10383"}],"curies":[{"name":"wp","href":"https:\/\/api.w.org\/{rel}","templated":true}]}}