{"id":10256,"date":"2025-03-08T17:36:51","date_gmt":"2025-03-08T15:36:51","guid":{"rendered":"https:\/\/autogreece.eu\/?page_id=10256"},"modified":"2025-03-09T14:56:25","modified_gmt":"2025-03-09T12:56:25","slug":"minivan-79-places","status":"publish","type":"page","link":"https:\/\/autogreece.eu\/fr\/minivan-79-places\/","title":{"rendered":"Minivan 7&#038;9 places"},"content":{"rendered":"<p><div class=\"fusion-fullwidth fullwidth-box fusion-builder-row-1 fusion-flex-container has-pattern-background has-mask-background nonhundred-percent-fullwidth non-hundred-percent-height-scrolling\" style=\"--awb-border-radius-top-left:0px;--awb-border-radius-top-right:0px;--awb-border-radius-bottom-right:0px;--awb-border-radius-bottom-left:0px;--awb-margin-top:100px;--awb-flex-wrap:wrap;\" ><div class=\"fusion-builder-row fusion-row fusion-flex-align-items-flex-start fusion-flex-content-wrap\" style=\"max-width:1497.6px;margin-left: calc(-4% \/ 2 );margin-right: calc(-4% \/ 2 );\"><div class=\"fusion-layout-column fusion_builder_column fusion-builder-column-0 fusion_builder_column_1_1 1_1 fusion-flex-column\" style=\"--awb-bg-size:cover;--awb-width-large:100%;--awb-margin-top-large:0px;--awb-spacing-right-large:1.92%;--awb-margin-bottom-large:20px;--awb-spacing-left-large:1.92%;--awb-width-medium:100%;--awb-order-medium:0;--awb-spacing-right-medium:1.92%;--awb-spacing-left-medium:1.92%;--awb-width-small:100%;--awb-order-small:0;--awb-spacing-right-small:1.92%;--awb-spacing-left-small:1.92%;\"><div class=\"fusion-column-wrapper fusion-column-has-shadow fusion-flex-justify-content-flex-start fusion-content-layout-column\"><div class=\"fusion-text fusion-text-1\"><h2 style=\"text-align: center;\" data-start=\"0\" data-end=\"97\"><strong data-start=\"4\" data-end=\"95\">Location de Minivan 7&amp;9 Places \u00e0 <a href=\"https:\/\/maps.app.goo.gl\/N71RP5LpYJQ97uQg6\" target=\"_blank\" rel=\"noopener\">Thessalonique<\/a> \u2013 Le Choix Id\u00e9al pour des Trajets Confortables<\/strong><\/h2>\n<\/div><div class=\"fusion-image-element \" style=\"text-align:center;--awb-caption-title-font-family:var(--h2_typography-font-family);--awb-caption-title-font-weight:var(--h2_typography-font-weight);--awb-caption-title-font-style:var(--h2_typography-font-style);--awb-caption-title-size:var(--h2_typography-font-size);--awb-caption-title-transform:var(--h2_typography-text-transform);--awb-caption-title-line-height:var(--h2_typography-line-height);--awb-caption-title-letter-spacing:var(--h2_typography-letter-spacing);\"><span class=\" fusion-imageframe imageframe-none imageframe-1 hover-type-none\"><img decoding=\"async\" width=\"1229\" height=\"400\" title=\"gr1\" src=\"https:\/\/autogreece.eu\/wp-content\/uploads\/2025\/03\/gr1.jpg\" data-orig-src=\"https:\/\/autogreece.eu\/wp-content\/uploads\/2025\/03\/gr1.jpg\" alt class=\"lazyload img-responsive wp-image-10247\" srcset=\"data:image\/svg+xml,%3Csvg%20xmlns%3D%27http%3A%2F%2Fwww.w3.org%2F2000%2Fsvg%27%20width%3D%271229%27%20height%3D%27400%27%20viewBox%3D%270%200%201229%20400%27%3E%3Crect%20width%3D%271229%27%20height%3D%27400%27%20fill-opacity%3D%220%22%2F%3E%3C%2Fsvg%3E\" data-srcset=\"https:\/\/autogreece.eu\/wp-content\/uploads\/2025\/03\/gr1-200x65.jpg 200w, https:\/\/autogreece.eu\/wp-content\/uploads\/2025\/03\/gr1-400x130.jpg 400w, https:\/\/autogreece.eu\/wp-content\/uploads\/2025\/03\/gr1-600x195.jpg 600w, https:\/\/autogreece.eu\/wp-content\/uploads\/2025\/03\/gr1-800x260.jpg 800w, https:\/\/autogreece.eu\/wp-content\/uploads\/2025\/03\/gr1-1200x391.jpg 1200w, https:\/\/autogreece.eu\/wp-content\/uploads\/2025\/03\/gr1.jpg 1229w\" data-sizes=\"auto\" data-orig-sizes=\"(max-width: 640px) 100vw, 1229px\" \/><\/span><\/div><div class=\"fusion-text fusion-text-2\"><p data-start=\"99\" data-end=\"523\">Lorsque vous visitez <a href=\"https:\/\/maps.app.goo.gl\/N71RP5LpYJQ97uQg6\" target=\"_blank\" rel=\"noopener\">Thessalonique<\/a> avec votre famille ou un grand groupe d&rsquo;amis, le confort de vos d\u00e9placements devient une priorit\u00e9. Vous souhaitez avoir de l&rsquo;espace, de la flexibilit\u00e9 et bien s\u00fbr, la libert\u00e9 d&rsquo;explorer la ville et ses environs sans restrictions. La location d&rsquo;un <strong data-start=\"367\" data-end=\"391\">minivan 7 &amp; 9 places<\/strong> est la solution id\u00e9ale pour vous qui cherchez un v\u00e9hicule pratique et confortable pour vos trajets dans la <strong data-start=\"490\" data-end=\"507\">capitale du nord<\/strong> et au-del\u00e0.<\/p>\n<h3 style=\"text-align: center;\" data-start=\"525\" data-end=\"579\"><strong data-start=\"529\" data-end=\"577\">Pourquoi Choisir un Minivan 7 ou 9 Places ?<\/strong><\/h3>\n<p data-start=\"581\" data-end=\"893\">Les minivans sont con\u00e7us pour offrir <strong data-start=\"628\" data-end=\"661\">confort, s\u00e9curit\u00e9 et espace<\/strong> \u00e0 chaque trajet. Lorsque vous voyagez avec plusieurs personnes, une voiture classique peut ne pas r\u00e9pondre \u00e0 vos besoins, car vous devrez utiliser plusieurs v\u00e9hicules ou faire des compromis sur l&rsquo;espace pour les bagages.<\/p>\n<p>Avec un minivan :<br data-start=\"910\" data-end=\"913\" \/><strong data-start=\"915\" data-end=\"936\">\u00a0<\/strong><\/p>\n<ul>\n<li data-start=\"895\" data-end=\"1406\"><strong data-start=\"915\" data-end=\"936\">Vous avez suffisamment d&rsquo;espace<\/strong> pour tous les passagers, sans \u00eatre serr\u00e9.<\/li>\n<\/ul>\n<ul>\n<li data-start=\"895\" data-end=\"1406\"><strong data-start=\"989\" data-end=\"1021\">Vous profitez de si\u00e8ges confortables<\/strong> et d&rsquo;un grand espace pour vos bagages.<\/li>\n<\/ul>\n<ul>\n<li data-start=\"895\" data-end=\"1406\"><strong data-start=\"1061\" data-end=\"1111\">Vous g\u00e9rez vos d\u00e9placements avec flexibilit\u00e9<\/strong>, sans avoir \u00e0 d\u00e9pendre des transports publics ou des taxis.<\/li>\n<\/ul>\n<ul>\n<li data-start=\"895\" data-end=\"1406\"><strong data-start=\"1167\" data-end=\"1189\">Vous r\u00e9duisez les co\u00fbts<\/strong>, car vous n&rsquo;avez pas besoin de louer deux petites voitures.<\/li>\n<\/ul>\n<ul>\n<li data-start=\"895\" data-end=\"1406\"><strong data-start=\"1256\" data-end=\"1288\">Vous conduisez confortablement et sans effort<\/strong>, que ce soit en ville ou lors de trajets plus longs vers la Chalcidique, le Mont Olympe ou d&rsquo;autres destinations du nord de la Gr\u00e8ce.<\/li>\n<\/ul>\n<\/div><div class=\"fusion-image-element \" style=\"text-align:center;--awb-caption-title-font-family:var(--h2_typography-font-family);--awb-caption-title-font-weight:var(--h2_typography-font-weight);--awb-caption-title-font-style:var(--h2_typography-font-style);--awb-caption-title-size:var(--h2_typography-font-size);--awb-caption-title-transform:var(--h2_typography-text-transform);--awb-caption-title-line-height:var(--h2_typography-line-height);--awb-caption-title-letter-spacing:var(--h2_typography-letter-spacing);\"><span class=\" fusion-imageframe imageframe-none imageframe-2 hover-type-none\"><img decoding=\"async\" width=\"700\" height=\"400\" alt=\"\u0395\u03bd\u03bf\u03b9\u03ba\u03af\u03b1\u03c3\u03b7 \u03bc\u03b9\u03bd\u03b9\u03b2\u03b1\u03bd 7&amp;9 \u03b8\u03ad\u03c3\u03b5\u03c9\u03bd\" title=\"minfiwen\" src=\"https:\/\/autogreece.eu\/wp-content\/uploads\/2025\/03\/minfiwen.jpg\" data-orig-src=\"https:\/\/autogreece.eu\/wp-content\/uploads\/2025\/03\/minfiwen.jpg\" class=\"lazyload img-responsive wp-image-10219\" srcset=\"data:image\/svg+xml,%3Csvg%20xmlns%3D%27http%3A%2F%2Fwww.w3.org%2F2000%2Fsvg%27%20width%3D%27700%27%20height%3D%27400%27%20viewBox%3D%270%200%20700%20400%27%3E%3Crect%20width%3D%27700%27%20height%3D%27400%27%20fill-opacity%3D%220%22%2F%3E%3C%2Fsvg%3E\" data-srcset=\"https:\/\/autogreece.eu\/wp-content\/uploads\/2025\/03\/minfiwen-200x114.jpg 200w, https:\/\/autogreece.eu\/wp-content\/uploads\/2025\/03\/minfiwen-400x229.jpg 400w, https:\/\/autogreece.eu\/wp-content\/uploads\/2025\/03\/minfiwen-600x343.jpg 600w, https:\/\/autogreece.eu\/wp-content\/uploads\/2025\/03\/minfiwen.jpg 700w\" data-sizes=\"auto\" data-orig-sizes=\"(max-width: 640px) 100vw, 700px\" \/><\/span><\/div><div class=\"fusion-text fusion-text-3\"><h3 style=\"text-align: center;\" data-start=\"1408\" data-end=\"1482\"><strong data-start=\"1412\" data-end=\"1480\">Explorez Thessalonique et les environs avec un confort absolu<\/strong><\/h3>\n<p data-start=\"1484\" data-end=\"1737\">Thessalonique est une ville pleine de vie, de culture et de paysages magnifiques. Avec un minivan, vous pouvez voyager confortablement du centre-ville vers les <strong data-start=\"1628\" data-end=\"1670\">plages cosmopolites de Halkidiki<\/strong> ou faire une excursion d&rsquo;une journ\u00e9e \u00e0 <strong data-start=\"1709\" data-end=\"1734\">le Mont Olympe et les M\u00e9t\u00e9ores<\/strong>.<\/p>\n<ul data-start=\"1739\" data-end=\"2113\">\n<li data-start=\"1739\" data-end=\"1871\"><strong data-start=\"1741\" data-end=\"1813\">Visitez la Tour Blanche, la Ville Haute et la Place Aristote<\/strong> sans vous soucier du transport de votre groupe.<\/li>\n<li data-start=\"1872\" data-end=\"1978\"><strong data-start=\"1874\" data-end=\"1929\">Go\u00fbtez aux saveurs locales dans les quartiers de Ladadika ou Modiano<\/strong> puis continuez votre voyage sans stress.<\/li>\n<li data-start=\"1979\" data-end=\"2113\"><strong data-start=\"1981\" data-end=\"2057\">Planifiez une excursion \u00e0 Pella, Vergina ou la grotte d&rsquo;Alistratis<\/strong>, en emmenant toute votre famille ou votre groupe avec vous.<\/li>\n<\/ul>\n<\/div><div class=\"fusion-image-element \" style=\"text-align:center;--awb-caption-title-font-family:var(--h2_typography-font-family);--awb-caption-title-font-weight:var(--h2_typography-font-weight);--awb-caption-title-font-style:var(--h2_typography-font-style);--awb-caption-title-size:var(--h2_typography-font-size);--awb-caption-title-transform:var(--h2_typography-text-transform);--awb-caption-title-line-height:var(--h2_typography-line-height);--awb-caption-title-letter-spacing:var(--h2_typography-letter-spacing);\"><span class=\" fusion-imageframe imageframe-none imageframe-3 hover-type-none\"><img decoding=\"async\" width=\"700\" height=\"400\" alt=\"\u0395\u03bd\u03bf\u03b9\u03ba\u03af\u03b1\u03c3\u03b7 \u039c\u03b9\u03bd\u03b9\u03b2\u03b1\u03bd 7&amp;9 \u03b8\u03ad\u03c3\u03b5\u03c9\u03bd\" title=\"fiat32\" src=\"https:\/\/autogreece.eu\/wp-content\/uploads\/2025\/03\/fiat32.jpg\" data-orig-src=\"https:\/\/autogreece.eu\/wp-content\/uploads\/2025\/03\/fiat32.jpg\" class=\"lazyload img-responsive wp-image-10224\" srcset=\"data:image\/svg+xml,%3Csvg%20xmlns%3D%27http%3A%2F%2Fwww.w3.org%2F2000%2Fsvg%27%20width%3D%27700%27%20height%3D%27400%27%20viewBox%3D%270%200%20700%20400%27%3E%3Crect%20width%3D%27700%27%20height%3D%27400%27%20fill-opacity%3D%220%22%2F%3E%3C%2Fsvg%3E\" data-srcset=\"https:\/\/autogreece.eu\/wp-content\/uploads\/2025\/03\/fiat32-200x114.jpg 200w, https:\/\/autogreece.eu\/wp-content\/uploads\/2025\/03\/fiat32-400x229.jpg 400w, https:\/\/autogreece.eu\/wp-content\/uploads\/2025\/03\/fiat32-600x343.jpg 600w, https:\/\/autogreece.eu\/wp-content\/uploads\/2025\/03\/fiat32.jpg 700w\" data-sizes=\"auto\" data-orig-sizes=\"(max-width: 640px) 100vw, 700px\" \/><\/span><\/div><div class=\"fusion-text fusion-text-4\"><h3 style=\"text-align: center;\" data-start=\"2115\" data-end=\"2181\"><strong data-start=\"2119\" data-end=\"2179\">Location de Minivan avec <a href=\"https:\/\/autogreece.eu\/\">autoGReece<\/a> Car Rental \u2013 Simple et Rapide<\/strong><\/h3>\n<p data-start=\"2183\" data-end=\"2505\">Chez <strong data-start=\"2188\" data-end=\"2202\"><a href=\"https:\/\/autogreece.eu\/\">autoGReece<\/a> car rental<\/strong>, nous rendons la location de minivan 7&amp;9 places \u00e0 Thessalonique <strong data-start=\"2250\" data-end=\"2270\">simple et rapide<\/strong>. Vous choisissez le v\u00e9hicule qui correspond \u00e0 vos besoins, effectuez votre r\u00e9servation en ligne ou par t\u00e9l\u00e9phone, et r\u00e9cup\u00e9rez votre voiture <strong data-start=\"2402\" data-end=\"2502\">\u00e0 l&rsquo;a\u00e9roport de Mac\u00e9doine, \u00e0 la gare des KTEL, \u00e0 la gare ferroviaire ou au centre-ville<\/strong>.<\/p>\n<ul data-start=\"2507\" data-end=\"2829\">\n<li data-start=\"2507\" data-end=\"2578\"><strong data-start=\"2509\" data-end=\"2540\">Options de r\u00e9servation flexibles<\/strong> avec des prix abordables et des offres.<\/li>\n<li data-start=\"2579\" data-end=\"2664\"><strong data-start=\"2581\" data-end=\"2603\">Couverture d&rsquo;assurance<\/strong> et options d&rsquo;assurance compl\u00e8te pour conduire sans stress.<\/li>\n<li data-start=\"2665\" data-end=\"2737\"><strong data-start=\"2667\" data-end=\"2689\">Assistance routi\u00e8re 24\/7<\/strong>, pour que vous vous sentiez en s\u00e9curit\u00e9 lors de chaque trajet.<\/li>\n<li data-start=\"2738\" data-end=\"2829\"><strong data-start=\"2740\" data-end=\"2790\">V\u00e9hicules propres, modernes et bien entretenus<\/strong> offrant confort et fiabilit\u00e9.<\/li>\n<\/ul>\n<\/div><div class=\"fusion-image-element \" style=\"text-align:center;--awb-caption-title-font-family:var(--h2_typography-font-family);--awb-caption-title-font-weight:var(--h2_typography-font-weight);--awb-caption-title-font-style:var(--h2_typography-font-style);--awb-caption-title-size:var(--h2_typography-font-size);--awb-caption-title-transform:var(--h2_typography-text-transform);--awb-caption-title-line-height:var(--h2_typography-line-height);--awb-caption-title-letter-spacing:var(--h2_typography-letter-spacing);\"><span class=\" fusion-imageframe imageframe-none imageframe-4 hover-type-none\"><img decoding=\"async\" width=\"700\" height=\"400\" alt=\"\u0395\u03bd\u03bf\u03b9\u03ba\u03af\u03b1\u03c3\u03b7 \u039c\u03b9\u03bd\u03b9\u03b2\u03b1\u03bd 7&amp;9 \u03b8\u03ad\u03c3\u03b5\u03c9\u03bd\" title=\"vwvw112\" src=\"https:\/\/autogreece.eu\/wp-content\/uploads\/2025\/03\/vwvw112.jpg\" data-orig-src=\"https:\/\/autogreece.eu\/wp-content\/uploads\/2025\/03\/vwvw112.jpg\" class=\"lazyload img-responsive wp-image-10229\" srcset=\"data:image\/svg+xml,%3Csvg%20xmlns%3D%27http%3A%2F%2Fwww.w3.org%2F2000%2Fsvg%27%20width%3D%27700%27%20height%3D%27400%27%20viewBox%3D%270%200%20700%20400%27%3E%3Crect%20width%3D%27700%27%20height%3D%27400%27%20fill-opacity%3D%220%22%2F%3E%3C%2Fsvg%3E\" data-srcset=\"https:\/\/autogreece.eu\/wp-content\/uploads\/2025\/03\/vwvw112-200x114.jpg 200w, https:\/\/autogreece.eu\/wp-content\/uploads\/2025\/03\/vwvw112-400x229.jpg 400w, https:\/\/autogreece.eu\/wp-content\/uploads\/2025\/03\/vwvw112-600x343.jpg 600w, https:\/\/autogreece.eu\/wp-content\/uploads\/2025\/03\/vwvw112.jpg 700w\" data-sizes=\"auto\" data-orig-sizes=\"(max-width: 640px) 100vw, 700px\" \/><\/span><\/div><div class=\"fusion-text fusion-text-5\"><h3 style=\"text-align: center;\" data-start=\"2831\" data-end=\"2862\"><strong data-start=\"2835\" data-end=\"2860\">Comment Faire une R\u00e9servation<\/strong><\/h3>\n<p data-start=\"2864\" data-end=\"2925\">Le processus de location d&rsquo;un minivan est <strong data-start=\"2902\" data-end=\"2922\">simple et rapide<\/strong> :<\/p>\n<ol>\n<li data-start=\"2927\" data-end=\"3265\"><strong data-start=\"2931\" data-end=\"2961\">Choisissez le mod\u00e8le de minivan<\/strong> qui correspond \u00e0 vos besoins (7 ou 9 si\u00e8ges).<\/li>\n<li data-start=\"2927\" data-end=\"3265\"><strong data-start=\"3013\" data-end=\"3083\">D\u00e9finissez la date et le lieu de prise en charge et de restitution.<\/strong><\/li>\n<li data-start=\"2927\" data-end=\"3265\"><strong data-start=\"3090\" data-end=\"3120\">Renseignez vos coordonn\u00e9es<\/strong> et choisissez les services suppl\u00e9mentaires que vous souhaitez (GPS, si\u00e8ge enfant, etc.).<\/li>\n<li data-start=\"2927\" data-end=\"3265\"><strong data-start=\"3204\" data-end=\"3263\">Compl\u00e9tez votre r\u00e9servation et pr\u00e9parez-vous pour votre voyage !<\/strong><\/li>\n<\/ol>\n<\/div><div class=\"fusion-image-element \" style=\"text-align:center;--awb-caption-title-font-family:var(--h2_typography-font-family);--awb-caption-title-font-weight:var(--h2_typography-font-weight);--awb-caption-title-font-style:var(--h2_typography-font-style);--awb-caption-title-size:var(--h2_typography-font-size);--awb-caption-title-transform:var(--h2_typography-text-transform);--awb-caption-title-line-height:var(--h2_typography-line-height);--awb-caption-title-letter-spacing:var(--h2_typography-letter-spacing);\"><span class=\" fusion-imageframe imageframe-none imageframe-5 hover-type-none\"><img decoding=\"async\" width=\"700\" height=\"400\" alt=\"\u0395\u03bd\u03bf\u03b9\u03ba\u03af\u03b1\u03c3\u03b7 \u039c\u03b9\u03bd\u03b9\u03b2\u03b1\u03bd 7&amp;9 \u03b8\u03ad\u03c3\u03b5\u03c9\u03bd\" title=\"\u03b9\u03c6\u03bd\" src=\"https:\/\/autogreece.eu\/wp-content\/uploads\/2025\/03\/\u03b9\u03c6\u03bd.jpg\" data-orig-src=\"https:\/\/autogreece.eu\/wp-content\/uploads\/2025\/03\/\u03b9\u03c6\u03bd.jpg\" class=\"lazyload img-responsive wp-image-10234\" srcset=\"data:image\/svg+xml,%3Csvg%20xmlns%3D%27http%3A%2F%2Fwww.w3.org%2F2000%2Fsvg%27%20width%3D%27700%27%20height%3D%27400%27%20viewBox%3D%270%200%20700%20400%27%3E%3Crect%20width%3D%27700%27%20height%3D%27400%27%20fill-opacity%3D%220%22%2F%3E%3C%2Fsvg%3E\" data-srcset=\"https:\/\/autogreece.eu\/wp-content\/uploads\/2025\/03\/\u03b9\u03c6\u03bd-200x114.jpg 200w, https:\/\/autogreece.eu\/wp-content\/uploads\/2025\/03\/\u03b9\u03c6\u03bd-400x229.jpg 400w, https:\/\/autogreece.eu\/wp-content\/uploads\/2025\/03\/\u03b9\u03c6\u03bd-600x343.jpg 600w, https:\/\/autogreece.eu\/wp-content\/uploads\/2025\/03\/\u03b9\u03c6\u03bd.jpg 700w\" data-sizes=\"auto\" data-orig-sizes=\"(max-width: 640px) 100vw, 700px\" \/><\/span><\/div><div class=\"fusion-text fusion-text-6\"><h3 style=\"text-align: center;\" data-start=\"3267\" data-end=\"3307\"><strong data-start=\"3271\" data-end=\"3305\">Conduisez avec Confort et Libert\u00e9<\/strong><\/h3>\n<p data-start=\"3309\" data-end=\"3549\">Avec un minivan de <a href=\"https:\/\/autogreece.eu\/\"><strong data-start=\"3332\" data-end=\"3346\">autoGReece car rental,<\/strong><\/a> vous n&rsquo;avez pas \u00e0 vous soucier de vos d\u00e9placements. Vous profitez de votre voyage <strong data-start=\"3429\" data-end=\"3465\">avec confort, s\u00e9curit\u00e9 et libert\u00e9<\/strong>, ayant \u00e0 votre disposition un v\u00e9hicule fiable qui r\u00e9pond \u00e0 vos besoins.<\/p>\n<p data-start=\"3551\" data-end=\"3665\" data-is-last-node=\"\" data-is-only-node=\"\"><strong data-start=\"3551\" data-end=\"3665\" data-is-last-node=\"\">N&rsquo;attendez pas la derni\u00e8re minute \u2013 r\u00e9servez maintenant et vivez une exp\u00e9rience inoubliable \u00e0 Thessalonique !<\/strong><\/p>\n<\/div><\/div><\/div><\/div><\/div><div class=\"fusion-fullwidth fullwidth-box fusion-builder-row-2 fusion-flex-container has-pattern-background has-mask-background nonhundred-percent-fullwidth non-hundred-percent-height-scrolling\" style=\"--awb-border-radius-top-left:0px;--awb-border-radius-top-right:0px;--awb-border-radius-bottom-right:0px;--awb-border-radius-bottom-left:0px;--awb-padding-left:0px;--awb-margin-bottom:0px;--awb-flex-wrap:wrap;\" ><div class=\"fusion-builder-row fusion-row fusion-flex-align-items-flex-start fusion-flex-content-wrap\" style=\"max-width:1497.6px;margin-left: calc(-4% \/ 2 );margin-right: calc(-4% \/ 2 );\"><div class=\"fusion-layout-column fusion_builder_column fusion-builder-column-1 fusion_builder_column_1_1 1_1 fusion-flex-column\" style=\"--awb-bg-color:#e10707;--awb-bg-color-hover:#e10707;--awb-bg-size:cover;--awb-width-large:100%;--awb-margin-top-large:0px;--awb-spacing-right-large:1.92%;--awb-margin-bottom-large:-80px;--awb-spacing-left-large:1.92%;--awb-width-medium:100%;--awb-order-medium:0;--awb-spacing-right-medium:1.92%;--awb-spacing-left-medium:1.92%;--awb-width-small:100%;--awb-order-small:0;--awb-spacing-right-small:1.92%;--awb-spacing-left-small:1.92%;\"><div class=\"fusion-column-wrapper fusion-column-has-shadow fusion-flex-justify-content-flex-start fusion-content-layout-column\"><div class=\"fusion-text fusion-text-7\"><h2 style=\"text-align: center;\"><strong><span style=\"color: #ffffff;\">Demandez un devis !!<\/span><\/strong><\/h2>\n<\/div><\/div><\/div><\/div><\/div><div class=\"fusion-fullwidth fullwidth-box fusion-builder-row-3 fusion-flex-container has-pattern-background has-mask-background nonhundred-percent-fullwidth non-hundred-percent-height-scrolling\" style=\"--awb-border-radius-top-left:0px;--awb-border-radius-top-right:0px;--awb-border-radius-bottom-right:0px;--awb-border-radius-bottom-left:0px;--awb-padding-left:0px;--awb-margin-bottom:0px;--awb-background-color:#e10707;--awb-flex-wrap:wrap;\" ><div class=\"fusion-builder-row fusion-row fusion-flex-align-items-flex-start fusion-flex-content-wrap\" style=\"max-width:1497.6px;margin-left: calc(-4% \/ 2 );margin-right: calc(-4% \/ 2 );\"><div class=\"fusion-layout-column fusion_builder_column fusion-builder-column-2 fusion_builder_column_1_2 1_2 fusion-flex-column\" style=\"--awb-bg-size:cover;--awb-width-large:50%;--awb-margin-top-large:50px;--awb-spacing-right-large:3.84%;--awb-margin-bottom-large:20px;--awb-spacing-left-large:3.84%;--awb-width-medium:50%;--awb-order-medium:0;--awb-spacing-right-medium:3.84%;--awb-spacing-left-medium:3.84%;--awb-width-small:100%;--awb-order-small:0;--awb-spacing-right-small:1.92%;--awb-spacing-left-small:1.92%;\"><div class=\"fusion-column-wrapper fusion-column-has-shadow fusion-flex-justify-content-flex-start fusion-content-layout-column\"><div class=\"fusion-text fusion-text-8\"><h2 style=\"text-align: center;\"><strong><span style=\"color: #ffffff;\">T\u00e9l. de contact : +30 2310 254 031<\/span><\/strong><\/h2>\n<\/div><\/div><\/div><div class=\"fusion-layout-column fusion_builder_column fusion-builder-column-3 fusion_builder_column_1_2 1_2 fusion-flex-column\" style=\"--awb-bg-size:cover;--awb-width-large:50%;--awb-margin-top-large:50px;--awb-spacing-right-large:3.84%;--awb-margin-bottom-large:20px;--awb-spacing-left-large:3.84%;--awb-width-medium:50%;--awb-order-medium:0;--awb-spacing-right-medium:3.84%;--awb-spacing-left-medium:3.84%;--awb-width-small:100%;--awb-order-small:0;--awb-spacing-right-small:1.92%;--awb-spacing-left-small:1.92%;\"><div class=\"fusion-column-wrapper fusion-column-has-shadow fusion-flex-justify-content-flex-start fusion-content-layout-column\"><div class=\"fusion-text fusion-text-9\"><h2 style=\"text-align: center;\"><strong><span style=\"color: #ffffff;\">Email:info@autogreece.eu<\/span><\/strong><\/h2>\n<\/div><\/div><\/div><\/div><\/div><\/p>\n","protected":false},"excerpt":{"rendered":"","protected":false},"author":1,"featured_media":0,"parent":0,"menu_order":0,"comment_status":"closed","ping_status":"closed","template":"100-width.php","meta":{"footnotes":""},"class_list":["post-10256","page","type-page","status-publish","hentry"],"_links":{"self":[{"href":"https:\/\/autogreece.eu\/fr\/wp-json\/wp\/v2\/pages\/10256","targetHints":{"allow":["GET"]}}],"collection":[{"href":"https:\/\/autogreece.eu\/fr\/wp-json\/wp\/v2\/pages"}],"about":[{"href":"https:\/\/autogreece.eu\/fr\/wp-json\/wp\/v2\/types\/page"}],"author":[{"embeddable":true,"href":"https:\/\/autogreece.eu\/fr\/wp-json\/wp\/v2\/users\/1"}],"replies":[{"embeddable":true,"href":"https:\/\/autogreece.eu\/fr\/wp-json\/wp\/v2\/comments?post=10256"}],"version-history":[{"count":6,"href":"https:\/\/autogreece.eu\/fr\/wp-json\/wp\/v2\/pages\/10256\/revisions"}],"predecessor-version":[{"id":10401,"href":"https:\/\/autogreece.eu\/fr\/wp-json\/wp\/v2\/pages\/10256\/revisions\/10401"}],"wp:attachment":[{"href":"https:\/\/autogreece.eu\/fr\/wp-json\/wp\/v2\/media?parent=10256"}],"curies":[{"name":"wp","href":"https:\/\/api.w.org\/{rel}","templated":true}]}}