{"id":9899,"date":"2025-02-01T17:01:26","date_gmt":"2025-02-01T15:01:26","guid":{"rendered":"https:\/\/autogreece.eu\/?page_id=9899"},"modified":"2025-02-01T18:21:58","modified_gmt":"2025-02-01T16:21:58","slug":"autovermietung-ioannina","status":"publish","type":"page","link":"https:\/\/autogreece.eu\/de\/autovermietung-ioannina\/","title":{"rendered":"Autovermietung Ioannina"},"content":{"rendered":"<div class=\"fusion-fullwidth fullwidth-box fusion-builder-row-1 fusion-flex-container nonhundred-percent-fullwidth non-hundred-percent-height-scrolling\" style=\"--awb-border-radius-top-left:0px;--awb-border-radius-top-right:0px;--awb-border-radius-bottom-right:0px;--awb-border-radius-bottom-left:0px;--awb-flex-wrap:wrap;\" ><div class=\"fusion-builder-row fusion-row fusion-flex-align-items-flex-start fusion-flex-content-wrap\" style=\"max-width:1497.6px;margin-left: calc(-4% \/ 2 );margin-right: calc(-4% \/ 2 );\"><div class=\"fusion-layout-column fusion_builder_column fusion-builder-column-0 fusion_builder_column_1_1 1_1 fusion-flex-column\" style=\"--awb-bg-size:cover;--awb-width-large:100%;--awb-margin-top-large:0px;--awb-spacing-right-large:1.92%;--awb-margin-bottom-large:0px;--awb-spacing-left-large:1.92%;--awb-width-medium:100%;--awb-spacing-right-medium:1.92%;--awb-spacing-left-medium:1.92%;--awb-width-small:100%;--awb-spacing-right-small:1.92%;--awb-spacing-left-small:1.92%;\"><div class=\"fusion-column-wrapper fusion-flex-justify-content-flex-start fusion-content-layout-column\"><div class=\"fusion-image-element \" style=\"text-align:center;--awb-caption-title-font-family:var(--h2_typography-font-family);--awb-caption-title-font-weight:var(--h2_typography-font-weight);--awb-caption-title-font-style:var(--h2_typography-font-style);--awb-caption-title-size:var(--h2_typography-font-size);--awb-caption-title-transform:var(--h2_typography-text-transform);--awb-caption-title-line-height:var(--h2_typography-line-height);--awb-caption-title-letter-spacing:var(--h2_typography-letter-spacing);\"><span class=\" fusion-imageframe imageframe-none imageframe-1 hover-type-none\"><img decoding=\"async\" width=\"1200\" height=\"600\" alt=\"\u0395\u03bd\u03bf\u03b9\u03ba\u03af\u03b1\u03c3\u03b7 \u03b1\u03c5\u03c4\u03bf\u03ba\u03b9\u03bd\u03ae\u03c4\u03bf\u03c5 \u03a0\u03b1\u03be\u03bf\u03af\" title=\"\u03a0\u03b1\u03be\u03bf\u03cc\u03b9\" src=\"https:\/\/autogreece.eu\/wp-content\/uploads\/2025\/02\/\u03a0\u03b1\u03be\u03bf\u03cc\u03b9.jpg\" data-orig-src=\"https:\/\/autogreece.eu\/wp-content\/uploads\/2025\/02\/\u03a0\u03b1\u03be\u03bf\u03cc\u03b9.jpg\" class=\"lazyload img-responsive wp-image-9821\" srcset=\"data:image\/svg+xml,%3Csvg%20xmlns%3D%27http%3A%2F%2Fwww.w3.org%2F2000%2Fsvg%27%20width%3D%271200%27%20height%3D%27600%27%20viewBox%3D%270%200%201200%20600%27%3E%3Crect%20width%3D%271200%27%20height%3D%27600%27%20fill-opacity%3D%220%22%2F%3E%3C%2Fsvg%3E\" data-srcset=\"https:\/\/autogreece.eu\/wp-content\/uploads\/2025\/02\/\u03a0\u03b1\u03be\u03bf\u03cc\u03b9-200x100.jpg 200w, https:\/\/autogreece.eu\/wp-content\/uploads\/2025\/02\/\u03a0\u03b1\u03be\u03bf\u03cc\u03b9-400x200.jpg 400w, https:\/\/autogreece.eu\/wp-content\/uploads\/2025\/02\/\u03a0\u03b1\u03be\u03bf\u03cc\u03b9-600x300.jpg 600w, https:\/\/autogreece.eu\/wp-content\/uploads\/2025\/02\/\u03a0\u03b1\u03be\u03bf\u03cc\u03b9-800x400.jpg 800w, https:\/\/autogreece.eu\/wp-content\/uploads\/2025\/02\/\u03a0\u03b1\u03be\u03bf\u03cc\u03b9.jpg 1200w\" data-sizes=\"auto\" data-orig-sizes=\"(max-width: 640px) 100vw, 1200px\" \/><\/span><\/div><div class=\"fusion-text fusion-text-1\"><h1 style=\"text-align: center;\"><strong>Autovermietung f\u00fcr Ioannina, Parga, Syvota, Paxos &amp; Preveza von AutoGreece<\/strong><\/h1>\n<p>Epirus und Westgriechenland sind voller verborgener Sch\u00e4tze, einzigartiger Naturlandschaften und malerischer K\u00fcstenst\u00e4dte, die es zu entdecken gilt. Ziele wie Ioannina, Parga, Syvota, Paxos und Preveza bieten eine ideale Balance zwischen Geschichte, Natur und griechischer Gastfreundschaft. Mit der Autovermietung von AutoGreece k\u00f6nnen Sie jede Ecke dieser Regionen mit Komfort, Flexibilit\u00e4t und Sicherheit erkunden und Ihre Reise in vollen Z\u00fcgen genie\u00dfen.<\/p>\n<h3 style=\"text-align: center;\"><strong>Warum Sie sich f\u00fcr die Autovermietung in Ioannina, Parga und Syvota entscheiden sollten<\/strong><\/h3>\n<p>Die Autovermietung ist die beste M\u00f6glichkeit, Epirus und Preveza kennenzulernen, da sie Ihnen v\u00f6llige Bewegungsfreiheit bietet. Ein Auto erm\u00f6glicht es Ihnen, sowohl die historischen Monumente von Ioannina als auch die exotischen Str\u00e4nde von Syvota und Parga zu besuchen, ohne sich auf Fahrpl\u00e4ne \u00f6ffentlicher Verkehrsmittel beschr\u00e4nken zu m\u00fcssen.<\/p>\n<p>Hier sind einige Gr\u00fcnde, warum Sie sich f\u00fcr die Autovermietung in Ioannina und den umliegenden Gebieten entscheiden sollten:<\/p>\n<ul>\n<li>Unbegrenzte Erkundung \u2013 Entdecken Sie sowohl die Str\u00e4nde als auch die historischen Sehensw\u00fcrdigkeiten der Region mit v\u00f6lliger Freiheit.<\/li>\n<li>Komfort und Bequemlichkeit \u2013 Mit Ihrem Auto k\u00f6nnen Sie bequem reisen, ohne teure und schwierige Transportm\u00f6glichkeiten nutzen zu m\u00fcssen.<\/li>\n<li>Zugang zu abgelegenen Gebieten \u2013 Entdecken Sie kleine D\u00f6rfer, geheime Str\u00e4nde und Naturlandschaften, die anderweitig schwer zug\u00e4nglich sind.<\/li>\n<\/ul>\n<h3 style=\"text-align: center;\"><strong>Ioannina: Eine Stadt voller Geschichte und Tradition<\/strong><\/h3>\n<p>Ioannina, am Ufer des Pamvotida-Sees gelegen, ist eine Stadt mit starkem historischen Charakter und kulturellem Erbe. Mit der Autovermietung k\u00f6nnen Sie das Schloss von Ioannina, die Insel Kyra-Frosini, die Perama-H\u00f6hle besuchen und durch das alte Stadtzentrum spazieren, um einen lokalen Kaffee und gastronomische Spezialit\u00e4ten zu genie\u00dfen.<\/p>\n<h3 style=\"text-align: center;\"><strong>Parga: Ein Juwel im Ionischen Meer<\/strong><\/h3>\n<p>Parga ist eines der malerischsten K\u00fcstendestinationen Griechenlands. Ihre bunte Architektur, der magische Strand von Valtos, die Festung von Parga und der Strand von Lichnos sind nur einige der Sehensw\u00fcrdigkeiten, die Sie mit Ihrem Auto besuchen k\u00f6nnen. Mit der Autovermietung k\u00f6nnen Sie kleine Ausfl\u00fcge zu den nahegelegenen Str\u00e4nden und traditionellen D\u00f6rfern der Region machen.<\/p>\n<h3 style=\"text-align: center;\"><strong>Syvota: Die Karibik Griechenlands<\/strong><\/h3>\n<p>Syvota ist ein exotisches Ziel mit smaragdgr\u00fcnem Wasser und gr\u00fcnen Landschaften. Die Str\u00e4nde Bella Vraka, Pishina und Zavia sind \u00fcber kurze Autofahrten oder mit dem Boot erreichbar. Mit Ihrem Auto k\u00f6nnen Sie auch die umliegenden Gegenden wie Perdika und den Strand von Karavostasi erkunden, die ruhige und wundersch\u00f6ne Orte zur Entspannung bieten.<\/p>\n<\/div><div class=\"fusion-image-element \" style=\"--awb-caption-title-font-family:var(--h2_typography-font-family);--awb-caption-title-font-weight:var(--h2_typography-font-weight);--awb-caption-title-font-style:var(--h2_typography-font-style);--awb-caption-title-size:var(--h2_typography-font-size);--awb-caption-title-transform:var(--h2_typography-text-transform);--awb-caption-title-line-height:var(--h2_typography-line-height);--awb-caption-title-letter-spacing:var(--h2_typography-letter-spacing);\"><span class=\" fusion-imageframe imageframe-none imageframe-2 hover-type-none\"><img decoding=\"async\" width=\"1200\" height=\"600\" alt=\"\u0395\u03bd\u03bf\u03b9\u03ba\u03af\u03b1\u03c3\u03b7 \u03b1\u03c5\u03c4\u03bf\u03ba\u03b9\u03bd\u03ae\u03c4\u03bf\u03c5 \u03a0\u03c1\u03ad\u03b2\u03b5\u03b6\u03b1\" title=\"\u03c0\u03c1\u03b534\" src=\"https:\/\/autogreece.eu\/wp-content\/uploads\/2025\/02\/\u03c0\u03c1\u03b534.jpg\" data-orig-src=\"https:\/\/autogreece.eu\/wp-content\/uploads\/2025\/02\/\u03c0\u03c1\u03b534.jpg\" class=\"lazyload img-responsive wp-image-9826\" srcset=\"data:image\/svg+xml,%3Csvg%20xmlns%3D%27http%3A%2F%2Fwww.w3.org%2F2000%2Fsvg%27%20width%3D%271200%27%20height%3D%27600%27%20viewBox%3D%270%200%201200%20600%27%3E%3Crect%20width%3D%271200%27%20height%3D%27600%27%20fill-opacity%3D%220%22%2F%3E%3C%2Fsvg%3E\" data-srcset=\"https:\/\/autogreece.eu\/wp-content\/uploads\/2025\/02\/\u03c0\u03c1\u03b534-200x100.jpg 200w, https:\/\/autogreece.eu\/wp-content\/uploads\/2025\/02\/\u03c0\u03c1\u03b534-400x200.jpg 400w, https:\/\/autogreece.eu\/wp-content\/uploads\/2025\/02\/\u03c0\u03c1\u03b534-600x300.jpg 600w, https:\/\/autogreece.eu\/wp-content\/uploads\/2025\/02\/\u03c0\u03c1\u03b534-800x400.jpg 800w, https:\/\/autogreece.eu\/wp-content\/uploads\/2025\/02\/\u03c0\u03c1\u03b534.jpg 1200w\" data-sizes=\"auto\" data-orig-sizes=\"(max-width: 640px) 100vw, 1200px\" \/><\/span><\/div><div class=\"fusion-text fusion-text-2\"><h3 style=\"text-align: center;\"><strong>Paxos: Eine Exotische Insel<\/strong><\/h3>\n<p>Paxos ist eine kleine Insel im Ionischen Meer, ideal f\u00fcr Tagesausfl\u00fcge von Parga oder Syvota. Mit der Autovermietung k\u00f6nnen Sie den Hafen von Parga oder Igoumenitsa erreichen und von dort die F\u00e4hre nach Paxos nehmen. Verpassen Sie nicht, Gaios, Lakka und Longos sowie die Str\u00e4nde Voutoumi und Erimitis auf den Antipaxos zu besuchen.<\/p>\n<h3 style=\"text-align: center;\"><strong>Preveza: Die Kombination von Meer und Geschichte<\/strong><\/h3>\n<p>Preveza ist bekannt f\u00fcr ihre langen Str\u00e4nde, wie Monolithi, einen der gr\u00f6\u00dften Sandstr\u00e4nde Europas. Die Stadt hat eine reiche Geschichte mit arch\u00e4ologischen St\u00e4tten wie der antiken Nikopolis und dem Arch\u00e4ologischen Museum von Preveza. Dar\u00fcber hinaus ist die nahegelegene Region des Ambrakischen Golfs ein Paradies f\u00fcr Naturfreunde und Vogelbeobachter.<\/p>\n<h3 style=\"text-align: center;\"><strong>Welches Auto sollten Sie w\u00e4hlen?<\/strong><\/h3>\n<p>F\u00fcr ein komfortables und angenehmes Erlebnis ist es wichtig, das richtige Fahrzeug auszuw\u00e4hlen. Wenn Sie haupts\u00e4chlich in st\u00e4dtischen Gebieten unterwegs sind, ist ein kleines Auto ideal. Wenn Sie jedoch Str\u00e4nde und Bergstra\u00dfen besuchen m\u00f6chten, bietet ein SUV oder ein 4&#215;4 mehr Komfort und Sicherheit.<\/p>\n<ul>\n<li>Economy Autos \u2013 Ideal f\u00fcr Fahrten in der Stadt und kurze Strecken.<\/li>\n<li>SUV oder 4&#215;4 \u2013 Die perfekte Wahl f\u00fcr diejenigen, die bergige Regionen oder weniger zug\u00e4ngliche Str\u00e4nde erkunden m\u00f6chten.<\/li>\n<li>Familienautos \u2013 Wenn Sie mit der Familie oder in einer Gruppe reisen, bietet ein gr\u00f6\u00dferes Auto Komfort und Platz.<\/li>\n<\/ul>\n<h3 style=\"text-align: center;\"><strong>Fazit<\/strong><\/h3>\n<p>Die Autovermietung von AutoGreece erm\u00f6glicht es Ihnen, Epirus, Parga, Syvota, Paxos und Preveza mit absolutem Komfort und Flexibilit\u00e4t zu entdecken. Ob Sie traditionelle D\u00f6rfer erkunden oder an idyllischen Str\u00e4nden entspannen m\u00f6chten, Ihr Auto gibt Ihnen die Freiheit, das Erlebnis in vollen Z\u00fcgen zu genie\u00dfen. W\u00e4hlen Sie das richtige Fahrzeug und machen Sie sich bereit f\u00fcr eine unvergessliche Reise!<\/p>\n<\/div><\/div><\/div><\/div><\/div>\n","protected":false},"excerpt":{"rendered":"","protected":false},"author":1,"featured_media":0,"parent":0,"menu_order":0,"comment_status":"closed","ping_status":"closed","template":"100-width.php","meta":{"footnotes":""},"class_list":["post-9899","page","type-page","status-publish","hentry"],"_links":{"self":[{"href":"https:\/\/autogreece.eu\/de\/wp-json\/wp\/v2\/pages\/9899","targetHints":{"allow":["GET"]}}],"collection":[{"href":"https:\/\/autogreece.eu\/de\/wp-json\/wp\/v2\/pages"}],"about":[{"href":"https:\/\/autogreece.eu\/de\/wp-json\/wp\/v2\/types\/page"}],"author":[{"embeddable":true,"href":"https:\/\/autogreece.eu\/de\/wp-json\/wp\/v2\/users\/1"}],"replies":[{"embeddable":true,"href":"https:\/\/autogreece.eu\/de\/wp-json\/wp\/v2\/comments?post=9899"}],"version-history":[{"count":3,"href":"https:\/\/autogreece.eu\/de\/wp-json\/wp\/v2\/pages\/9899\/revisions"}],"predecessor-version":[{"id":9902,"href":"https:\/\/autogreece.eu\/de\/wp-json\/wp\/v2\/pages\/9899\/revisions\/9902"}],"wp:attachment":[{"href":"https:\/\/autogreece.eu\/de\/wp-json\/wp\/v2\/media?parent=9899"}],"curies":[{"name":"wp","href":"https:\/\/api.w.org\/{rel}","templated":true}]}}