{"id":9883,"date":"2025-02-01T16:45:01","date_gmt":"2025-02-01T14:45:01","guid":{"rendered":"https:\/\/autogreece.eu\/?page_id=9883"},"modified":"2025-02-01T18:13:38","modified_gmt":"2025-02-01T16:13:38","slug":"autovermietung-kavala","status":"publish","type":"page","link":"https:\/\/autogreece.eu\/de\/autovermietung-kavala\/","title":{"rendered":"Autovermietung Kavala"},"content":{"rendered":"<div class=\"fusion-fullwidth fullwidth-box fusion-builder-row-1 fusion-flex-container nonhundred-percent-fullwidth non-hundred-percent-height-scrolling\" style=\"--awb-border-radius-top-left:0px;--awb-border-radius-top-right:0px;--awb-border-radius-bottom-right:0px;--awb-border-radius-bottom-left:0px;--awb-flex-wrap:wrap;\" ><div class=\"fusion-builder-row fusion-row fusion-flex-align-items-flex-start fusion-flex-content-wrap\" style=\"max-width:1497.6px;margin-left: calc(-4% \/ 2 );margin-right: calc(-4% \/ 2 );\"><div class=\"fusion-layout-column fusion_builder_column fusion-builder-column-0 fusion_builder_column_1_1 1_1 fusion-flex-column\" style=\"--awb-bg-size:cover;--awb-width-large:100%;--awb-margin-top-large:0px;--awb-spacing-right-large:1.92%;--awb-margin-bottom-large:0px;--awb-spacing-left-large:1.92%;--awb-width-medium:100%;--awb-spacing-right-medium:1.92%;--awb-spacing-left-medium:1.92%;--awb-width-small:100%;--awb-spacing-right-small:1.92%;--awb-spacing-left-small:1.92%;\"><div class=\"fusion-column-wrapper fusion-flex-justify-content-flex-start fusion-content-layout-column\"><div class=\"fusion-image-element \" style=\"text-align:center;--awb-caption-title-font-family:var(--h2_typography-font-family);--awb-caption-title-font-weight:var(--h2_typography-font-weight);--awb-caption-title-font-style:var(--h2_typography-font-style);--awb-caption-title-size:var(--h2_typography-font-size);--awb-caption-title-transform:var(--h2_typography-text-transform);--awb-caption-title-line-height:var(--h2_typography-line-height);--awb-caption-title-letter-spacing:var(--h2_typography-letter-spacing);\"><span class=\" fusion-imageframe imageframe-none imageframe-1 hover-type-none\"><img decoding=\"async\" width=\"1200\" height=\"600\" alt=\"\u0395\u03bd\u03bf\u03b9\u03ba\u03af\u03b1\u03c3\u03b7 \u03b1\u03c5\u03c4\u03bf\u03ba\u03b9\u03bd\u03ae\u03c4\u03bf\u03c5 \u039a\u03b1\u03b2\u03ac\u03bb\u03b1\" title=\"\u039a\u03b1\u03b2\u03b1\u03bb\u03b1-\u03ba\u03b1\u03c3\" src=\"https:\/\/autogreece.eu\/wp-content\/uploads\/2025\/02\/\u039a\u03b1\u03b2\u03b1\u03bb\u03b1-\u03ba\u03b1\u03c3.jpg\" data-orig-src=\"https:\/\/autogreece.eu\/wp-content\/uploads\/2025\/02\/\u039a\u03b1\u03b2\u03b1\u03bb\u03b1-\u03ba\u03b1\u03c3.jpg\" class=\"lazyload img-responsive wp-image-9803\" srcset=\"data:image\/svg+xml,%3Csvg%20xmlns%3D%27http%3A%2F%2Fwww.w3.org%2F2000%2Fsvg%27%20width%3D%271200%27%20height%3D%27600%27%20viewBox%3D%270%200%201200%20600%27%3E%3Crect%20width%3D%271200%27%20height%3D%27600%27%20fill-opacity%3D%220%22%2F%3E%3C%2Fsvg%3E\" data-srcset=\"https:\/\/autogreece.eu\/wp-content\/uploads\/2025\/02\/\u039a\u03b1\u03b2\u03b1\u03bb\u03b1-\u03ba\u03b1\u03c3-200x100.jpg 200w, https:\/\/autogreece.eu\/wp-content\/uploads\/2025\/02\/\u039a\u03b1\u03b2\u03b1\u03bb\u03b1-\u03ba\u03b1\u03c3-400x200.jpg 400w, https:\/\/autogreece.eu\/wp-content\/uploads\/2025\/02\/\u039a\u03b1\u03b2\u03b1\u03bb\u03b1-\u03ba\u03b1\u03c3-600x300.jpg 600w, https:\/\/autogreece.eu\/wp-content\/uploads\/2025\/02\/\u039a\u03b1\u03b2\u03b1\u03bb\u03b1-\u03ba\u03b1\u03c3-800x400.jpg 800w, https:\/\/autogreece.eu\/wp-content\/uploads\/2025\/02\/\u039a\u03b1\u03b2\u03b1\u03bb\u03b1-\u03ba\u03b1\u03c3.jpg 1200w\" data-sizes=\"auto\" data-orig-sizes=\"(max-width: 640px) 100vw, 1200px\" \/><\/span><\/div><div class=\"fusion-text fusion-text-1\"><h1 style=\"text-align: center;\"><strong>Autovermietung f\u00fcr Kavala, Stavros, Vrasna, Asprovalta, Ammolofi und Kiani Akri von AutoGreece<\/strong><\/h1>\n<p>Nordgriechenland ist voller wundersch\u00f6ner K\u00fcstenregionen, malerischer D\u00f6rfer und gr\u00fcner Landschaften, und die Gegend rund um Kavala, Stavros, Vrasna, Asprovalta, Ammolofi und Kiani Akri ist eines der besten Reiseziele f\u00fcr einen Urlaub voller nat\u00fcrlicher Sch\u00f6nheit und echter griechischer Gastfreundschaft. Mit einem Mietwagen von AutoGreece k\u00f6nnen Sie die Region mit Komfort und Freiheit erkunden und jede Ecke von Nordgriechenland auf die angenehmste Weise genie\u00dfen.<\/p>\n<h3 style=\"text-align: center;\"><strong>Warum Sie sich f\u00fcr eine Autoanmietung in der Region Kavala, Stavros und Vrasna entscheiden sollten<\/strong><\/h3>\n<p>Die Anmietung eines Autos in Kavala, Stavros, Vrasna und den umliegenden Gebieten erm\u00f6glicht es Ihnen, Ihre Reise ohne Einschr\u00e4nkungen und mit v\u00f6lliger Flexibilit\u00e4t zu genie\u00dfen. Die Fahrt von Thessaloniki oder anderen nahegelegenen Gebieten er\u00f6ffnet viele M\u00f6glichkeiten, Landschaften, D\u00f6rfer und Str\u00e4nde zu erkunden, die einzigartige Erlebnisse bieten, genau so, wie Sie es sich vorgestellt haben. Mit Ihrem Auto k\u00f6nnen Sie die nat\u00fcrliche Sch\u00f6nheit der Region entdecken und Fahrten durch idyllische Landschaften, saubere K\u00fcstenstra\u00dfen und malerische D\u00f6rfer genie\u00dfen.<\/p>\n<h3 style=\"text-align: center;\"><strong>Erkundung von Kavala<\/strong><\/h3>\n<p>Kavala, eine der sch\u00f6nsten St\u00e4dte Nordgriechenlands, ist bekannt f\u00fcr ihre reiche Geschichte, ihre wundersch\u00f6nen Str\u00e4nde und ihren malerischen Hafen. Sehensw\u00fcrdigkeiten wie die Festung von Kavala, das antike Makri, das Arch\u00e4ologische Museum von Kavala und die Str\u00e4nde der Stadt, wie der Strand von Kavala und der Strand von Mesogeia, bieten einzigartige Erlebnisse f\u00fcr alle Besucher. Mit einem Mietwagen von AutoGreece k\u00f6nnen Sie die Stadt und die umliegenden K\u00fcstend\u00f6rfer mit Komfort und Leichtigkeit erkunden.<\/p>\n<h3 style=\"text-align: center;\"><strong>Stavros und Vrasna: Ideal f\u00fcr Entspannung und Entdeckung<\/strong><\/h3>\n<p>Die Region von Stavros und Vrasna kombiniert Ruhe mit der Sch\u00f6nheit der Natur. Stavros ist bekannt f\u00fcr seine ruhige Atmosph\u00e4re und seine sch\u00f6nen Str\u00e4nde, die ideal zum Schwimmen und Entspannen sind. Vrasna ist ebenfalls ein Ziel mit traditioneller griechischer Atmosph\u00e4re, sch\u00f6nen D\u00f6rfern und unber\u00fchrter Natur. Hier k\u00f6nnen Sie die lokale Kultur genie\u00dfen, traditionelle Tavernen besuchen und die wundersch\u00f6nen K\u00fcsten genie\u00dfen. Die Anmietung eines Autos erm\u00f6glicht es Ihnen, die Region zu erkunden und versteckte Str\u00e4nde und Landschaften zu entdecken, die Sie mit \u00f6ffentlichen Verkehrsmitteln nur schwer erreichen w\u00fcrden.<\/p>\n<h3 style=\"text-align: center;\"><strong>Asprovalta und Ammolofi: Der Sommer im Herzen der Natur<\/strong><\/h3>\n<p>Asprovalta und Ammolofi sind zwei der beliebtesten K\u00fcstendestinationen in der Region. Ihre wundersch\u00f6nen Str\u00e4nde mit Sand und klarem Wasser sind ideal f\u00fcr Familien und Paare, die entspannende Ferien verbringen m\u00f6chten. Wenn Sie gerne in der Natur spazieren gehen oder im kristallklaren Wasser schwimmen, gibt Ihnen Ihr Auto die Freiheit, nicht nur die Str\u00e4nde, sondern auch die nahegelegenen Siedlungen und die herrliche Natur dieser Gebiete zu entdecken. Bemerkenswert ist, dass die Region auch gro\u00dfartige Restaurants und traditionelle Tavernen mit frischen Meeresfr\u00fcchten und lokalen Spezialit\u00e4ten bietet.<\/p>\n<\/div><div class=\"fusion-image-element \" style=\"text-align:center;--awb-caption-title-font-family:var(--h2_typography-font-family);--awb-caption-title-font-weight:var(--h2_typography-font-weight);--awb-caption-title-font-style:var(--h2_typography-font-style);--awb-caption-title-size:var(--h2_typography-font-size);--awb-caption-title-transform:var(--h2_typography-text-transform);--awb-caption-title-line-height:var(--h2_typography-line-height);--awb-caption-title-letter-spacing:var(--h2_typography-letter-spacing);\"><span class=\" fusion-imageframe imageframe-none imageframe-2 hover-type-none\"><img decoding=\"async\" width=\"1200\" height=\"600\" alt=\"\u0395\u03bd\u03bf\u03b9\u03ba\u03af\u03b1\u03c3\u03b7 \u03b1\u03c5\u03c4\u03bf\u03ba\u03b9\u03bd\u03ae\u03c4\u03bf\u03c5 \u039a\u03b1\u03b2\u03ac\u03bb\u03b1\" title=\"kasta\" src=\"https:\/\/autogreece.eu\/wp-content\/uploads\/2025\/02\/kasta.jpg\" data-orig-src=\"https:\/\/autogreece.eu\/wp-content\/uploads\/2025\/02\/kasta.jpg\" class=\"lazyload img-responsive wp-image-9808\" srcset=\"data:image\/svg+xml,%3Csvg%20xmlns%3D%27http%3A%2F%2Fwww.w3.org%2F2000%2Fsvg%27%20width%3D%271200%27%20height%3D%27600%27%20viewBox%3D%270%200%201200%20600%27%3E%3Crect%20width%3D%271200%27%20height%3D%27600%27%20fill-opacity%3D%220%22%2F%3E%3C%2Fsvg%3E\" data-srcset=\"https:\/\/autogreece.eu\/wp-content\/uploads\/2025\/02\/kasta-200x100.jpg 200w, https:\/\/autogreece.eu\/wp-content\/uploads\/2025\/02\/kasta-400x200.jpg 400w, https:\/\/autogreece.eu\/wp-content\/uploads\/2025\/02\/kasta-600x300.jpg 600w, https:\/\/autogreece.eu\/wp-content\/uploads\/2025\/02\/kasta-800x400.jpg 800w, https:\/\/autogreece.eu\/wp-content\/uploads\/2025\/02\/kasta.jpg 1200w\" data-sizes=\"auto\" data-orig-sizes=\"(max-width: 640px) 100vw, 1200px\" \/><\/span><\/div><div class=\"fusion-text fusion-text-2\"><h3 style=\"text-align: center;\"><strong>Kiani Akri: Eine Ruhige Flucht in die Natur<\/strong><\/h3>\n<p>Kiani Akri ist ein ausgezeichneter Zielort f\u00fcr diejenigen, die Ruhe und Kontakt mit der Natur suchen. Der Strand von Kiani Akri ist ein ruhiger und abgelegener Ort, ideal zum Entspannen und Schwimmen ohne Menschenmengen. Dar\u00fcber hinaus bietet die Gegend rund um Kiani Akri wundersch\u00f6ne Wanderwege und malerische Strecken, die es wert sind, mit Ihrem Auto entdeckt zu werden.<\/p>\n<h3 style=\"text-align: center;\"><strong>Wie Sie das Richtige Fahrzeug W\u00e4hlen<\/strong><\/h3>\n<p>AutoGreece bietet eine Vielzahl von Fahrzeugen, die Ihre Reisebed\u00fcrfnisse abdecken. Wenn Sie K\u00fcstengebiete und kleine D\u00f6rfer erkunden m\u00f6chten, k\u00f6nnte ein kleines und flexibles Auto die beste Wahl sein. Wenn Sie jedoch abgelegene und bergige Gegenden wie Ammolofi oder Kiani Akri bereisen m\u00f6chten, bietet Ihnen ein 4&#215;4 SUV den n\u00f6tigen Komfort und die Sicherheit, um die Sch\u00f6nheiten der Region zu entdecken.<\/p>\n<h3 style=\"text-align: center;\"><strong>Fazit<\/strong><\/h3>\n<p>Die Anmietung eines Autos f\u00fcr das Gebiet von Kavala, Stavros, Vrasna, Asprovalta, Ammolofi und Kiani Akri von AutoGreece ist die perfekte Wahl, um die nat\u00fcrliche Sch\u00f6nheit und Traditionen Nordgriechenlands zu entdecken. Genie\u00dfen Sie die Freiheit, diese charmante Region mit Komfort und Leichtigkeit zu erkunden und machen Sie Ihre Reise unvergesslich.<\/p>\n<\/div><\/div><\/div><\/div><\/div>\n","protected":false},"excerpt":{"rendered":"","protected":false},"author":1,"featured_media":0,"parent":0,"menu_order":0,"comment_status":"closed","ping_status":"closed","template":"100-width.php","meta":{"footnotes":""},"class_list":["post-9883","page","type-page","status-publish","hentry"],"_links":{"self":[{"href":"https:\/\/autogreece.eu\/de\/wp-json\/wp\/v2\/pages\/9883","targetHints":{"allow":["GET"]}}],"collection":[{"href":"https:\/\/autogreece.eu\/de\/wp-json\/wp\/v2\/pages"}],"about":[{"href":"https:\/\/autogreece.eu\/de\/wp-json\/wp\/v2\/types\/page"}],"author":[{"embeddable":true,"href":"https:\/\/autogreece.eu\/de\/wp-json\/wp\/v2\/users\/1"}],"replies":[{"embeddable":true,"href":"https:\/\/autogreece.eu\/de\/wp-json\/wp\/v2\/comments?post=9883"}],"version-history":[{"count":3,"href":"https:\/\/autogreece.eu\/de\/wp-json\/wp\/v2\/pages\/9883\/revisions"}],"predecessor-version":[{"id":9886,"href":"https:\/\/autogreece.eu\/de\/wp-json\/wp\/v2\/pages\/9883\/revisions\/9886"}],"wp:attachment":[{"href":"https:\/\/autogreece.eu\/de\/wp-json\/wp\/v2\/media?parent=9883"}],"curies":[{"name":"wp","href":"https:\/\/api.w.org\/{rel}","templated":true}]}}