{"id":9866,"date":"2025-02-01T16:33:41","date_gmt":"2025-02-01T14:33:41","guid":{"rendered":"https:\/\/autogreece.eu\/?page_id=9866"},"modified":"2025-02-01T18:02:18","modified_gmt":"2025-02-01T16:02:18","slug":"autovermietung-chalkidiki","status":"publish","type":"page","link":"https:\/\/autogreece.eu\/de\/autovermietung-chalkidiki\/","title":{"rendered":"Autovermietung Chalkidiki"},"content":{"rendered":"<div class=\"fusion-fullwidth fullwidth-box fusion-builder-row-1 fusion-flex-container nonhundred-percent-fullwidth non-hundred-percent-height-scrolling\" style=\"--awb-border-radius-top-left:0px;--awb-border-radius-top-right:0px;--awb-border-radius-bottom-right:0px;--awb-border-radius-bottom-left:0px;--awb-flex-wrap:wrap;\" ><div class=\"fusion-builder-row fusion-row fusion-flex-align-items-flex-start fusion-flex-content-wrap\" style=\"max-width:1497.6px;margin-left: calc(-4% \/ 2 );margin-right: calc(-4% \/ 2 );\"><div class=\"fusion-layout-column fusion_builder_column fusion-builder-column-0 fusion_builder_column_1_1 1_1 fusion-flex-column\" style=\"--awb-bg-size:cover;--awb-width-large:100%;--awb-margin-top-large:0px;--awb-spacing-right-large:1.92%;--awb-margin-bottom-large:0px;--awb-spacing-left-large:1.92%;--awb-width-medium:100%;--awb-spacing-right-medium:1.92%;--awb-spacing-left-medium:1.92%;--awb-width-small:100%;--awb-spacing-right-small:1.92%;--awb-spacing-left-small:1.92%;\"><div class=\"fusion-column-wrapper fusion-flex-justify-content-flex-start fusion-content-layout-column\"><div class=\"fusion-image-element \" style=\"text-align:center;--awb-caption-title-font-family:var(--h2_typography-font-family);--awb-caption-title-font-weight:var(--h2_typography-font-weight);--awb-caption-title-font-style:var(--h2_typography-font-style);--awb-caption-title-size:var(--h2_typography-font-size);--awb-caption-title-transform:var(--h2_typography-text-transform);--awb-caption-title-line-height:var(--h2_typography-line-height);--awb-caption-title-letter-spacing:var(--h2_typography-letter-spacing);\"><span class=\" fusion-imageframe imageframe-none imageframe-1 hover-type-none\"><img decoding=\"async\" width=\"1200\" height=\"600\" alt=\"\u0395\u03bd\u03bf\u03b9\u03ba\u03af\u03b1\u03c3\u03b7 \u03b1\u03c5\u03c4\u03bf\u03ba\u03b9\u03bd\u03ae\u03c4\u03bf\u03c5 \u03a7\u03b1\u03bb\u03ba\u03b9\u03b4\u03b9\u03ba\u03ae\" title=\"\u03a7\u03913\" src=\"https:\/\/autogreece.eu\/wp-content\/uploads\/2025\/02\/\u03a7\u03913.jpg\" data-orig-src=\"https:\/\/autogreece.eu\/wp-content\/uploads\/2025\/02\/\u03a7\u03913.jpg\" class=\"lazyload img-responsive wp-image-9784\" srcset=\"data:image\/svg+xml,%3Csvg%20xmlns%3D%27http%3A%2F%2Fwww.w3.org%2F2000%2Fsvg%27%20width%3D%271200%27%20height%3D%27600%27%20viewBox%3D%270%200%201200%20600%27%3E%3Crect%20width%3D%271200%27%20height%3D%27600%27%20fill-opacity%3D%220%22%2F%3E%3C%2Fsvg%3E\" data-srcset=\"https:\/\/autogreece.eu\/wp-content\/uploads\/2025\/02\/\u03a7\u03913-200x100.jpg 200w, https:\/\/autogreece.eu\/wp-content\/uploads\/2025\/02\/\u03a7\u03913-400x200.jpg 400w, https:\/\/autogreece.eu\/wp-content\/uploads\/2025\/02\/\u03a7\u03913-600x300.jpg 600w, https:\/\/autogreece.eu\/wp-content\/uploads\/2025\/02\/\u03a7\u03913-800x400.jpg 800w, https:\/\/autogreece.eu\/wp-content\/uploads\/2025\/02\/\u03a7\u03913.jpg 1200w\" data-sizes=\"auto\" data-orig-sizes=\"(max-width: 640px) 100vw, 1200px\" \/><\/span><\/div><div class=\"fusion-text fusion-text-1\"><h1 style=\"text-align: center;\"><strong>Autovermietung in Thessaloniki mit AutoGreece f\u00fcr eine Reise nach Chalkidiki<\/strong><\/h1>\n<p>Chalkidiki, eines der beliebtesten Reiseziele in Griechenland, vereint nat\u00fcrliche Sch\u00f6nheit, wundersch\u00f6ne Str\u00e4nde und eine einzigartige Kultur und ist somit ideal f\u00fcr jede Art von Reise. Von goldenen Sandstr\u00e4nden und kristallklarem Wasser bis hin zu traditionellen D\u00f6rfern und einzigartigen Landschaften bietet Chalkidiki eine Vielzahl von Erlebnissen f\u00fcr alle Besucher. Die Autovermietung in Chalkidiki mit AutoGreece gibt Ihnen die Freiheit, die Region bequem und einfach zu erkunden \u2013 beginnend in Thessaloniki und weiter zu den drei ber\u00fchmten Landzungen der Chalkidiki.<\/p>\n<h3 style=\"text-align: center;\"><strong>Warum ein Auto in Chalkidiki mieten?<\/strong><\/h3>\n<p>Chalkidiki l\u00e4sst sich am besten erkunden, wenn Sie sich frei und bequem fortbewegen k\u00f6nnen. Die Autovermietung in Chalkidiki erm\u00f6glicht es Ihnen, die versteckten Juwelen der Region zu entdecken und Orte zu besuchen, die mit \u00f6ffentlichen Verkehrsmitteln nicht immer erreichbar sind. Bei AutoGreece k\u00f6nnen Sie das passende Fahrzeug mieten \u2013 sei es ein kompaktes Auto f\u00fcr eine einfache Fahrt durch die K\u00fcstend\u00f6rfer oder ein SUV 4&#215;4 f\u00fcr Erkundungen in den abgelegenen Gebieten von Chalkidiki.<br \/>\nThessaloniki ist der ideale Ausgangspunkt f\u00fcr Ihre Reise nach Chalkidiki. Sobald Sie in der Stadt ankommen, bietet Ihnen AutoGreece die M\u00f6glichkeit, das Auto Ihrer Wahl zu mieten und Ihre Reise zu den drei Halbinseln von Chalkidiki zu beginnen: Kassandra (erste Halbinsel), Sithonia (zweite Halbinsel) und Athos (dritte Halbinsel).<\/p>\n<h3 style=\"text-align: center;\"><strong>Entdeckung von Kassandra<\/strong><\/h3>\n<p>Kassandra, die erste Halbinsel von Chalkidiki, ist das touristischste und kosmopolitischste Gebiet der Region. Mit wundersch\u00f6nen Str\u00e4nden, stilvollen Resorts und malerischen K\u00fcstend\u00f6rfern ist sie das ideale Reiseziel f\u00fcr diejenigen, die Entspannung mit Unterhaltung verbinden m\u00f6chten. D\u00f6rfer wie Kallithea, Hanioti und Nea Skioni bieten zahlreiche M\u00f6glichkeiten f\u00fcr Unterk\u00fcnfte, Restaurants und Nachtleben. Mit einem Mietwagen von AutoGreece k\u00f6nnen Sie diese D\u00f6rfer besuchen und die abgelegenen Str\u00e4nde von Kassandra erkunden, wie den Strand von Fourka und den Strand von Kryopigi.<\/p>\n<h3 style=\"text-align: center;\"><strong>Erkundung von Sithonia<\/strong><\/h3>\n<p>Die zweite Halbinsel, Sithonia, ist ruhiger und nat\u00fcrlicher, mit atemberaubenden Str\u00e4nden und D\u00f6rfern, die ihren traditionellen Charme bewahren. Sithonia ist ideal f\u00fcr eine Erkundung mit dem Auto, da es viele versteckte Str\u00e4nde und beeindruckende Naturlandschaften gibt, wie Porto Koufo, den Strand von Kavourotrypes und den Strand von Toroni. Sie k\u00f6nnen auch das traditionelle Dorf Arnaia besuchen, das einen Einblick in das lokale Leben und die Traditionen bietet. Mit einem Mietwagen k\u00f6nnen Sie die wilde Sch\u00f6nheit von Sithonia entdecken und die Ruhe abseits der Menschenmassen genie\u00dfen.<\/p>\n<\/div><div class=\"fusion-image-element \" style=\"text-align:center;--awb-caption-title-font-family:var(--h2_typography-font-family);--awb-caption-title-font-weight:var(--h2_typography-font-weight);--awb-caption-title-font-style:var(--h2_typography-font-style);--awb-caption-title-size:var(--h2_typography-font-size);--awb-caption-title-transform:var(--h2_typography-text-transform);--awb-caption-title-line-height:var(--h2_typography-line-height);--awb-caption-title-letter-spacing:var(--h2_typography-letter-spacing);\"><span class=\" fusion-imageframe imageframe-none imageframe-2 hover-type-none\"><img decoding=\"async\" width=\"1200\" height=\"600\" alt=\"\u0395\u03bd\u03bf\u03b9\u03ba\u03af\u03b1\u03c3\u03b7 \u03b1\u03c5\u03c4\u03bf\u03ba\u03b9\u03bd\u03ae\u03c4\u03bf\u03c5 \u03c3\u03c4\u03b7 \u0398\u03b5\u03c3\u03c3\u03b1\u03bb\u03bf\u03bd\u03af\u03ba\u03b7\" title=\"\u03a7\u03b1\u03bb\u03ba\u03b4\u03b9\u03b1\u03c3\" src=\"https:\/\/autogreece.eu\/wp-content\/uploads\/2025\/02\/\u03a7\u03b1\u03bb\u03ba\u03b4\u03b9\u03b1\u03c3.jpg\" data-orig-src=\"https:\/\/autogreece.eu\/wp-content\/uploads\/2025\/02\/\u03a7\u03b1\u03bb\u03ba\u03b4\u03b9\u03b1\u03c3.jpg\" class=\"lazyload img-responsive wp-image-9789\" srcset=\"data:image\/svg+xml,%3Csvg%20xmlns%3D%27http%3A%2F%2Fwww.w3.org%2F2000%2Fsvg%27%20width%3D%271200%27%20height%3D%27600%27%20viewBox%3D%270%200%201200%20600%27%3E%3Crect%20width%3D%271200%27%20height%3D%27600%27%20fill-opacity%3D%220%22%2F%3E%3C%2Fsvg%3E\" data-srcset=\"https:\/\/autogreece.eu\/wp-content\/uploads\/2025\/02\/\u03a7\u03b1\u03bb\u03ba\u03b4\u03b9\u03b1\u03c3-200x100.jpg 200w, https:\/\/autogreece.eu\/wp-content\/uploads\/2025\/02\/\u03a7\u03b1\u03bb\u03ba\u03b4\u03b9\u03b1\u03c3-400x200.jpg 400w, https:\/\/autogreece.eu\/wp-content\/uploads\/2025\/02\/\u03a7\u03b1\u03bb\u03ba\u03b4\u03b9\u03b1\u03c3-600x300.jpg 600w, https:\/\/autogreece.eu\/wp-content\/uploads\/2025\/02\/\u03a7\u03b1\u03bb\u03ba\u03b4\u03b9\u03b1\u03c3-800x400.jpg 800w, https:\/\/autogreece.eu\/wp-content\/uploads\/2025\/02\/\u03a7\u03b1\u03bb\u03ba\u03b4\u03b9\u03b1\u03c3.jpg 1200w\" data-sizes=\"auto\" data-orig-sizes=\"(max-width: 640px) 100vw, 1200px\" \/><\/span><\/div><div class=\"fusion-text fusion-text-2\"><h3 style=\"text-align: center;\"><strong>Die Sch\u00f6nheit des Athos<\/strong><\/h3>\n<p>Die dritte Halbinsel von Chalkidiki, Athos, ist die ruhigste und abgelegenste der drei Halbinseln, ber\u00fchmt f\u00fcr den heiligen Berg Athos und seine monastischen Gemeinschaften. Hier k\u00f6nnen Sie eine andere Seite von Chalkidiki erleben, indem Sie die kleinen K\u00fcstend\u00f6rfer und die beeindruckende Natur erkunden. Wenn Sie ein Naturliebhaber und an Geschichte interessiert sind, erm\u00f6glicht Ihnen die Autovermietung, Orte wie den Drax Forest zu besuchen und die einzigartige Sch\u00f6nheit der Landschaften rund um den Berg Athos zu bewundern. Bemerkenswert ist, dass die Region mehrere Str\u00e4nde bietet, die sich f\u00fcr ein ruhiges Bad eignen, wie der Strand von Naoussa und das K\u00fcstendorf Ouranoupolis, wo Sie lokale Gerichte und traditionelle K\u00f6stlichkeiten genie\u00dfen k\u00f6nnen.<\/p>\n<h3 style=\"text-align: center;\"><strong>Wie w\u00e4hlt man das passende Fahrzeug?<\/strong><\/h3>\n<p>Je nach Ihren Bed\u00fcrfnissen bietet AutoGreece eine breite Auswahl an Fahrzeugen, die allen Anforderungen gerecht werden \u2013 von kompakten Autos f\u00fcr bequeme Fahrten in den K\u00fcstengebieten bis hin zu SUVs und 4&#215;4-Fahrzeugen f\u00fcr schwierigere Strecken in den Bergen und Wanderwegen von Chalkidiki. Wenn Sie mit Ihrer Familie oder Freunden reisen, ist ein gr\u00f6\u00dferes Auto oder ein Minivan die ideale Wahl, um w\u00e4hrend Ihrer Fahrten Komfort zu genie\u00dfen.<\/p>\n<h3 style=\"text-align: center;\"><strong>Fazit<\/strong><\/h3>\n<p>Die Autovermietung in Chalkidiki bei AutoGreece ist die beste Wahl, um das Chalkidiki-Erlebnis in vollen Z\u00fcgen zu genie\u00dfen und die Sch\u00f6nheit der drei Halbinseln der Region komfortabel und einfach zu entdecken. Ob Sie die erste Halbinsel mit ihren kosmopolitischen Str\u00e4nden w\u00e4hlen, die ruhige Sch\u00f6nheit von Sithonia bevorzugen oder die abgelegene Magie von Athos genie\u00dfen, die Autovermietung erm\u00f6glicht es Ihnen, die Region auf die beste Art und Weise zu erkunden.<\/p>\n<\/div><\/div><\/div><\/div><\/div>\n","protected":false},"excerpt":{"rendered":"","protected":false},"author":1,"featured_media":0,"parent":0,"menu_order":0,"comment_status":"closed","ping_status":"closed","template":"100-width.php","meta":{"footnotes":""},"class_list":["post-9866","page","type-page","status-publish","hentry"],"_links":{"self":[{"href":"https:\/\/autogreece.eu\/de\/wp-json\/wp\/v2\/pages\/9866","targetHints":{"allow":["GET"]}}],"collection":[{"href":"https:\/\/autogreece.eu\/de\/wp-json\/wp\/v2\/pages"}],"about":[{"href":"https:\/\/autogreece.eu\/de\/wp-json\/wp\/v2\/types\/page"}],"author":[{"embeddable":true,"href":"https:\/\/autogreece.eu\/de\/wp-json\/wp\/v2\/users\/1"}],"replies":[{"embeddable":true,"href":"https:\/\/autogreece.eu\/de\/wp-json\/wp\/v2\/comments?post=9866"}],"version-history":[{"count":3,"href":"https:\/\/autogreece.eu\/de\/wp-json\/wp\/v2\/pages\/9866\/revisions"}],"predecessor-version":[{"id":9869,"href":"https:\/\/autogreece.eu\/de\/wp-json\/wp\/v2\/pages\/9866\/revisions\/9869"}],"wp:attachment":[{"href":"https:\/\/autogreece.eu\/de\/wp-json\/wp\/v2\/media?parent=9866"}],"curies":[{"name":"wp","href":"https:\/\/api.w.org\/{rel}","templated":true}]}}