{"id":9473,"date":"2023-02-02T20:30:38","date_gmt":"2023-02-02T18:30:38","guid":{"rendered":"https:\/\/autogreece.eu\/?page_id=9473"},"modified":"2024-11-24T18:35:35","modified_gmt":"2024-11-24T16:35:35","slug":"%ce%b5%ce%bd%ce%bf%ce%b9%ce%ba%ce%b9%ce%b1%cf%83%ce%b7-%ce%b1%cf%85%cf%84%ce%bf%ce%ba%ce%b9%ce%bd%ce%b7%cf%84%cf%85%ce%bf-%ce%b8%ce%b5%cf%83%cf%83%ce%b1%ce%bb%ce%bf%ce%bd%ce%b9%ce%ba%ce%b7-germ","status":"publish","type":"page","link":"https:\/\/autogreece.eu\/de\/%ce%b5%ce%bd%ce%bf%ce%b9%ce%ba%ce%b9%ce%b1%cf%83%ce%b7-%ce%b1%cf%85%cf%84%ce%bf%ce%ba%ce%b9%ce%bd%ce%b7%cf%84%cf%85%ce%bf-%ce%b8%ce%b5%cf%83%cf%83%ce%b1%ce%bb%ce%bf%ce%bd%ce%b9%ce%ba%ce%b7-germ\/","title":{"rendered":"\u03b5\u03bd\u03bf\u03b9\u03ba\u03b9\u03b1\u03c3\u03b7 \u03b1\u03c5\u03c4\u03bf\u03ba\u03b9\u03bd\u03b7\u03c4\u03c5\u03bf \u03b8\u03b5\u03c3\u03c3\u03b1\u03bb\u03bf\u03bd\u03b9\u03ba\u03b7 germ"},"content":{"rendered":"<div class=\"fusion-fullwidth fullwidth-box fusion-builder-row-1 fusion-flex-container has-pattern-background has-mask-background nonhundred-percent-fullwidth non-hundred-percent-height-scrolling\" style=\"--awb-border-radius-top-left:0px;--awb-border-radius-top-right:0px;--awb-border-radius-bottom-right:0px;--awb-border-radius-bottom-left:0px;--awb-flex-wrap:wrap;\" ><div class=\"fusion-builder-row fusion-row fusion-flex-align-items-flex-start fusion-flex-content-wrap\" style=\"max-width:1497.6px;margin-left: calc(-4% \/ 2 );margin-right: calc(-4% \/ 2 );\"><div class=\"fusion-layout-column fusion_builder_column fusion-builder-column-0 fusion_builder_column_1_1 1_1 fusion-flex-column\" style=\"--awb-bg-size:cover;--awb-width-large:100%;--awb-margin-top-large:130px;--awb-spacing-right-large:1.92%;--awb-margin-bottom-large:20px;--awb-spacing-left-large:1.92%;--awb-width-medium:100%;--awb-order-medium:0;--awb-spacing-right-medium:1.92%;--awb-spacing-left-medium:1.92%;--awb-width-small:100%;--awb-order-small:0;--awb-spacing-right-small:1.92%;--awb-spacing-left-small:1.92%;\" data-scroll-devices=\"small-visibility,medium-visibility,large-visibility\"><div class=\"fusion-column-wrapper fusion-column-has-shadow fusion-flex-justify-content-flex-start fusion-content-layout-column\"><div class=\"fusion-image-element \" style=\"text-align:center;--awb-caption-title-font-family:var(--h2_typography-font-family);--awb-caption-title-font-weight:var(--h2_typography-font-weight);--awb-caption-title-font-style:var(--h2_typography-font-style);--awb-caption-title-size:var(--h2_typography-font-size);--awb-caption-title-transform:var(--h2_typography-text-transform);--awb-caption-title-line-height:var(--h2_typography-line-height);--awb-caption-title-letter-spacing:var(--h2_typography-letter-spacing);\"><span class=\" fusion-imageframe imageframe-none imageframe-1 hover-type-none\"><img decoding=\"async\" width=\"1200\" height=\"500\" alt=\"\u0395\u03bd\u03bf\u03b9\u03ba\u03af\u03b1\u03c3\u03b7 \u03b1\u03c5\u03c4\u03bf\u03ba\u03b9\u03bd\u03ae\u03c4\u03bf\u03c5 \u0398\u03b5\u03c3\u03c3\u03b1\u03bb\u03bf\u03bd\u03af\u03ba\u03b7 \u039a\u03ad\u03bd\u03c4\u03c1\u03bf\" title=\"l2ll2\" src=\"https:\/\/autogreece.eu\/wp-content\/uploads\/2024\/11\/l2ll2.jpg\" data-orig-src=\"https:\/\/autogreece.eu\/wp-content\/uploads\/2024\/11\/l2ll2.jpg\" class=\"lazyload img-responsive wp-image-9451\" srcset=\"data:image\/svg+xml,%3Csvg%20xmlns%3D%27http%3A%2F%2Fwww.w3.org%2F2000%2Fsvg%27%20width%3D%271200%27%20height%3D%27500%27%20viewBox%3D%270%200%201200%20500%27%3E%3Crect%20width%3D%271200%27%20height%3D%27500%27%20fill-opacity%3D%220%22%2F%3E%3C%2Fsvg%3E\" data-srcset=\"https:\/\/autogreece.eu\/wp-content\/uploads\/2024\/11\/l2ll2-200x83.jpg 200w, https:\/\/autogreece.eu\/wp-content\/uploads\/2024\/11\/l2ll2-400x167.jpg 400w, https:\/\/autogreece.eu\/wp-content\/uploads\/2024\/11\/l2ll2-600x250.jpg 600w, https:\/\/autogreece.eu\/wp-content\/uploads\/2024\/11\/l2ll2-800x333.jpg 800w, https:\/\/autogreece.eu\/wp-content\/uploads\/2024\/11\/l2ll2.jpg 1200w\" data-sizes=\"auto\" data-orig-sizes=\"(max-width: 640px) 100vw, 1200px\" \/><\/span><\/div><div class=\"fusion-text fusion-text-1\"><h1 style=\"text-align: center;\">Mietwagen Thessaloniki Zentrum Angelaki 15<\/h1>\n<\/div><div class=\"fusion-text fusion-text-2\"><p>[ez-toc]<\/p>\n<\/div><div class=\"fusion-text fusion-text-3\"><p><strong>Autoanmietung Thessaloniki Zentrum von autoGReece: Alles, was Sie wissen m\u00fcssen<\/strong><\/p>\n<p>Planen Sie, die Stadt Thessaloniki zu besuchen und suchen nach einem Mietwagen? autoGReece bietet einen Mietwagenservice in Thessaloniki im Zentrum an, damit Sie die Stadt in Ihrem eigenen Tempo erkunden k\u00f6nnen. Lesen Sie weiter, um mehr \u00fcber die Autoanmietung von autoGReece im Zentrum von Thessaloniki zu erfahren.<\/p>\n<p><strong>Warum sollte ich autoGReece f\u00fcr die Autoanmietung in Thessaloniki w\u00e4hlen?<\/strong><\/p>\n<p>autoGReece ist das f\u00fchrende Unternehmen f\u00fcr die Autoanmietung im Zentrum von Thessaloniki und bietet bereits seit \u00fcber 20 Jahren Mietwagenservices in der Stadt an. Das Unternehmen bietet eine gro\u00dfe Auswahl an Fahrzeugen, die f\u00fcr alle Arten von Reisenden geeignet sind, von kleinen Stadtautos bis hin zu luxuri\u00f6sen SUVs. autoGReece bietet exzellenten Kundenservice und wettbewerbsf\u00e4hige Preise, was es zu einem der besten Unternehmen f\u00fcr die Autoanmietung im Zentrum von Thessaloniki macht und die Autovermietung zu einer einfachen und unvergesslichen Erfahrung macht.<\/p>\n<p><strong>Welche Fahrzeugtypen kann ich von autoGReece im Zentrum von Thessaloniki mieten?<\/strong><\/p>\n<p>autoGReece bietet eine breite Palette von Fahrzeugen, die f\u00fcr alle Arten von Reisenden geeignet sind, die einen Mietwagen in Thessaloniki suchen. Das Unternehmen stellt Fahrzeuge zur Verf\u00fcgung, die von wirtschaftlichen bis hin zu luxuri\u00f6sen Fahrzeugen reichen, sowie Minivans, Kombis und SUVs. Alle Fahrzeuge sind gut gewartet und regelm\u00e4\u00dfig inspiziert, um eine sichere und komfortable Reise zu gew\u00e4hrleisten.<\/p>\n<p><strong>Was sind die Vorteile der Autoanmietung im Zentrum von Thessaloniki von autoGReece?<\/strong><\/p>\n<ul>\n<li>Wettbewerbsf\u00e4hige Preise und Sonderangebote<\/li>\n<li>Gro\u00dfe Auswahl an Fahrzeugen f\u00fcr alle Arten von Reisenden<\/li>\n<li>Hervorragender Kundenservice<\/li>\n<li>Flexible Gesch\u00e4ftsbedingungen<\/li>\n<li>24\/7 Pannenhilfe<\/li>\n<li>Unbegrenzte Kilometer<\/li>\n<li>Zus\u00e4tzliche Zusatzleistungen<\/li>\n<\/ul>\n<p><strong>Welche Schritte sind erforderlich, um ein Auto bei autoGReece im Zentrum von Thessaloniki zu mieten?<\/strong><\/p>\n<p><strong>Schritt 1: W\u00e4hlen Sie ein Fahrzeug<\/strong><\/p>\n<p>Der erste Schritt ist, ein Fahrzeug auszuw\u00e4hlen, das Ihren Reiseanforderungen entspricht. autoGReece bietet eine gro\u00dfe Auswahl an Fahrzeugen, von g\u00fcnstigen bis hin zu luxuri\u00f6sen Autos, Minivans, Kombis und SUVs. Sie k\u00f6nnen die verf\u00fcgbaren Fahrzeuge und Preise auf der Website des Unternehmens einsehen.<\/p>\n<p><strong>Schritt 2: Buchen Sie das Fahrzeug<\/strong><\/p>\n<p>Nachdem Sie ein Fahrzeug ausgew\u00e4hlt haben, k\u00f6nnen Sie es online oder telefonisch buchen. Sie m\u00fcssen Ihre pers\u00f6nlichen Daten und Zahlungsinformationen wie eine Kredit- oder Debitkarte angeben. Sobald Ihre Buchung best\u00e4tigt wurde, erhalten Sie eine Best\u00e4tigungs-E-Mail mit allen Details.<\/p>\n<p><strong>Schritt 3: Holen Sie das Fahrzeug ab<\/strong><\/p>\n<p>Wenn Sie im Zentrum von Thessaloniki ankommen, k\u00f6nnen Sie Ihr Fahrzeug am festgelegten Abholort abholen. Sie m\u00fcssen Ihren g\u00fcltigen F\u00fchrerschein und Ihren Personalausweis oder Reisepass vorlegen. Anschlie\u00dfend wird das Unternehmen Ihnen alle notwendigen Informationen und Dokumente zur Verf\u00fcgung stellen.<\/p>\n<p><strong>Schritt 4: R\u00fcckgabe des Fahrzeugs<\/strong><\/p>\n<p>Am Ende Ihrer Reise k\u00f6nnen Sie das Fahrzeug am festgelegten R\u00fcckgabepunkt zur\u00fcckgeben. Das Personal des Unternehmens wird das Fahrzeug inspizieren und Ihnen einen Beleg f\u00fcr Ihre Unterlagen ausstellen.<\/p>\n<\/div><iframe style=\"border: 0;margin: auto;\" src=\"https:\/\/www.google.com\/maps\/embed?pb=!1m18!1m12!1m3!1d3028.059935137749!2d22.950809315338756!3d40.62856017934107!2m3!1f0!2f0!3f0!3m2!1i1024!2i768!4f13.1!3m3!1m2!1s0x14a838fe05054dff%3A0xc432283dc026fa8b!2sAutoGReece!5e0!3m2!1sen!2sgr!4v1665054005249!5m2!1sen!2sgr\" width=\"800\" height=\"500\" allowfullscreen=\"allowfullscreen\"><\/iframe><div class=\"fusion-image-element \" style=\"text-align:center;--awb-caption-title-font-family:var(--h2_typography-font-family);--awb-caption-title-font-weight:var(--h2_typography-font-weight);--awb-caption-title-font-style:var(--h2_typography-font-style);--awb-caption-title-size:var(--h2_typography-font-size);--awb-caption-title-transform:var(--h2_typography-text-transform);--awb-caption-title-line-height:var(--h2_typography-line-height);--awb-caption-title-letter-spacing:var(--h2_typography-letter-spacing);\"><span class=\" fusion-imageframe imageframe-none imageframe-2 hover-type-none\"><img decoding=\"async\" width=\"1200\" height=\"500\" alt=\"\u0395\u03bd\u03bf\u03b9\u03ba\u03af\u03b1\u03c3\u03b7 \u03b1\u03c5\u03c4\u03bf\u03ba\u03b9\u03bd\u03ae\u03c4\u03bf\u03c5 \u039a\u03ad\u03bd\u03c4\u03c1\u03bf \u03a0\u03cc\u03bb\u03b5\u03c9\u03c2\" title=\"hw3\" src=\"https:\/\/autogreece.eu\/wp-content\/uploads\/2024\/11\/hw3.jpg\" data-orig-src=\"https:\/\/autogreece.eu\/wp-content\/uploads\/2024\/11\/hw3.jpg\" class=\"lazyload img-responsive wp-image-9457\" srcset=\"data:image\/svg+xml,%3Csvg%20xmlns%3D%27http%3A%2F%2Fwww.w3.org%2F2000%2Fsvg%27%20width%3D%271200%27%20height%3D%27500%27%20viewBox%3D%270%200%201200%20500%27%3E%3Crect%20width%3D%271200%27%20height%3D%27500%27%20fill-opacity%3D%220%22%2F%3E%3C%2Fsvg%3E\" data-srcset=\"https:\/\/autogreece.eu\/wp-content\/uploads\/2024\/11\/hw3-200x83.jpg 200w, https:\/\/autogreece.eu\/wp-content\/uploads\/2024\/11\/hw3-400x167.jpg 400w, https:\/\/autogreece.eu\/wp-content\/uploads\/2024\/11\/hw3-600x250.jpg 600w, https:\/\/autogreece.eu\/wp-content\/uploads\/2024\/11\/hw3-800x333.jpg 800w, https:\/\/autogreece.eu\/wp-content\/uploads\/2024\/11\/hw3.jpg 1200w\" data-sizes=\"auto\" data-orig-sizes=\"(max-width: 640px) 100vw, 1200px\" \/><\/span><\/div><div class=\"fusion-text fusion-text-4\"><div class=\"flex max-w-full flex-col flex-grow\">\n<div class=\"min-h-8 text-message flex w-full flex-col items-end gap-2 whitespace-normal break-words &#091;.text-message+&amp;&#093;:mt-5\" dir=\"auto\" data-message-author-role=\"assistant\" data-message-id=\"e59e3d79-ee1b-4270-9695-cd566ff699ee\" data-message-model-slug=\"gpt-4o-mini\">\n<div class=\"flex w-full flex-col gap-1 empty:hidden first:pt-&#091;3px&#093;\">\n<div class=\"markdown prose w-full break-words dark:prose-invert light\">\n<p><strong>H\u00e4ufig gestellte Fragen (FAQ)<\/strong><\/p>\n<p><strong>F: Erforderlicher F\u00fchrerschein?<\/strong><\/p>\n<p>Eine h\u00e4ufig gestellte Frage ist, welchen F\u00fchrerschein der Fahrer haben muss und aus welchem Land. Aus den folgenden L\u00e4ndern ist nur der nationale F\u00fchrerschein erforderlich:<\/p>\n<ul>\n<li>Europ\u00e4ische Union<\/li>\n<li>Vereinigtes K\u00f6nigreich<\/li>\n<li>Vereinigte Staaten von Amerika<\/li>\n<li>Australien<\/li>\n<li>Norwegen<\/li>\n<li>Island<\/li>\n<li>Liechtenstein<\/li>\n<li>Gibraltar<\/li>\n<\/ul>\n<p>F\u00fcr alle anderen L\u00e4nder wird sowohl ein Internationaler F\u00fchrerschein als auch der nationale F\u00fchrerschein ben\u00f6tigt.<\/p>\n<p><strong>F: Wie viel kostet die Mietwagenanmietung in Thessaloniki Zentrum von autoGReece?<\/strong><\/p>\n<p>A: Die Kosten f\u00fcr die Anmietung eines Fahrzeugs von autoGReece im Zentrum von Thessaloniki h\u00e4ngen von verschiedenen Faktoren ab, wie der Art des Fahrzeugs, der Mietdauer und etwaigen zus\u00e4tzlichen Optionen. Sie k\u00f6nnen die verf\u00fcgbaren Fahrzeuge und Preise auf der Website des Unternehmens einsehen.<\/p>\n<p><strong>F: Muss ich eine Anzahlung leisten, wenn ich ein Auto bei autoGReece im Zentrum von Thessaloniki miete?<\/strong><\/p>\n<p>A: Ja, bei der Anmietung eines Fahrzeugs von autoGReece im Zentrum von Thessaloniki m\u00fcssen Sie eine Kaution hinterlegen. Der Betrag der Kaution variiert je nach Fahrzeugtyp und Mietdauer.<\/p>\n<p><strong>F: Bietet autoGReece Pannenhilfe 24\/7 im Zentrum von Thessaloniki?<\/strong><\/p>\n<p>A: Ja, autoGReece bietet 24\/7 Pannenhilfe im Zentrum von Thessaloniki an. Das Unternehmen steht Ihnen zur Verf\u00fcgung, um bei etwaigen Problemen oder Pannen Hilfe zu leisten.<\/p>\n<p><strong>F: Zahlungsmethoden f\u00fcr die Mietgeb\u00fchr?<\/strong><\/p>\n<p>Die Mietgeb\u00fchr kann per \u00dcberweisung auf das Bankkonto von autoGReece oder mit einer Debit-\/Kreditkarte bezahlt werden. Bei der \u00dcberweisung m\u00fcssen Ihr Name und Ihre Telefonnummer angegeben werden.<\/p>\n<p><strong>F: Was passiert, wenn ich das gemietete Fahrzeug fr\u00fcher zur\u00fcckgebe?<\/strong><\/p>\n<p>In diesem Fall wird kein Geld zur\u00fcckerstattet. Bei einer monatlichen Mietzahlung verlieren Sie die Kaution.<\/p>\n<p><strong>F: Kann ich unbegrenzt Kilometer fahren?<\/strong><\/p>\n<p>F\u00fcr eine Mietdauer von 1-3 Tagen betr\u00e4gt das Kilometerlimit 100 km pro Tag. Bei einer Mietdauer von mehr als 3 Tagen gibt es eine faire Kilometerregelung, und f\u00fcr den Monat k\u00f6nnen Sie bis zu 2.500 Kilometer fahren.<\/p>\n<p><strong>Fazit<\/strong><\/p>\n<p>autoGReece bietet Mietwagenservices in Thessaloniki, insbesondere im Zentrum, sodass Sie die Stadt in Ihrem eigenen Tempo erkunden k\u00f6nnen. Das Unternehmen bietet eine gro\u00dfe Auswahl an Fahrzeugen, die f\u00fcr alle Arten von Reisenden geeignet sind, von kleinen Stadtautos bis hin zu luxuri\u00f6sen SUVs. autoGReece bietet zudem exzellenten Kundenservice, wettbewerbsf\u00e4hige Preise und 24\/7 Pannenhilfe. Mieten Sie ein Auto bei autoGReece im Zentrum von Thessaloniki und genie\u00dfen Sie eine stressfreie und komfortable Reise.<\/p>\n<\/div>\n<\/div>\n<\/div>\n<\/div>\n<\/div><div class=\"fusion-image-element \" style=\"text-align:center;--awb-caption-title-font-family:var(--h2_typography-font-family);--awb-caption-title-font-weight:var(--h2_typography-font-weight);--awb-caption-title-font-style:var(--h2_typography-font-style);--awb-caption-title-size:var(--h2_typography-font-size);--awb-caption-title-transform:var(--h2_typography-text-transform);--awb-caption-title-line-height:var(--h2_typography-line-height);--awb-caption-title-letter-spacing:var(--h2_typography-letter-spacing);\"><span class=\" fusion-imageframe imageframe-none imageframe-3 hover-type-none\"><img decoding=\"async\" width=\"1200\" height=\"500\" alt=\"\u0395\u03bd\u03bf\u03b9\u03ba\u03af\u03b1\u03c3\u03b7 \u03b1\u03c5\u03c4\u03bf\u03ba\u03b9\u03bd\u03ae\u03c4\u03bf\u03c5 \u039a\u03ad\u03bd\u03c4\u03c1\u03bf \u0398\u03b5\u03c3\u03c3\u03b1\u03bb\u03bf\u03bd\u03af\u03ba\u03b7\u03c2 \" title=\"GW21\" src=\"https:\/\/autogreece.eu\/wp-content\/uploads\/2024\/11\/GW21.jpg\" data-orig-src=\"https:\/\/autogreece.eu\/wp-content\/uploads\/2024\/11\/GW21.jpg\" class=\"lazyload img-responsive wp-image-9462\" srcset=\"data:image\/svg+xml,%3Csvg%20xmlns%3D%27http%3A%2F%2Fwww.w3.org%2F2000%2Fsvg%27%20width%3D%271200%27%20height%3D%27500%27%20viewBox%3D%270%200%201200%20500%27%3E%3Crect%20width%3D%271200%27%20height%3D%27500%27%20fill-opacity%3D%220%22%2F%3E%3C%2Fsvg%3E\" data-srcset=\"https:\/\/autogreece.eu\/wp-content\/uploads\/2024\/11\/GW21-200x83.jpg 200w, https:\/\/autogreece.eu\/wp-content\/uploads\/2024\/11\/GW21-400x167.jpg 400w, https:\/\/autogreece.eu\/wp-content\/uploads\/2024\/11\/GW21-600x250.jpg 600w, https:\/\/autogreece.eu\/wp-content\/uploads\/2024\/11\/GW21-800x333.jpg 800w, https:\/\/autogreece.eu\/wp-content\/uploads\/2024\/11\/GW21.jpg 1200w\" data-sizes=\"auto\" data-orig-sizes=\"(max-width: 640px) 100vw, 1200px\" \/><\/span><\/div><\/div><\/div><\/div><\/div>\n","protected":false},"excerpt":{"rendered":"","protected":false},"author":1,"featured_media":0,"parent":0,"menu_order":0,"comment_status":"closed","ping_status":"closed","template":"100-width.php","meta":{"footnotes":""},"class_list":["post-9473","page","type-page","status-publish","hentry"],"_links":{"self":[{"href":"https:\/\/autogreece.eu\/de\/wp-json\/wp\/v2\/pages\/9473","targetHints":{"allow":["GET"]}}],"collection":[{"href":"https:\/\/autogreece.eu\/de\/wp-json\/wp\/v2\/pages"}],"about":[{"href":"https:\/\/autogreece.eu\/de\/wp-json\/wp\/v2\/types\/page"}],"author":[{"embeddable":true,"href":"https:\/\/autogreece.eu\/de\/wp-json\/wp\/v2\/users\/1"}],"replies":[{"embeddable":true,"href":"https:\/\/autogreece.eu\/de\/wp-json\/wp\/v2\/comments?post=9473"}],"version-history":[{"count":7,"href":"https:\/\/autogreece.eu\/de\/wp-json\/wp\/v2\/pages\/9473\/revisions"}],"predecessor-version":[{"id":9480,"href":"https:\/\/autogreece.eu\/de\/wp-json\/wp\/v2\/pages\/9473\/revisions\/9480"}],"wp:attachment":[{"href":"https:\/\/autogreece.eu\/de\/wp-json\/wp\/v2\/media?parent=9473"}],"curies":[{"name":"wp","href":"https:\/\/api.w.org\/{rel}","templated":true}]}}