{"id":397,"date":"2022-06-21T09:20:24","date_gmt":"2022-06-21T06:20:24","guid":{"rendered":"https:\/\/autogreece.eu\/%ce%bf%cf%81%ce%bf%ce%b9-%ce%b5%ce%bd%ce%bf%ce%b9%ce%ba%ce%b9%ce%b1%cf%83%ce%b7%cf%83\/"},"modified":"2024-08-01T19:32:02","modified_gmt":"2024-08-01T16:32:02","slug":"%ce%bf%cf%81%ce%bf%ce%b9-%ce%b5%ce%bd%ce%bf%ce%b9%ce%ba%ce%b9%ce%b1%cf%83%ce%b7%cf%83","status":"publish","type":"page","link":"https:\/\/autogreece.eu\/de\/%ce%bf%cf%81%ce%bf%ce%b9-%ce%b5%ce%bd%ce%bf%ce%b9%ce%ba%ce%b9%ce%b1%cf%83%ce%b7%cf%83\/","title":{"rendered":"Mietbedingungen"},"content":{"rendered":"<p><div class=\"fusion-fullwidth fullwidth-box fusion-builder-row-1 fusion-flex-container nonhundred-percent-fullwidth non-hundred-percent-height-scrolling\" style=\"--awb-border-radius-top-left:0px;--awb-border-radius-top-right:0px;--awb-border-radius-bottom-right:0px;--awb-border-radius-bottom-left:0px;--awb-flex-wrap:wrap;\" ><div class=\"fusion-builder-row fusion-row fusion-flex-align-items-flex-start fusion-flex-content-wrap\" style=\"max-width:1497.6px;margin-left: calc(-4% \/ 2 );margin-right: calc(-4% \/ 2 );\"><div class=\"fusion-layout-column fusion_builder_column fusion-builder-column-0 fusion_builder_column_1_1 1_1 fusion-flex-column\" style=\"--awb-bg-size:cover;--awb-width-large:100%;--awb-margin-top-large:0px;--awb-spacing-right-large:1.92%;--awb-margin-bottom-large:20px;--awb-spacing-left-large:1.92%;--awb-width-medium:100%;--awb-order-medium:0;--awb-spacing-right-medium:1.92%;--awb-spacing-left-medium:1.92%;--awb-width-small:100%;--awb-order-small:0;--awb-spacing-right-small:1.92%;--awb-spacing-left-small:1.92%;\"><div class=\"fusion-column-wrapper fusion-column-has-shadow fusion-flex-justify-content-flex-start fusion-content-layout-column\"><div class=\"fusion-image-element \" style=\"--awb-caption-title-font-family:var(--h2_typography-font-family);--awb-caption-title-font-weight:var(--h2_typography-font-weight);--awb-caption-title-font-style:var(--h2_typography-font-style);--awb-caption-title-size:var(--h2_typography-font-size);--awb-caption-title-transform:var(--h2_typography-text-transform);--awb-caption-title-line-height:var(--h2_typography-line-height);--awb-caption-title-letter-spacing:var(--h2_typography-letter-spacing);\"><span class=\" fusion-imageframe imageframe-none imageframe-1 hover-type-none\"><img decoding=\"async\" width=\"1920\" height=\"500\" alt=\"terms-conditions-1\" title=\"terms-conditions-1\" src=\"https:\/\/autogreece.eu\/wp-content\/uploads\/2022\/06\/terms-conditions-1.webp\" data-orig-src=\"https:\/\/autogreece.eu\/wp-content\/uploads\/2022\/06\/terms-conditions-1.webp\" class=\"lazyload img-responsive wp-image-264\" srcset=\"data:image\/svg+xml,%3Csvg%20xmlns%3D%27http%3A%2F%2Fwww.w3.org%2F2000%2Fsvg%27%20width%3D%271920%27%20height%3D%27500%27%20viewBox%3D%270%200%201920%20500%27%3E%3Crect%20width%3D%271920%27%20height%3D%27500%27%20fill-opacity%3D%220%22%2F%3E%3C%2Fsvg%3E\" data-srcset=\"https:\/\/autogreece.eu\/wp-content\/uploads\/2022\/06\/terms-conditions-1-200x52.webp 200w, https:\/\/autogreece.eu\/wp-content\/uploads\/2022\/06\/terms-conditions-1-400x104.webp 400w, https:\/\/autogreece.eu\/wp-content\/uploads\/2022\/06\/terms-conditions-1-600x156.webp 600w, https:\/\/autogreece.eu\/wp-content\/uploads\/2022\/06\/terms-conditions-1-800x208.webp 800w, https:\/\/autogreece.eu\/wp-content\/uploads\/2022\/06\/terms-conditions-1-1200x313.webp 1200w, https:\/\/autogreece.eu\/wp-content\/uploads\/2022\/06\/terms-conditions-1.webp 1920w\" data-sizes=\"auto\" data-orig-sizes=\"(max-width: 640px) 100vw, 1920px\" \/><\/span><\/div><\/div><\/div><\/div><\/div><div class=\"fusion-fullwidth fullwidth-box fusion-builder-row-2 fusion-flex-container nonhundred-percent-fullwidth non-hundred-percent-height-scrolling\" style=\"--awb-border-radius-top-left:0px;--awb-border-radius-top-right:0px;--awb-border-radius-bottom-right:0px;--awb-border-radius-bottom-left:0px;--awb-flex-wrap:wrap;\" ><div class=\"fusion-builder-row fusion-row fusion-flex-align-items-flex-start fusion-flex-content-wrap\" style=\"max-width:1497.6px;margin-left: calc(-4% \/ 2 );margin-right: calc(-4% \/ 2 );\"><div class=\"fusion-layout-column fusion_builder_column fusion-builder-column-1 fusion_builder_column_1_1 1_1 fusion-flex-column\" style=\"--awb-bg-size:cover;--awb-width-large:100%;--awb-margin-top-large:0px;--awb-spacing-right-large:1.92%;--awb-margin-bottom-large:0px;--awb-spacing-left-large:1.92%;--awb-width-medium:100%;--awb-spacing-right-medium:1.92%;--awb-spacing-left-medium:1.92%;--awb-width-small:100%;--awb-spacing-right-small:1.92%;--awb-spacing-left-small:1.92%;\"><div class=\"fusion-column-wrapper fusion-flex-justify-content-flex-start fusion-content-layout-column\"><div class=\"fusion-text fusion-text-1\"><p>ALLGEMEINE BEDINGUNGEN<\/p>\n<ol>\n<li>\n<pre id=\"tw-target-text\" class=\"tw-data-text tw-text-large tw-ta\" dir=\"ltr\" data-placeholder=\"\u039c\u03b5\u03c4\u03ac\u03c6\u03c1\u03b1\u03c3\u03b7\" aria-label=\"\u039c\u03b5\u03c4\u03b1\u03c6\u03c1\u03b1\u03c3\u03bc\u03ad\u03bd\u03bf \u03ba\u03b5\u03af\u03bc\u03b5\u03bd\u03bf\" data-ved=\"2ahUKEwiHntDFgc-HAxXC_rsIHUGHEBIQ3ewLegQIBRAU\">Sie k\u00f6nnen die Autovermietung per Bargeld, Kredit oder Lastschrift bezahlen. F\u00fcr die Fahrzeuggarantie ist die Zahlung per Kreditkarte erforderlich. 300\u00a0\u20ac kleine Kategorie, 400\u00a0\u20ac mittlere Kategorie, 600\u00a0\u20ac Familienkategorie, 1.200\u00a0\u20ac SUV\/JEEP.<\/pre>\n<\/li>\n<li>Der <strong>Fahrer muss mindestens 23 Jahre alt sein<\/strong> und seit mindestens <strong>12 Monaten im Besitz eines F\u00fchrerscheins<\/strong> sein.<\/li>\n<li>Ein <strong>internationaler F\u00fchrerschein ist gesetzlich vorgeschrieben<\/strong>, wenn der Fahrer einen F\u00fchrerschein besitzt, der <strong>von L\u00e4ndern au\u00dferhalb der EU<\/strong> ausgestellt wurde.<\/li>\n<li>Die Mindestmietdauer betr\u00e4gt 1 Tag, berechnet nach dem 24-Stunden-System (die R\u00fcckgabezeit entspricht der Zustellzeit am Abreisetag). Die Miete wird im Voraus bezahlt und die Autogarantie.<\/li>\n<li>Der Mieter ist verpflichtet, das gemietete Fahrzeug zu dem im Mietvertrag angegebenen Datum, Uhrzeit (max. +30 Minuten) und Ort an einen Vertreter des Unternehmens zur\u00fcckzugeben. Jede \u00c4nderung (Verl\u00e4ngerung oder Verk\u00fcrzung) bedarf der schriftlichen Zustimmung des Vermieters. R\u00fcckgaben oder Versp\u00e4tungen von mehr als 30 Minuten ab der angegebenen Zeit werden als zus\u00e4tzlicher Tag berechnet.<\/li>\n<li>Der Kraftstoff ist Sache des Mieters. Die Kraftstoffmenge bei der R\u00fcckgabe muss mit der bei der Lieferung \u00fcbereinstimmen, andernfalls werden der verbrauchte Kraftstoff und zus\u00e4tzlich 10,00 \u20ac f\u00fcr den Nachf\u00fcllservice zuz\u00fcglich der Mehrwertsteuer auf den Gesamtbetrag berechnet. F\u00fcr nicht verbrauchten Kraftstoff wird keine Erstattung gew\u00e4hrt.<\/li>\n<li>Der Mieter haftet ab dem Zeitpunkt der \u00dcbernahme des Fahrzeugs und bis zu dessen R\u00fcckgabe und \u00dcbergabe an einen Vertreter des Unternehmens f\u00fcr Bu\u00dfgelder, Verst\u00f6\u00dfe, Falschparken und Verwaltungsstrafen, die w\u00e4hrend des Mietverh\u00e4ltnisses auferlegt werden und f\u00fcr die er verpflichtet ist, zu zahlen und einen Zahlungsbeleg oder eine Quittung vorzulegen, andernfalls wird ihm der Betrag des Versto\u00dfes zuz\u00fcglich Verwaltungskosten in H\u00f6he von 15,00 \u20ac zuz\u00fcglich Mehrwertsteuer in Rechnung gestellt. Die Bearbeitungskosten werden vom Vermieter entweder nach der Feststellung des Versto\u00dfes durch ihn, zum Zeitpunkt der \u00dcbergabe des Fahrzeugs oder nach der Benachrichtigung durch die Polizei oder die Gemeindebeh\u00f6rden zu einem sp\u00e4teren Zeitpunkt und ohne zeitliche Begrenzung f\u00fcr diese Geb\u00fchren erhoben.<\/li>\n<li>Der Mieter ist verpflichtet, das Fahrzeug vor jeder Benutzung zusammen mit einem Vertreter des Unternehmens zu besichtigen und vor jeglicher Gefahr zu sch\u00fctzen, auf die in der Schadenstabelle auf der Vorderseite vermerkten Sch\u00e4den hinzuweisen und das Fahrzeug in genau demselben Zustand zur\u00fcckzugeben.<\/li>\n<li>Die im Mietpreis inbegriffene Versicherung deckt: Haftpflicht f\u00fcr Personen- und Sachsch\u00e4den an Dritten.<\/li>\n<li>Falls der Mieter in einen Unfall verwickelt wird oder das Fahrzeug durch sein Verschulden oder ohne sein Wissen besch\u00e4digt wird, muss er unabh\u00e4ngig von einer eventuellen Versicherung unverz\u00fcglich die Verkehrspolizei (Tel. 100) und dem Vermieter den Unfallbericht zukommen zu lassen und bei der R\u00fcckkehr den von der Verkehrspolizei erstellten Unfallbericht und die Unfalldokumente vorlegen, da der Mieter andernfalls haftbar gemacht wird und f\u00fcr alle Sch\u00e4den und die f\u00fcr die Reparatur des Fahrzeugs erforderlichen Tage aufkommen muss, auch wenn er ein Versicherungspaket akzeptiert hat. Im Falle eines Verschuldens werden dem Mieter 30 % der j\u00e4hrlichen Versicherungspr\u00e4mien (mindestens 100,00 \u20ac) und 30 \u20ac (Umschlagkosten) zuz\u00fcglich Mehrwertsteuer auf den Gesamtbetrag in Rechnung gestellt.<\/li>\n<li>Der Mieter kann seine Haftung f\u00fcr Sch\u00e4den an dem von ihm gemieteten Fahrzeug auf einen Betrag von mindestens 750,00 \u20ac + MwSt. (je nach Fahrzeugkategorie und maximal den Handelswert des Fahrzeugs zum Zeitpunkt des Unfalls zuz\u00fcglich MwSt.) beschr\u00e4nken, wenn er im Voraus die Klausel Damage Liability Waiver (C.D.W.) akzeptiert. Die H\u00f6he der Entsch\u00e4digung wird vom Autovermieter in Abh\u00e4ngigkeit von der Fahrzeugkategorie festgelegt.<\/li>\n<li>In den folgenden F\u00e4llen besteht kein Versicherungsschutz, auch wenn er vereinbart wurde: Die Teilnahme an Rennen oder das Abschleppen von Fahrzeugen, Anh\u00e4ngern, das Beladen mit Gegenst\u00e4nden, die das Fassungsverm\u00f6gen des Fahrzeugs (wie vom Hersteller definiert) \u00fcberschreiten, die einseitige Zustimmung zur Haftung des Mieters im Falle eines Unfalls ohne sofortige Benachrichtigung des Vermieters und die Anwesenheit der Verkehrspolizei (tel. 100) f\u00fcr die Aush\u00e4ndigung einer Kopie des Unfallberichts, den Betrieb des Fahrzeugs durch eine dritte Person (auch wenn diese einen F\u00fchrerschein besitzt), die nicht im Mietvertrag angegeben ist, unabh\u00e4ngig von ihrer Beziehung zum Mieter, den Betrieb des Fahrzeugs \u00fcber die vereinbarte Mietdauer hinaus, den Betrieb des Fahrzeugs durch einen Mieter unter dem Einfluss von Alkohol\/Drogen\/Aufputschmitteln\/Hypnotika, den Betrieb des Fahrzeugs unter Versto\u00df gegen die griechischen Verkehrsregeln (KOK) oder in einer Weise, die das Fahrzeug, die Insassen oder Dritte gef\u00e4hrdet, Betrieb des Fahrzeugs auf nicht befahrbaren (nicht asphaltierten) Stra\u00dfen, Betrieb des Fahrzeugs zur entgeltlichen Bef\u00f6rderung von Personen\/Gegenst\u00e4nden oder in einer Weise, die das Fahrzeug, die Insassen oder Dritte gef\u00e4hrdet, Betrieb des Fahrzeugs auf nicht befahrbaren (nicht asphaltierten) Stra\u00dfen, Betrieb des Fahrzeugs zur entgeltlichen Bef\u00f6rderung von Personen\/Gegenst\u00e4nden, der Betrieb des Fahrzeugs f\u00fcr illegale\/kriminelle Handlungen nach griechischem Recht, der Betrieb des Fahrzeugs zum Zweck der Fahrschulung Dritter, der Betrieb des Fahrzeugs au\u00dferhalb der Grenzen des griechischen Staatsgebiets ohne schriftliche Zustimmung des Vermieters.<\/li>\n<li>Die Zerst\u00f6rung\/Verlust von Reifen, Felgen oder Radkr\u00e4nzen, Kristallen und dem Unterboden des Fahrzeugs sind ausdr\u00fccklich von jeder Befreiung ausgeschlossen, es sei denn, der Mieter hat den entsprechenden Versicherungsschutz akzeptiert. Ausdr\u00fccklich von der Befreiung ausgeschlossen und nicht im Versicherungsschutz enthalten sind Fahrzeugteile wie Schl\u00fcssel, Soundsystem, Monitore, Navigationsger\u00e4te, Antennen, Spiegel usw. und alle Teile der Innenausstattung des Fahrzeugs (z. B. Ablagen, F\u00e4cher, Griffe, Polsterung usw.).<\/li>\n<li>Im Falle einer Reparatur\/Schadensbehebung darf der Mieter keine andere Werkstatt als die offizielle und zugelassene Werkstatt in Griechenland f\u00fcr das betreffende Fahrzeug w\u00e4hlen. Bei verstos dieses regel gehen die Reparatur des Fahrzeugs einschlie\u00dflich der dazu erforderlichen Tage zu Lasten des Mieters.<\/li>\n<li>Der Mieter wird mit lokalen Steuern und Mehrwertsteuer auf die Miete belastet.<\/li>\n<li>Das Fahrzeug muss sauber und zur Kontrolle bereit zur\u00fcckgegeben werden, andernfalls kann ein Zeitaufwand entstehen und eine Geb\u00fchr von 15,00 \u20ac + MwSt. erhoben werden. Wenn eine Spezialreinigung des Fahrzeugs erforderlich ist (Teer, Tierhaare usw.), wird eine Mindestgeb\u00fchr von 60,00 \u20ac + MwSt. erhoben.<\/li>\n<li>Der Vermieter haftet weder zum Zeitpunkt des Abschlusses des Mietvertrags noch nach dessen Ablauf f\u00fcr Gegenst\u00e4nde, die dem Mieter oder den Insassen des gemieteten Fahrzeugs geh\u00f6ren und im Fahrzeug zur\u00fcckgelassen wurden.<\/li>\n<li>Anlieferungen und Abholungen werden von Montag bis Samstag von 09:00 bis 20:00 Uhr kostenlos in den Gesch\u00e4ftsr\u00e4umen des Unternehmens abgewickelt. Zustellung &#8211; R\u00fcckgabe au\u00dferhalb der \u00d6ffnungszeiten, an Sonn- und Feiertagen sind geb\u00fchrenpflichtig.<\/li>\n<li>Die Pannenhilfe ist in ganz Griechenland rund um die Uhr verf\u00fcgbar, mit Ausnahme der Inseln, von denen aus die R\u00fcckf\u00fchrung durch den Mieter erfolgt.<\/li>\n<li>Das Verladen des Wagen auf ein Schiff | Boot ist nur mit schriftlicher Genehmigung des Vermieters erlaubt, andernfalls haftet der Mieter in vollem Umfang f\u00fcr alle Sch\u00e4den, die an Bord entstehen k\u00f6nnen, auch wenn er die C.D.W.-Klausel akzeptiert hat.<\/li>\n<li>Das Fahren au\u00dferhalb der Grenzen Griechenlands ist grunds\u00e4tzlich nicht erlaubt oder ist nur mit schriftlicher Genehmigung des Vermieters erlaubt.<\/li>\n<li>F\u00fcr alle Streitigkeiten sind ausschlie\u00dflich die Gerichte von Thessaloniki zust\u00e4ndig.<\/li>\n<li>Der Mieter \/ Mietinteressent willigt ein, dass das Unternehmen personenbezogene Daten oder Datens\u00e4tze mit oder ohne automatisierte Daten erhebt und nutzt, wie z.B. Erheben, Erfassen, Ordnen, Strukturieren, Speichern, Anpassen, Ver\u00e4ndern, Verwertung oder jede andere Form der Entsorgung, um ihm\/ihr Dienstleistungen zu erbringen und seine\/ihre Anfragen zu beantworten, um mit ihm\/ihr \u00fcber die angebotenen Dienstleistungen zu kommunizieren, um seine\/ihre Fragen zu beantworten und um die geltenden Rechtsvorschriften einzuhalten und durchzusetzen. Der Mieter wurde auch \u00fcber das Recht informiert, seine pers\u00f6nlichen Daten zur\u00fcckzuziehen\/zu korrigieren\/zu aktualisieren, wenn er dies erkl\u00e4rt.<\/li>\n<li>Freikilometer ab dem 3. Miettag (maximal 100km \/ Tag &#8211; maximal 2.500km \/ Monat) die Mehrkilometer werden mit 0,10 \u20ac + MwSt. pro Kilometer berechnet.<\/li>\n<\/ol>\n<\/div><\/div><\/div><\/div><\/div><\/p>\n","protected":false},"excerpt":{"rendered":"","protected":false},"author":1,"featured_media":0,"parent":0,"menu_order":0,"comment_status":"closed","ping_status":"closed","template":"","meta":{"footnotes":""},"class_list":["post-397","page","type-page","status-publish","hentry"],"_links":{"self":[{"href":"https:\/\/autogreece.eu\/de\/wp-json\/wp\/v2\/pages\/397","targetHints":{"allow":["GET"]}}],"collection":[{"href":"https:\/\/autogreece.eu\/de\/wp-json\/wp\/v2\/pages"}],"about":[{"href":"https:\/\/autogreece.eu\/de\/wp-json\/wp\/v2\/types\/page"}],"author":[{"embeddable":true,"href":"https:\/\/autogreece.eu\/de\/wp-json\/wp\/v2\/users\/1"}],"replies":[{"embeddable":true,"href":"https:\/\/autogreece.eu\/de\/wp-json\/wp\/v2\/comments?post=397"}],"version-history":[{"count":3,"href":"https:\/\/autogreece.eu\/de\/wp-json\/wp\/v2\/pages\/397\/revisions"}],"predecessor-version":[{"id":8672,"href":"https:\/\/autogreece.eu\/de\/wp-json\/wp\/v2\/pages\/397\/revisions\/8672"}],"wp:attachment":[{"href":"https:\/\/autogreece.eu\/de\/wp-json\/wp\/v2\/media?parent=397"}],"curies":[{"name":"wp","href":"https:\/\/api.w.org\/{rel}","templated":true}]}}