{"id":347,"date":"2022-06-19T23:16:10","date_gmt":"2022-06-19T20:16:10","guid":{"rendered":"https:\/\/autogreece.eu\/profile\/"},"modified":"2025-03-08T19:16:09","modified_gmt":"2025-03-08T17:16:09","slug":"profile","status":"publish","type":"page","link":"https:\/\/autogreece.eu\/de\/profile\/","title":{"rendered":"Profile"},"content":{"rendered":"<p><div class=\"fusion-fullwidth fullwidth-box fusion-builder-row-1 fusion-flex-container has-pattern-background has-mask-background hundred-percent-fullwidth non-hundred-percent-height-scrolling\" style=\"--awb-border-radius-top-left:0px;--awb-border-radius-top-right:0px;--awb-border-radius-bottom-right:0px;--awb-border-radius-bottom-left:0px;--awb-margin-top:105px;--awb-margin-top-small:1px;--awb-flex-wrap:wrap;\" ><div class=\"fusion-builder-row fusion-row fusion-flex-align-items-flex-start fusion-flex-content-wrap\" style=\"width:104% !important;max-width:104% !important;margin-left: calc(-4% \/ 2 );margin-right: calc(-4% \/ 2 );\"><div class=\"fusion-layout-column fusion_builder_column fusion-builder-column-0 fusion_builder_column_1_1 1_1 fusion-flex-column\" style=\"--awb-bg-size:cover;--awb-width-large:100%;--awb-margin-top-large:0px;--awb-spacing-right-large:1.92%;--awb-margin-bottom-large:20px;--awb-spacing-left-large:1.92%;--awb-width-medium:100%;--awb-order-medium:0;--awb-spacing-right-medium:1.92%;--awb-spacing-left-medium:1.92%;--awb-width-small:100%;--awb-order-small:0;--awb-spacing-right-small:1.92%;--awb-spacing-left-small:1.92%;\" data-scroll-devices=\"small-visibility,medium-visibility,large-visibility\"><div class=\"fusion-column-wrapper fusion-column-has-shadow fusion-flex-justify-content-flex-start fusion-content-layout-column\"><div class=\"fusion-image-element \" style=\"text-align:center;--awb-caption-title-font-family:var(--h2_typography-font-family);--awb-caption-title-font-weight:var(--h2_typography-font-weight);--awb-caption-title-font-style:var(--h2_typography-font-style);--awb-caption-title-size:var(--h2_typography-font-size);--awb-caption-title-transform:var(--h2_typography-text-transform);--awb-caption-title-line-height:var(--h2_typography-line-height);--awb-caption-title-letter-spacing:var(--h2_typography-letter-spacing);\"><span class=\" fusion-imageframe imageframe-glow imageframe-1 hover-type-none\" style=\"-webkit-box-shadow: 0 0 3px rgba(0,0,0,0.3);box-shadow: 0 0 3px rgba(0,0,0,0.3);\"><img decoding=\"async\" width=\"1920\" height=\"500\" alt=\"autogreece profile\" src=\"https:\/\/autogreece.eu\/wp-content\/uploads\/2022\/06\/autogreece-profile.webp\" data-orig-src=\"https:\/\/autogreece.eu\/wp-content\/uploads\/2022\/06\/autogreece-profile.webp\" class=\"lazyload img-responsive wp-image-196\" srcset=\"data:image\/svg+xml,%3Csvg%20xmlns%3D%27http%3A%2F%2Fwww.w3.org%2F2000%2Fsvg%27%20width%3D%271920%27%20height%3D%27500%27%20viewBox%3D%270%200%201920%20500%27%3E%3Crect%20width%3D%271920%27%20height%3D%27500%27%20fill-opacity%3D%220%22%2F%3E%3C%2Fsvg%3E\" data-srcset=\"https:\/\/autogreece.eu\/wp-content\/uploads\/2022\/06\/autogreece-profile-200x52.webp 200w, https:\/\/autogreece.eu\/wp-content\/uploads\/2022\/06\/autogreece-profile-400x104.webp 400w, https:\/\/autogreece.eu\/wp-content\/uploads\/2022\/06\/autogreece-profile-600x156.webp 600w, https:\/\/autogreece.eu\/wp-content\/uploads\/2022\/06\/autogreece-profile-800x208.webp 800w, https:\/\/autogreece.eu\/wp-content\/uploads\/2022\/06\/autogreece-profile-1200x313.webp 1200w, https:\/\/autogreece.eu\/wp-content\/uploads\/2022\/06\/autogreece-profile.webp 1920w\" data-sizes=\"auto\" data-orig-sizes=\"(max-width: 640px) 100vw, 1920px\" \/><\/span><\/div><\/div><\/div><\/div><\/div><div class=\"fusion-fullwidth fullwidth-box fusion-builder-row-2 fusion-flex-container nonhundred-percent-fullwidth non-hundred-percent-height-scrolling\" style=\"--awb-border-radius-top-left:0px;--awb-border-radius-top-right:0px;--awb-border-radius-bottom-right:0px;--awb-border-radius-bottom-left:0px;--awb-flex-wrap:wrap;\" ><div class=\"fusion-builder-row fusion-row fusion-flex-align-items-flex-start fusion-flex-content-wrap\" style=\"max-width:1497.6px;margin-left: calc(-4% \/ 2 );margin-right: calc(-4% \/ 2 );\"><div class=\"fusion-layout-column fusion_builder_column fusion-builder-column-1 fusion_builder_column_1_1 1_1 fusion-flex-column\" style=\"--awb-bg-size:cover;--awb-width-large:100%;--awb-margin-top-large:52px;--awb-spacing-right-large:1.92%;--awb-margin-bottom-large:20px;--awb-spacing-left-large:1.92%;--awb-width-medium:100%;--awb-order-medium:0;--awb-spacing-right-medium:1.92%;--awb-spacing-left-medium:1.92%;--awb-width-small:100%;--awb-order-small:0;--awb-spacing-right-small:1.92%;--awb-spacing-left-small:1.92%;\"><div class=\"fusion-column-wrapper fusion-column-has-shadow fusion-flex-justify-content-flex-start fusion-content-layout-column\"><div class=\"fusion-text fusion-text-1\" style=\"--awb-font-size:16px;\"><h2 style=\"text-align: center;\"><span style=\"color: #ff0000;\">Unternehmensprofil<\/span><\/h2>\n<h2 style=\"text-align: center;\"><span style=\"color: #ff0000;\">Willkommen bei autoGReece Car Rental Thessaloniki<\/span><\/h2>\n<div class=\"fusion-separator fusion-has-icon fusion-full-width-sep\" style=\"align-self: center;margin-left: auto;margin-right: auto;margin-top:10px;width:100%;\"><div class=\"fusion-separator-border sep-shadow\" style=\"--awb-height:20px;--awb-amount:20px;--awb-sep-color:#c6c6c6;background:radial-gradient(ellipse at 50% -50% , #c6c6c6 0px, rgba(255, 255, 255, 0) 80%) repeat scroll 0 0 rgba(0, 0, 0, 0);background:-webkit-radial-gradient(ellipse at 50% -50% , #c6c6c6 0px, rgba(255, 255, 255, 0) 80%) repeat scroll 0 0 rgba(0, 0, 0, 0);background:-moz-radial-gradient(ellipse at 50% -50% , #c6c6c6 0px, rgba(255, 255, 255, 0) 80%) repeat scroll 0 0 rgba(0, 0, 0, 0);background:-o-radial-gradient(ellipse at 50% -50% , #c6c6c6 0px, rgba(255, 255, 255, 0) 80%) repeat scroll 0 0 rgba(0, 0, 0, 0);\"><\/div><span class=\"icon-wrapper\" style=\"border-color:#c6c6c6;background-color:rgba(255,255,255,0);font-size:16px;width: 1.75em; height: 1.75em;border-width:1px;padding:1px;\"><i class=\"fa-car fas\" style=\"font-size: inherit;color:#e2e2e2;\" aria-hidden=\"true\"><\/i><\/span><div class=\"fusion-separator-border sep-shadow\" style=\"--awb-height:20px;--awb-amount:20px;--awb-sep-color:#c6c6c6;background:radial-gradient(ellipse at 50% -50% , #c6c6c6 0px, rgba(255, 255, 255, 0) 80%) repeat scroll 0 0 rgba(0, 0, 0, 0);background:-webkit-radial-gradient(ellipse at 50% -50% , #c6c6c6 0px, rgba(255, 255, 255, 0) 80%) repeat scroll 0 0 rgba(0, 0, 0, 0);background:-moz-radial-gradient(ellipse at 50% -50% , #c6c6c6 0px, rgba(255, 255, 255, 0) 80%) repeat scroll 0 0 rgba(0, 0, 0, 0);background:-o-radial-gradient(ellipse at 50% -50% , #c6c6c6 0px, rgba(255, 255, 255, 0) 80%) repeat scroll 0 0 rgba(0, 0, 0, 0);\"><\/div><\/div>\n<div class=\"flex max-w-full flex-col flex-grow\">\n<div class=\"min-h-8 text-message flex w-full flex-col items-end gap-2 whitespace-normal break-words &#091;.text-message+&amp;&#093;:mt-5\" dir=\"auto\" data-message-author-role=\"assistant\" data-message-id=\"d0fd01c5-0328-4e95-b2d6-422441d8375e\" data-message-model-slug=\"gpt-4o\">\n<div class=\"flex w-full flex-col gap-1 empty:hidden first:pt-&#091;3px&#093;\">\n<div class=\"markdown prose w-full break-words dark:prose-invert light\">\n<p>Die <a href=\"https:\/\/autogreece.eu\/\">autoGReece<\/a> Car Rental <a href=\"https:\/\/maps.app.goo.gl\/orqev7y2GRWQxesg6\" target=\"_blank\" rel=\"noopener\">Thessaloniki<\/a> geh\u00f6rt zu den besten Optionen f\u00fcr die Anmietung von Autos in Griechenland und bietet zuverl\u00e4ssige, kosteng\u00fcnstige und flexible Transportl\u00f6sungen im ganzen Land sowie ein seri\u00f6ses Profil. Mit dem Fokus auf Service und Kundenzufriedenheit hebt sich die <a href=\"https:\/\/autogreece.eu\/\">autoGReece<\/a> Car Rental Thessaloniki sowohl durch die Qualit\u00e4t ihrer Dienstleistungen als auch durch die Vielfalt der verf\u00fcgbaren Fahrzeuge hervor. Das Profil des Unternehmens basiert auf den Werten Zuverl\u00e4ssigkeit, Professionalit\u00e4t und Engagement f\u00fcr ein hervorragendes Mieterlebnis, das auf alle Bed\u00fcrfnisse und Erwartungen eingeht.<\/p>\n<h3 style=\"text-align: center;\"><span style=\"color: #ff0000;\"><strong>Erfahrung und Vertrauen<\/strong><\/span><\/h3>\n<p>Die <a href=\"https:\/\/autogreece.eu\/\">autoGReece<\/a> Car Rental <a href=\"https:\/\/maps.app.goo.gl\/orqev7y2GRWQxesg6\" target=\"_blank\" rel=\"noopener\">Thessaloniki<\/a> wurde mit dem Ziel gegr\u00fcndet, Dienstleistungen anzubieten, die die Anmietung eines Autos einfach, sicher und erschwinglich machen. Mit jahrelanger Erfahrung auf dem griechischen Markt hat das Unternehmen eine starke Reputation durch die Kundenbindung und die kontinuierliche Verbesserung seiner Dienstleistungen erworben. Im Profil von autoGReece ist Vertrauen ein fundamentales Element, was dazu f\u00fchrt, dass das Unternehmen jedes Jahr als zuverl\u00e4ssiger Partner f\u00fcr Tausende von Besuchern und Touristen hervorgeht. Viele ihrer Kunden w\u00e4hlen die AutoGreece Car Rental immer wieder, weil sie wissen, dass das Unternehmen Konsistenz und qualitativ hochwertigen Service bietet.<\/p>\n<h3 style=\"text-align: center;\"><span style=\"color: #ff0000;\"><strong>Fahrzeugvielfalt f\u00fcr jede Notwendigkeit<\/strong><\/span><\/h3>\n<p>Die <a href=\"https:\/\/autogreece.eu\/\">autoGReece<\/a> bietet eine umfangreiche Auswahl an Fahrzeugen, die allen Anforderungen gerecht wird. Von kleinen, g\u00fcnstigen Autos, die ideal f\u00fcr die Stadt sind, bis hin zu luxuri\u00f6sen und komfortablen SUVs f\u00fcr abenteuerliche Fahrten, bietet AutoGreece Fahrzeuge in einwandfreiem Zustand, die die h\u00f6chsten Sicherheitsstandards erf\u00fcllen. Das Ziel des Unternehmens ist es, den Kunden die Freiheit der Wahl zu bieten, damit sie das richtige Fahrzeug f\u00fcr ihre Bed\u00fcrfnisse finden, sei es f\u00fcr eine Gesch\u00e4ftsreise, einen Familienurlaub oder die Erkundung abgelegener Gebiete Griechenlands.<\/p>\n<h3 style=\"text-align: center;\"><span style=\"color: #ff0000;\"><strong>Komfort und Einfachheit bei der Buchung<\/strong><\/span><\/h3>\n<p>Ein wesentliches Element, das das Profil der autoGReece Car Rental auszeichnet, ist die Einfachheit der Fahrzeugbuchung. \u00dcber die Plattform des Unternehmens k\u00f6nnen Kunden schnell und einfach buchen, alle verf\u00fcgbaren Optionen, Bedingungen und Preise einsehen. Das Fehlen versteckter Geb\u00fchren und die klare Zahlungsmethodenpolitik st\u00e4rken das Vertrauen in autoGReece und bieten den Kunden die Sicherheit, die sie f\u00fcr ihre Buchung ben\u00f6tigen. Dar\u00fcber hinaus bietet das Unternehmen Sonderrabatte und Angebote, die die Anmietung noch erschwinglicher machen.<\/p>\n<h3 style=\"text-align: center;\"><span style=\"color: #ff0000;\"><strong>Kundendienst und pers\u00f6nliche Betreuung<\/strong><\/span><\/h3>\n<p>Die autoGReece Car Rental verpflichtet sich, einen hervorragenden Kundenservice zu bieten, mit spezialisierten Mitarbeitern, die jederzeit bereit sind, auf alle Fragen zu antworten und die notwendige Unterst\u00fctzung zu leisten. Das Team von autoGReece Car Rental <a href=\"https:\/\/maps.app.goo.gl\/orqev7y2GRWQxesg6\" target=\"_blank\" rel=\"noopener\">Thessaloniki<\/a> steht rund um die Uhr zur Verf\u00fcgung, um sicherzustellen, dass die Kunden eine perfekte Mieterfahrung haben und jedes auftretende Problem mit Professionalit\u00e4t und sofortiger Reaktion behandelt wird. Der pers\u00f6nliche Ansatz, der das Unternehmen kennzeichnet, ist ein wichtiger Bestandteil des Profils und tr\u00e4gt zur Entwicklung von Vertrauensbeziehungen mit seinen Kunden bei.<\/p>\n<h3 style=\"text-align: center;\"><span style=\"color: #ff0000;\"><strong>Engagement f\u00fcr Qualit\u00e4t und Sicherheit<\/strong><\/span><\/h3>\n<p>Die Sicherheit und Qualit\u00e4t der Fahrzeuge hat f\u00fcr die autoGReece Car Rental oberste Priorit\u00e4t. Jedes Fahrzeug wird strengen Kontrollen unterzogen und regelm\u00e4\u00dfig gewartet, um die sichere Bef\u00f6rderung der Kunden zu gew\u00e4hrleisten. Das Unternehmen arbeitet mit den besten Versicherungsgesellschaften zusammen und bietet umfassende Versicherungspakete f\u00fcr maximalen Schutz und Ruhe f\u00fcr ihre Kunden. Dieses Engagement f\u00fcr Qualit\u00e4t und Sicherheit ist einer der Gr\u00fcnde, warum die Kunden AutoGreece f\u00fcr ihre Fahrten in Griechenland vertrauen.<\/p>\n<h3 style=\"text-align: center;\"><span style=\"color: #ff0000;\"><strong>AutoGreece als Ihre Wahl<\/strong><\/span><\/h3>\n<p>Das Profil von <a href=\"https:\/\/autogreece.eu\/\">autoGReece<\/a> Car Rental spiegelt ein Unternehmen wider, das den Kunden in den Mittelpunkt stellt. Mit einem Fokus auf Service, Transparenz und Engagement f\u00fcr Qualit\u00e4t gewinnt AutoGreece weiterhin das Vertrauen seiner Kunden und erf\u00fcllt die h\u00f6chsten Erwartungen. Ob Sie ein zuverl\u00e4ssiges und komfortables Fahrzeug suchen, um die Sch\u00f6nheiten Griechenlands zu erkunden, oder eine gesch\u00e4ftliche L\u00f6sung f\u00fcr Ihre Reise ben\u00f6tigen, die <a href=\"https:\/\/autogreece.eu\/\">autoGReece<\/a> Car Rental ist die ideale Wahl f\u00fcr Sie.<\/p>\n<\/div>\n<\/div>\n<\/div>\n<\/div>\n<\/div><\/div><\/div><\/div><\/div><div class=\"fusion-fullwidth fullwidth-box fusion-builder-row-3 fusion-flex-container nonhundred-percent-fullwidth non-hundred-percent-height-scrolling\" style=\"--awb-border-radius-top-left:0px;--awb-border-radius-top-right:0px;--awb-border-radius-bottom-right:0px;--awb-border-radius-bottom-left:0px;--awb-flex-wrap:wrap;\" ><div class=\"fusion-builder-row fusion-row fusion-flex-align-items-flex-start fusion-flex-content-wrap\" style=\"max-width:1497.6px;margin-left: calc(-4% \/ 2 );margin-right: calc(-4% \/ 2 );\"><div class=\"fusion-layout-column fusion_builder_column fusion-builder-column-2 fusion_builder_column_1_1 1_1 fusion-flex-column\" style=\"--awb-padding-top:43px;--awb-bg-size:cover;--awb-width-large:100%;--awb-margin-top-large:0px;--awb-spacing-right-large:1.92%;--awb-margin-bottom-large:20px;--awb-spacing-left-large:1.92%;--awb-width-medium:100%;--awb-order-medium:0;--awb-spacing-right-medium:1.92%;--awb-spacing-left-medium:1.92%;--awb-width-small:100%;--awb-order-small:0;--awb-spacing-right-small:1.92%;--awb-spacing-left-small:1.92%;\"><div class=\"fusion-column-wrapper fusion-column-has-shadow fusion-flex-justify-content-flex-start fusion-content-layout-column\"><div class=\"fusion-text fusion-text-2\"><h2 lang=\"en-GB\" style=\"text-align: center;\">autoGReece: Autovermietung Thessaloniki<\/h2>\n<h2 lang=\"en-GB\" style=\"text-align: center;\"><span style=\"color: #f44336;\">Das zuverl\u00e4ssigste Unternehmen f\u00fcr Autovermietung in Thessaloniki.<\/span><\/h2>\n<div class=\"fusion-separator fusion-has-icon fusion-full-width-sep\" style=\"align-self: center;margin-left: auto;margin-right: auto;margin-top:10px;width:100%;\"><div class=\"fusion-separator-border sep-shadow\" style=\"--awb-height:20px;--awb-amount:20px;background:radial-gradient(ellipse at 50% -50% , #e2e2e2 0px, rgba(255, 255, 255, 0) 80%) repeat scroll 0 0 rgba(0, 0, 0, 0);background:-webkit-radial-gradient(ellipse at 50% -50% , #e2e2e2 0px, rgba(255, 255, 255, 0) 80%) repeat scroll 0 0 rgba(0, 0, 0, 0);background:-moz-radial-gradient(ellipse at 50% -50% , #e2e2e2 0px, rgba(255, 255, 255, 0) 80%) repeat scroll 0 0 rgba(0, 0, 0, 0);background:-o-radial-gradient(ellipse at 50% -50% , #e2e2e2 0px, rgba(255, 255, 255, 0) 80%) repeat scroll 0 0 rgba(0, 0, 0, 0);\"><\/div><span class=\"icon-wrapper\" style=\"border-color:#e2e2e2;background-color:rgba(255,255,255,0);font-size:16px;width: 1.75em; height: 1.75em;border-width:1px;padding:1px;\"><i class=\"fa-car-alt fas\" style=\"font-size: inherit;color:#e2e2e2;\" aria-hidden=\"true\"><\/i><\/span><div class=\"fusion-separator-border sep-shadow\" style=\"--awb-height:20px;--awb-amount:20px;background:radial-gradient(ellipse at 50% -50% , #e2e2e2 0px, rgba(255, 255, 255, 0) 80%) repeat scroll 0 0 rgba(0, 0, 0, 0);background:-webkit-radial-gradient(ellipse at 50% -50% , #e2e2e2 0px, rgba(255, 255, 255, 0) 80%) repeat scroll 0 0 rgba(0, 0, 0, 0);background:-moz-radial-gradient(ellipse at 50% -50% , #e2e2e2 0px, rgba(255, 255, 255, 0) 80%) repeat scroll 0 0 rgba(0, 0, 0, 0);background:-o-radial-gradient(ellipse at 50% -50% , #e2e2e2 0px, rgba(255, 255, 255, 0) 80%) repeat scroll 0 0 rgba(0, 0, 0, 0);\"><\/div><\/div>\n<h1 style=\"text-align: center;\">Telefonische Buchungen: +30 2310 254031<\/h1>\n<\/div><\/div><\/div><\/div><\/div><\/p>\n","protected":false},"excerpt":{"rendered":"","protected":false},"author":1,"featured_media":0,"parent":0,"menu_order":0,"comment_status":"closed","ping_status":"closed","template":"100-width.php","meta":{"footnotes":""},"class_list":["post-347","page","type-page","status-publish","hentry"],"_links":{"self":[{"href":"https:\/\/autogreece.eu\/de\/wp-json\/wp\/v2\/pages\/347","targetHints":{"allow":["GET"]}}],"collection":[{"href":"https:\/\/autogreece.eu\/de\/wp-json\/wp\/v2\/pages"}],"about":[{"href":"https:\/\/autogreece.eu\/de\/wp-json\/wp\/v2\/types\/page"}],"author":[{"embeddable":true,"href":"https:\/\/autogreece.eu\/de\/wp-json\/wp\/v2\/users\/1"}],"replies":[{"embeddable":true,"href":"https:\/\/autogreece.eu\/de\/wp-json\/wp\/v2\/comments?post=347"}],"version-history":[{"count":3,"href":"https:\/\/autogreece.eu\/de\/wp-json\/wp\/v2\/pages\/347\/revisions"}],"predecessor-version":[{"id":10288,"href":"https:\/\/autogreece.eu\/de\/wp-json\/wp\/v2\/pages\/347\/revisions\/10288"}],"wp:attachment":[{"href":"https:\/\/autogreece.eu\/de\/wp-json\/wp\/v2\/media?parent=347"}],"curies":[{"name":"wp","href":"https:\/\/api.w.org\/{rel}","templated":true}]}}