{"id":10388,"date":"2025-03-09T12:46:50","date_gmt":"2025-03-09T10:46:50","guid":{"rendered":"https:\/\/autogreece.eu\/?page_id=10388"},"modified":"2025-03-09T16:26:52","modified_gmt":"2025-03-09T14:26:52","slug":"suv-vermietung","status":"publish","type":"page","link":"https:\/\/autogreece.eu\/de\/suv-vermietung\/","title":{"rendered":"SUV Vermietung"},"content":{"rendered":"<p><div class=\"fusion-fullwidth fullwidth-box fusion-builder-row-1 fusion-flex-container has-pattern-background has-mask-background nonhundred-percent-fullwidth non-hundred-percent-height-scrolling\" style=\"--awb-border-radius-top-left:0px;--awb-border-radius-top-right:0px;--awb-border-radius-bottom-right:0px;--awb-border-radius-bottom-left:0px;--awb-margin-top:100px;--awb-flex-wrap:wrap;\" ><div class=\"fusion-builder-row fusion-row fusion-flex-align-items-flex-start fusion-flex-content-wrap\" style=\"max-width:1497.6px;margin-left: calc(-4% \/ 2 );margin-right: calc(-4% \/ 2 );\"><div class=\"fusion-layout-column fusion_builder_column fusion-builder-column-0 fusion_builder_column_1_1 1_1 fusion-flex-column\" style=\"--awb-bg-size:cover;--awb-width-large:100%;--awb-margin-top-large:0px;--awb-spacing-right-large:1.92%;--awb-margin-bottom-large:20px;--awb-spacing-left-large:1.92%;--awb-width-medium:100%;--awb-order-medium:0;--awb-spacing-right-medium:1.92%;--awb-spacing-left-medium:1.92%;--awb-width-small:100%;--awb-order-small:0;--awb-spacing-right-small:1.92%;--awb-spacing-left-small:1.92%;\"><div class=\"fusion-column-wrapper fusion-column-has-shadow fusion-flex-justify-content-flex-start fusion-content-layout-column\"><div class=\"fusion-text fusion-text-1\"><h1 style=\"text-align: center;\" data-start=\"0\" data-end=\"70\"><strong>SUV Jeep Vermietung in Thessaloniki von autoGReece Car Rental<\/strong><\/h1>\n<p data-start=\"72\" data-end=\"379\">Wenn du nach einem zuverl\u00e4ssigen und komfortablen SUV Jeep suchst, um Thessaloniki und die umliegenden Gebiete zu erkunden, ist <strong><a href=\"https:\/\/autogreece.eu\/\">autoGReece Car Rental<\/a><\/strong> die ideale Wahl f\u00fcr dich. Mit einer breiten Auswahl an SUV Jeeps kannst du das Fahren in der Stadt sowie auf anspruchsvolleren Strecken genie\u00dfen, ohne dir Sorgen machen zu m\u00fcssen.<\/p>\n<\/div><div class=\"fusion-image-element \" style=\"text-align:center;--awb-caption-title-font-family:var(--h2_typography-font-family);--awb-caption-title-font-weight:var(--h2_typography-font-weight);--awb-caption-title-font-style:var(--h2_typography-font-style);--awb-caption-title-size:var(--h2_typography-font-size);--awb-caption-title-transform:var(--h2_typography-text-transform);--awb-caption-title-line-height:var(--h2_typography-line-height);--awb-caption-title-letter-spacing:var(--h2_typography-letter-spacing);\"><span class=\" fusion-imageframe imageframe-none imageframe-1 hover-type-none\"><img decoding=\"async\" width=\"700\" height=\"400\" alt=\"\u0395\u03bd\u03bf\u03b9\u03ba\u03af\u03b1\u03c3\u03b7 SUV jeep\" title=\"pegfwe\" src=\"https:\/\/autogreece.eu\/wp-content\/uploads\/2025\/03\/pegfwe.jpg\" data-orig-src=\"https:\/\/autogreece.eu\/wp-content\/uploads\/2025\/03\/pegfwe.jpg\" class=\"lazyload img-responsive wp-image-10308\" srcset=\"data:image\/svg+xml,%3Csvg%20xmlns%3D%27http%3A%2F%2Fwww.w3.org%2F2000%2Fsvg%27%20width%3D%27700%27%20height%3D%27400%27%20viewBox%3D%270%200%20700%20400%27%3E%3Crect%20width%3D%27700%27%20height%3D%27400%27%20fill-opacity%3D%220%22%2F%3E%3C%2Fsvg%3E\" data-srcset=\"https:\/\/autogreece.eu\/wp-content\/uploads\/2025\/03\/pegfwe-200x114.jpg 200w, https:\/\/autogreece.eu\/wp-content\/uploads\/2025\/03\/pegfwe-400x229.jpg 400w, https:\/\/autogreece.eu\/wp-content\/uploads\/2025\/03\/pegfwe-600x343.jpg 600w, https:\/\/autogreece.eu\/wp-content\/uploads\/2025\/03\/pegfwe.jpg 700w\" data-sizes=\"auto\" data-orig-sizes=\"(max-width: 640px) 100vw, 700px\" \/><\/span><\/div><div class=\"fusion-text fusion-text-2\"><h2 style=\"text-align: center;\" data-start=\"381\" data-end=\"420\"><strong>Warum sollten Sie sich f\u00fcr die SUV Jeep Vermietung entscheiden?<\/strong><\/h2>\n<p data-start=\"421\" data-end=\"905\">Wenn Sie ein Auto mieten, m\u00f6chten Sie etwas, das Ihnen Sicherheit, Komfort und Flexibilit\u00e4t bietet. Ein <strong data-start=\"516\" data-end=\"528\">SUV Jeep<\/strong> ist die perfekte Wahl, wenn Sie sowohl auf der Stra\u00dfe als auch abseits der Stra\u00dfen fahren m\u00f6chten und das Fahren auf jedem Terrain genie\u00dfen wollen. Mit einer h\u00f6heren Bodenfreiheit, leistungsstarken Motoren und fortschrittlichen Traktionssystemen k\u00f6nnen Sie sich sicher f\u00fchlen, egal ob Sie auf den Stra\u00dfen der Stadt fahren oder die sch\u00f6nen Berge und Str\u00e4nde Nordgriechenlands besuchen m\u00f6chten <a href=\"https:\/\/maps.app.goo.gl\/KyB5ytDNnwdLak7c7\" target=\"_blank\" rel=\"noopener\">Griechenland<\/a>.<\/p>\n<\/div><div class=\"fusion-text fusion-text-3\"><h3 style=\"line-height: 100px; font-family: Arial, sans-serif; font-size: 30px; background-color: white; border: 10px solid #e10707; border-radius: 10px; text-align: center;\"><img decoding=\"async\" class=\"lazyload  wp-image-10177 alignnone\" src=\"data:image\/svg+xml,%3Csvg%20xmlns%3D%27http%3A%2F%2Fwww.w3.org%2F2000%2Fsvg%27%20width%3D%2767%27%20height%3D%2767%27%20viewBox%3D%270%200%2067%2067%27%3E%3Crect%20width%3D%2767%27%20height%3D%2767%27%20fill-opacity%3D%220%22%2F%3E%3C%2Fsvg%3E\" data-orig-src=\"https:\/\/autogreece.eu\/wp-content\/uploads\/2025\/03\/czsu.jpg\" alt=\"\" width=\"67\" height=\"67\" \/> Kaufen Sie eine Versicherung, um sorgenfrei zu reisen!<\/h3>\n<\/div><div class=\"fusion-image-element \" style=\"text-align:center;--awb-caption-title-font-family:var(--h2_typography-font-family);--awb-caption-title-font-weight:var(--h2_typography-font-weight);--awb-caption-title-font-style:var(--h2_typography-font-style);--awb-caption-title-size:var(--h2_typography-font-size);--awb-caption-title-transform:var(--h2_typography-text-transform);--awb-caption-title-line-height:var(--h2_typography-line-height);--awb-caption-title-letter-spacing:var(--h2_typography-letter-spacing);\"><span class=\" fusion-imageframe imageframe-none imageframe-2 hover-type-none\"><img decoding=\"async\" width=\"700\" height=\"400\" title=\"vwrvw\" src=\"https:\/\/autogreece.eu\/wp-content\/uploads\/2025\/03\/vwrvw.jpg\" data-orig-src=\"https:\/\/autogreece.eu\/wp-content\/uploads\/2025\/03\/vwrvw.jpg\" alt class=\"lazyload img-responsive wp-image-10318\" srcset=\"data:image\/svg+xml,%3Csvg%20xmlns%3D%27http%3A%2F%2Fwww.w3.org%2F2000%2Fsvg%27%20width%3D%27700%27%20height%3D%27400%27%20viewBox%3D%270%200%20700%20400%27%3E%3Crect%20width%3D%27700%27%20height%3D%27400%27%20fill-opacity%3D%220%22%2F%3E%3C%2Fsvg%3E\" data-srcset=\"https:\/\/autogreece.eu\/wp-content\/uploads\/2025\/03\/vwrvw-200x114.jpg 200w, https:\/\/autogreece.eu\/wp-content\/uploads\/2025\/03\/vwrvw-400x229.jpg 400w, https:\/\/autogreece.eu\/wp-content\/uploads\/2025\/03\/vwrvw-600x343.jpg 600w, https:\/\/autogreece.eu\/wp-content\/uploads\/2025\/03\/vwrvw.jpg 700w\" data-sizes=\"auto\" data-orig-sizes=\"(max-width: 640px) 100vw, 700px\" \/><\/span><\/div><div class=\"fusion-text fusion-text-4\"><h2 style=\"text-align: center;\" data-start=\"907\" data-end=\"935\"><strong>Vermietungsprozess<\/strong><\/h2>\n<p data-start=\"936\" data-end=\"1140\">Die SUV Jeep-Miete bei <strong><a href=\"https:\/\/autogreece.eu\/\">autoGReece<\/a> Car Rental<\/strong> ist ein einfacher und schneller Prozess. Du kannst online innerhalb weniger Minuten eine Reservierung vornehmen oder eines unserer B\u00fcros in Thessaloniki besuchen.<\/p>\n<ol data-start=\"1142\" data-end=\"1579\">\n<li data-start=\"1142\" data-end=\"1249\"><strong data-start=\"1145\" data-end=\"1168\">Fahrzeugwahl<\/strong>: Aus unserer Flotte w\u00e4hlst du das SUV Jeep, das deinen Bed\u00fcrfnissen entspricht.<\/li>\n<li data-start=\"1250\" data-end=\"1361\"><strong data-start=\"1253\" data-end=\"1279\">Festlegung der Termine<\/strong>: Du w\u00e4hlst die Tage aus, an denen du es mieten m\u00f6chtest, und erh\u00e4ltst sofort ein Angebot.<\/li>\n<li data-start=\"1362\" data-end=\"1482\"><strong data-start=\"1365\" data-end=\"1389\">Fahrzeugabholung<\/strong>: Du kannst das Jeep am Flughafen, im Stadtzentrum oder in deinem Hotel abholen.<\/li>\n<li data-start=\"1483\" data-end=\"1579\"><strong data-start=\"1486\" data-end=\"1513\">Erkundung der Region<\/strong>: Du genie\u00dft das Fahren und die Strecken ohne Einschr\u00e4nkungen.<\/li>\n<\/ol>\n<\/div><div class=\"fusion-image-element \" style=\"text-align:center;--awb-caption-title-font-family:var(--h2_typography-font-family);--awb-caption-title-font-weight:var(--h2_typography-font-weight);--awb-caption-title-font-style:var(--h2_typography-font-style);--awb-caption-title-size:var(--h2_typography-font-size);--awb-caption-title-transform:var(--h2_typography-text-transform);--awb-caption-title-line-height:var(--h2_typography-line-height);--awb-caption-title-letter-spacing:var(--h2_typography-letter-spacing);\"><span class=\" fusion-imageframe imageframe-none imageframe-3 hover-type-none\"><img decoding=\"async\" width=\"700\" height=\"400\" title=\"knee\" src=\"https:\/\/autogreece.eu\/wp-content\/uploads\/2025\/03\/knee.jpg\" data-orig-src=\"https:\/\/autogreece.eu\/wp-content\/uploads\/2025\/03\/knee.jpg\" alt class=\"lazyload img-responsive wp-image-10323\" srcset=\"data:image\/svg+xml,%3Csvg%20xmlns%3D%27http%3A%2F%2Fwww.w3.org%2F2000%2Fsvg%27%20width%3D%27700%27%20height%3D%27400%27%20viewBox%3D%270%200%20700%20400%27%3E%3Crect%20width%3D%27700%27%20height%3D%27400%27%20fill-opacity%3D%220%22%2F%3E%3C%2Fsvg%3E\" data-srcset=\"https:\/\/autogreece.eu\/wp-content\/uploads\/2025\/03\/knee-200x114.jpg 200w, https:\/\/autogreece.eu\/wp-content\/uploads\/2025\/03\/knee-400x229.jpg 400w, https:\/\/autogreece.eu\/wp-content\/uploads\/2025\/03\/knee-600x343.jpg 600w, https:\/\/autogreece.eu\/wp-content\/uploads\/2025\/03\/knee.jpg 700w\" data-sizes=\"auto\" data-orig-sizes=\"(max-width: 640px) 100vw, 700px\" \/><\/span><\/div><div class=\"fusion-text fusion-text-5\"><h2 style=\"text-align: center;\" data-start=\"1581\" data-end=\"1642\"><strong>Vorteile der SUV Jeep-Miete bei <a href=\"https:\/\/autogreece.eu\/\">autoGReece<\/a> Car Rental<\/strong><\/h2>\n<p data-start=\"1643\" data-end=\"1759\">Wenn du ein SUV Jeep bei uns mietest, profitierst du von einer Reihe von Vorteilen, die dein Erlebnis noch besser machen:<\/p>\n<ul data-start=\"1761\" data-end=\"2347\">\n<li data-start=\"1761\" data-end=\"1925\"><strong data-start=\"1763\" data-end=\"1793\">Hochwertige Fahrzeugqualit\u00e4t<\/strong>: Alle unsere Jeeps sind neu oder in hervorragendem Zustand, vollst\u00e4ndig gewartet und mit modernen Sicherheitsmerkmalen ausgestattet.<\/li>\n<li data-start=\"1926\" data-end=\"2034\"><strong data-start=\"1928\" data-end=\"1952\">Wettbewerbsf\u00e4hige Preise<\/strong>: Wir bieten dir kosteng\u00fcnstige Optionen und Pakete, die zu deinem Budget passen.<\/li>\n<li data-start=\"2035\" data-end=\"2232\"><strong data-start=\"2037\" data-end=\"2064\">Versicherung und Unterst\u00fctzung<\/strong>: Du hast die M\u00f6glichkeit, zus\u00e4tzliche Versicherungen hinzuzuf\u00fcgen, um deine Beteiligung im Falle eines Unfalls zu verringern. Zudem erh\u00e4ltst du rund um die Uhr Pannenhilfe in ganz Griechenland.<\/li>\n<li data-start=\"2233\" data-end=\"2347\"><strong data-start=\"2235\" data-end=\"2262\">Flexible Mietbedingungen<\/strong>: Du kannst zwischen kurzfristiger oder langfristiger Miete w\u00e4hlen, je nach deinen Bed\u00fcrfnissen.<\/li>\n<\/ul>\n<\/div><div class=\"fusion-text fusion-text-6\" style=\"--awb-width:67px;\"><h3 style=\"line-height: 100px; font-family: Arial, sans-serif; font-size: 30px; background-color: white; border: 10px solid #e10707; border-radius: 10px; text-align: center;\"><img decoding=\"async\" class=\"lazyload  wp-image-10177 alignnone\" src=\"data:image\/svg+xml,%3Csvg%20xmlns%3D%27http%3A%2F%2Fwww.w3.org%2F2000%2Fsvg%27%20width%3D%2767%27%20height%3D%2767%27%20viewBox%3D%270%200%2067%2067%27%3E%3Crect%20width%3D%2767%27%20height%3D%2767%27%20fill-opacity%3D%220%22%2F%3E%3C%2Fsvg%3E\" data-orig-src=\"https:\/\/autogreece.eu\/wp-content\/uploads\/2025\/03\/czsu.jpg\" alt=\"\" width=\"67\" height=\"67\" \/> Kaufe eine Versicherung f\u00fcr Glassch\u00e4den und Reifen!<\/h3>\n<\/div><div class=\"fusion-image-element \" style=\"text-align:center;--awb-caption-title-font-family:var(--h2_typography-font-family);--awb-caption-title-font-weight:var(--h2_typography-font-weight);--awb-caption-title-font-style:var(--h2_typography-font-style);--awb-caption-title-size:var(--h2_typography-font-size);--awb-caption-title-transform:var(--h2_typography-text-transform);--awb-caption-title-line-height:var(--h2_typography-line-height);--awb-caption-title-letter-spacing:var(--h2_typography-letter-spacing);\"><span class=\" fusion-imageframe imageframe-none imageframe-4 hover-type-none\"><img decoding=\"async\" width=\"700\" height=\"400\" title=\"www\" src=\"https:\/\/autogreece.eu\/wp-content\/uploads\/2025\/03\/www.jpg\" data-orig-src=\"https:\/\/autogreece.eu\/wp-content\/uploads\/2025\/03\/www.jpg\" alt class=\"lazyload img-responsive wp-image-10338\" srcset=\"data:image\/svg+xml,%3Csvg%20xmlns%3D%27http%3A%2F%2Fwww.w3.org%2F2000%2Fsvg%27%20width%3D%27700%27%20height%3D%27400%27%20viewBox%3D%270%200%20700%20400%27%3E%3Crect%20width%3D%27700%27%20height%3D%27400%27%20fill-opacity%3D%220%22%2F%3E%3C%2Fsvg%3E\" data-srcset=\"https:\/\/autogreece.eu\/wp-content\/uploads\/2025\/03\/www-200x114.jpg 200w, https:\/\/autogreece.eu\/wp-content\/uploads\/2025\/03\/www-400x229.jpg 400w, https:\/\/autogreece.eu\/wp-content\/uploads\/2025\/03\/www-600x343.jpg 600w, https:\/\/autogreece.eu\/wp-content\/uploads\/2025\/03\/www.jpg 700w\" data-sizes=\"auto\" data-orig-sizes=\"(max-width: 640px) 100vw, 700px\" \/><\/span><\/div><div class=\"fusion-text fusion-text-7\"><h2 style=\"text-align: center;\" data-start=\"2349\" data-end=\"2412\"><strong>Was kannst du mit deinem SUV Jeep in <a href=\"https:\/\/maps.app.goo.gl\/h5zBAxuzU3otbiLY8\" target=\"_blank\" rel=\"noopener\">Thessaloniki<\/a> machen?<\/strong><\/h2>\n<p data-start=\"2413\" data-end=\"2577\">Nachdem du dein Fahrzeug abgeholt hast, kannst du mit deinen Erkundungstouren in der sch\u00f6nen Stadt Thessaloniki und dar\u00fcber hinaus beginnen. Hier einige Vorschl\u00e4ge, wie du dein Jeep am besten nutzen kannst:<\/p>\n<ul data-start=\"2579\" data-end=\"3116\">\n<li data-start=\"2579\" data-end=\"2687\"><strong data-start=\"2581\" data-end=\"2605\">Stadterkundung<\/strong>: Fahre an der K\u00fcstenstra\u00dfe entlang, besuche den Wei\u00dfen Turm, die Oberstadt und die Burgen.<\/li>\n<li data-start=\"2688\" data-end=\"2821\"><strong data-start=\"2690\" data-end=\"2716\">Ausfl\u00fcge nach Chalkidiki<\/strong>: Wenn du das Meer liebst, kannst du zu den wundersch\u00f6nen Str\u00e4nden von Chalkidiki fahren und dabei h\u00f6chsten Komfort genie\u00dfen.<\/li>\n<li data-start=\"2822\" data-end=\"2964\"><strong data-start=\"2824\" data-end=\"2846\">Fahrten am Olymp<\/strong>: Wenn du eine abenteuerlichere Route suchst, kannst du den Berg der G\u00f6tter befahren und die einzigartigen Landschaften genie\u00dfen.<\/li>\n<li data-start=\"2965\" data-end=\"3116\"><strong data-start=\"2967\" data-end=\"2995\">Weingutbesuche<\/strong>: Wenn du Weinliebhaber bist, kannst du eine Ausflugsreise zu den Weing\u00fctern von Naoussa unternehmen und an Verkostungen teilnehmen.<\/li>\n<\/ul>\n<\/div><div class=\"fusion-image-element \" style=\"text-align:center;--awb-caption-title-font-family:var(--h2_typography-font-family);--awb-caption-title-font-weight:var(--h2_typography-font-weight);--awb-caption-title-font-style:var(--h2_typography-font-style);--awb-caption-title-size:var(--h2_typography-font-size);--awb-caption-title-transform:var(--h2_typography-text-transform);--awb-caption-title-line-height:var(--h2_typography-line-height);--awb-caption-title-letter-spacing:var(--h2_typography-letter-spacing);\"><span class=\" fusion-imageframe imageframe-none imageframe-5 hover-type-none\"><img decoding=\"async\" width=\"700\" height=\"400\" title=\"jgjgjg\" src=\"https:\/\/autogreece.eu\/wp-content\/uploads\/2025\/03\/jgjgjg.jpg\" data-orig-src=\"https:\/\/autogreece.eu\/wp-content\/uploads\/2025\/03\/jgjgjg.jpg\" alt class=\"lazyload img-responsive wp-image-10333\" srcset=\"data:image\/svg+xml,%3Csvg%20xmlns%3D%27http%3A%2F%2Fwww.w3.org%2F2000%2Fsvg%27%20width%3D%27700%27%20height%3D%27400%27%20viewBox%3D%270%200%20700%20400%27%3E%3Crect%20width%3D%27700%27%20height%3D%27400%27%20fill-opacity%3D%220%22%2F%3E%3C%2Fsvg%3E\" data-srcset=\"https:\/\/autogreece.eu\/wp-content\/uploads\/2025\/03\/jgjgjg-200x114.jpg 200w, https:\/\/autogreece.eu\/wp-content\/uploads\/2025\/03\/jgjgjg-400x229.jpg 400w, https:\/\/autogreece.eu\/wp-content\/uploads\/2025\/03\/jgjgjg-600x343.jpg 600w, https:\/\/autogreece.eu\/wp-content\/uploads\/2025\/03\/jgjgjg.jpg 700w\" data-sizes=\"auto\" data-orig-sizes=\"(max-width: 640px) 100vw, 700px\" \/><\/span><\/div><div class=\"fusion-text fusion-text-8\"><h2 style=\"text-align: center;\" data-start=\"0\" data-end=\"36\"><strong>Buch dir noch heute dein SUV Jeep!<\/strong><\/h2>\n<p data-start=\"38\" data-end=\"257\">Verschwende keine Zeit! Wenn du eine Gesch\u00e4ftsreise planst, einen Familienausflug machst oder einfach Thessaloniki mit maximalem Komfort und Freiheit genie\u00dfen m\u00f6chtest, bietet dir <strong><a href=\"https:\/\/autogreece.eu\/\">autoGReece<\/a> Car Rental<\/strong> die ideale L\u00f6sung.<\/p>\n<\/div><div class=\"fusion-image-element \" style=\"text-align:center;--awb-caption-title-font-family:var(--h2_typography-font-family);--awb-caption-title-font-weight:var(--h2_typography-font-weight);--awb-caption-title-font-style:var(--h2_typography-font-style);--awb-caption-title-size:var(--h2_typography-font-size);--awb-caption-title-transform:var(--h2_typography-text-transform);--awb-caption-title-line-height:var(--h2_typography-line-height);--awb-caption-title-letter-spacing:var(--h2_typography-letter-spacing);\"><span class=\" fusion-imageframe imageframe-none imageframe-6 hover-type-none\"><img decoding=\"async\" width=\"700\" height=\"400\" title=\"jjjm\" src=\"https:\/\/autogreece.eu\/wp-content\/uploads\/2025\/03\/jjjm.jpg\" data-orig-src=\"https:\/\/autogreece.eu\/wp-content\/uploads\/2025\/03\/jjjm.jpg\" alt class=\"lazyload img-responsive wp-image-10343\" srcset=\"data:image\/svg+xml,%3Csvg%20xmlns%3D%27http%3A%2F%2Fwww.w3.org%2F2000%2Fsvg%27%20width%3D%27700%27%20height%3D%27400%27%20viewBox%3D%270%200%20700%20400%27%3E%3Crect%20width%3D%27700%27%20height%3D%27400%27%20fill-opacity%3D%220%22%2F%3E%3C%2Fsvg%3E\" data-srcset=\"https:\/\/autogreece.eu\/wp-content\/uploads\/2025\/03\/jjjm-200x114.jpg 200w, https:\/\/autogreece.eu\/wp-content\/uploads\/2025\/03\/jjjm-400x229.jpg 400w, https:\/\/autogreece.eu\/wp-content\/uploads\/2025\/03\/jjjm-600x343.jpg 600w, https:\/\/autogreece.eu\/wp-content\/uploads\/2025\/03\/jjjm.jpg 700w\" data-sizes=\"auto\" data-orig-sizes=\"(max-width: 640px) 100vw, 700px\" \/><\/span><\/div><div class=\"fusion-text fusion-text-9\"><h3 style=\"line-height: 100px; font-family: Arial, sans-serif; font-size: 30px; background-color: white; border: 10px solid #e10707; border-radius: 10px; text-align: center;\"><img decoding=\"async\" class=\"lazyload  wp-image-10177 alignnone\" src=\"data:image\/svg+xml,%3Csvg%20xmlns%3D%27http%3A%2F%2Fwww.w3.org%2F2000%2Fsvg%27%20width%3D%2767%27%20height%3D%2767%27%20viewBox%3D%270%200%2067%2067%27%3E%3Crect%20width%3D%2767%27%20height%3D%2767%27%20fill-opacity%3D%220%22%2F%3E%3C%2Fsvg%3E\" data-orig-src=\"https:\/\/autogreece.eu\/wp-content\/uploads\/2025\/03\/czsu.jpg\" alt=\"\" width=\"67\" height=\"67\" \/> Kaufe eine Versicherung f\u00fcr den Unterboden des Fahrzeugs!<\/h3>\n<\/div><\/div><\/div><\/div><\/div><div class=\"fusion-fullwidth fullwidth-box fusion-builder-row-2 fusion-flex-container has-pattern-background has-mask-background nonhundred-percent-fullwidth non-hundred-percent-height-scrolling\" style=\"--awb-border-radius-top-left:0px;--awb-border-radius-top-right:0px;--awb-border-radius-bottom-right:0px;--awb-border-radius-bottom-left:0px;--awb-padding-left:0px;--awb-margin-bottom:0px;--awb-flex-wrap:wrap;\" ><div class=\"fusion-builder-row fusion-row fusion-flex-align-items-flex-start fusion-flex-content-wrap\" style=\"max-width:1497.6px;margin-left: calc(-4% \/ 2 );margin-right: calc(-4% \/ 2 );\"><div class=\"fusion-layout-column fusion_builder_column fusion-builder-column-1 fusion_builder_column_1_1 1_1 fusion-flex-column\" style=\"--awb-bg-color:#e10707;--awb-bg-color-hover:#e10707;--awb-bg-size:cover;--awb-width-large:100%;--awb-margin-top-large:0px;--awb-spacing-right-large:1.92%;--awb-margin-bottom-large:-80px;--awb-spacing-left-large:1.92%;--awb-width-medium:100%;--awb-order-medium:0;--awb-spacing-right-medium:1.92%;--awb-spacing-left-medium:1.92%;--awb-width-small:100%;--awb-order-small:0;--awb-spacing-right-small:1.92%;--awb-spacing-left-small:1.92%;\"><div class=\"fusion-column-wrapper fusion-column-has-shadow fusion-flex-justify-content-flex-start fusion-content-layout-column\"><div class=\"fusion-text fusion-text-10\"><h2 style=\"text-align: center;\"><strong><span style=\"color: #ffffff;\">Fordern Sie ein Angebot an!!<\/span><\/strong><\/h2>\n<\/div><\/div><\/div><\/div><\/div><div class=\"fusion-fullwidth fullwidth-box fusion-builder-row-3 fusion-flex-container has-pattern-background has-mask-background nonhundred-percent-fullwidth non-hundred-percent-height-scrolling\" style=\"--awb-border-radius-top-left:0px;--awb-border-radius-top-right:0px;--awb-border-radius-bottom-right:0px;--awb-border-radius-bottom-left:0px;--awb-padding-left:0px;--awb-margin-bottom:0px;--awb-background-color:#e10707;--awb-flex-wrap:wrap;\" ><div class=\"fusion-builder-row fusion-row fusion-flex-align-items-flex-start fusion-flex-content-wrap\" style=\"max-width:1497.6px;margin-left: calc(-4% \/ 2 );margin-right: calc(-4% \/ 2 );\"><div class=\"fusion-layout-column fusion_builder_column fusion-builder-column-2 fusion_builder_column_1_2 1_2 fusion-flex-column\" style=\"--awb-bg-size:cover;--awb-width-large:50%;--awb-margin-top-large:50px;--awb-spacing-right-large:3.84%;--awb-margin-bottom-large:20px;--awb-spacing-left-large:3.84%;--awb-width-medium:50%;--awb-order-medium:0;--awb-spacing-right-medium:3.84%;--awb-spacing-left-medium:3.84%;--awb-width-small:100%;--awb-order-small:0;--awb-spacing-right-small:1.92%;--awb-spacing-left-small:1.92%;\"><div class=\"fusion-column-wrapper fusion-column-has-shadow fusion-flex-justify-content-flex-start fusion-content-layout-column\"><div class=\"fusion-text fusion-text-11\"><h2 style=\"text-align: center;\"><strong><span style=\"color: #ffffff;\">Telefonnummer: +30 2310 254 031<\/span><\/strong><\/h2>\n<\/div><\/div><\/div><div class=\"fusion-layout-column fusion_builder_column fusion-builder-column-3 fusion_builder_column_1_2 1_2 fusion-flex-column\" style=\"--awb-bg-size:cover;--awb-width-large:50%;--awb-margin-top-large:50px;--awb-spacing-right-large:3.84%;--awb-margin-bottom-large:20px;--awb-spacing-left-large:3.84%;--awb-width-medium:50%;--awb-order-medium:0;--awb-spacing-right-medium:3.84%;--awb-spacing-left-medium:3.84%;--awb-width-small:100%;--awb-order-small:0;--awb-spacing-right-small:1.92%;--awb-spacing-left-small:1.92%;\"><div class=\"fusion-column-wrapper fusion-column-has-shadow fusion-flex-justify-content-flex-start fusion-content-layout-column\"><div class=\"fusion-text fusion-text-12\"><h2 style=\"text-align: center;\"><strong><span style=\"color: #ffffff;\">E-Mail: info@autogreece.eu<\/span><\/strong><\/h2>\n<\/div><\/div><\/div><\/div><\/div><\/p>\n","protected":false},"excerpt":{"rendered":"","protected":false},"author":1,"featured_media":0,"parent":0,"menu_order":0,"comment_status":"closed","ping_status":"closed","template":"100-width.php","meta":{"footnotes":""},"class_list":["post-10388","page","type-page","status-publish","hentry"],"_links":{"self":[{"href":"https:\/\/autogreece.eu\/de\/wp-json\/wp\/v2\/pages\/10388","targetHints":{"allow":["GET"]}}],"collection":[{"href":"https:\/\/autogreece.eu\/de\/wp-json\/wp\/v2\/pages"}],"about":[{"href":"https:\/\/autogreece.eu\/de\/wp-json\/wp\/v2\/types\/page"}],"author":[{"embeddable":true,"href":"https:\/\/autogreece.eu\/de\/wp-json\/wp\/v2\/users\/1"}],"replies":[{"embeddable":true,"href":"https:\/\/autogreece.eu\/de\/wp-json\/wp\/v2\/comments?post=10388"}],"version-history":[{"count":4,"href":"https:\/\/autogreece.eu\/de\/wp-json\/wp\/v2\/pages\/10388\/revisions"}],"predecessor-version":[{"id":10405,"href":"https:\/\/autogreece.eu\/de\/wp-json\/wp\/v2\/pages\/10388\/revisions\/10405"}],"wp:attachment":[{"href":"https:\/\/autogreece.eu\/de\/wp-json\/wp\/v2\/media?parent=10388"}],"curies":[{"name":"wp","href":"https:\/\/api.w.org\/{rel}","templated":true}]}}