{"id":10261,"date":"2025-03-08T17:36:51","date_gmt":"2025-03-08T15:36:51","guid":{"rendered":"https:\/\/autogreece.eu\/?page_id=10261"},"modified":"2025-03-09T14:57:43","modified_gmt":"2025-03-09T12:57:43","slug":"7-und-9-sitzplaetzen","status":"publish","type":"page","link":"https:\/\/autogreece.eu\/de\/7-und-9-sitzplaetzen\/","title":{"rendered":"Minivan mit 7 und 9 Sitzpl\u00e4tzen"},"content":{"rendered":"<p><div class=\"fusion-fullwidth fullwidth-box fusion-builder-row-1 fusion-flex-container has-pattern-background has-mask-background nonhundred-percent-fullwidth non-hundred-percent-height-scrolling\" style=\"--awb-border-radius-top-left:0px;--awb-border-radius-top-right:0px;--awb-border-radius-bottom-right:0px;--awb-border-radius-bottom-left:0px;--awb-margin-top:100px;--awb-flex-wrap:wrap;\" ><div class=\"fusion-builder-row fusion-row fusion-flex-align-items-flex-start fusion-flex-content-wrap\" style=\"max-width:1497.6px;margin-left: calc(-4% \/ 2 );margin-right: calc(-4% \/ 2 );\"><div class=\"fusion-layout-column fusion_builder_column fusion-builder-column-0 fusion_builder_column_1_1 1_1 fusion-flex-column\" style=\"--awb-bg-size:cover;--awb-width-large:100%;--awb-margin-top-large:0px;--awb-spacing-right-large:1.92%;--awb-margin-bottom-large:20px;--awb-spacing-left-large:1.92%;--awb-width-medium:100%;--awb-order-medium:0;--awb-spacing-right-medium:1.92%;--awb-spacing-left-medium:1.92%;--awb-width-small:100%;--awb-order-small:0;--awb-spacing-right-small:1.92%;--awb-spacing-left-small:1.92%;\"><div class=\"fusion-column-wrapper fusion-column-has-shadow fusion-flex-justify-content-flex-start fusion-content-layout-column\"><div class=\"fusion-text fusion-text-1\"><h2 style=\"text-align: center;\" data-start=\"0\" data-end=\"97\"><strong data-start=\"4\" data-end=\"95\">Minivan-Miete mit 7&amp;9 Sitzen in <a href=\"https:\/\/maps.app.goo.gl\/N71RP5LpYJQ97uQg6\" target=\"_blank\" rel=\"noopener\">Thessaloniki<\/a> \u2013 Die ideale Wahl f\u00fcr komfortable Fahrten<\/strong><\/h2>\n<\/div><div class=\"fusion-image-element \" style=\"text-align:center;--awb-caption-title-font-family:var(--h2_typography-font-family);--awb-caption-title-font-weight:var(--h2_typography-font-weight);--awb-caption-title-font-style:var(--h2_typography-font-style);--awb-caption-title-size:var(--h2_typography-font-size);--awb-caption-title-transform:var(--h2_typography-text-transform);--awb-caption-title-line-height:var(--h2_typography-line-height);--awb-caption-title-letter-spacing:var(--h2_typography-letter-spacing);\"><span class=\" fusion-imageframe imageframe-none imageframe-1 hover-type-none\"><img decoding=\"async\" width=\"1229\" height=\"400\" title=\"gr1\" src=\"https:\/\/autogreece.eu\/wp-content\/uploads\/2025\/03\/gr1.jpg\" data-orig-src=\"https:\/\/autogreece.eu\/wp-content\/uploads\/2025\/03\/gr1.jpg\" alt class=\"lazyload img-responsive wp-image-10248\" srcset=\"data:image\/svg+xml,%3Csvg%20xmlns%3D%27http%3A%2F%2Fwww.w3.org%2F2000%2Fsvg%27%20width%3D%271229%27%20height%3D%27400%27%20viewBox%3D%270%200%201229%20400%27%3E%3Crect%20width%3D%271229%27%20height%3D%27400%27%20fill-opacity%3D%220%22%2F%3E%3C%2Fsvg%3E\" data-srcset=\"https:\/\/autogreece.eu\/wp-content\/uploads\/2025\/03\/gr1-200x65.jpg 200w, https:\/\/autogreece.eu\/wp-content\/uploads\/2025\/03\/gr1-400x130.jpg 400w, https:\/\/autogreece.eu\/wp-content\/uploads\/2025\/03\/gr1-600x195.jpg 600w, https:\/\/autogreece.eu\/wp-content\/uploads\/2025\/03\/gr1-800x260.jpg 800w, https:\/\/autogreece.eu\/wp-content\/uploads\/2025\/03\/gr1-1200x391.jpg 1200w, https:\/\/autogreece.eu\/wp-content\/uploads\/2025\/03\/gr1.jpg 1229w\" data-sizes=\"auto\" data-orig-sizes=\"(max-width: 640px) 100vw, 1229px\" \/><\/span><\/div><div class=\"fusion-text fusion-text-2\"><p data-start=\"99\" data-end=\"523\">Wenn du <a href=\"https:\/\/maps.app.goo.gl\/N71RP5LpYJQ97uQg6\" target=\"_blank\" rel=\"noopener\">Thessaloniki<\/a> mit deiner Familie oder einer gro\u00dfen Gruppe besuchst, wird der Komfort bei deinen Fahrten zur Priorit\u00e4t. Du m\u00f6chtest Platz, Flexibilit\u00e4t und nat\u00fcrlich die Freiheit, die Stadt und die umliegenden Gebiete ohne Einschr\u00e4nkungen zu erkunden. Die Miete eines <strong data-start=\"367\" data-end=\"391\">7- oder 9-Sitzer-Mini-Vans<\/strong> ist die ideale L\u00f6sung f\u00fcr dich, wenn du nach einem praktischen und komfortablen Fahrzeug f\u00fcr deine Fahrten in der <strong data-start=\"490\" data-end=\"507\">Zweitstadt<\/strong> und dar\u00fcber hinaus suchst.<\/p>\n<h3 style=\"text-align: center;\" data-start=\"525\" data-end=\"579\"><strong data-start=\"529\" data-end=\"577\">Warum solltest du ein 7- oder 9-Sitzer-Mini-Van w\u00e4hlen?<\/strong><\/h3>\n<p data-start=\"581\" data-end=\"893\">Minivans sind darauf ausgelegt, <strong data-start=\"628\" data-end=\"661\">Komfort, Sicherheit und Ger\u00e4umigkeit<\/strong> auf jeder Fahrt zu bieten. Wenn du mit vielen Personen reist, kann ein normales Auto deinen Bed\u00fcrfnissen nicht gerecht werden, da du m\u00f6glicherweise mehr als ein Fahrzeug nutzen oder Kompromisse beim Gep\u00e4ckraum eingehen musst.<\/p>\n<p>Mit einem Minivan:<\/p>\n<ul>\n<li data-start=\"895\" data-end=\"1406\"><strong data-start=\"915\" data-end=\"936\">Hast du ausreichend Platz<\/strong> f\u00fcr alle Passagiere, ohne dass es eng wird.<\/li>\n<li data-start=\"895\" data-end=\"1406\"><strong data-start=\"989\" data-end=\"1021\">Genie\u00dft du bequeme Sitze<\/strong> und viel Platz f\u00fcr das Gep\u00e4ck.<\/li>\n<li data-start=\"895\" data-end=\"1406\"><strong data-start=\"1061\" data-end=\"1111\">Verwaltest du deine Fahrten flexibel<\/strong>, ohne auf \u00f6ffentliche Verkehrsmittel oder Taxis angewiesen zu sein.<\/li>\n<li data-start=\"895\" data-end=\"1406\"><strong data-start=\"1167\" data-end=\"1189\">Reduzierst du die Kosten<\/strong>, da du nicht zwei kleinere Autos mieten musst.<\/li>\n<li data-start=\"895\" data-end=\"1406\"><strong data-start=\"1256\" data-end=\"1288\">F\u00e4hrst du bequem und entspannt<\/strong>, sei es in der Stadt oder auf l\u00e4ngeren Fahrten nach Chalkidiki, zum Olymp oder zu anderen Zielen in Nordgriechenland.<\/li>\n<\/ul>\n<\/div><div class=\"fusion-image-element \" style=\"text-align:center;--awb-caption-title-font-family:var(--h2_typography-font-family);--awb-caption-title-font-weight:var(--h2_typography-font-weight);--awb-caption-title-font-style:var(--h2_typography-font-style);--awb-caption-title-size:var(--h2_typography-font-size);--awb-caption-title-transform:var(--h2_typography-text-transform);--awb-caption-title-line-height:var(--h2_typography-line-height);--awb-caption-title-letter-spacing:var(--h2_typography-letter-spacing);\"><span class=\" fusion-imageframe imageframe-none imageframe-2 hover-type-none\"><img decoding=\"async\" width=\"700\" height=\"400\" alt=\"\u0395\u03bd\u03bf\u03b9\u03ba\u03af\u03b1\u03c3\u03b7 \u03bc\u03b9\u03bd\u03b9\u03b2\u03b1\u03bd 7&amp;9 \u03b8\u03ad\u03c3\u03b5\u03c9\u03bd\" title=\"minfiwen\" src=\"https:\/\/autogreece.eu\/wp-content\/uploads\/2025\/03\/minfiwen.jpg\" data-orig-src=\"https:\/\/autogreece.eu\/wp-content\/uploads\/2025\/03\/minfiwen.jpg\" class=\"lazyload img-responsive wp-image-10220\" srcset=\"data:image\/svg+xml,%3Csvg%20xmlns%3D%27http%3A%2F%2Fwww.w3.org%2F2000%2Fsvg%27%20width%3D%27700%27%20height%3D%27400%27%20viewBox%3D%270%200%20700%20400%27%3E%3Crect%20width%3D%27700%27%20height%3D%27400%27%20fill-opacity%3D%220%22%2F%3E%3C%2Fsvg%3E\" data-srcset=\"https:\/\/autogreece.eu\/wp-content\/uploads\/2025\/03\/minfiwen-200x114.jpg 200w, https:\/\/autogreece.eu\/wp-content\/uploads\/2025\/03\/minfiwen-400x229.jpg 400w, https:\/\/autogreece.eu\/wp-content\/uploads\/2025\/03\/minfiwen-600x343.jpg 600w, https:\/\/autogreece.eu\/wp-content\/uploads\/2025\/03\/minfiwen.jpg 700w\" data-sizes=\"auto\" data-orig-sizes=\"(max-width: 640px) 100vw, 700px\" \/><\/span><\/div><div class=\"fusion-text fusion-text-3\"><h3 style=\"text-align: center;\" data-start=\"1408\" data-end=\"1482\"><strong data-start=\"1412\" data-end=\"1480\">Erkunde Thessaloniki und die umliegenden Gebiete mit h\u00f6chstem Komfort<\/strong><\/h3>\n<p data-start=\"1484\" data-end=\"1737\">Thessaloniki ist eine Stadt voller Leben, Kultur und wundersch\u00f6ner Landschaften. Mit einem Minivan kannst du bequem vom Stadtzentrum zu den <strong data-start=\"1628\" data-end=\"1670\">kosmopolitischen Str\u00e4nden von Halkidiki<\/strong> reisen oder einen Tagesausflug zum <strong data-start=\"1709\" data-end=\"1734\">Olymp und Meteora<\/strong> unternehmen.<\/p>\n<ul data-start=\"1739\" data-end=\"2113\">\n<li data-start=\"1739\" data-end=\"1871\"><strong data-start=\"1741\" data-end=\"1813\">Besuche den Wei\u00dfen Turm, die Oberstadt und den Aristotelous-Platz<\/strong>, ohne dir Sorgen um den Transport deiner Gruppe zu machen.<\/li>\n<li data-start=\"1872\" data-end=\"1978\"><strong data-start=\"1874\" data-end=\"1929\">Probiere lokale Spezialit\u00e4ten in Ladadika oder Modiano<\/strong> und setze deine Reise dann ohne Stress fort.<\/li>\n<li data-start=\"1979\" data-end=\"2113\"><strong data-start=\"1981\" data-end=\"2057\">Plane einen Ausflug nach Pella, Vergina oder der Alistratis-H\u00f6hle<\/strong> und bringe deine ganze Familie oder Gruppe mit.<\/li>\n<\/ul>\n<\/div><div class=\"fusion-image-element \" style=\"text-align:center;--awb-caption-title-font-family:var(--h2_typography-font-family);--awb-caption-title-font-weight:var(--h2_typography-font-weight);--awb-caption-title-font-style:var(--h2_typography-font-style);--awb-caption-title-size:var(--h2_typography-font-size);--awb-caption-title-transform:var(--h2_typography-text-transform);--awb-caption-title-line-height:var(--h2_typography-line-height);--awb-caption-title-letter-spacing:var(--h2_typography-letter-spacing);\"><span class=\" fusion-imageframe imageframe-none imageframe-3 hover-type-none\"><img decoding=\"async\" width=\"700\" height=\"400\" alt=\"\u0395\u03bd\u03bf\u03b9\u03ba\u03af\u03b1\u03c3\u03b7 \u039c\u03b9\u03bd\u03b9\u03b2\u03b1\u03bd 7&amp;9 \u03b8\u03ad\u03c3\u03b5\u03c9\u03bd\" title=\"fiat32\" src=\"https:\/\/autogreece.eu\/wp-content\/uploads\/2025\/03\/fiat32.jpg\" data-orig-src=\"https:\/\/autogreece.eu\/wp-content\/uploads\/2025\/03\/fiat32.jpg\" class=\"lazyload img-responsive wp-image-10225\" srcset=\"data:image\/svg+xml,%3Csvg%20xmlns%3D%27http%3A%2F%2Fwww.w3.org%2F2000%2Fsvg%27%20width%3D%27700%27%20height%3D%27400%27%20viewBox%3D%270%200%20700%20400%27%3E%3Crect%20width%3D%27700%27%20height%3D%27400%27%20fill-opacity%3D%220%22%2F%3E%3C%2Fsvg%3E\" data-srcset=\"https:\/\/autogreece.eu\/wp-content\/uploads\/2025\/03\/fiat32-200x114.jpg 200w, https:\/\/autogreece.eu\/wp-content\/uploads\/2025\/03\/fiat32-400x229.jpg 400w, https:\/\/autogreece.eu\/wp-content\/uploads\/2025\/03\/fiat32-600x343.jpg 600w, https:\/\/autogreece.eu\/wp-content\/uploads\/2025\/03\/fiat32.jpg 700w\" data-sizes=\"auto\" data-orig-sizes=\"(max-width: 640px) 100vw, 700px\" \/><\/span><\/div><div class=\"fusion-text fusion-text-4\"><h3 style=\"text-align: center;\" data-start=\"2115\" data-end=\"2181\"><strong data-start=\"2119\" data-end=\"2179\">Minivan-Miete mit <a href=\"https:\/\/autogreece.eu\/\">autoGReece<\/a> Car Rental \u2013 Einfach und Schnell<\/strong><\/h3>\n<p data-start=\"2183\" data-end=\"2505\">Bei <strong data-start=\"2188\" data-end=\"2202\"><a href=\"https:\/\/autogreece.eu\/\">autoGReece<\/a> Car Rental<\/strong> machen wir die Miete von 7&amp;9-Sitzer-Minivans in Thessaloniki <strong data-start=\"2250\" data-end=\"2270\">einfach und schnell<\/strong>. Du w\u00e4hlst das Fahrzeug, das deinen Bed\u00fcrfnissen entspricht, machst deine Buchung online oder telefonisch und holst dein Auto <strong data-start=\"2402\" data-end=\"2502\">am Flughafen Makedonia, am KTEL-Bahnhof, am Hauptbahnhof oder im Stadtzentrum<\/strong> ab.<\/p>\n<ul data-start=\"2507\" data-end=\"2829\">\n<li data-start=\"2507\" data-end=\"2578\"><strong data-start=\"2509\" data-end=\"2540\">Flexible Buchungsoptionen<\/strong> mit g\u00fcnstigen Preisen und Angeboten.<\/li>\n<li data-start=\"2579\" data-end=\"2664\"><strong data-start=\"2581\" data-end=\"2603\">Versicherungsschutz<\/strong> und Optionen f\u00fcr eine Vollkaskoversicherung, damit du stressfrei fahren kannst.<\/li>\n<li data-start=\"2665\" data-end=\"2737\"><strong data-start=\"2667\" data-end=\"2689\">24\/7 Pannenhilfe<\/strong>, damit du dich auf jeder Fahrt sicher f\u00fchlst.<\/li>\n<li data-start=\"2738\" data-end=\"2829\"><strong data-start=\"2740\" data-end=\"2790\">Saubere, moderne und gut gewartete Fahrzeuge<\/strong>, die Komfort und Zuverl\u00e4ssigkeit bieten.<\/li>\n<\/ul>\n<\/div><div class=\"fusion-image-element \" style=\"text-align:center;--awb-caption-title-font-family:var(--h2_typography-font-family);--awb-caption-title-font-weight:var(--h2_typography-font-weight);--awb-caption-title-font-style:var(--h2_typography-font-style);--awb-caption-title-size:var(--h2_typography-font-size);--awb-caption-title-transform:var(--h2_typography-text-transform);--awb-caption-title-line-height:var(--h2_typography-line-height);--awb-caption-title-letter-spacing:var(--h2_typography-letter-spacing);\"><span class=\" fusion-imageframe imageframe-none imageframe-4 hover-type-none\"><img decoding=\"async\" width=\"700\" height=\"400\" alt=\"\u0395\u03bd\u03bf\u03b9\u03ba\u03af\u03b1\u03c3\u03b7 \u039c\u03b9\u03bd\u03b9\u03b2\u03b1\u03bd 7&amp;9 \u03b8\u03ad\u03c3\u03b5\u03c9\u03bd\" title=\"vwvw112\" src=\"https:\/\/autogreece.eu\/wp-content\/uploads\/2025\/03\/vwvw112.jpg\" data-orig-src=\"https:\/\/autogreece.eu\/wp-content\/uploads\/2025\/03\/vwvw112.jpg\" class=\"lazyload img-responsive wp-image-10230\" srcset=\"data:image\/svg+xml,%3Csvg%20xmlns%3D%27http%3A%2F%2Fwww.w3.org%2F2000%2Fsvg%27%20width%3D%27700%27%20height%3D%27400%27%20viewBox%3D%270%200%20700%20400%27%3E%3Crect%20width%3D%27700%27%20height%3D%27400%27%20fill-opacity%3D%220%22%2F%3E%3C%2Fsvg%3E\" data-srcset=\"https:\/\/autogreece.eu\/wp-content\/uploads\/2025\/03\/vwvw112-200x114.jpg 200w, https:\/\/autogreece.eu\/wp-content\/uploads\/2025\/03\/vwvw112-400x229.jpg 400w, https:\/\/autogreece.eu\/wp-content\/uploads\/2025\/03\/vwvw112-600x343.jpg 600w, https:\/\/autogreece.eu\/wp-content\/uploads\/2025\/03\/vwvw112.jpg 700w\" data-sizes=\"auto\" data-orig-sizes=\"(max-width: 640px) 100vw, 700px\" \/><\/span><\/div><div class=\"fusion-text fusion-text-5\"><h3 style=\"text-align: center;\" data-start=\"2831\" data-end=\"2862\"><strong data-start=\"2835\" data-end=\"2860\">So machst du eine Buchung<\/strong><\/h3>\n<p data-start=\"2864\" data-end=\"2925\">Der Mietprozess f\u00fcr ein Minivan ist <strong data-start=\"2902\" data-end=\"2922\">einfach und schnell<\/strong>:<\/p>\n<ol>\n<li data-start=\"2927\" data-end=\"3265\"><strong data-start=\"2931\" data-end=\"2961\">W\u00e4hle das Minivan-Modell<\/strong>, das deinen Bed\u00fcrfnissen entspricht (7 oder 9 Sitze).<\/li>\n<li data-start=\"2927\" data-end=\"3265\"><strong data-start=\"3013\" data-end=\"3083\">Bestimme das Datum und den Abhol- sowie R\u00fcckgabeort.<\/strong><\/li>\n<li data-start=\"2927\" data-end=\"3265\"><strong data-start=\"3090\" data-end=\"3120\">F\u00fclle deine Daten aus<\/strong> und w\u00e4hle zus\u00e4tzliche Optionen, die du ben\u00f6tigst (GPS, Kindersitz usw.).<\/li>\n<li data-start=\"2927\" data-end=\"3265\"><strong data-start=\"3204\" data-end=\"3263\">Schlie\u00dfe die Buchung ab und bereite dich auf deine Reise vor!<\/strong><\/li>\n<\/ol>\n<\/div><div class=\"fusion-image-element \" style=\"text-align:center;--awb-caption-title-font-family:var(--h2_typography-font-family);--awb-caption-title-font-weight:var(--h2_typography-font-weight);--awb-caption-title-font-style:var(--h2_typography-font-style);--awb-caption-title-size:var(--h2_typography-font-size);--awb-caption-title-transform:var(--h2_typography-text-transform);--awb-caption-title-line-height:var(--h2_typography-line-height);--awb-caption-title-letter-spacing:var(--h2_typography-letter-spacing);\"><span class=\" fusion-imageframe imageframe-none imageframe-5 hover-type-none\"><img decoding=\"async\" width=\"700\" height=\"400\" alt=\"\u0395\u03bd\u03bf\u03b9\u03ba\u03af\u03b1\u03c3\u03b7 \u039c\u03b9\u03bd\u03b9\u03b2\u03b1\u03bd 7&amp;9 \u03b8\u03ad\u03c3\u03b5\u03c9\u03bd\" title=\"\u03b9\u03c6\u03bd\" src=\"https:\/\/autogreece.eu\/wp-content\/uploads\/2025\/03\/\u03b9\u03c6\u03bd.jpg\" data-orig-src=\"https:\/\/autogreece.eu\/wp-content\/uploads\/2025\/03\/\u03b9\u03c6\u03bd.jpg\" class=\"lazyload img-responsive wp-image-10235\" srcset=\"data:image\/svg+xml,%3Csvg%20xmlns%3D%27http%3A%2F%2Fwww.w3.org%2F2000%2Fsvg%27%20width%3D%27700%27%20height%3D%27400%27%20viewBox%3D%270%200%20700%20400%27%3E%3Crect%20width%3D%27700%27%20height%3D%27400%27%20fill-opacity%3D%220%22%2F%3E%3C%2Fsvg%3E\" data-srcset=\"https:\/\/autogreece.eu\/wp-content\/uploads\/2025\/03\/\u03b9\u03c6\u03bd-200x114.jpg 200w, https:\/\/autogreece.eu\/wp-content\/uploads\/2025\/03\/\u03b9\u03c6\u03bd-400x229.jpg 400w, https:\/\/autogreece.eu\/wp-content\/uploads\/2025\/03\/\u03b9\u03c6\u03bd-600x343.jpg 600w, https:\/\/autogreece.eu\/wp-content\/uploads\/2025\/03\/\u03b9\u03c6\u03bd.jpg 700w\" data-sizes=\"auto\" data-orig-sizes=\"(max-width: 640px) 100vw, 700px\" \/><\/span><\/div><div class=\"fusion-text fusion-text-6\"><h3 style=\"text-align: center;\" data-start=\"2831\" data-end=\"2862\"><strong data-start=\"2835\" data-end=\"2860\">So machst du eine Buchung<\/strong><\/h3>\n<p data-start=\"2864\" data-end=\"2925\">Der Mietprozess f\u00fcr ein Minivan ist <strong data-start=\"2902\" data-end=\"2922\">einfach und schnell<\/strong>:<\/p>\n<ol>\n<li data-start=\"2927\" data-end=\"3265\"><strong data-start=\"2931\" data-end=\"2961\">W\u00e4hle das Minivan-Modell<\/strong>, das deinen Bed\u00fcrfnissen entspricht (7 oder 9 Sitze).<\/li>\n<li data-start=\"2927\" data-end=\"3265\"><strong data-start=\"3013\" data-end=\"3083\">Bestimme das Datum und den Abhol- sowie R\u00fcckgabeort.<\/strong><\/li>\n<li data-start=\"2927\" data-end=\"3265\"><strong data-start=\"3090\" data-end=\"3120\">F\u00fclle deine Daten aus<\/strong> und w\u00e4hle zus\u00e4tzliche Optionen, die du ben\u00f6tigst (GPS, Kindersitz usw.).<\/li>\n<li data-start=\"2927\" data-end=\"3265\"><strong data-start=\"3204\" data-end=\"3263\">Schlie\u00dfe die Buchung ab und bereite dich auf deine Reise vor!<\/strong><\/li>\n<\/ol>\n<\/div><\/div><\/div><\/div><\/div><div class=\"fusion-fullwidth fullwidth-box fusion-builder-row-2 fusion-flex-container has-pattern-background has-mask-background nonhundred-percent-fullwidth non-hundred-percent-height-scrolling\" style=\"--awb-border-radius-top-left:0px;--awb-border-radius-top-right:0px;--awb-border-radius-bottom-right:0px;--awb-border-radius-bottom-left:0px;--awb-padding-left:0px;--awb-margin-bottom:0px;--awb-flex-wrap:wrap;\" ><div class=\"fusion-builder-row fusion-row fusion-flex-align-items-flex-start fusion-flex-content-wrap\" style=\"max-width:1497.6px;margin-left: calc(-4% \/ 2 );margin-right: calc(-4% \/ 2 );\"><div class=\"fusion-layout-column fusion_builder_column fusion-builder-column-1 fusion_builder_column_1_1 1_1 fusion-flex-column\" style=\"--awb-bg-color:#e10707;--awb-bg-color-hover:#e10707;--awb-bg-size:cover;--awb-width-large:100%;--awb-margin-top-large:0px;--awb-spacing-right-large:1.92%;--awb-margin-bottom-large:-80px;--awb-spacing-left-large:1.92%;--awb-width-medium:100%;--awb-order-medium:0;--awb-spacing-right-medium:1.92%;--awb-spacing-left-medium:1.92%;--awb-width-small:100%;--awb-order-small:0;--awb-spacing-right-small:1.92%;--awb-spacing-left-small:1.92%;\"><div class=\"fusion-column-wrapper fusion-column-has-shadow fusion-flex-justify-content-flex-start fusion-content-layout-column\"><div class=\"fusion-text fusion-text-7\"><h2 style=\"text-align: center;\"><strong><span style=\"color: #ffffff;\">Fordern Sie ein Angebot an!!<\/span><\/strong><\/h2>\n<\/div><\/div><\/div><\/div><\/div><div class=\"fusion-fullwidth fullwidth-box fusion-builder-row-3 fusion-flex-container has-pattern-background has-mask-background nonhundred-percent-fullwidth non-hundred-percent-height-scrolling\" style=\"--awb-border-radius-top-left:0px;--awb-border-radius-top-right:0px;--awb-border-radius-bottom-right:0px;--awb-border-radius-bottom-left:0px;--awb-padding-left:0px;--awb-margin-bottom:0px;--awb-background-color:#e10707;--awb-flex-wrap:wrap;\" ><div class=\"fusion-builder-row fusion-row fusion-flex-align-items-flex-start fusion-flex-content-wrap\" style=\"max-width:1497.6px;margin-left: calc(-4% \/ 2 );margin-right: calc(-4% \/ 2 );\"><div class=\"fusion-layout-column fusion_builder_column fusion-builder-column-2 fusion_builder_column_1_2 1_2 fusion-flex-column\" style=\"--awb-bg-size:cover;--awb-width-large:50%;--awb-margin-top-large:50px;--awb-spacing-right-large:3.84%;--awb-margin-bottom-large:20px;--awb-spacing-left-large:3.84%;--awb-width-medium:50%;--awb-order-medium:0;--awb-spacing-right-medium:3.84%;--awb-spacing-left-medium:3.84%;--awb-width-small:100%;--awb-order-small:0;--awb-spacing-right-small:1.92%;--awb-spacing-left-small:1.92%;\"><div class=\"fusion-column-wrapper fusion-column-has-shadow fusion-flex-justify-content-flex-start fusion-content-layout-column\"><div class=\"fusion-text fusion-text-8\"><h2 style=\"text-align: center;\"><strong><span style=\"color: #ffffff;\">Kontakttelefon: +30 2310 254 031<\/span><\/strong><\/h2>\n<\/div><\/div><\/div><div class=\"fusion-layout-column fusion_builder_column fusion-builder-column-3 fusion_builder_column_1_2 1_2 fusion-flex-column\" style=\"--awb-bg-size:cover;--awb-width-large:50%;--awb-margin-top-large:50px;--awb-spacing-right-large:3.84%;--awb-margin-bottom-large:20px;--awb-spacing-left-large:3.84%;--awb-width-medium:50%;--awb-order-medium:0;--awb-spacing-right-medium:3.84%;--awb-spacing-left-medium:3.84%;--awb-width-small:100%;--awb-order-small:0;--awb-spacing-right-small:1.92%;--awb-spacing-left-small:1.92%;\"><div class=\"fusion-column-wrapper fusion-column-has-shadow fusion-flex-justify-content-flex-start fusion-content-layout-column\"><div class=\"fusion-text fusion-text-9\"><h2 style=\"text-align: center;\"><strong><span style=\"color: #ffffff;\">Email:info@autogreece.eu<\/span><\/strong><\/h2>\n<\/div><\/div><\/div><\/div><\/div><\/p>\n","protected":false},"excerpt":{"rendered":"","protected":false},"author":1,"featured_media":0,"parent":0,"menu_order":0,"comment_status":"closed","ping_status":"closed","template":"100-width.php","meta":{"footnotes":""},"class_list":["post-10261","page","type-page","status-publish","hentry"],"_links":{"self":[{"href":"https:\/\/autogreece.eu\/de\/wp-json\/wp\/v2\/pages\/10261","targetHints":{"allow":["GET"]}}],"collection":[{"href":"https:\/\/autogreece.eu\/de\/wp-json\/wp\/v2\/pages"}],"about":[{"href":"https:\/\/autogreece.eu\/de\/wp-json\/wp\/v2\/types\/page"}],"author":[{"embeddable":true,"href":"https:\/\/autogreece.eu\/de\/wp-json\/wp\/v2\/users\/1"}],"replies":[{"embeddable":true,"href":"https:\/\/autogreece.eu\/de\/wp-json\/wp\/v2\/comments?post=10261"}],"version-history":[{"count":6,"href":"https:\/\/autogreece.eu\/de\/wp-json\/wp\/v2\/pages\/10261\/revisions"}],"predecessor-version":[{"id":10403,"href":"https:\/\/autogreece.eu\/de\/wp-json\/wp\/v2\/pages\/10261\/revisions\/10403"}],"wp:attachment":[{"href":"https:\/\/autogreece.eu\/de\/wp-json\/wp\/v2\/media?parent=10261"}],"curies":[{"name":"wp","href":"https:\/\/api.w.org\/{rel}","templated":true}]}}